

{"id":9768,"date":"2024-10-04T14:31:52","date_gmt":"2024-10-04T17:31:52","guid":{"rendered":"https:\/\/goias.gov.br\/vicegovernadoria\/?page_id=9768"},"modified":"2024-10-09T12:00:55","modified_gmt":"2024-10-09T15:00:55","slug":"ouvidoria-setorial","status":"publish","type":"page","link":"https:\/\/goias.gov.br\/vicegovernadoria\/ouvidoria-setorial\/","title":{"rendered":"Ouvidoria Setorial"},"content":{"rendered":"<h4><\/h4>\r\n<h4 class=\"wp-block-heading\"><span style=\"color: #008000;\">Atendimento Presencial<\/span><\/h4>\r\n<h4><span style=\"color: #008000;\">\r\n\r\n<\/span><\/h4>\r\n<p>Ouvidora Setorial: <strong>ADRIANA CARVALHO TELES OLIVEIRA<\/strong><\/p>\r\n<h4>\r\n\r\n<\/h4>\r\n<div class=\"wp-block-group\"><div class=\"wp-block-group__inner-container is-layout-constrained wp-block-group-is-layout-constrained\">Endere\u00e7o: Rua 82, n\u00ba 400, Ed. Pal\u00e1cio Pedro Ludovico Teixeira 4\u00ba andar, Ala Leste<br \/>Setor Central, Goi\u00e2nia-GO, CEP: 74.015-908<br \/>Hor\u00e1rio de Atendimento: 08h \u00e0s 12h e das 14h \u00e0s 18h <br \/>E-mail: <a href=\"mailto:ouvidoria.vicegovernadoria@goias.gov.br\">ouvidoria.vicegovernadoria@goias.gov.br<\/a><br \/>Telefone: (62) 3201-5484 \/ (62) 3201-5451 \/ (62) 3201-5418<br \/>Unidade SEI: 18702<\/div><\/div>","protected":false},"excerpt":{"rendered":"<p>Atendimento Presencial Ouvidora Setorial: ADRIANA CARVALHO TELES OLIVEIRA Endere\u00e7o: Rua 82, n\u00ba 400, Ed. Pal\u00e1cio Pedro Ludovico Teixeira 4\u00ba andar, Ala LesteSetor Central, Goi\u00e2nia-GO, CEP: 74.015-908Hor\u00e1rio de Atendimento: 08h \u00e0s 12h e das 14h \u00e0s 18h E-mail: ouvidoria.vicegovernadoria@goias.gov.brTelefone: (62) 3201-5484 \/ (62) 3201-5451 \/ (62) 3201-5418Unidade SEI: 18702<\/p>\n","protected":false},"author":62,"featured_media":0,"parent":0,"menu_order":0,"comment_status":"closed","ping_status":"closed","template":"","meta":{"footnotes":"","_links_to":"","_links_to_target":""},"class_list":["post-9768","page","type-page","status-publish","hentry"],"rttpg_featured_image_url":null,"rttpg_author":{"display_name":"italoreis","author_link":"https:\/\/goias.gov.br\/vicegovernadoria\/author\/italoreis\/"},"rttpg_comment":0,"rttpg_category":null,"rttpg_excerpt":"Atendimento Presencial Ouvidora Setorial: ADRIANA CARVALHO TELES OLIVEIRA Endere\u00e7o: Rua 82, n\u00ba 400, Ed. Pal\u00e1cio Pedro Ludovico Teixeira 4\u00ba andar, Ala LesteSetor Central, Goi\u00e2nia-GO, CEP: 74.015-908Hor\u00e1rio de Atendimento: 08h \u00e0s 12h e das 14h \u00e0s 18h E-mail: ouvidoria.vicegovernadoria@goias.gov.brTelefone: (62) 3201-5484 \/ (62) 3201-5451 \/ (62) 3201-5418Unidade SEI: 18702","_links":{"self":[{"href":"https:\/\/goias.gov.br\/vicegovernadoria\/wp-json\/wp\/v2\/pages\/9768","targetHints":{"allow":["GET"]}}],"collection":[{"href":"https:\/\/goias.gov.br\/vicegovernadoria\/wp-json\/wp\/v2\/pages"}],"about":[{"href":"https:\/\/goias.gov.br\/vicegovernadoria\/wp-json\/wp\/v2\/types\/page"}],"author":[{"embeddable":true,"href":"https:\/\/goias.gov.br\/vicegovernadoria\/wp-json\/wp\/v2\/users\/62"}],"replies":[{"embeddable":true,"href":"https:\/\/goias.gov.br\/vicegovernadoria\/wp-json\/wp\/v2\/comments?post=9768"}],"version-history":[{"count":3,"href":"https:\/\/goias.gov.br\/vicegovernadoria\/wp-json\/wp\/v2\/pages\/9768\/revisions"}],"predecessor-version":[{"id":10081,"href":"https:\/\/goias.gov.br\/vicegovernadoria\/wp-json\/wp\/v2\/pages\/9768\/revisions\/10081"}],"wp:attachment":[{"href":"https:\/\/goias.gov.br\/vicegovernadoria\/wp-json\/wp\/v2\/media?parent=9768"}],"curies":[{"name":"wp","href":"https:\/\/api.w.org\/{rel}","templated":true}]}}