

{"id":7025,"date":"2024-08-06T15:05:50","date_gmt":"2024-08-06T18:05:50","guid":{"rendered":"https:\/\/goias.gov.br\/vicegovernadoria\/?page_id=7025"},"modified":"2024-08-14T08:58:10","modified_gmt":"2024-08-14T11:58:10","slug":"monitoramento-de-programas-projetos-acoes-e-atividades","status":"publish","type":"page","link":"https:\/\/goias.gov.br\/vicegovernadoria\/monitoramento-de-programas-projetos-acoes-e-atividades\/","title":{"rendered":"Monitoramento de Programas, Projetos, A\u00e7\u00f5es e Atividades"},"content":{"rendered":"\r\n<ul class=\"wp-block-list\">\r\n<li style=\"list-style-type: none\">\r\n<ul class=\"wp-block-list\">\r\n<li><a href=\"https:\/\/goias.gov.br\/vicegovernadoria\/wp-content\/uploads\/sites\/38\/2024\/08\/Relatorios_Monitoramento_Consolidacao_Analitica__10012024_164144__10.01.2024.pdf\" data-type=\"link\" data-id=\"https:\/\/goias.gov.br\/vicegovernadoria\/wp-content\/uploads\/sites\/38\/2024\/08\/Relatorios_Monitoramento_Consolidacao_Analitica__10012024_164144__10.01.2024.pdf\">Relat\u00f3rios-Monitoramento-Consolida\u00e7\u00e3o Anal\u00edtica<\/a><\/li>\r\n<li><a href=\"https:\/\/goias.gov.br\/vicegovernadoria\/wp-content\/uploads\/sites\/38\/2024\/08\/SEI_52237441_Oficio_Circular_89.pdf\">Relat\u00f3rios-Monitoramento-Relat\u00f3rio Planejado x Realizado<\/a><\/li>\r\n<\/ul>\r\n<\/li>\r\n<\/ul>\r\n<p>&nbsp;<\/p>\r\n<ul class=\"wp-block-list\"><\/ul>\r\n\r\n\r\n\r\n<p>&nbsp;<\/p>\r\n","protected":false},"excerpt":{"rendered":"<p>&nbsp;<\/p>\n","protected":false},"author":404,"featured_media":0,"parent":0,"menu_order":0,"comment_status":"closed","ping_status":"closed","template":"","meta":{"footnotes":"","_links_to":"","_links_to_target":""},"class_list":["post-7025","page","type-page","status-publish","hentry"],"rttpg_featured_image_url":null,"rttpg_author":{"display_name":"ruireis","author_link":"https:\/\/goias.gov.br\/vicegovernadoria\/author\/ruireis\/"},"rttpg_comment":0,"rttpg_category":null,"rttpg_excerpt":"&nbsp;","_links":{"self":[{"href":"https:\/\/goias.gov.br\/vicegovernadoria\/wp-json\/wp\/v2\/pages\/7025","targetHints":{"allow":["GET"]}}],"collection":[{"href":"https:\/\/goias.gov.br\/vicegovernadoria\/wp-json\/wp\/v2\/pages"}],"about":[{"href":"https:\/\/goias.gov.br\/vicegovernadoria\/wp-json\/wp\/v2\/types\/page"}],"author":[{"embeddable":true,"href":"https:\/\/goias.gov.br\/vicegovernadoria\/wp-json\/wp\/v2\/users\/404"}],"replies":[{"embeddable":true,"href":"https:\/\/goias.gov.br\/vicegovernadoria\/wp-json\/wp\/v2\/comments?post=7025"}],"version-history":[{"count":2,"href":"https:\/\/goias.gov.br\/vicegovernadoria\/wp-json\/wp\/v2\/pages\/7025\/revisions"}],"predecessor-version":[{"id":8881,"href":"https:\/\/goias.gov.br\/vicegovernadoria\/wp-json\/wp\/v2\/pages\/7025\/revisions\/8881"}],"wp:attachment":[{"href":"https:\/\/goias.gov.br\/vicegovernadoria\/wp-json\/wp\/v2\/media?parent=7025"}],"curies":[{"name":"wp","href":"https:\/\/api.w.org\/{rel}","templated":true}]}}