

{"id":2594,"date":"2024-02-14T06:57:13","date_gmt":"2024-02-14T09:57:13","guid":{"rendered":"https:\/\/siteshom.goias.gov.br\/vicegovernadoria\/?page_id=2594"},"modified":"2026-01-21T11:46:22","modified_gmt":"2026-01-21T14:46:22","slug":"institucional","status":"publish","type":"page","link":"https:\/\/goias.gov.br\/vicegovernadoria\/institucional\/","title":{"rendered":"Institucional"},"content":{"rendered":"\t\t<div data-elementor-type=\"wp-page\" data-elementor-id=\"2594\" class=\"elementor elementor-2594\">\n\t\t\t\t<div class=\"elementor-element elementor-element-818e907 e-flex e-con-boxed e-con e-parent\" data-id=\"818e907\" data-element_type=\"container\" data-e-type=\"container\">\n\t\t\t\t\t<div class=\"e-con-inner\">\n\t\t\t\t<div class=\"elementor-element elementor-element-5073eaa elementor-widget elementor-widget-heading\" data-id=\"5073eaa\" data-element_type=\"widget\" data-e-type=\"widget\" data-widget_type=\"heading.default\">\n\t\t\t\t\t<h1 class=\"elementor-heading-title elementor-size-default\">Institucional<\/h1>\t\t\t\t<\/div>\n\t\t\t\t\t<\/div>\n\t\t\t\t<\/div>\n\t\t<div class=\"elementor-element elementor-element-fc63b05 e-flex e-con-boxed e-con e-parent\" data-id=\"fc63b05\" data-element_type=\"container\" data-e-type=\"container\">\n\t\t\t\t\t<div class=\"e-con-inner\">\n\t\t\t\t<div class=\"elementor-element elementor-element-eef02d2 elementor-widget elementor-widget-image\" data-id=\"eef02d2\" data-element_type=\"widget\" data-e-type=\"widget\" data-widget_type=\"image.default\">\n\t\t\t\t\t\t\t\t\t\t\t\t\t\t\t<img decoding=\"async\" src=\"https:\/\/goias.gov.br\/vicegovernadoria\/wp-content\/uploads\/sites\/38\/2024\/02\/OrganogramaVice-Governadoria2.jpg\" title=\"\" alt=\"\" loading=\"lazy\" \/>\t\t\t\t\t\t\t\t\t\t\t\t\t\t\t<\/div>\n\t\t\t\t\t<\/div>\n\t\t\t\t<\/div>\n\t\t<div class=\"elementor-element elementor-element-c928158 e-flex e-con-boxed e-con e-parent\" data-id=\"c928158\" data-element_type=\"container\" data-e-type=\"container\">\n\t\t\t\t\t<div class=\"e-con-inner\">\n\t\t\t\t<div class=\"elementor-element elementor-element-6e24ca8 elementor-widget elementor-widget-heading\" data-id=\"6e24ca8\" data-element_type=\"widget\" data-e-type=\"widget\" data-widget_type=\"heading.default\">\n\t\t\t\t\t<h3 class=\"elementor-heading-title elementor-size-default\">A Vice-Governadoria \u00e9 dividida em:<\/h3>\t\t\t\t<\/div>\n\t\t\t\t<div class=\"elementor-element elementor-element-e9ff469 elementor-widget elementor-widget-text-editor\" data-id=\"e9ff469\" data-element_type=\"widget\" data-e-type=\"widget\" data-widget_type=\"text-editor.default\">\n\t\t\t\t\t\t\t\t\t<ul class=\"list-unidades\"><li><p>1. Gabinete do Vice-Governador<br \/>\u00a0\u00a0 1.1. Ger\u00eancia da Secretaria-Geral<br \/>\u00a0\u00a0 1.2. Chefia de Gabinete<br \/>\u00a0\u00a0 1.3. Procuradoria Setorial<br \/>\u00a0\u00a0 1.4. Comunica\u00e7\u00e3o Setorial<br \/>\u00a0\u00a0 1.5. Ger\u00eancia do Cerimonial e Rela\u00e7\u00f5es Institucionais<br \/>\u00a0\u00a0 1.6. Superintend\u00eancia de Gest\u00e3o Integrada<br \/>\u00a0\u00a0\u00a0\u00a0\u00a0 1.6.1. Ger\u00eancia de Compras e Apoio Administrativo<br \/>\u00a0\u00a0\u00a0\u00a0\u00a0 1.6.2. Ger\u00eancia de Gest\u00e3o Institucional<br \/>\u00a0\u00a0\u00a0\u00a0\u00a0 1.6.3. Ger\u00eancia de Execu\u00e7\u00e3o Or\u00e7ament\u00e1ria e Financeira<br \/>\u00a0\u00a0\u00a0\u00a0\u00a0 1.6.4. Ger\u00eancia de Gest\u00e3o de Contratos<br \/>\u00a0\u00a0\u00a0\u00a0\u00a0 1.6.5. Assessoria Cont\u00e1bil<\/p><\/li><li>Norma da estrutura organizacional:\u00a0<a href=\"https:\/\/legisla.casacivil.go.gov.br\/pesquisa_legislacao\/100701\/lei-20491\" target=\"_blank\" rel=\"noopener\">LEI N\u00ba 20.491, DE 25 DE JUNHO DE 2019<\/a><\/li><li><a id=\"\" title=\"\" href=\"https:\/\/www.vicegovernadoria.go.gov.br\/files\/docs\/2021\/OrganogramaVice-Governadoria.pdf\" target=\"_blank\" rel=\"noopener\">Veja aqui o organograma<\/a><\/li><\/ul>\t\t\t\t\t\t\t\t<\/div>\n\t\t\t\t\t<\/div>\n\t\t\t\t<\/div>\n\t\t<div class=\"elementor-element elementor-element-56e2563 e-flex e-con-boxed e-con e-parent\" data-id=\"56e2563\" data-element_type=\"container\" data-e-type=\"container\">\n\t\t\t\t\t<div class=\"e-con-inner\">\n\t\t\t\t<div class=\"elementor-element elementor-element-4833e77 elementor-widget elementor-widget-text-editor\" data-id=\"4833e77\" data-element_type=\"widget\" data-e-type=\"widget\" data-widget_type=\"text-editor.default\">\n\t\t\t\t\t\t\t\t\t<p>Rua 82, n\u00ba 400 Edif\u00edcio Pal\u00e1cio Pedro Ludovico Teixeira, 4\u00ba andar, Ala Leste, Setor Central<br \/>Goi\u00e2nia \u2013 Goi\u00e1s \u2013\u200b CEP: 74.015-908<br \/>Atendimento: 08:00 \u00e0s 12:00 e 14:00 \u00e0s 18:00<br \/>Telefone: (62) 3201-5484<br \/>e-mail:\u00a0<a href=\"mailto:secgeral@vicegovernadoria.go.gov.br\">secgeral.vicegovernadoria@goias.gov.br<\/a><\/p>\t\t\t\t\t\t\t\t<\/div>\n\t\t\t\t\t<\/div>\n\t\t\t\t<\/div>\n\t\t\t\t<\/div>\n\t\t","protected":false},"excerpt":{"rendered":"<p>Institucional A Vice-Governadoria \u00e9 dividida em: 1. Gabinete do Vice-Governador\u00a0\u00a0 1.1. Ger\u00eancia da Secretaria-Geral\u00a0\u00a0 1.2. Chefia de Gabinete\u00a0\u00a0 1.3. Procuradoria Setorial\u00a0\u00a0 1.4. Comunica\u00e7\u00e3o Setorial\u00a0\u00a0 1.5. Ger\u00eancia do Cerimonial e Rela\u00e7\u00f5es Institucionais\u00a0\u00a0 1.6. Superintend\u00eancia de Gest\u00e3o Integrada\u00a0\u00a0\u00a0\u00a0\u00a0 1.6.1. Ger\u00eancia de Compras e Apoio Administrativo\u00a0\u00a0\u00a0\u00a0\u00a0 1.6.2. Ger\u00eancia de Gest\u00e3o Institucional\u00a0\u00a0\u00a0\u00a0\u00a0 1.6.3. Ger\u00eancia de Execu\u00e7\u00e3o Or\u00e7ament\u00e1ria e Financeira\u00a0\u00a0\u00a0\u00a0\u00a0 [&hellip;]<\/p>\n","protected":false},"author":222,"featured_media":0,"parent":0,"menu_order":0,"comment_status":"closed","ping_status":"closed","template":"wppb_theme_template","meta":{"footnotes":"","_links_to":"","_links_to_target":""},"class_list":["post-2594","page","type-page","status-publish","hentry"],"rttpg_featured_image_url":null,"rttpg_author":{"display_name":"diegomsilva","author_link":"https:\/\/goias.gov.br\/vicegovernadoria\/author\/diegomsilva\/"},"rttpg_comment":0,"rttpg_category":null,"rttpg_excerpt":"Institucional A Vice-Governadoria \u00e9 dividida em: 1. Gabinete do Vice-Governador\u00a0\u00a0 1.1. Ger\u00eancia da Secretaria-Geral\u00a0\u00a0 1.2. Chefia de Gabinete\u00a0\u00a0 1.3. Procuradoria Setorial\u00a0\u00a0 1.4. Comunica\u00e7\u00e3o Setorial\u00a0\u00a0 1.5. Ger\u00eancia do Cerimonial e Rela\u00e7\u00f5es Institucionais\u00a0\u00a0 1.6. Superintend\u00eancia de Gest\u00e3o Integrada\u00a0\u00a0\u00a0\u00a0\u00a0 1.6.1. Ger\u00eancia de Compras e Apoio Administrativo\u00a0\u00a0\u00a0\u00a0\u00a0 1.6.2. Ger\u00eancia de Gest\u00e3o Institucional\u00a0\u00a0\u00a0\u00a0\u00a0 1.6.3. Ger\u00eancia de Execu\u00e7\u00e3o Or\u00e7ament\u00e1ria e Financeira\u00a0\u00a0\u00a0\u00a0\u00a0&hellip;","_links":{"self":[{"href":"https:\/\/goias.gov.br\/vicegovernadoria\/wp-json\/wp\/v2\/pages\/2594","targetHints":{"allow":["GET"]}}],"collection":[{"href":"https:\/\/goias.gov.br\/vicegovernadoria\/wp-json\/wp\/v2\/pages"}],"about":[{"href":"https:\/\/goias.gov.br\/vicegovernadoria\/wp-json\/wp\/v2\/types\/page"}],"author":[{"embeddable":true,"href":"https:\/\/goias.gov.br\/vicegovernadoria\/wp-json\/wp\/v2\/users\/222"}],"replies":[{"embeddable":true,"href":"https:\/\/goias.gov.br\/vicegovernadoria\/wp-json\/wp\/v2\/comments?post=2594"}],"version-history":[{"count":2,"href":"https:\/\/goias.gov.br\/vicegovernadoria\/wp-json\/wp\/v2\/pages\/2594\/revisions"}],"predecessor-version":[{"id":31375,"href":"https:\/\/goias.gov.br\/vicegovernadoria\/wp-json\/wp\/v2\/pages\/2594\/revisions\/31375"}],"wp:attachment":[{"href":"https:\/\/goias.gov.br\/vicegovernadoria\/wp-json\/wp\/v2\/media?parent=2594"}],"curies":[{"name":"wp","href":"https:\/\/api.w.org\/{rel}","templated":true}]}}