

{"id":3017,"date":"2023-01-05T08:25:48","date_gmt":"2023-01-05T11:25:48","guid":{"rendered":"https:\/\/wwwhomolog.turismo.go.gov.br\/?page_id=3017"},"modified":"2025-12-01T13:30:50","modified_gmt":"2025-12-01T16:30:50","slug":"a-autarquia","status":"publish","type":"page","link":"https:\/\/goias.gov.br\/turismo\/a-autarquia\/","title":{"rendered":"A Autarquia"},"content":{"rendered":"\t\t<div data-elementor-type=\"wp-page\" data-elementor-id=\"3017\" class=\"elementor elementor-3017\">\n\t\t\t\t<div class=\"elementor-element elementor-element-cff02d6 e-flex e-con-boxed e-con e-parent\" data-id=\"cff02d6\" data-element_type=\"container\" data-e-type=\"container\">\n\t\t\t\t\t<div class=\"e-con-inner\">\n\t\t<div class=\"elementor-element elementor-element-54e9888 e-con-full e-flex e-con e-child\" data-id=\"54e9888\" data-element_type=\"container\" data-e-type=\"container\">\n\t\t\t\t<div class=\"elementor-element elementor-element-31e54d5 elementor-widget elementor-widget-shortcode\" data-id=\"31e54d5\" data-element_type=\"widget\" data-e-type=\"widget\" data-widget_type=\"shortcode.default\">\n\t\t\t\t\t\t\t<div class=\"elementor-shortcode\"><div data-post-id=\"6598\" class=\"insert-page insert-page-6598 \">\n<p>Segundo o estabelecido na\u00a0<a href=\"https:\/\/legisla.casacivil.go.gov.br\/pesquisa_legislacao\/106749\/lei-21792\">Lei n\u00ba 21.792, de 16 de fevereiro de 2023,<\/a> <br \/>e seus incisos:<\/p>\n<h4><span style=\"color: #008000\">Art. 54. \u00c0 GOI\u00c1S TURISMO competem:<\/span><\/h4>\n<p>I &#8211; a execu\u00e7\u00e3o da pol\u00edtica estadual de turismo;<br \/><br \/>II &#8211; a identifica\u00e7\u00e3o, o desenvolvimento e a explora\u00e7\u00e3o de <br \/>potenciais tur\u00edsticos do Estado;<br \/><br \/>III &#8211; a capta\u00e7\u00e3o de recursos para o turismo e a execu\u00e7\u00e3o de <br \/>a\u00e7\u00f5es a ele relacionadas;<br \/><br \/>IV &#8211; a presta\u00e7\u00e3o de servi\u00e7os t\u00e9cnicos, o monitoramento de <br \/>impactos socioecon\u00f4micos, ambientais e culturais sobre a atividade <br \/>tur\u00edstica e a qualifica\u00e7\u00e3o de profissionais do ramo do turismo; <br \/><br \/>V &#8211; a gest\u00e3o e o monitoramento do Calend\u00e1rio Tur\u00edstico do <br \/>Estado de Goi\u00e1s, al\u00e9m do apoio na realiza\u00e7\u00e3o de eventos ou festas <br \/>tradicionais dele;<br \/><br \/>VI &#8211; a elabora\u00e7\u00e3o, ouvido o Conselho Estadual de Turismo e <br \/>especialistas, do Plano Estadual de Turismo;<br \/><br \/>VII &#8211; o apoio \u00e0 realiza\u00e7\u00e3o de eventos tur\u00edsticos do calend\u00e1rio <br \/>oficial; e<br \/><br \/>VIII &#8211; a elabora\u00e7\u00e3o do mapeamento, planejamento e <br \/>padroniza\u00e7\u00e3o das sinaliza\u00e7\u00f5es tur\u00edsticas.<\/p>\n<\/div><\/div>\n\t\t\t\t\t\t<\/div>\n\t\t\t\t<div class=\"elementor-element elementor-element-5893b87 elementor-widget elementor-widget-shortcode\" data-id=\"5893b87\" data-element_type=\"widget\" data-e-type=\"widget\" data-widget_type=\"shortcode.default\">\n\t\t\t\t\t\t\t<div class=\"elementor-shortcode\"><div data-post-id=\"6611\" class=\"insert-page insert-page-6611 \"><h1 class='insert-page-title'>Estrutura Organizacional<\/h1>\n<div data-wp-interactive=\"core\/file\" class=\"wp-block-file\"><object data-wp-bind--hidden=\"!state.hasPdfPreview\" hidden class=\"wp-block-file__embed\" data=\"https:\/\/goias.gov.br\/turismo\/wp-content\/uploads\/sites\/4\/2025\/12\/GOIASTURISMO-1.pdf\" type=\"application\/pdf\" style=\"width:100%;height:600px\" aria-label=\"Incorporado de GOIASTURISMO-1.\"><\/object><a id=\"wp-block-file--media-f0824d51-94ab-4404-b22c-7f2239768b02\" href=\"https:\/\/goias.gov.br\/turismo\/wp-content\/uploads\/sites\/4\/2025\/12\/GOIASTURISMO-1.pdf\">GOIASTURISMO-1<\/a><a href=\"https:\/\/goias.gov.br\/turismo\/wp-content\/uploads\/sites\/4\/2025\/12\/GOIASTURISMO-1.pdf\" class=\"wp-block-file__button wp-element-button\" download aria-describedby=\"wp-block-file--media-f0824d51-94ab-4404-b22c-7f2239768b02\">Baixar<\/a><\/div>\n\n\n\n<p>Fonte: &nbsp;<a href=\"https:\/\/legisla.casacivil.go.gov.br\/pesquisa_legislacao\/106749\/lei-21792\">Lei n\u00ba 21.792, de 16 de fevereiro de 2023<\/a><\/p>\n\n\n\n<p>Saiba quem s\u00e3o nossos servidores e as fun\u00e7\u00f5es que exercem:<\/p>\n\n\n\n<ul class=\"wp-block-list\">\n<li><a href=\"https:\/\/goias.gov.br\/turismo\/cargos-e-seus-ocupantes\/\">Cargos e seus ocupantes<\/a><\/li>\n<\/ul>\n<ul class='post-meta'>\n<li><span class='post-meta-key'>tpg-post-view-count:<\/span> 533<\/li>\n<li><span class='post-meta-key'>footnotes:<\/span> <\/li>\n<li><span class='post-meta-key'>ao_post_optimize:<\/span> a:6:{s:16:\"ao_post_optimize\";s:2:\"on\";s:19:\"ao_post_js_optimize\";s:2:\"on\";s:20:\"ao_post_css_optimize\";s:2:\"on\";s:12:\"ao_post_ccss\";s:2:\"on\";s:16:\"ao_post_lazyload\";s:2:\"on\";s:15:\"ao_post_preload\";s:0:\"\";}<\/li>\n<li><span class='post-meta-key'>rank_math_og_content_image:<\/span> a:2:{s:5:\"check\";s:32:\"6a3aaa8270275a2f1135f83cc5e3ccce\";s:6:\"images\";a:1:{i:0;i:10122;}}<\/li>\n<li><span class='post-meta-key'>rank_math_internal_links_processed:<\/span> 1<\/li>\n<\/ul>\n<\/div><\/div>\n\t\t\t\t\t\t<\/div>\n\t\t\t\t<\/div>\n\t\t<div class=\"elementor-element elementor-element-5e09fc6 e-con-full e-flex e-con e-child\" data-id=\"5e09fc6\" data-element_type=\"container\" data-e-type=\"container\">\n\t\t\t\t<div class=\"elementor-element elementor-element-ed2199d elementor-widget elementor-widget-shortcode\" data-id=\"ed2199d\" data-element_type=\"widget\" data-e-type=\"widget\" data-widget_type=\"shortcode.default\">\n\t\t\t\t\t\t\t<div class=\"elementor-shortcode\"><div data-post-id=\"22783\" class=\"insert-page insert-page-22783 \"><h1 class='insert-page-title'>O Presidente<\/h1>\n<h3 class=\"wp-block-heading\"><br>Presidente da Goi\u00e1s Turismo<\/h3>\n\n\n\n<p class=\"has-text-align-left\"><\/p>\n\n\n\n<p><\/p>\n<ul class='post-meta'>\n<li><span class='post-meta-key'>rank_math_internal_links_processed:<\/span> 1<\/li>\n<li><span class='post-meta-key'>rank_math_og_content_image:<\/span> a:2:{s:5:\"check\";s:32:\"d0638ee85c88cbcbbe1d2e6ebfccf322\";s:6:\"images\";a:1:{i:0;i:19072;}}<\/li>\n<\/ul>\n<\/div><\/div>\n\t\t\t\t\t\t<\/div>\n\t\t\t\t<\/div>\n\t\t\t\t\t<\/div>\n\t\t\t\t<\/div>\n\t\t<div class=\"elementor-element elementor-element-db1b529 e-flex e-con-boxed e-con e-parent\" data-id=\"db1b529\" data-element_type=\"container\" data-e-type=\"container\">\n\t\t\t\t\t<div class=\"e-con-inner\">\n\t\t\t\t<div class=\"elementor-element elementor-element-1726d09 elementor-widget elementor-widget-shortcode\" data-id=\"1726d09\" data-element_type=\"widget\" data-e-type=\"widget\" data-widget_type=\"shortcode.default\">\n\t\t\t\t\t\t\t<div class=\"elementor-shortcode\"><div data-post-id=\"6600\" class=\"insert-page insert-page-6600 \"><h1 class='insert-page-title'>Canais de Atendimento<\/h1><p>Rua 30 S\/N, Setor Central, Goi\u00e2nia\/GO &#8211; CEP: 74.015-180<br \/><span style=\"font-size: revert; color: initial;\">Atendimento: 08h \u00e0s 12h e 14h \u00e0s 18h<\/span><\/p>\n<h4>Atendimento ao Cidad\u00e3o<\/h4>\n<p>E-mail: <a href=\"mailto:presidencia.goiasturismo@goias.gov.br\">presidencia.goiasturismo@goias.gov.br<\/a><br \/>Telefone \/ WhatsApp: <a href=\"https:\/\/wa.me\/556232018100\"><img decoding=\"async\" class=\"alignnone wp-image-14197\" src=\"https:\/\/goias.gov.br\/turismo\/wp-content\/uploads\/sites\/4\/2024\/09\/icons8-whatsapp-48-3.png\" alt=\"\" width=\"20\" height=\"20\" \/><\/a>(62) 3201-8100<\/p>\n<h4>Ouvidoria Setorial<\/h4>\n<p>E-mail: <a href=\"mailto:ouvidoria.goiasturismo@goias.gov.br\">ouvidoria.goiasturismo@goias.gov.br<\/a><\/p>\n<h4>Imprensa<\/h4>\n<p>E-mail: <a href=\"mailto:comunicacao.goiasturimo@goias.gov.br\">comunicacao.goiasturimo@goias.gov.br<\/a><br \/>Telefone \/ WhatsApp: <a href=\"https:\/\/wa.me\/556232018100\" target=\"_blank\" rel=\"https:\/\/wa.me\/556232018100 noopener\"><img decoding=\"async\" class=\"alignnone wp-image-14197\" src=\"https:\/\/goias.gov.br\/turismo\/wp-content\/uploads\/sites\/4\/2024\/09\/icons8-whatsapp-48-3.png\" alt=\"\" width=\"21\" height=\"21\" \/><\/a>(62) 3201-8100<\/p>\n<p style=\"text-align: center;\">\u00a0<\/p>\n\n\n<p><\/p>\n<ul class='post-meta'>\n<li><span class='post-meta-key'>footnotes:<\/span> <\/li>\n<li><span class='post-meta-key'>ao_post_optimize:<\/span> a:6:{s:16:\"ao_post_optimize\";s:2:\"on\";s:19:\"ao_post_js_optimize\";s:2:\"on\";s:20:\"ao_post_css_optimize\";s:2:\"on\";s:12:\"ao_post_ccss\";s:2:\"on\";s:16:\"ao_post_lazyload\";s:2:\"on\";s:15:\"ao_post_preload\";s:0:\"\";}<\/li>\n<li><span class='post-meta-key'>tpg-post-view-count:<\/span> 250<\/li>\n<li><span class='post-meta-key'>rank_math_internal_links_processed:<\/span> 1<\/li>\n<li><span class='post-meta-key'>rank_math_lock_modified_date:<\/span> <\/li>\n<\/ul>\n<\/div><\/div>\n\t\t\t\t\t\t<\/div>\n\t\t\t\t\t<\/div>\n\t\t\t\t<\/div>\n\t\t\t\t<\/div>\n\t\t","protected":false},"excerpt":{"rendered":"","protected":false},"author":1,"featured_media":0,"parent":0,"menu_order":0,"comment_status":"closed","ping_status":"closed","template":"elementor_header_footer","meta":{"footnotes":""},"class_list":["post-3017","page","type-page","status-publish","hentry"],"rttpg_featured_image_url":null,"rttpg_author":{"display_name":"wagner.viana","author_link":"https:\/\/goias.gov.br\/turismo\/author\/wagner-viana\/"},"rttpg_comment":0,"rttpg_category":"","rttpg_excerpt":null,"_links":{"self":[{"href":"https:\/\/goias.gov.br\/turismo\/wp-json\/wp\/v2\/pages\/3017","targetHints":{"allow":["GET"]}}],"collection":[{"href":"https:\/\/goias.gov.br\/turismo\/wp-json\/wp\/v2\/pages"}],"about":[{"href":"https:\/\/goias.gov.br\/turismo\/wp-json\/wp\/v2\/types\/page"}],"author":[{"embeddable":true,"href":"https:\/\/goias.gov.br\/turismo\/wp-json\/wp\/v2\/users\/1"}],"replies":[{"embeddable":true,"href":"https:\/\/goias.gov.br\/turismo\/wp-json\/wp\/v2\/comments?post=3017"}],"version-history":[{"count":1,"href":"https:\/\/goias.gov.br\/turismo\/wp-json\/wp\/v2\/pages\/3017\/revisions"}],"predecessor-version":[{"id":38648,"href":"https:\/\/goias.gov.br\/turismo\/wp-json\/wp\/v2\/pages\/3017\/revisions\/38648"}],"wp:attachment":[{"href":"https:\/\/goias.gov.br\/turismo\/wp-json\/wp\/v2\/media?parent=3017"}],"curies":[{"name":"wp","href":"https:\/\/api.w.org\/{rel}","templated":true}]}}