

{"id":3010,"date":"2023-01-03T16:03:02","date_gmt":"2023-01-03T19:03:02","guid":{"rendered":"https:\/\/wwwhomolog.turismo.go.gov.br\/?page_id=3010"},"modified":"2025-10-13T11:19:27","modified_gmt":"2025-10-13T14:19:27","slug":"mapa-do-site","status":"publish","type":"page","link":"https:\/\/goias.gov.br\/turismo\/mapa-do-site\/","title":{"rendered":"Mapa do site"},"content":{"rendered":"\t\t<div data-elementor-type=\"wp-page\" data-elementor-id=\"3010\" class=\"elementor elementor-3010\">\n\t\t\t\t<div class=\"elementor-element elementor-element-354de2d1 e-flex e-con-boxed e-con e-parent\" data-id=\"354de2d1\" data-element_type=\"container\" data-e-type=\"container\">\n\t\t\t\t\t<div class=\"e-con-inner\">\n\t\t\t\t<div class=\"elementor-element elementor-element-9665bfd elementor-widget elementor-widget-text-editor\" data-id=\"9665bfd\" data-element_type=\"widget\" data-e-type=\"widget\" data-widget_type=\"text-editor.default\">\n\t\t\t\t\t\t\t\t\t<div id=\"custom-sitemap\" class=\"sitemap-container\">\n<div class='sitemap-group'>\n<h3>A<\/h3>\n<ul>\n<li><a href='https:\/\/goias.gov.br\/turismo\/acesso-a-informacao\/' target='_blank'>ACESSO \u00c0 INFORMA\u00c7\u00c3O<\/a><\/li>\n<li><a href='https:\/\/goias.gov.br\/turismo\/acessibilidade\/' target='_blank'>ACESSIBILIDADE<\/a><\/li>\n<li><a href='https:\/\/goias.gov.br\/turismo\/agenda-de-eventos\/' target='_blank'>AGENDAEVENTOS<\/a><\/li>\n<li><a href='https:\/\/portal.al.go.leg.br\/' target='_blank'>ASSEMBLEIA LEGISLATIVA DO ESTADO DE GOI\u00c1S<\/a><\/li>\n<li><a href='https:\/\/goias.gov.br\/turismo\/agenda-de-autoridades\/' target='_blank'>AGENDA DE AUTORIDADES<\/a><\/li>\n<li><a href='https:\/\/goias.gov.br\/turismo\/termos-de-colaboracao-termos-de-fomento-acordos-de-cooperacao\/' target='_blank'>ACORDOS SEM TRANSFER\u00caNCIA DE RECURSOS<\/a><\/li>\n<li><a href='https:\/\/goias.gov.br\/turismo\/autoridade-de-monitoramento-de-pedidos-de-acesso-a-informacao\/' target='_blank'>AUTORIDADE DE MONITORAMENTO DA APLICA\u00c7\u00c3O DA LAI<\/a><\/li>\n<li><a href='https:\/\/goias.gov.br\/turismo\/audiencias-publicas\/' target='_blank'>AUDI\u00caNCIAS P\u00daBLICAS<\/a><\/li>\n<\/ul>\n<\/div>\n<div class='sitemap-group'>\n<h3>B<\/h3>\n<ul>\n<li><a href='https:\/\/goias.gov.br\/turismo\/wp-content\/uploads\/sites\/4\/2025\/06\/Relatorio-de-Bens-Permanentes-2025.pdf' target='_blank'>BENS M\u00d3VEIS<\/a><\/li>\n<li><a href='https:\/\/www.transparencia.go.gov.br\/wp-content\/uploads\/sites\/2\/painel\/lai.php?painel=bens_imoveis&#038;orgao=goiasturismo' target='_blank'>BENS IM\u00d3VEIS<\/a><\/li>\n<li><a href='https:\/\/goias.gov.br\/economia\/prestacao-de-contas-de-governo\/' target='_blank'>BALAN\u00c7O GERAL DO ESTADO<\/a><\/li>\n<\/ul>\n<\/div>\n<div class='sitemap-group'>\n<h3>C<\/h3>\n<ul>\n<li><a href='https:\/\/www.go.gov.br\/servicos\/servicos-por-orgao\/agencia-estadual-de-turismo' target='_blank'>CARTA DE SERVI\u00c7OS<\/a><\/li>\n<li><a href='https:\/\/legisla.casacivil.go.gov.br\/pesquisa_legislacao\/103904\/decreto-9837' target='_blank'>C\u00d3DIGO DE \u00c9TICA<\/a><\/li>\n<li><a href='https:\/\/goias.gov.br\/turismo\/assessoria-de-comunicacao\/' target='_blank'>COMUNICA\u00c7\u00c3O SETORIAL<\/a><\/li>\n<li><a href='https:\/\/goias.gov.br\/controladoria' target='_blank'>CONTROLADORIA-GERAL DO ESTADO DE GOI\u00c1S<\/a><\/li>\n<li><a href='https:\/\/goias.gov.br\/governo\/cadastro-de-autoridade\/' target='_blank'>CADASTRO DE AUTORIDADES<\/a><\/li>\n<li><a href='https:\/\/goias.gov.br\/turismo\/a-autarquia\/' target='_blank'>COMPET\u00caNCIAS<\/a><\/li>\n<li><a href='https:\/\/goias.gov.br\/turismo\/cargos-e-seus-ocupantes\/' target='_blank'>CARGOS E SEUS OCUPANTES\u00a0<\/a><\/li>\n<li><a href='https:\/\/goias.gov.br\/turismo\/conselhos\/' target='_blank'>CONSELHOS<\/a><\/li>\n<li><a href='https:\/\/goias.gov.br\/turismo\/convenios\/' target='_blank'>CONV\u00caNIOS RECEBIDOS<\/a><\/li>\n<li><a href='https:\/\/goias.gov.br\/turismo\/convenios-concedidos\/' target='_blank'>CONV\u00caNIOS CONCEDIDOS<\/a><\/li>\n<li><a href='http:\/\/www.comprasnet.go.gov.br\/' target='_blank'>COMPRASNET<\/a><\/li>\n<li><a href='http:\/\/www.transparencia.go.gov.br\/lai.php?painel=contratos_detalhamento&#038;orgao=goiasturismo' target='_blank'>CONTRATOS<\/a><\/li>\n<li><a href='https:\/\/www.transparencia.go.gov.br\/wp-content\/uploads\/sites\/2\/painel\/lai.php?painel=contratos_emergenciais&#038;orgao=goiasturismo' target='_blank'>CONTRATOS EMERGENCIAIS<\/a><\/li>\n<li><a href='https:\/\/goias.gov.br\/turismo\/contrato-de-bens-imoveis\/' target='_blank'>CONTRATO DE LOCA\u00c7\u00c3O DE IM\u00d3VEIS<\/a><\/li>\n<li><a href='https:\/\/goias.gov.br\/turismo\/classificacao-das-informacoes-sigilosas\/' target='_blank'>CLASSIFICA\u00c7\u00c3O DAS INFORMA\u00c7\u00d5ES SIGILOSAS<\/a><\/li>\n<li><a href='https:\/\/goias.gov.br\/turismo\/consultas-publicas\/' target='_blank'>CONSULTAS P\u00daBLICAS<\/a><\/li>\n<\/ul>\n<\/div>\n<div class='sitemap-group'>\n<h3>D<\/h3>\n<ul>\n<li><a href='https:\/\/dadosabertos.go.gov.br\/' target='_blank'>DADOS ABERTOS<\/a><\/li>\n<li><a href='https:\/\/www.go.gov.br\/servicos-digitais\/cge\/nova-ouvidoria\/nova-manifestacao\/tela-negativo?orgao=15' target='_blank'>DENUNCIAS CONTRA CORRUP\u00c7\u00c3O<\/a><\/li>\n<li><a href='http:\/\/diariooficial.abc.go.gov.br\/' target='_blank'>DI\u00c1RIO OFICIAL<\/a><\/li>\n<li><a href='https:\/\/dadosabertos.go.gov.br\/' target='_blank'>DADOS ABERTOS GOI\u00c1S<\/a><\/li>\n<li><a href='https:\/\/goias.gov.br\/turismo\/doacoes\/' target='_blank'>DOA\u00c7\u00d5ES<\/a><\/li>\n<li><a href='http:\/\/www.transparencia.go.gov.br\/lai.php?painel=diarias&#038;orgao=goiasturismo' target='_blank'>DI\u00c1RIAS<\/a><\/li>\n<\/ul>\n<\/div>\n<div class='sitemap-group'>\n<h3>E<\/h3>\n<ul>\n<li><a href='https:\/\/goias.gov.br\/turismo\/experiencias-turisticas-didaticas\/' target='_blank'>EBOOKS<\/a><\/li>\n<li><a href='https:\/\/goias.gov.br\/turismo\/encontros-regionais-de-qualificacao-do-turismo-nas-10-regioes-turisticas-do-estado-de-goias\/' target='_blank'>ENCONTROS REGIONAIS DE QUALIFICA\u00c7\u00c3O DO TURISMO DO ESTADO DE GOI\u00c1S<\/a><\/li>\n<li><a href='https:\/\/www.go.gov.br\/servicos-digitais\/cge\/nova-ouvidoria\/pedido-informacao-publica?orgao=15&#038;tipo_manifestacao=7' target='_blank'>E-SIC<\/a><\/li>\n<li><a href='https:\/\/www.go.gov.br\/servicos-digitais\/cge\/nova-ouvidoria\/pedido-informacao-publica?orgao=15&#038;tipo_manifestacao=7' target='_blank'>E-SIC &#8211; SERVI\u00c7O ELETR\u00d4NICO DE INFORMA\u00c7\u00c3O AO CIDAD\u00c3O<\/a><\/li>\n<li><a href='https:\/\/www.go.gov.br\/' target='_blank'>EXPRESSO GOI\u00c1S<\/a><\/li>\n<li><a href='https:\/\/portal.go.gov.br\/' target='_blank'>EXPRESSO APLICA\u00c7\u00d5ES<\/a><\/li>\n<li><a href='https:\/\/www.go.gov.br\/' target='_blank'>EXPRESSO SERVIDOR<\/a><\/li>\n<li><a href='https:\/\/goias.gov.br\/escoladegoverno\/' target='_blank'>ESCOLA DE GOVERNO<\/a><\/li>\n<li><a href='https:\/\/goias.gov.br\/administracao\/agencia-estadual-de-turismo-goias-turismo-dados-gerais\/' target='_blank'>ESTRUTURA ORGANIZACIONAL<\/a><\/li>\n<li><a href='https:\/\/goias.gov.br\/turismo\/ramais-goias-turismo\/' target='_blank'>ENDERE\u00c7OS, TELEFONES, E-MAILS E HOR\u00c1RIOS DE ATENDIMENTO<\/a><\/li>\n<li><a href='https:\/\/www.transparencia.go.gov.br\/wp-content\/uploads\/sites\/2\/painel\/lai.php?painel=empenhos&#038;orgao=goiasturismo' target='_blank'>EMPENHOS E PAGAMENTOS<\/a><\/li>\n<li><a href='https:\/\/www.transparencia.go.gov.br\/wp-content\/uploads\/sites\/2\/painel\/lai.php?painel=execucao_orcamentaria_visao_geral&#038;orgao=goiasturismo' target='_blank'>EXECU\u00c7\u00c3O OR\u00c7AMENT\u00c1RIA<\/a><\/li>\n<li><a href='https:\/\/goias.gov.br\/turismo\/emendas-parlamentares-estaduais\/' target='_blank'>EMENDAS PARLAMENTARES ESTADUAIS<\/a><\/li>\n<li><a href='https:\/\/app.powerbi.com\/view?r=eyJrIjoiNWU4NmVlMjktZGVjMi00Mjc2LThiZDAtOTQ1ZDliM2Y4Y2QxIiwidCI6IjY3ZmQ0MzFjLWIyYWQtNDg2Ny04MWJjLWQ3NTYyMjBiNTZkNCJ9' target='_blank'>EMENDAS PARLAMENTARES FEDERAIS<\/a><\/li>\n<li><a href='https:\/\/www.go.gov.br\/servicos-digitais\/cge\/nova-ouvidoria\/nova-manifestacao?orgao=15' target='_blank'>E-SIC ELETR\u00d4NICO<\/a><\/li>\n<li><a href='https:\/\/goias.gov.br\/turismo\/lei-geral-de-protecao-de-dados\/' target='_blank'>ENCARREGADO PELO TRATAMENTO DOS DADOS PESSOAIS<\/a><\/li>\n<\/ul>\n<\/div>\n<div class='sitemap-group'>\n<h3>F<\/h3>\n<ul>\n<li><a href='https:\/\/goias.gov.br\/turismo\/fale-conosco\/' target='_blank'>FALE CONOSCO<\/a><\/li>\n<li><a href='https:\/\/www.facebook.com\/GOIASTURISMO\/' target='_blank'>FACEBOOK<\/a><\/li>\n<li><a href='http:\/\/www.transparencia.go.gov.br\/lai.php?painel=folha_de_pagamento_salarios_de_servidores_ativos&#038;orgao=goiasturismo' target='_blank'>FOLHA DE PAGAMENTO<\/a><\/li>\n<\/ul>\n<\/div>\n<div class='sitemap-group'>\n<h3>G<\/h3>\n<ul>\n<li><a href='https:\/\/goias.gov.br\/turismo\/wp-content\/uploads\/sites\/4\/2024\/12\/Roteiro-Afroturismo-em-Goias-Versao3.pdf' target='_blank'>GUIA DE AFROTURISMO EM GOI\u00c1S<\/a><\/li>\n<li><a href='https:\/\/goias.gov.br\/turismo\/?p=6612' target='_blank'>GALERIA DE SECRET\u00c1RIOS<\/a><\/li>\n<li><a href='https:\/\/www.gov.br\/' target='_blank'>GOVERNO FEDERAL<\/a><\/li>\n<li><a href='https:\/\/transparencia.go.gov.br\/' target='_blank'>GOI\u00c1S TRANSPAR\u00caNCIA<\/a><\/li>\n<li><a href='https:\/\/www.transparencia.go.gov.br\/wp-content\/uploads\/sites\/2\/painel\/lai.php?painel=gastos_governamentais&#038;orgao=goiasturismo' target='_blank'>GASTOS GOVERNAMENTAIS<\/a><\/li>\n<li><a href='https:\/\/www.transparencia.go.gov.br\/lai.php?painel=publicidade_propaganda&#038;orgao=goiasturismo' target='_blank'>GASTOS EM PUBLICIDADE E PROPAGANDA<\/a><\/li>\n<\/ul>\n<\/div>\n<div class='sitemap-group'>\n<h3>I<\/h3>\n<ul>\n<li><a href='https:\/\/goias.gov.br\/turismo\/a-autarquia\/' target='_blank'>INSTITUCIONAL<\/a><\/li>\n<li><a href='https:\/\/goias.gov.br\/turismo\/imprensa\/' target='_blank'>IMPRENSA<\/a><\/li>\n<li><a href='https:\/\/www.instagram.com\/goiasturismo\/' target='_blank'>INSTAGRAM<\/a><\/li>\n<li><a href='https:\/\/www.transparencia.go.gov.br\/wp-content\/uploads\/sites\/2\/painel\/lai.php?painel=pda&#038;orgao=goiasturismo' target='_blank'>INVENT\u00c1RIO DE DADOS<\/a><\/li>\n<\/ul>\n<\/div>\n<div class='sitemap-group'>\n<h3>J<\/h3>\n<ul>\n<li><a href='https:\/\/goias.gov.br\/turismo\/julgamento-das-contas-pelo-tribunal-de-contas-do-estado\/' target='_blank'>JULGAMENTO DAS CONTAS PELO TCE-GO<\/a><\/li>\n<\/ul>\n<\/div>\n<div class='sitemap-group'>\n<h3>L<\/h3>\n<ul>\n<li><a href='https:\/\/goias.gov.br\/turismo\/lei-geral-de-protecao-de-dados\/' target='_blank'>LGPD<\/a><\/li>\n<li><a href='https:\/\/goias.gov.br\/turismo\/legislacao-aplicavel\/' target='_blank'>LEGISLA\u00c7\u00c3O APLIC\u00c1VEL<\/a><\/li>\n<li><a href='https:\/\/www.transparencia.go.gov.br\/wp-content\/uploads\/sites\/2\/painel\/lai.php?painel=folha_de_pagamento_salarios_de_estagiarios_ativos&#038;orgao=goiasturismo' target='_blank'>LISTA DE ESTAGI\u00c1RIOS<\/a><\/li>\n<li><a href='http:\/\/www.transparencia.go.gov.br\/lai.php?painel=licitacoes_licitacoes_concluidas&#038;orgao=goiasturismo' target='_blank'>LICITA\u00c7\u00d5ES &#8211; COMPRASNET<\/a><\/li>\n<li><a href='https:\/\/www.transparencia.go.gov.br\/wp-content\/uploads\/sites\/2\/painel\/lai.php?painel=licitacoes_concluidas_sislog&#038;orgao=goiasturismo' target='_blank'>LICITA\u00c7\u00d5ES &#8211; SISLOG<\/a><\/li>\n<li><a href='https:\/\/transparencia.go.gov.br\/fornecedores-impedidos\/' target='_blank'>LICITANTES SANCIONADOS ADMINISTRATIVAMENTE\u00a0<\/a><\/li>\n<li><a href='https:\/\/transparencia.go.gov.br\/orcamento-e-planejamento-pecas\/' target='_blank'>LDO\/LOA<\/a><\/li>\n<li><a href='https:\/\/legisla.casacivil.go.gov.br\/pesquisa_legislacao\/90142\/lei-18025' target='_blank'>LEI DE ACESSO A INFORMA\u00c7\u00c3O ESTADUAL<\/a><\/li>\n<\/ul>\n<\/div>\n<div class='sitemap-group'>\n<h3>M<\/h3>\n<ul>\n<li><a href='https:\/\/goias.gov.br\/turismo\/marketing\/' target='_blank'>MATERIAIS PUBLICIT\u00c1RIOS<\/a><\/li>\n<li><a href='https:\/\/goias.gov.br\/turismo\/wp-content\/uploads\/sites\/4\/2025\/07\/Mapa.pdf' target='_blank'>MAPA DO TURISMO<\/a><\/li>\n<li><a href='https:\/\/www.mpgo.mp.br\/portal\/' target='_blank'>MINIST\u00c9RIO P\u00daBLICO DO ESTADO DE GOI\u00c1S<\/a><\/li>\n<li><a href='https:\/\/goias.gov.br\/turismo\/relatorios-de-gestao-ou-atividades\/' target='_blank'>MONITORAMENTO DE PROGRAMAS, PROJETOS, A\u00c7\u00d5ES E ATIVIDADES<\/a><\/li>\n<\/ul>\n<\/div>\n<div class='sitemap-group'>\n<h3>N<\/h3>\n<ul>\n<li><a href='https:\/\/goias.gov.br\/turismo\/nossa-historia\/' target='_blank'>NOSSA HIST\u00d3RIA<\/a><\/li>\n<li><a href='https:\/\/goias.gov.br\/turismo\/categoria\/noticias\/' target='_blank'>NOT\u00cdCIAS<\/a><\/li>\n<\/ul>\n<\/div>\n<div class='sitemap-group'>\n<h3>O<\/h3>\n<ul>\n<li><a href='https:\/\/goias.gov.br\/observatoriodoturismo\/' target='_blank'>OBSERVAT\u00d3RIO DO TURISMO DO ESTADO DE GOI\u00c1S<\/a><\/li>\n<li><a href='https:\/\/www.go.gov.br\/servicos-digitais\/cge\/nova-ouvidoria?orgao=15' target='_blank'>OUVIDORIA<\/a><\/li>\n<li><a href='https:\/\/www.go.gov.br\/servicos-digitais\/cge\/nova-ouvidoria?orgao=15' target='_blank'>OUVIDORIA SETORIAL (EXPRESSO)<\/a><\/li>\n<li><a href='https:\/\/goias.gov.br\/turismo\/ouvidoria-setorial\/' target='_blank'>OUVIDORIA SETORIAL (PRESENCIAL)<\/a><\/li>\n<li><a href='http:\/\/www.transparencia.go.gov.br\/lai.php?painel=ordem_cronologica_despesas&#038;orgao=goiasturismo' target='_blank'>ORDEM CRONOL\u00d3GICA DE PAGAMENTOS<\/a><\/li>\n<li><a href='https:\/\/app.powerbi.com\/view?r=eyJrIjoiMzMwMzY2NTktN2U0Ni00NjY1LWJhOWUtMWJlYzYyNDI4MTM5IiwidCI6IjY3ZmQ0MzFjLWIyYWQtNDg2Ny04MWJjLWQ3NTYyMjBiNTZkNCJ9&#038;pageName=ReportSectiond755217298c2706b71dc' target='_blank'>OBRAS<\/a><\/li>\n<li><a href='https:\/\/app.powerbi.com\/view?r=eyJrIjoiMzMwMzY2NTktN2U0Ni00NjY1LWJhOWUtMWJlYzYyNDI4MTM5IiwidCI6IjY3ZmQ0MzFjLWIyYWQtNDg2Ny04MWJjLWQ3NTYyMjBiNTZkNCJ9&#038;pageName=ReportSection8f435ccde7de8820eb54' target='_blank'>OBRAS PARALISADAS<\/a><\/li>\n<li><a href='https:\/\/goias.gov.br\/turismo\/obras-audiencias-consultas-publicas\/' target='_blank'>OBRAS \u2013 AUDI\u00caNCIAS\/CONSULTAS P\u00daBLICAS<\/a><\/li>\n<li><a href='https:\/\/goias.gov.br\/turismo\/atendimento-presencial-ouvidoria\/' target='_blank'>OUVIDORIA &#8211; ATENDIMENTO PRESENCIAL<\/a><\/li>\n<\/ul>\n<\/div>\n<div class='sitemap-group'>\n<h3>P<\/h3>\n<ul>\n<li><a href='https:\/\/transparencia.go.gov.br\/' target='_blank'>PORTAL DA TRANSPAR\u00caNCIA<\/a><\/li>\n<li><a href='https:\/\/goias.gov.br\/controladoria\/programa-de-compliance-publico-do-governo-de-goias\/' target='_blank'>PCP<\/a><\/li>\n<li><a href='https:\/\/goias.gov.br\/procuradoria\/' target='_blank'>PROCURADORIA-GERAL DO ESTADO DE GOI\u00c1S<\/a><\/li>\n<li><a href='https:\/\/goias.gov.br\/turismo\/documentos-programa-de-compliance-publico\/' target='_blank'>PROGRAMA DE COMPLIANCE P\u00daBLICO &#8211; PCP<\/a><\/li>\n<li><a href='https:\/\/sislog.go.gov.br\/Pca' target='_blank'>PCA &#8211; PLANO DE CONTRATA\u00c7\u00d5ES ANUAL<\/a><\/li>\n<li><a href='https:\/\/www.gov.br\/pncp\/pt-br\/acesso-a-informacao\/painel-pncp-em-numeros\/pncp-em-numeros-contratacoes\/pncp-em-numeros-municipio' target='_blank'>PNCP<\/a><\/li>\n<li><a href='https:\/\/goias.gov.br\/turismo\/publicacoes\/' target='_blank'>PUBLICA\u00c7\u00d5ES<\/a><\/li>\n<li><a href='https:\/\/www.transparencia.go.gov.br\/lai.php?painel=contratos_parcerias&#038;orgao=goiasturismo' target='_blank'>PARCERIA COM OSCS<\/a><\/li>\n<li><a href='https:\/\/goias.gov.br\/turismo\/planejamento-estrategico-da-goias-turismo\/' target='_blank'>PLANO ESTRAT\u00c9GICO INSTITUCIONAL<\/a><\/li>\n<li><a href='https:\/\/ppa.go.gov.br\/' target='_blank'>PPA<\/a><\/li>\n<li><a href='https:\/\/www.planalto.gov.br\/ccivil_03\/_ato2015-2018\/2018\/lei\/l13709.htm' target='_blank'>POL\u00cdTICA DE PRIVACIDADE E PROTE\u00c7\u00c3O DE DADOS<\/a><\/li>\n<li><a href='https:\/\/app.powerbi.com\/view?r=eyJrIjoiNmRhN2MzZmYtMWZkMi00ODdmLWJhNGQtYTJkODcwNDJlMTU4IiwidCI6IjY3ZmQ0MzFjLWIyYWQtNDg2Ny04MWJjLWQ3NTYyMjBiNTZkNCJ9' target='_blank'>PESQUISA DE SATISFA\u00c7\u00c3O<\/a><\/li>\n<li><a href='https:\/\/transparencia.go.gov.br\/' target='_blank'>PORTAL GOI\u00c1S TRANSPARENTE<\/a><\/li>\n<li><a href='https:\/\/goias.gov.br\/turismo\/projetos-de-participacao-social\/' target='_blank'>PROJETOS DE PARTICIPA\u00c7\u00c3O SOCIAL<\/a><\/li>\n<li><a href='https:\/\/goias.gov.br\/turismo\/projetos-de-inovacao-no-servico-publico\/' target='_blank'>PROJETOS DE INOVA\u00c7\u00c3O NO SERVI\u00c7O P\u00daBLICO<\/a><\/li>\n<\/ul>\n<\/div>\n<div class='sitemap-group'>\n<h3>R<\/h3>\n<ul>\n<li><a href='https:\/\/goias.gov.br\/turismo\/revista-51-destinos-turisticos-3\/' target='_blank'>REVISTA 51 DESTINOS<\/a><\/li>\n<li><a href='https:\/\/goias.gov.br\/turismo\/revista-viva-turismo\/' target='_blank'>REVISTA VIVA TURISMO<\/a><\/li>\n<li><a href='https:\/\/radardatransparencia.atricon.org.br\/' target='_blank'>RADAR DA TRANSPAR\u00caNCIA<\/a><\/li>\n<li><a href='https:\/\/www.transparencia.go.gov.br\/wp-content\/uploads\/sites\/2\/painel\/lai.php?painel=receitas_estaduais&#038;orgao=goiasturismo' target='_blank'>RECEITA ESTADUAL<\/a><\/li>\n<li><a href='https:\/\/goias.gov.br\/turismo\/relacao-de-terceirizados\/' target='_blank'>RELA\u00c7\u00c3O DE TERCEIRIZADOS<\/a><\/li>\n<li><a href='https:\/\/www.transparencia.go.gov.br\/wp-content\/uploads\/sites\/2\/painel\/lai.php?painel=contratos_fiscais_e_gestores&#038;orgao=goiasturismo' target='_blank'>RELA\u00c7\u00c3O DOS FISCAIS DOS CONTRATOS<\/a><\/li>\n<li><a href='https:\/\/goias.gov.br\/turismo\/relacao-de-veiculos\/' target='_blank'>RELA\u00c7\u00c3O DE VE\u00cdCULOS<\/a><\/li>\n<li><a href='https:\/\/goias.gov.br\/turismo\/relatorios-de-gestao-ou-atividades\/' target='_blank'>RELAT\u00d3RIO DE GEST\u00c3O OU ATIVIDADES<\/a><\/li>\n<li><a href='https:\/\/transparencia.go.gov.br\/gestao-fiscal-e-governamental-rgf\/' target='_blank'>RGF<\/a><\/li>\n<li><a href='https:\/\/transparencia.go.gov.br\/rreo\/' target='_blank'>RREO<\/a><\/li>\n<li><a href='https:\/\/www.ouvidoriageral.go.gov.br\/api\/relatorio_gestao.php?tipo=7&#038;orgao=15' target='_blank'>RELAT\u00d3RIOS DE PEDIDOS DE ACESSO \u00c0 INFORMA\u00c7\u00c3O<\/a><\/li>\n<li><a href='https:\/\/goias.gov.br\/turismo\/relatorio-de-gestao-de-ouvidoria\/' target='_blank'>RELAT\u00d3RIO DE GEST\u00c3O DE OUVIDORIA<\/a><\/li>\n<\/ul>\n<\/div>\n<div class='sitemap-group'>\n<h3>S<\/h3>\n<ul>\n<li><a href='https:\/\/goias.gov.br\/administracao\/siga-eng\/' target='_blank'>SIGA<\/a><\/li>\n<li><a href='https:\/\/www.go.gov.br\/unidadesvaptvupt' target='_blank'>SIC &#8211; SERVI\u00c7O DE INFORMA\u00c7\u00c3O AO CIDAD\u00c3O<\/a><\/li>\n<li><a href='https:\/\/sei.go.gov.br\/sei\/modulos\/goias\/login-sei\/MdGoiasLoginSEI.php?acao=md_goias_login_SEI&#038;sigla_orgao_sistema=GOVERNADORIA&#038;sigla_sistema=SEI&#038;infra_url=L3NlaS8=' target='_blank'>SEI GOVERNADORIA<\/a><\/li>\n<li><a href='https:\/\/goias.gov.br\/turismo\/sobre-a-goias-turismo\/' target='_blank'>SOBRE A GOI\u00c1S TURISMO<\/a><\/li>\n<li><a href='https:\/\/goias.gov.br\/turismo\/sobre-o-cadastur\/' target='_blank'>SOBRE O CADASTUR<\/a><\/li>\n<li><a href='https:\/\/goias.gov.br\/turismo\/sobre-ouvidoria-geral\/' target='_blank'>SOBRE OUVIDORIA GERAL<\/a><\/li>\n<li><a href='https:\/\/sislog.go.gov.br' target='_blank'>SISLOG<\/a><\/li>\n<li><a href='https:\/\/vaptvupt.go.gov.br\/unidades' target='_blank'>SIC F\u00cdSICO &#8211; UNIDADES DO VAPT VUPT<\/a><\/li>\n<\/ul>\n<\/div>\n<div class='sitemap-group'>\n<h3>T<\/h3>\n<ul>\n<li><a href='https:\/\/www.tjgo.jus.br\/' target='_blank'>TRIBUNAL DE JUSTI\u00c7A DO ESTADO DE GOI\u00c1S<\/a><\/li>\n<li><a href='https:\/\/twitter.com\/goias_turismo' target='_blank'>TWITTER<\/a><\/li>\n<\/ul>\n<\/div>\n<div class='sitemap-group'>\n<h3>V<\/h3>\n<ul>\n<li><a href='https:\/\/goias.gov.br\/turismo\/programa-de-capacitacao-da-goias-turismo\/' target='_blank'>VIDEOAULAS<\/a><\/li>\n<\/ul>\n<\/div>\n<\/div>\n\t\t\t\t\t\t\t\t<\/div>\n\t\t\t\t\t<\/div>\n\t\t\t\t<\/div>\n\t\t\t\t<\/div>\n\t\t","protected":false},"excerpt":{"rendered":"","protected":false},"author":1,"featured_media":0,"parent":0,"menu_order":0,"comment_status":"closed","ping_status":"closed","template":"","meta":{"footnotes":""},"class_list":["post-3010","page","type-page","status-publish","hentry"],"rttpg_featured_image_url":null,"rttpg_author":{"display_name":"wagner.viana","author_link":"https:\/\/goias.gov.br\/turismo\/author\/wagner-viana\/"},"rttpg_comment":0,"rttpg_category":null,"rttpg_excerpt":null,"_links":{"self":[{"href":"https:\/\/goias.gov.br\/turismo\/wp-json\/wp\/v2\/pages\/3010","targetHints":{"allow":["GET"]}}],"collection":[{"href":"https:\/\/goias.gov.br\/turismo\/wp-json\/wp\/v2\/pages"}],"about":[{"href":"https:\/\/goias.gov.br\/turismo\/wp-json\/wp\/v2\/types\/page"}],"author":[{"embeddable":true,"href":"https:\/\/goias.gov.br\/turismo\/wp-json\/wp\/v2\/users\/1"}],"replies":[{"embeddable":true,"href":"https:\/\/goias.gov.br\/turismo\/wp-json\/wp\/v2\/comments?post=3010"}],"version-history":[{"count":2,"href":"https:\/\/goias.gov.br\/turismo\/wp-json\/wp\/v2\/pages\/3010\/revisions"}],"predecessor-version":[{"id":35896,"href":"https:\/\/goias.gov.br\/turismo\/wp-json\/wp\/v2\/pages\/3010\/revisions\/35896"}],"wp:attachment":[{"href":"https:\/\/goias.gov.br\/turismo\/wp-json\/wp\/v2\/media?parent=3010"}],"curies":[{"name":"wp","href":"https:\/\/api.w.org\/{rel}","templated":true}]}}