

{"id":14700,"date":"2024-10-04T14:48:12","date_gmt":"2024-10-04T17:48:12","guid":{"rendered":"https:\/\/goias.gov.br\/turismo\/?page_id=14700"},"modified":"2024-11-19T08:23:48","modified_gmt":"2024-11-19T11:23:48","slug":"ouvidoria-setorial","status":"publish","type":"page","link":"https:\/\/goias.gov.br\/turismo\/ouvidoria-setorial\/","title":{"rendered":"Ouvidoria Setorial"},"content":{"rendered":"\n<h4 class=\"wp-block-heading\"><span style=\"color: #008000;\">Atendimento Presencial<\/span><\/h4>\n\n\n\n<p>Ouvidora Setorial: <strong>MAISA DIAS HON\u00d3RIO<\/strong><\/p>\n\n\n\n<div class=\"wp-block-group\"><div class=\"wp-block-group__inner-container is-layout-constrained wp-block-group-is-layout-constrained\">\n<p>Endere\u00e7o: Rua 30 com Rua 4 \u2013 Casa do Turismo &#8211;\u00a0<br \/>Setor Central, Goi\u00e2nia\/GO \u2013 CEP: 74.025-020<br \/>Hor\u00e1rio de Atendimento: 08h \u00e0s 12h e das 14h \u00e0s 18h<br \/>E-mail: \u00a0<a href=\"mailto:ouvidoria.goiasturismo@goias.gov.br\">ouvidoria.goiasturismo@goias.gov.br<\/a><br \/>Telefone: (62) 3201-8135 \/ (62) 3201-8100<br \/>Unidade SEI: 17900<\/p>\n<\/div><\/div>\n\n\n\n<p><\/p>\n","protected":false},"excerpt":{"rendered":"<p>Atendimento Presencial Ouvidora Setorial: MAISA DIAS HON\u00d3RIO Endere\u00e7o: Rua 30 com Rua 4 \u2013 Casa do Turismo &#8211;\u00a0Setor Central, Goi\u00e2nia\/GO \u2013 CEP: 74.025-020Hor\u00e1rio de Atendimento: 08h \u00e0s 12h e das 14h \u00e0s 18hE-mail: \u00a0ouvidoria.goiasturismo@goias.gov.brTelefone: (62) 3201-8135 \/ (62) 3201-8100Unidade SEI: 17900<\/p>\n","protected":false},"author":62,"featured_media":0,"parent":0,"menu_order":0,"comment_status":"closed","ping_status":"closed","template":"","meta":{"footnotes":""},"class_list":["post-14700","page","type-page","status-publish","hentry"],"rttpg_featured_image_url":null,"rttpg_author":{"display_name":"italoreis","author_link":"https:\/\/goias.gov.br\/turismo\/author\/italoreis\/"},"rttpg_comment":0,"rttpg_category":null,"rttpg_excerpt":"Atendimento Presencial Ouvidora Setorial: MAISA DIAS HON\u00d3RIO Endere\u00e7o: Rua 30 com Rua 4 \u2013 Casa do Turismo &#8211;\u00a0Setor Central, Goi\u00e2nia\/GO \u2013 CEP: 74.025-020Hor\u00e1rio de Atendimento: 08h \u00e0s 12h e das 14h \u00e0s 18hE-mail: \u00a0ouvidoria.goiasturismo@goias.gov.brTelefone: (62) 3201-8135 \/ (62) 3201-8100Unidade SEI: 17900","_links":{"self":[{"href":"https:\/\/goias.gov.br\/turismo\/wp-json\/wp\/v2\/pages\/14700","targetHints":{"allow":["GET"]}}],"collection":[{"href":"https:\/\/goias.gov.br\/turismo\/wp-json\/wp\/v2\/pages"}],"about":[{"href":"https:\/\/goias.gov.br\/turismo\/wp-json\/wp\/v2\/types\/page"}],"author":[{"embeddable":true,"href":"https:\/\/goias.gov.br\/turismo\/wp-json\/wp\/v2\/users\/62"}],"replies":[{"embeddable":true,"href":"https:\/\/goias.gov.br\/turismo\/wp-json\/wp\/v2\/comments?post=14700"}],"version-history":[{"count":2,"href":"https:\/\/goias.gov.br\/turismo\/wp-json\/wp\/v2\/pages\/14700\/revisions"}],"predecessor-version":[{"id":15862,"href":"https:\/\/goias.gov.br\/turismo\/wp-json\/wp\/v2\/pages\/14700\/revisions\/15862"}],"wp:attachment":[{"href":"https:\/\/goias.gov.br\/turismo\/wp-json\/wp\/v2\/media?parent=14700"}],"curies":[{"name":"wp","href":"https:\/\/api.w.org\/{rel}","templated":true}]}}