

{"id":70715,"date":"2025-06-27T11:26:57","date_gmt":"2025-06-27T14:26:57","guid":{"rendered":"https:\/\/goias.gov.br\/social\/?page_id=70715"},"modified":"2025-10-13T10:45:57","modified_gmt":"2025-10-13T13:45:57","slug":"goias-mais-inclusivo","status":"publish","type":"page","link":"https:\/\/goias.gov.br\/social\/goias-mais-inclusivo\/","title":{"rendered":"Goi\u00e1s + Inclusivo"},"content":{"rendered":"\n<p><strong>O que \u00e9 o  Goi\u00e1s + Inclusivo?<\/strong><\/p>\n\n\n\n<p>O Programa Goi\u00e1s + Inclusivo \u00e9 uma iniciativa do Governo do Estado de Goi\u00e1s voltada \u00e0 prote\u00e7\u00e3o social e \u00e0 promo\u00e7\u00e3o da equidade. O objetivo principal \u00e9 oferecer aux\u00edlio financeiro mensal para fam\u00edlias em situa\u00e7\u00e3o de <strong>extrema <\/strong><strong>pobreza<\/strong>, com pelo menos <strong>uma pessoa com defici\u00eancia de at\u00e9 17 anos de idade<\/strong>.<\/p>\n\n\n\n<p>Esse apoio visa reduzir desigualdades, melhorar as condi\u00e7\u00f5es de vida e garantir direitos b\u00e1sicos \u00e0s pessoas com defici\u00eancia e suas fam\u00edlias.<\/p>\n\n\n\n<p><strong>Qual \u00e9 a finalidade do programa?<\/strong><\/p>\n\n\n\n<p>A finalidade do programa \u00e9 oferecer apoio financeiro \u00e0s fam\u00edlias em extrema vulnerabilidade, com o objetivo de fortalecer o cuidado com a pessoa com defici\u00eancia, garantir seguran\u00e7a alimentar e fomentar a seguran\u00e7a de renda e a qualidade de vida.<\/p>\n\n\n\n<p><strong>Quem pode participar?<\/strong><\/p>\n\n\n\n<p>Fam\u00edlias que atendam simultaneamente aos seguintes crit\u00e9rios:<\/p>\n\n\n\n<ul class=\"wp-block-list\">\n<li>Estar <strong>cadastradas e com dados atualizados no Cadastro \u00danico (Cad\u00danico)<\/strong>;<\/li>\n\n\n\n<li>Estar em <strong>situa\u00e7\u00e3o <\/strong><strong>de <\/strong><strong>pobreza <\/strong><strong>1 <\/strong><strong>ou <\/strong><strong>extrema <\/strong><strong>pobreza <\/strong><strong>1<\/strong>, conforme os crit\u00e9rios do Governo Federal;<\/li>\n\n\n\n<li>Renda de at\u00e9<strong> R$109 <\/strong>por pessoa da fam\u00edlia <\/li>\n\n\n\n<li>Ter <strong>ao menos uma pessoa com defici\u00eancia  de at\u00e9 17 anos de idade no Cad\u00danico<\/strong>.<\/li>\n<\/ul>\n\n\n\n<p><strong>Precisa se inscrever?<\/strong><\/p>\n\n\n\n<p>N\u00e3o. A sele\u00e7\u00e3o ser\u00e1 feita <strong>automaticamente<\/strong>, com base nas <strong>informa\u00e7\u00f5es <\/strong><strong>registradas <\/strong><strong>no <\/strong><strong>Cad\u00danico<\/strong>.<\/p>\n\n\n\n<p><strong>Importante<\/strong><strong>:<\/strong> Para ser selecionada, a fam\u00edlia deve garantir que:<\/p>\n\n\n\n<ol class=\"wp-block-list\">\n<li>Os dados estejam <strong>atualizados <\/strong>no Cras;<\/li>\n\n\n\n<li>A <strong>defici\u00eancia<\/strong> da crian\u00e7a ou adolescente esteja corretamente informada no cadastro.<\/li>\n<\/ol>\n\n\n\n<p><strong>Como saber se fui contemplada?<\/strong><\/p>\n\n\n\n<p>N\u00e3o h\u00e1 divulga\u00e7\u00e3o de lista de benefici\u00e1rios por parte da Seds. A divulga\u00e7\u00e3o das contempladas \u00e9 realizada pelo munic\u00edpio quando determinadas as datas de entregas dos cart\u00f5es. A equipe do munic\u00edpio entra em contato com as benefici\u00e1rias informando o dia, local e hor\u00e1rio que vai acontecer a entrega do cart\u00e3o.<\/p>\n\n\n\n<p><strong>N\u00e3o fui selecionada. O que fazer?<\/strong><\/p>\n\n\n\n<ol class=\"wp-block-list\">\n<li>Verifique se o <strong>Cad\u00danico <\/strong><strong>est\u00e1 <\/strong><strong>atualizado<\/strong>;<\/li>\n\n\n\n<li>Confirme se a <strong>condi\u00e7\u00e3o de <\/strong><strong>defici\u00eancia<\/strong> est\u00e1 registrada corretamente;<\/li>\n\n\n\n<li>Procure o <strong>Cras <\/strong>para a regulariza\u00e7\u00e3o dos dados;<\/li>\n\n\n\n<li>Aguarde futuras etapas de sele\u00e7\u00e3o.<\/li>\n<\/ol>\n\n\n\n<p><strong>Qual o valor do benef\u00edcio?<\/strong><\/p>\n\n\n\n<p>O valor do benef\u00edcio \u00e9 de <strong>R$500<\/strong> por m\u00eas.<\/p>\n\n\n\n<p><strong>Recebo o M\u00e3es de Goi\u00e1s e posso receber o Goi\u00e1s + Inclusivo? <\/strong><\/p>\n\n\n\n<p>Sim, as fam\u00edlias que tenham pessoa com defici\u00eancia at\u00e9 6 anos de idade e j\u00e1 recebem o M\u00e3es de Goi\u00e1s, passar\u00e3o a receber de forma acumulada os dois benef\u00edcios. Ou seja, R$ 300 do M\u00e3es de Goi\u00e1s mais R$200 do Goi\u00e1s +Inclusivo, totalizando R$ 500.<\/p>\n\n\n\n<p>O benefici\u00e1rio pode receber outros benef\u00edcios sociais juntamente com o Goi\u00e1s +Inclusivo, desde que n\u00e3o ultrapasse o limite de renda de R$109 por pessoa.<\/p>\n\n\n\n<p><strong>Recebo o BPC e posso receber o Goi\u00e1s + Inclusivo?<\/strong><\/p>\n\n\n\n<p>O Benef\u00edcio de Presta\u00e7\u00e3o Continuada (BPC) conta como renda, mas se a fam\u00edlia for numerosa e a renda n\u00e3o ultrapassar o valor de 109 reais por pessoa no Cad\u00danico, a pessoa pode receber o  benef\u00edcio do Goi\u00e1s + Inclusivo. <\/p>\n\n\n\n<p><strong>Quais s\u00e3o os crit\u00e9rios de exclus\u00e3o do programa?<\/strong><\/p>\n\n\n\n<p>O descredenciamento do programa ocorre quando:<\/p>\n\n\n\n<div class=\"wp-block-group\"><div class=\"wp-block-group__inner-container is-layout-constrained wp-block-group-is-layout-constrained\">\n<ul class=\"wp-block-list\">\n<li>Benefici\u00e1rio completar 18 anos<\/li>\n<\/ul>\n\n\n\n<ul class=\"wp-block-list\">\n<li>A renda por pessoa da fam\u00edlia ultrapassar o valor de R$109<\/li>\n<\/ul>\n\n\n\n<ul class=\"wp-block-list\">\n<li>Deixar de atualizar o Cadastro \u00danico (Cad\u00danico) <\/li>\n<\/ul>\n\n\n<\/div><\/div>\n\n\n\n<p><strong>Secretaria de Estado de Desenvolvimento Social &#8211; Governo de Goi\u00e1s<\/strong><\/p>\n","protected":false},"excerpt":{"rendered":"<p>O que \u00e9 o Goi\u00e1s + Inclusivo? O Programa Goi\u00e1s + Inclusivo \u00e9 uma iniciativa do Governo do Estado de Goi\u00e1s voltada \u00e0 prote\u00e7\u00e3o social e \u00e0 promo\u00e7\u00e3o da equidade. O objetivo principal \u00e9 oferecer aux\u00edlio financeiro mensal para fam\u00edlias em situa\u00e7\u00e3o de extrema pobreza, com pelo menos uma pessoa com defici\u00eancia de at\u00e9 17 [&hellip;]<\/p>\n","protected":false},"author":540,"featured_media":0,"parent":0,"menu_order":0,"comment_status":"closed","ping_status":"closed","template":"","meta":{"footnotes":""},"class_list":["post-70715","page","type-page","status-publish","hentry"],"rttpg_featured_image_url":null,"rttpg_author":{"display_name":"luisnascimento","author_link":"https:\/\/goias.gov.br\/social\/author\/luisnascimento\/"},"rttpg_comment":0,"rttpg_category":null,"rttpg_excerpt":"O que \u00e9 o Goi\u00e1s + Inclusivo? O Programa Goi\u00e1s + Inclusivo \u00e9 uma iniciativa do Governo do Estado de Goi\u00e1s voltada \u00e0 prote\u00e7\u00e3o social e \u00e0 promo\u00e7\u00e3o da equidade. O objetivo principal \u00e9 oferecer aux\u00edlio financeiro mensal para fam\u00edlias em situa\u00e7\u00e3o de extrema pobreza, com pelo menos uma pessoa com defici\u00eancia de at\u00e9 17&hellip;","_links":{"self":[{"href":"https:\/\/goias.gov.br\/social\/wp-json\/wp\/v2\/pages\/70715","targetHints":{"allow":["GET"]}}],"collection":[{"href":"https:\/\/goias.gov.br\/social\/wp-json\/wp\/v2\/pages"}],"about":[{"href":"https:\/\/goias.gov.br\/social\/wp-json\/wp\/v2\/types\/page"}],"author":[{"embeddable":true,"href":"https:\/\/goias.gov.br\/social\/wp-json\/wp\/v2\/users\/540"}],"replies":[{"embeddable":true,"href":"https:\/\/goias.gov.br\/social\/wp-json\/wp\/v2\/comments?post=70715"}],"version-history":[{"count":2,"href":"https:\/\/goias.gov.br\/social\/wp-json\/wp\/v2\/pages\/70715\/revisions"}],"predecessor-version":[{"id":84183,"href":"https:\/\/goias.gov.br\/social\/wp-json\/wp\/v2\/pages\/70715\/revisions\/84183"}],"wp:attachment":[{"href":"https:\/\/goias.gov.br\/social\/wp-json\/wp\/v2\/media?parent=70715"}],"curies":[{"name":"wp","href":"https:\/\/api.w.org\/{rel}","templated":true}]}}