

{"id":70655,"date":"2025-06-27T11:17:06","date_gmt":"2025-06-27T14:17:06","guid":{"rendered":"https:\/\/goias.gov.br\/social\/?page_id=70655"},"modified":"2026-01-09T12:21:20","modified_gmt":"2026-01-09T15:21:20","slug":"equipa-social","status":"publish","type":"page","link":"https:\/\/goias.gov.br\/social\/equipa-social\/","title":{"rendered":"Equipa Social"},"content":{"rendered":"\n<p><strong>O que \u00e9 o programa?<\/strong><\/p>\n\n\n\n<p>O Equipa Social \u00e9 uma iniciativa do Goi\u00e1s Social que destinou R$100 milh\u00f5es para reforma e adequa\u00e7\u00e3o de todas as 414 unidades do Centro de Refer\u00eancia de Assist\u00eancia Social (Cras) e Centro de Refer\u00eancia Especializado de Assist\u00eancia Social (Creas) dos 246 munic\u00edpios goianos.<\/p>\n\n\n\n<p><strong>Como foi feita a destina\u00e7\u00e3o dos recursos?<\/strong><\/p>\n\n\n\n<p>A distribui\u00e7\u00e3o dos recursos foi realizada de acordo com a estrutura f\u00edsica de cada unidade, com base nos dados do Censo Suas de 2023, da seguinte forma:<br>&#8211; Unidades n\u00edveis 1 e 2 receberam R$ 300 mil.<br>&#8211; Unidades n\u00edvel 3 receberam R$ 250 mil.<br>&#8211; Unidades n\u00edveis 4 e 5 receberam R$ 200 mil.<\/p>\n\n\n\n<p><strong>O que pode ser feito com o recurso?<\/strong><\/p>\n\n\n\n<p>Cada munic\u00edpio poder\u00e1 usar o valor de acordo com as necessidades espec\u00edficas. A quantia pode ser destinada para aquisi\u00e7\u00e3o, reforma, constru\u00e7\u00e3o, adequa\u00e7\u00e3o, amplia\u00e7\u00e3o de pr\u00e9dios do Cras e Creas ou para a compra de bens permanentes como computadores, m\u00f3veis, ar-condicionado, eletroeletr\u00f4nicos. O recurso n\u00e3o poder\u00e1 ser usado em unidades alugadas para funcionamento do Cras ou do Creas.<\/p>\n\n\n\n<p><strong>Qual \u00e9 o objetivo do programa?<\/strong><\/p>\n\n\n\n<p>O Equipa Social visa garantir mais conforto e qualidade nos atendimentos das fam\u00edlias que s\u00e3o assistidas pelo Cras ou pelo Creas nos munic\u00edpios.<\/p>\n\n\n\n<p>O pleno funcionamento destas unidades s\u00e3o fundamentais, uma vez que s\u00e3o respons\u00e1veis pela inscri\u00e7\u00e3o dos cidad\u00e3os no Cadastro \u00danico, principal porta de entrada para os benef\u00edcios e programas do Goi\u00e1s Social, e realizam o primeiro contato com a popula\u00e7\u00e3o vulner\u00e1vel.<\/p>\n\n\n\n<p><strong>Para quem \u00e9 destinado o programa?<\/strong><\/p>\n\n\n\n<p>Secretarias de Assist\u00eancia Social (ou \u00f3rg\u00e3o relativo) de cada munic\u00edpio goiano.<\/p>\n\n\n\n<p>Confira <a href=\"https:\/\/goias.gov.br\/social\/wp-content\/uploads\/sites\/24\/2025\/09\/Recursos-financeiros-Equipa-Social-2025.pdf.pdf\" data-type=\"link\" data-id=\"https:\/\/goias.gov.br\/social\/wp-content\/uploads\/sites\/24\/2025\/09\/Recursos-financeiros-Equipa-Social-2025.pdf.pdf\" target=\"_blank\" rel=\"noreferrer noopener\">AQUI <\/a>o valor do Equipa Social repassado pelo Governo de Goi\u00e1s a todos os munic\u00edpios.<\/p>\n\n\n\n<p><strong>Secretaria de Estado de Desenvolvimento Social &#8211; Governo de Goi\u00e1s <\/strong><\/p>\n","protected":false},"excerpt":{"rendered":"<p>O que \u00e9 o programa? O Equipa Social \u00e9 uma iniciativa do Goi\u00e1s Social que destinou R$100 milh\u00f5es para reforma e adequa\u00e7\u00e3o de todas as 414 unidades do Centro de Refer\u00eancia de Assist\u00eancia Social (Cras) e Centro de Refer\u00eancia Especializado de Assist\u00eancia Social (Creas) dos 246 munic\u00edpios goianos. Como foi feita a destina\u00e7\u00e3o dos recursos? [&hellip;]<\/p>\n","protected":false},"author":512,"featured_media":0,"parent":0,"menu_order":0,"comment_status":"closed","ping_status":"closed","template":"","meta":{"footnotes":""},"class_list":["post-70655","page","type-page","status-publish","hentry"],"rttpg_featured_image_url":null,"rttpg_author":{"display_name":"anaelisafreitas","author_link":"https:\/\/goias.gov.br\/social\/author\/anaelisafreitas\/"},"rttpg_comment":0,"rttpg_category":null,"rttpg_excerpt":"O que \u00e9 o programa? O Equipa Social \u00e9 uma iniciativa do Goi\u00e1s Social que destinou R$100 milh\u00f5es para reforma e adequa\u00e7\u00e3o de todas as 414 unidades do Centro de Refer\u00eancia de Assist\u00eancia Social (Cras) e Centro de Refer\u00eancia Especializado de Assist\u00eancia Social (Creas) dos 246 munic\u00edpios goianos. Como foi feita a destina\u00e7\u00e3o dos recursos?&hellip;","_links":{"self":[{"href":"https:\/\/goias.gov.br\/social\/wp-json\/wp\/v2\/pages\/70655","targetHints":{"allow":["GET"]}}],"collection":[{"href":"https:\/\/goias.gov.br\/social\/wp-json\/wp\/v2\/pages"}],"about":[{"href":"https:\/\/goias.gov.br\/social\/wp-json\/wp\/v2\/types\/page"}],"author":[{"embeddable":true,"href":"https:\/\/goias.gov.br\/social\/wp-json\/wp\/v2\/users\/512"}],"replies":[{"embeddable":true,"href":"https:\/\/goias.gov.br\/social\/wp-json\/wp\/v2\/comments?post=70655"}],"version-history":[{"count":2,"href":"https:\/\/goias.gov.br\/social\/wp-json\/wp\/v2\/pages\/70655\/revisions"}],"predecessor-version":[{"id":94451,"href":"https:\/\/goias.gov.br\/social\/wp-json\/wp\/v2\/pages\/70655\/revisions\/94451"}],"wp:attachment":[{"href":"https:\/\/goias.gov.br\/social\/wp-json\/wp\/v2\/media?parent=70655"}],"curies":[{"name":"wp","href":"https:\/\/api.w.org\/{rel}","templated":true}]}}