

{"id":69562,"date":"2025-06-24T16:28:16","date_gmt":"2025-06-24T19:28:16","guid":{"rendered":"https:\/\/goias.gov.br\/social\/?page_id=69562"},"modified":"2025-06-24T17:51:09","modified_gmt":"2025-06-24T20:51:09","slug":"acesso-as-informacoes-das-organizacoes-sociais-de-saude-e-sociedade-civil","status":"publish","type":"page","link":"https:\/\/goias.gov.br\/social\/acesso-as-informacoes-das-organizacoes-sociais-de-saude-e-sociedade-civil\/","title":{"rendered":"Acesso \u00e0s Informa\u00e7\u00f5es das Organiza\u00e7\u00f5es Sociais"},"content":{"rendered":"","protected":false},"excerpt":{"rendered":"","protected":false},"author":727,"featured_media":0,"parent":0,"menu_order":0,"comment_status":"closed","ping_status":"closed","template":"","meta":{"footnotes":""},"class_list":["post-69562","page","type-page","status-publish","hentry"],"rttpg_featured_image_url":null,"rttpg_author":{"display_name":"moisesmendonca","author_link":"https:\/\/goias.gov.br\/social\/author\/moisesmendonca\/"},"rttpg_comment":0,"rttpg_category":null,"rttpg_excerpt":null,"_links":{"self":[{"href":"https:\/\/goias.gov.br\/social\/wp-json\/wp\/v2\/pages\/69562","targetHints":{"allow":["GET"]}}],"collection":[{"href":"https:\/\/goias.gov.br\/social\/wp-json\/wp\/v2\/pages"}],"about":[{"href":"https:\/\/goias.gov.br\/social\/wp-json\/wp\/v2\/types\/page"}],"author":[{"embeddable":true,"href":"https:\/\/goias.gov.br\/social\/wp-json\/wp\/v2\/users\/727"}],"replies":[{"embeddable":true,"href":"https:\/\/goias.gov.br\/social\/wp-json\/wp\/v2\/comments?post=69562"}],"version-history":[{"count":2,"href":"https:\/\/goias.gov.br\/social\/wp-json\/wp\/v2\/pages\/69562\/revisions"}],"predecessor-version":[{"id":69846,"href":"https:\/\/goias.gov.br\/social\/wp-json\/wp\/v2\/pages\/69562\/revisions\/69846"}],"wp:attachment":[{"href":"https:\/\/goias.gov.br\/social\/wp-json\/wp\/v2\/media?parent=69562"}],"curies":[{"name":"wp","href":"https:\/\/api.w.org\/{rel}","templated":true}]}}