

{"id":6547,"date":"2024-02-15T15:27:15","date_gmt":"2024-02-15T18:27:15","guid":{"rendered":"https:\/\/siteshom.goias.gov.br\/social\/?page_id=6547"},"modified":"2026-01-22T09:47:17","modified_gmt":"2026-01-22T12:47:17","slug":"fale-conosco","status":"publish","type":"page","link":"https:\/\/goias.gov.br\/social\/fale-conosco\/","title":{"rendered":"Fale Conosco"},"content":{"rendered":"\t\t<div data-elementor-type=\"wp-page\" data-elementor-id=\"6547\" class=\"elementor elementor-6547\">\n\t\t\t\t<div class=\"elementor-element elementor-element-a7579c3 e-con-full e-flex e-con e-parent\" data-id=\"a7579c3\" data-element_type=\"container\" data-e-type=\"container\">\n\t\t<div class=\"elementor-element elementor-element-025a6c4 e-con-full e-flex e-con e-child\" data-id=\"025a6c4\" data-element_type=\"container\" data-e-type=\"container\">\n\t\t\t\t<div class=\"elementor-element elementor-element-3be7043 elementor-widget elementor-widget-shortcode\" data-id=\"3be7043\" data-element_type=\"widget\" data-e-type=\"widget\" data-widget_type=\"shortcode.default\">\n\t\t\t\t\t\t\t<div class=\"elementor-shortcode\">\n<div class=\"wpcf7 no-js\" id=\"wpcf7-f6546-o1\" lang=\"pt-BR\" dir=\"ltr\" data-wpcf7-id=\"6546\">\n<div class=\"screen-reader-response\"><p role=\"status\" aria-live=\"polite\" aria-atomic=\"true\"><\/p> <ul><\/ul><\/div>\n<form action=\"\/social\/wp-json\/wp\/v2\/pages\/6547#wpcf7-f6546-o1\" method=\"post\" class=\"wpcf7-form init\" aria-label=\"Formul\u00e1rios de contato\" novalidate=\"novalidate\" data-status=\"init\">\n<fieldset class=\"hidden-fields-container\"><input type=\"hidden\" name=\"_wpcf7\" value=\"6546\" \/><input type=\"hidden\" name=\"_wpcf7_version\" value=\"6.1.5\" \/><input type=\"hidden\" name=\"_wpcf7_locale\" value=\"pt_BR\" \/><input type=\"hidden\" name=\"_wpcf7_unit_tag\" value=\"wpcf7-f6546-o1\" \/><input type=\"hidden\" name=\"_wpcf7_container_post\" value=\"0\" \/><input type=\"hidden\" name=\"_wpcf7_posted_data_hash\" value=\"\" \/>\n<\/fieldset>\n<p><label> Nome<br \/>\n<span class=\"wpcf7-form-control-wrap\" data-name=\"your-name\"><input size=\"40\" maxlength=\"400\" class=\"wpcf7-form-control wpcf7-text wpcf7-validates-as-required\" aria-required=\"true\" aria-invalid=\"false\" value=\"\" type=\"text\" name=\"your-name\" \/><\/span> <\/label>\n<\/p>\n<p><label> E-mail<br \/>\n<span class=\"wpcf7-form-control-wrap\" data-name=\"your-email\"><input size=\"40\" maxlength=\"400\" class=\"wpcf7-form-control wpcf7-email wpcf7-validates-as-required wpcf7-text wpcf7-validates-as-email\" aria-required=\"true\" aria-invalid=\"false\" value=\"\" type=\"email\" name=\"your-email\" \/><\/span> <\/label>\n<\/p>\n<p><label> Assunto<br \/>\n<span class=\"wpcf7-form-control-wrap\" data-name=\"your-subject\"><input size=\"40\" maxlength=\"400\" class=\"wpcf7-form-control wpcf7-text wpcf7-validates-as-required\" aria-required=\"true\" aria-invalid=\"false\" value=\"\" type=\"text\" name=\"your-subject\" \/><\/span> <\/label>\n<\/p>\n<p><label> Mensagem<br \/>\n<span class=\"wpcf7-form-control-wrap\" data-name=\"your-message\"><textarea cols=\"40\" rows=\"10\" maxlength=\"2000\" class=\"wpcf7-form-control wpcf7-textarea wpcf7-validates-as-required\" aria-required=\"true\" aria-invalid=\"false\" name=\"your-message\"><\/textarea><\/span> <\/label>\n<\/p>\n<p><input class=\"wpcf7-form-control wpcf7-submit has-spinner\" type=\"submit\" value=\"Enviar\" \/>\n<\/p><div class=\"wpcf7-response-output\" aria-hidden=\"true\"><\/div>\n<\/form>\n<\/div>\n<\/div>\n\t\t\t\t\t\t<\/div>\n\t\t\t\t<\/div>\n\t\t<div class=\"elementor-element elementor-element-fc00e37 e-con-full e-flex e-con e-child\" data-id=\"fc00e37\" data-element_type=\"container\" data-e-type=\"container\">\n\t\t\t\t<div class=\"elementor-element elementor-element-d62539c elementor-widget elementor-widget-shortcode\" data-id=\"d62539c\" data-element_type=\"widget\" data-e-type=\"widget\" data-widget_type=\"shortcode.default\">\n\t\t\t\t\t\t\t<div class=\"elementor-shortcode\"><div data-post-id=\"3156\" class=\"insert-page insert-page-3156 \"><p class=\"nomargintop\">O atendimento presencial \u00e9 realizado de segunda \u00e0 sexta-feira, das <strong>08h \u00e0s 18h<\/strong>.<\/p>\n<p>Pra\u00e7a Dr. Pedro Ludovico Teixeira, n\u00ba 332, Blocos A, B, C e D &#8211; Centro, Goi\u00e2nia \/ GO. CEP: 74003-010 &#8211; Telefone geral: (62) 3270-9603<\/p>\n<h3><strong>Ouvidoria<\/strong><\/h3>\n<p>Telefone: (62) 3270-9604<\/p>\n<p>E-mail:\u00a0<a href=\"mailto:ouvidoria.meioambiente@goias.gov.br\">ouvidoria.seds@goias.gov.br<\/a><\/p>\n<p>Funcionamento:\u00a0das <strong>08h \u00e0s 18h.<\/strong><\/p>\n<p>Eventos<\/p>\n<p>E-mail:\u00a0<a href=\"mailto:eventos.seds@goias.gov.br\" target=\"_blank\" rel=\"nofollow noopener noreferrer\">eventos.seds@goias.gov.br<\/a><\/p>\n<p><span id=\"more-3156\"><\/span><\/p>\n<hr \/>\n<p>Para informa\u00e7\u00f5es de imprensa, entre em contato com a <a href=\"index.php?Itemid=245\">Comunica\u00e7\u00e3o Setorial<\/a>.<\/p>\n<p><a href=\"\/social\/telefones-enderecos-e-horarios-de-atendimento\/\">Saiba mais informa\u00e7\u00f5es sobre telefones, endere\u00e7os e hor\u00e1rios de atendimentos das\u00a0unidades<\/a>.<\/p>\n<\/div><\/div>\n\t\t\t\t\t\t<\/div>\n\t\t\t\t<\/div>\n\t\t\t\t<\/div>\n\t\t\t\t<\/div>\n\t\t","protected":false},"excerpt":{"rendered":"","protected":false},"author":7,"featured_media":0,"parent":0,"menu_order":0,"comment_status":"closed","ping_status":"closed","template":"","meta":{"footnotes":""},"class_list":["post-6547","page","type-page","status-publish","hentry"],"rttpg_featured_image_url":null,"rttpg_author":{"display_name":"gustavogoncalves","author_link":"https:\/\/goias.gov.br\/social\/author\/gustavogoncalves\/"},"rttpg_comment":0,"rttpg_category":"","rttpg_excerpt":null,"_links":{"self":[{"href":"https:\/\/goias.gov.br\/social\/wp-json\/wp\/v2\/pages\/6547","targetHints":{"allow":["GET"]}}],"collection":[{"href":"https:\/\/goias.gov.br\/social\/wp-json\/wp\/v2\/pages"}],"about":[{"href":"https:\/\/goias.gov.br\/social\/wp-json\/wp\/v2\/types\/page"}],"author":[{"embeddable":true,"href":"https:\/\/goias.gov.br\/social\/wp-json\/wp\/v2\/users\/7"}],"replies":[{"embeddable":true,"href":"https:\/\/goias.gov.br\/social\/wp-json\/wp\/v2\/comments?post=6547"}],"version-history":[{"count":2,"href":"https:\/\/goias.gov.br\/social\/wp-json\/wp\/v2\/pages\/6547\/revisions"}],"predecessor-version":[{"id":97916,"href":"https:\/\/goias.gov.br\/social\/wp-json\/wp\/v2\/pages\/6547\/revisions\/97916"}],"wp:attachment":[{"href":"https:\/\/goias.gov.br\/social\/wp-json\/wp\/v2\/media?parent=6547"}],"curies":[{"name":"wp","href":"https:\/\/api.w.org\/{rel}","templated":true}]}}