

{"id":3110,"date":"2023-10-19T15:11:42","date_gmt":"2023-10-19T18:11:42","guid":{"rendered":"https:\/\/siteshom.goias.gov.br\/social\/?page_id=3110"},"modified":"2026-01-22T09:29:09","modified_gmt":"2026-01-22T12:29:09","slug":"assistencia-social","status":"publish","type":"page","link":"https:\/\/goias.gov.br\/social\/assistencia-social\/","title":{"rendered":"Assist\u00eancia Social"},"content":{"rendered":"\t\t<div data-elementor-type=\"wp-page\" data-elementor-id=\"3110\" class=\"elementor elementor-3110\">\n\t\t\t\t<div class=\"elementor-element elementor-element-2e645a6 e-con-full e-flex e-con e-parent\" data-id=\"2e645a6\" data-element_type=\"container\" data-e-type=\"container\">\n\t\t<div class=\"elementor-element elementor-element-70227aa e-con-full e-flex e-con e-child\" data-id=\"70227aa\" data-element_type=\"container\" data-e-type=\"container\">\n\t\t\t\t<\/div>\n\t\t<div class=\"elementor-element elementor-element-352f53d e-con-full e-flex e-con e-child\" data-id=\"352f53d\" data-element_type=\"container\" data-e-type=\"container\">\n\t\t<div class=\"elementor-element elementor-element-f5c1e66 e-con-full e-flex e-con e-child\" data-id=\"f5c1e66\" data-element_type=\"container\" data-e-type=\"container\">\n\t\t\t\t<div class=\"elementor-element elementor-element-2bb352d elementor-widget elementor-widget-shortcode\" data-id=\"2bb352d\" data-element_type=\"widget\" data-e-type=\"widget\" data-widget_type=\"shortcode.default\">\n\t\t\t\t\t\t\t<div class=\"elementor-shortcode\"><div data-post-id=\"3417\" class=\"insert-page insert-page-3417 \"><h1 class='insert-page-title'>Cadastro \u00danico<\/h1><p><img fetchpriority=\"high\" fetchpriority=\"high\" decoding=\"async\" class=\" size-full wp-image-3412\" src=\"http:\/\/goias.gov.br\/social\/wp-content\/uploads\/sites\/24\/2019\/08\/cadunico-e75.png\" alt=\"\" width=\"851\" height=\"567\" srcset=\"https:\/\/goias.gov.br\/social\/wp-content\/uploads\/sites\/24\/2019\/08\/cadunico-e75.png 851w, https:\/\/goias.gov.br\/social\/wp-content\/uploads\/sites\/24\/2019\/08\/cadunico-e75-300x200.png 300w, https:\/\/goias.gov.br\/social\/wp-content\/uploads\/sites\/24\/2019\/08\/cadunico-e75-768x512.png 768w\" sizes=\"(max-width: 851px) 100vw, 851px\" \/><\/p>\n<p>Cadastro &Uacute;nico &eacute; instrumento de coleta, processamento, sistematiza&ccedil;&atilde;o e dissemina&ccedil;&atilde;o de informa&ccedil;&otilde;es, com a finalidade de realizar a identifica&ccedil;&atilde;o e a caracteriza&ccedil;&atilde;o socioecon&ocirc;mica das fam&iacute;lias de baixa renda que residem no territ&oacute;rio nacional.<\/p>\n<p><strong>O Cadastro &Uacute;nico &eacute; constitu&iacute;do por:<\/strong><\/p>\n<ul>\n<li>Base de dados;<\/li>\n<li>Instrumentos;<\/li>\n<li>Procedimentos;<\/li>\n<li>Rede de atendimento;<\/li>\n<li>Rede de programas usu&aacute;rios: e<\/li>\n<li>Sistemas.<\/li>\n<\/ul>\n<p><strong>Programas Usu&aacute;rios do Cadastro &Uacute;nico<\/strong><\/p>\n<p><strong>Governo Federal<\/strong><\/p>\n<ul>\n<li>A&ccedil;&atilde;o de Distribui&ccedil;&atilde;o de Alimentos (ADA);<\/li>\n<li>Benef&iacute;cio de Presta&ccedil;&atilde;o Continuada (BPC);<\/li>\n<li>Carteira do Idoso;<\/li>\n<li>Concess&atilde;o de bolsas por entidades com Certifica&ccedil;&atilde;o de Entidades Beneficentes de Assist&ecirc;ncia Social com atua&ccedil;&atilde;o na &aacute;rea da educa&ccedil;&atilde;o (CEBAS-Educa&ccedil;&atilde;o);<\/li>\n<li>Cr&eacute;ditos Instala&ccedil;&atilde;o do Programa Nacional de Reforma Agr&aacute;ria;<\/li>\n<li>Facultativo de Baixa Renda;<\/li>\n<li>Identidade Jovem (ID Jovem);<\/li>\n<li>Isen&ccedil;&atilde;o de taxas de inscri&ccedil;&atilde;o em concursos p&uacute;blicos;<\/li>\n<li>Isen&ccedil;&otilde;es na taxa de inscri&ccedil;&atilde;o para o Exame Nacional do Ensino M&eacute;dio (Enem);<\/li>\n<li>Plano Progredir &#8211; Programa Nacional do Microcr&eacute;dito Produtivo Orientado;<\/li>\n<li><strong>Programa Bolsa Fam&iacute;lia;<\/strong><\/li>\n<li>Programa Cisternas &#8211; Programa Nacional de Apoio &agrave; Capta&ccedil;&atilde;o de &Aacute;gua de Chuva e Outras Tecnologias Sociais de Acesso &agrave; &Aacute;gua;<\/li>\n<li>Programa Crian&ccedil;a Feliz;<\/li>\n<li>Programa de Erradica&ccedil;&atilde;o do Trabalho Infantil;<\/li>\n<li>Programa de Fomento &agrave;s Atividades Produtivas Rurais;<\/li>\n<li>Urbaniza&ccedil;&atilde;o de Assentamentos Prec&aacute;rios;<\/li>\n<li>Programa Minha Casa Minha Vida\/ Casa Verde Amarela;<\/li>\n<li>Programa Nacional de Cr&eacute;dito Fundi&aacute;rio;<\/li>\n<li>Programa Nacional de Reforma Agr&aacute;ria;<\/li>\n<li>Servi&ccedil;o de Conviv&ecirc;ncia e Fortalecimento de V&iacute;nculos;<\/li>\n<li>Sistema de Sele&ccedil;&atilde;o Unificada &#8211; Sisu\/Lei de cotas;<\/li>\n<li>Tarifa Social de Energia El&eacute;trica;<\/li>\n<li>Telefone Popular &#8211; Acesso Individual Classe Especial;<\/li>\n<li>Programa Estrat&eacute;gia Brasil Amigo da Pessoa Idosa;<\/li>\n<li>Projeto Dom H&eacute;lder C&acirc;mara.<\/li>\n<\/ul>\n<p><strong>Governo Estadual<\/strong><\/p>\n<ul>\n<li>&Aacute;gua Social<\/li>\n<li><a href=\"https:\/\/www.agehab.go.gov.br\/agehab\/premiacoes\/2-institucional\/3498-programa-pra-ter-onde-morar-aluguel-social.html\">Aluguel Social<\/a><\/li>\n<li>Bolsa Qualifica&ccedil;&atilde;o<\/li>\n<li><a href=\"https:\/\/www.detran.go.gov.br\/psw\/#\/pages\/pagina-inicial\">CNH Social<\/a><\/li>\n<li><a href=\"https:\/\/goias.gov.br\/social\/19-a%C3%A7%C3%B5es\/786-programa-m%C3%A3es-de-goi%C3%A1s-lista-de-benefici%C3%A1rias.html\"><strong>Programa M&atilde;es de Goi&aacute;s<\/strong><\/a><\/li>\n<li><a href=\"https:\/\/www.ovg.org.br\/site\/?programas=probem\">Programa Universit&aacute;rio do Bem &#8211; PROBEM<\/a><\/li>\n<\/ul>\n<p><strong>Principais Normativas: <\/strong><\/p>\n<ul>\n<li><a href=\"https:\/\/www.in.gov.br\/en\/web\/dou\/-\/decreto-n-11.016-de-29-de-marco-de-2022-389579729\">Decreto 11.016 de 22 de mar&ccedil;o de 2022<\/a><\/li>\n<li><a href=\"http:\/\/goias.gov.br\/social\/wp-content\/uploads\/sites\/24\/2019\/08\/Portaria-no-177-MDS-de-16-de-junho-de-2011-48d.pdf\">Portaria 177 de 16 de junho de 2011<\/a><\/li>\n<li><a href=\"http:\/\/goias.gov.br\/social\/wp-content\/uploads\/sites\/24\/2019\/08\/PortariaMDS_501_2017_Termo_de_Uso-4cf.pdf\">Portaria 501 de 29 de novembro de 2017<\/a><\/li>\n<li><a href=\"http:\/\/goias.gov.br\/social\/wp-content\/uploads\/sites\/24\/2019\/08\/portaria10_30012012-e99.pdf\">Portaria 10 de 30 de janeiro de 2012<\/a><\/li>\n<li><a href=\"http:\/\/goias.gov.br\/social\/wp-content\/uploads\/sites\/24\/2019\/08\/IO2-cbd.pdf\">Instru&ccedil;&atilde;o Operacional N&ordm; 2 2019 &ndash; SAGI<\/a><\/li>\n<\/ul>\n<p style=\"text-align: right;\"><a class=\"btn btn-success btn-lg\" data-mce-href=\"http:\/\/mds.gov.br\/assuntos\/cadastro-unico\/a-gestao-do-cadastro\/sistema-de-cadastro-unico\/sistema-de-cadastro-unico\" href=\"http:\/\/mds.gov.br\/assuntos\/cadastro-unico\/a-gestao-do-cadastro\/sistema-de-cadastro-unico\/sistema-de-cadastro-unico\">Acesse o Cadastro &Uacute;nico<\/a><\/p>\n<ul class='post-meta'>\n<li><span class='post-meta-key'>rank_math_internal_links_processed:<\/span> 1<\/li>\n<li><span class='post-meta-key'>tpg-post-view-count:<\/span> 1124<\/li>\n<\/ul>\n<\/div><\/div>\n\t\t\t\t\t\t<\/div>\n\t\t\t\t<\/div>\n\t\t<div class=\"elementor-element elementor-element-bf93f8d e-con-full e-flex e-con e-child\" data-id=\"bf93f8d\" data-element_type=\"container\" data-e-type=\"container\">\n\t\t\t\t<div class=\"elementor-element elementor-element-0c0f9c1 elementor-button-info elementor-align-center elementor-widget elementor-widget-button\" data-id=\"0c0f9c1\" data-element_type=\"widget\" data-e-type=\"widget\" data-widget_type=\"button.default\">\n\t\t\t\t\t\t\t\t\t\t<a class=\"elementor-button elementor-button-link elementor-size-sm\" href=\"https:\/\/wwwdesenv.joomlamultidesenv.go.gov.br\/socialj\/19-a%C3%A7%C3%B5es\/84-cadastro-%C3%BAnico.html?Itemid=101\" target=\"_blank\">\n\t\t\t\t\t\t<span class=\"elementor-button-content-wrapper\">\n\t\t\t\t\t\t\t\t\t<span class=\"elementor-button-text\">Saiba mais sobre o Cadastro \u00danico<\/span>\n\t\t\t\t\t<\/span>\n\t\t\t\t\t<\/a>\n\t\t\t\t\t\t\t\t<\/div>\n\t\t\t\t<\/div>\n\t\t<div class=\"elementor-element elementor-element-2535fa0 e-con-full e-flex e-con e-child\" data-id=\"2535fa0\" data-element_type=\"container\" data-e-type=\"container\">\n\t\t\t\t<div class=\"elementor-element elementor-element-1819a5f elementor-widget elementor-widget-shortcode\" data-id=\"1819a5f\" data-element_type=\"widget\" data-e-type=\"widget\" data-widget_type=\"shortcode.default\">\n\t\t\t\t\t\t\t<div class=\"elementor-shortcode\"><div data-post-id=\"3439\" class=\"insert-page insert-page-3439 \"><h1 class='insert-page-title'>Prote\u00e7\u00e3o Social B\u00e1sica<\/h1><p>Destinada &agrave; preven&ccedil;&atilde;o de riscos sociais e pessoais, por meio da oferta de programas, projetos, servi&ccedil;os e benef&iacute;cios a indiv&iacute;duos e fam&iacute;lias em situa&ccedil;&atilde;o de vulnerabilidade social.<\/p>\n<p><span id=\"more-3439\"><\/span><\/p>\n<h2>Unidade de Atendimento:<\/h2>\n<ul>\n<li><strong>Centro de Refer&ecirc;ncia de Assist&ecirc;ncia Social (CRAS):<\/strong> Unidade p&uacute;blica estatal descentralizada da pol&iacute;tica de assist&ecirc;ncia social sendo respons&aacute;vel pela organiza&ccedil;&atilde;o e oferta dos servi&ccedil;os socioassistenciais da Prote&ccedil;&atilde;o Social B&aacute;sica do Sistema &Uacute;nico de Assist&ecirc;ncia Social (SUAS) nas &aacute;reas de vulnerabilidade e risco social dos munic&iacute;pios e DF.<\/li>\n<\/ul>\n<h3>Servi&ccedil;os ofertados:<\/h3>\n<ul>\n<li><strong>Prote&ccedil;&atilde;o e Atendimento Integral &agrave; Fam&iacute;lia (PAIF): <\/strong>Consiste no trabalho social com fam&iacute;lias, de car&aacute;ter continuado, com a finalidade de fortalecer a fun&ccedil;&atilde;o protetiva da fam&iacute;lia, prevenir a ruptura de v&iacute;nculos, promover acesso e usufruto de direitos e contribuir na melhoria da qualidade de vida.<\/li>\n<li><strong>Servi&ccedil;o de Conviv&ecirc;ncia e Fortalecimento de V&iacute;nculos (SCFV): <\/strong>Ofertado de modo cont&iacute;nuo e ininterrupto, organiza-se em grupos, considerando as especificidades do seu ciclo de vida, de modo a ampliar as trocas culturais e de viv&ecirc;ncias entre os usu&aacute;rios, com objetivo de desenvolver seu sentimento de pertence e de identidade. O SCFV &eacute; pautado na defesa e afirma&ccedil;&atilde;o dos direitos e no desenvolvimento e potencialidade dos usu&aacute;rios, com vista ao alcance de alternativas emancipat&oacute;rias para o enfrentamento das vulnerabilidades sociais.<\/li>\n<\/ul>\n<ul class='post-meta'>\n<li><span class='post-meta-key'>rank_math_internal_links_processed:<\/span> 1<\/li>\n<li><span class='post-meta-key'>tpg-post-view-count:<\/span> 570<\/li>\n<\/ul>\n<\/div><\/div>\n\t\t\t\t\t\t<\/div>\n\t\t\t\t<\/div>\n\t\t<div class=\"elementor-element elementor-element-9be4594 e-con-full e-flex e-con e-child\" data-id=\"9be4594\" data-element_type=\"container\" data-e-type=\"container\">\n\t\t\t\t<div class=\"elementor-element elementor-element-d375f7a elementor-align-center elementor-widget elementor-widget-button\" data-id=\"d375f7a\" data-element_type=\"widget\" data-e-type=\"widget\" data-widget_type=\"button.default\">\n\t\t\t\t\t\t\t\t\t\t<a class=\"elementor-button elementor-button-link elementor-size-sm\" href=\"https:\/\/wwwdesenv.joomlamultidesenv.go.gov.br\/socialj\/31-a%C3%A7%C3%B5es\/assistencia-social\/100-prote%C3%A7%C3%A3o-social-b%C3%A1sica.html?Itemid=101\" target=\"_blank\">\n\t\t\t\t\t\t<span class=\"elementor-button-content-wrapper\">\n\t\t\t\t\t\t\t\t\t<span class=\"elementor-button-text\">Conhe\u00e7a as a\u00e7\u00f5es de Prote\u00e7\u00e3o Social B\u00e1sica<\/span>\n\t\t\t\t\t<\/span>\n\t\t\t\t\t<\/a>\n\t\t\t\t\t\t\t\t<\/div>\n\t\t\t\t<\/div>\n\t\t<div class=\"elementor-element elementor-element-9026f29 e-con-full e-flex e-con e-child\" data-id=\"9026f29\" data-element_type=\"container\" data-e-type=\"container\">\n\t\t\t\t<div class=\"elementor-element elementor-element-3d3c4ef elementor-widget elementor-widget-shortcode\" data-id=\"3d3c4ef\" data-element_type=\"widget\" data-e-type=\"widget\" data-widget_type=\"shortcode.default\">\n\t\t\t\t\t\t\t<div class=\"elementor-shortcode\"><div data-post-id=\"3440\" class=\"insert-page insert-page-3440 \"><h1 class='insert-page-title'>Prote\u00e7\u00e3o Social Especial<\/h1><p>Destinada a fam&iacute;lias e indiv&iacute;duos que j&aacute; se encontram em situa&ccedil;&atilde;o de risco e que tiveram seus direitos violados por ocorr&ecirc;ncia de abandono, maus-tratos, abuso sexual, uso de drogas, entre outros aspectos.<\/p>\n<p><span id=\"more-3440\"><\/span><\/p>\n<p>Na prote&ccedil;&atilde;o social especial, h&aacute; dois n&iacute;veis de complexidade:<\/p>\n<ul>\n<li><strong>M&eacute;dia Complexidade<\/strong>&nbsp;&#8211; oferece atendimento socioassistencial &agrave;s fam&iacute;lias e indiv&iacute;duos que se encontram em situa&ccedil;&atilde;o de risco pessoal ou&nbsp;social&nbsp;por amea&ccedil;a ou viola&ccedil;&atilde;o de direitos, cujos v&iacute;nculos familiares e comunit&aacute;rios n&atilde;o foram rompidos e que demandam interven&ccedil;&otilde;es especializadas.<\/li>\n<li><strong>Alta Complexidade<\/strong>&nbsp;&#8211; s&atilde;o servi&ccedil;os que garantem a prote&ccedil;&atilde;o integral &ndash; moradia, alimenta&ccedil;&atilde;o, higieniza&ccedil;&atilde;o e trabalho protegido para fam&iacute;lias e indiv&iacute;duos que se encontram em situa&ccedil;&atilde;o de viola&ccedil;&atilde;o de direitos.<\/li>\n<\/ul>\n<h2>Unidades de Atendimento:<\/h2>\n<ul>\n<li><strong>Centro de Refer&ecirc;ncia Especializado de Assist&ecirc;ncia Social (CREAS):<\/strong> constitui-se numa unidade p&uacute;blica e estatal onde se ofertam servi&ccedil;os especializados e continuados a fam&iacute;lias e indiv&iacute;duos nas diversas situa&ccedil;&otilde;es de viola&ccedil;&atilde;o de direitos. Como unidade de refer&ecirc;ncia deve promover a integra&ccedil;&atilde;o de esfor&ccedil;os, recursos e meios para enfrentar a dispers&atilde;o dos servi&ccedil;os e potencializar a&ccedil;&otilde;es para os usu&aacute;rios.<\/li>\n<li><strong>Centro de Refer&ecirc;ncia Especializado para Pessoas em Situa&ccedil;&atilde;o&nbsp;de Rua:<\/strong> unidade p&uacute;blica voltada para o atendimento especializado &agrave; popula&ccedil;&atilde;o em situa&ccedil;&atilde;o de rua realiza atendimentos individuais e coletivos, oficinas e atividades de conv&iacute;vio e socializa&ccedil;&atilde;o, al&eacute;m de a&ccedil;&otilde;es que incentivem o protagonismo e a participa&ccedil;&atilde;o social das pessoas em situa&ccedil;&atilde;o de rua. Espa&ccedil;o de refer&ecirc;ncia para o conv&iacute;vio social e o desenvolvimento de rela&ccedil;&otilde;es de solidariedade, afetividade e respeito.<\/li>\n<li><strong>Unidades de acolhimento:<\/strong> oferecem servi&ccedil;os especializados de acolhimento e prote&ccedil;&atilde;o a indiv&iacute;duos e fam&iacute;lias afastados temporariamente do seu n&uacute;cleo familiar e\/ou comunit&aacute;rios e se encontram em situa&ccedil;&atilde;o de abandono, amea&ccedil;a ou viola&ccedil;&atilde;o de direitos. Esses servi&ccedil;os funcionam como moradia provis&oacute;ria at&eacute; que a pessoa possa retornar &agrave; fam&iacute;lia, seja encaminhado para fam&iacute;lia substituta, quando for o caso, ou alcance a sua autonomia<\/li>\n<\/ul>\n<h3>Servi&ccedil;os ofertados:<\/h3>\n<ul>\n<li><strong>Prote&ccedil;&atilde;o e Atendimento Especializado a Fam&iacute;lias e Indiv&iacute;duos (PAEFI):&nbsp;<\/strong>Servi&ccedil;o de apoio, orienta&ccedil;&atilde;o e acompanhamento a fam&iacute;lias com um ou mais de seus membros em situa&ccedil;&atilde;o de amea&ccedil;a ou viola&ccedil;&atilde;o de direitos. Este servi&ccedil;o &eacute; ofertado nos CREAS.<\/li>\n<li><strong>Abordagem Social:<\/strong>&nbsp;Pode ser ofertado nos CREAS ou Centro POP, de forma continuada e programada, com a finalidade de assegurar trabalho social de abordagem e busca ativa que identifique a incid&ecirc;ncia de trabalho infantil, explora&ccedil;&atilde;o sexual de crian&ccedil;as e adolescentes, situa&ccedil;&atilde;o de rua, dentre outras.<\/li>\n<li><strong>Prote&ccedil;&atilde;o Social a Adolescentes em Cumprimento de Medida Socioeducativa de Liberdade Assistida e de Presta&ccedil;&atilde;o de Servi&ccedil;os &agrave; Comunidade:<\/strong>&nbsp;Ofertado nos CREAS, com a finalidade de promover aten&ccedil;&atilde;o socioassistencial e acompanhamento a adolescentes e jovens em cumprimento de medidas socioeducativas em meio aberto, determinadas judicialmente.<\/li>\n<\/ul>\n<ul class='post-meta'>\n<li><span class='post-meta-key'>rank_math_internal_links_processed:<\/span> 1<\/li>\n<li><span class='post-meta-key'>tpg-post-view-count:<\/span> 833<\/li>\n<\/ul>\n<\/div><\/div>\n\t\t\t\t\t\t<\/div>\n\t\t<div class=\"elementor-element elementor-element-d1739fc e-con-full e-flex e-con e-child\" data-id=\"d1739fc\" data-element_type=\"container\" data-e-type=\"container\">\n\t\t\t\t<div class=\"elementor-element elementor-element-1c272ce elementor-align-center elementor-widget elementor-widget-button\" data-id=\"1c272ce\" data-element_type=\"widget\" data-e-type=\"widget\" data-widget_type=\"button.default\">\n\t\t\t\t\t\t\t\t\t\t<a class=\"elementor-button elementor-button-link elementor-size-sm\" href=\"https:\/\/wwwdesenv.joomlamultidesenv.go.gov.br\/socialj\/31-a%C3%A7%C3%B5es\/assistencia-social\/101-prote%C3%A7%C3%A3o-social-especial.html?Itemid=101\" target=\"_blank\">\n\t\t\t\t\t\t<span class=\"elementor-button-content-wrapper\">\n\t\t\t\t\t\t\t\t\t<span class=\"elementor-button-text\">Conhe\u00e7a as a\u00e7\u00f5es de Prote\u00e7\u00e3o Social Especial<\/span>\n\t\t\t\t\t<\/span>\n\t\t\t\t\t<\/a>\n\t\t\t\t\t\t\t\t<\/div>\n\t\t\t\t<\/div>\n\t\t\t\t<\/div>\n\t\t\t\t<\/div>\n\t\t\t\t<\/div>\n\t\t\t\t<\/div>\n\t\t","protected":false},"excerpt":{"rendered":"<p>Saiba mais sobre o Cadastro \u00danico Conhe\u00e7a as a\u00e7\u00f5es de Prote\u00e7\u00e3o Social B\u00e1sica Conhe\u00e7a as a\u00e7\u00f5es de Prote\u00e7\u00e3o Social Especial<\/p>\n","protected":false},"author":222,"featured_media":0,"parent":0,"menu_order":0,"comment_status":"closed","ping_status":"closed","template":"wppb_theme_template","meta":{"footnotes":""},"class_list":["post-3110","page","type-page","status-publish","hentry"],"rttpg_featured_image_url":null,"rttpg_author":{"display_name":"diegomsilva","author_link":"https:\/\/goias.gov.br\/social\/author\/diegomsilva\/"},"rttpg_comment":0,"rttpg_category":"","rttpg_excerpt":"Saiba mais sobre o Cadastro \u00danico Conhe\u00e7a as a\u00e7\u00f5es de Prote\u00e7\u00e3o Social B\u00e1sica Conhe\u00e7a as a\u00e7\u00f5es de Prote\u00e7\u00e3o Social Especial","_links":{"self":[{"href":"https:\/\/goias.gov.br\/social\/wp-json\/wp\/v2\/pages\/3110","targetHints":{"allow":["GET"]}}],"collection":[{"href":"https:\/\/goias.gov.br\/social\/wp-json\/wp\/v2\/pages"}],"about":[{"href":"https:\/\/goias.gov.br\/social\/wp-json\/wp\/v2\/types\/page"}],"author":[{"embeddable":true,"href":"https:\/\/goias.gov.br\/social\/wp-json\/wp\/v2\/users\/222"}],"replies":[{"embeddable":true,"href":"https:\/\/goias.gov.br\/social\/wp-json\/wp\/v2\/comments?post=3110"}],"version-history":[{"count":2,"href":"https:\/\/goias.gov.br\/social\/wp-json\/wp\/v2\/pages\/3110\/revisions"}],"predecessor-version":[{"id":97792,"href":"https:\/\/goias.gov.br\/social\/wp-json\/wp\/v2\/pages\/3110\/revisions\/97792"}],"wp:attachment":[{"href":"https:\/\/goias.gov.br\/social\/wp-json\/wp\/v2\/media?parent=3110"}],"curies":[{"name":"wp","href":"https:\/\/api.w.org\/{rel}","templated":true}]}}