

{"id":3108,"date":"2023-10-19T11:49:09","date_gmt":"2023-10-19T14:49:09","guid":{"rendered":"https:\/\/siteshom.goias.gov.br\/social\/?page_id=3108"},"modified":"2026-01-22T10:15:18","modified_gmt":"2026-01-22T13:15:18","slug":"mulher","status":"publish","type":"page","link":"https:\/\/goias.gov.br\/social\/mulher\/","title":{"rendered":"Mulher"},"content":{"rendered":"\t\t<div data-elementor-type=\"wp-page\" data-elementor-id=\"3108\" class=\"elementor elementor-3108\">\n\t\t\t\t<div class=\"elementor-element elementor-element-859f7bb e-con-full e-flex e-con e-parent\" data-id=\"859f7bb\" data-element_type=\"container\" data-e-type=\"container\">\n\t\t<div class=\"elementor-element elementor-element-9c8d2c5 e-con-full e-flex e-con e-child\" data-id=\"9c8d2c5\" data-element_type=\"container\" data-e-type=\"container\">\n\t\t\t\t<\/div>\n\t\t<div class=\"elementor-element elementor-element-cd0aca1 e-con-full e-flex e-con e-child\" data-id=\"cd0aca1\" data-element_type=\"container\" data-e-type=\"container\">\n\t\t\t\t<div class=\"elementor-element elementor-element-8ec56c4 elementor-widget elementor-widget-shortcode\" data-id=\"8ec56c4\" data-element_type=\"widget\" data-e-type=\"widget\" data-widget_type=\"shortcode.default\">\n\t\t\t\t\t\t\t<div class=\"elementor-shortcode\"><div data-post-id=\"3432\" class=\"insert-page insert-page-3432 \"><h1 class='insert-page-title'>Disque 180<\/h1><p class=\"pull-center\"><img fetchpriority=\"high\" fetchpriority=\"high\" decoding=\"async\" class=\" size-full wp-image-3431\" alt=\"Ligue 180 - Central de Atendimento \u00e0 Mulher\" data-image-widget-flowlayout=\"1\" id=\"\" src=\"http:\/\/goias.gov.br\/social\/wp-content\/uploads\/sites\/24\/2019\/08\/dique180-8db.jpg\" title=\"\" width=\"408\" height=\"213\" srcset=\"https:\/\/goias.gov.br\/social\/wp-content\/uploads\/sites\/24\/2019\/08\/dique180-8db.jpg 408w, https:\/\/goias.gov.br\/social\/wp-content\/uploads\/sites\/24\/2019\/08\/dique180-8db-300x157.jpg 300w\" sizes=\"(max-width: 408px) 100vw, 408px\" \/><\/p>\n<p>Para ajudar as v&iacute;timas de viol&ecirc;ncia, o governo federal disponibilizou o <strong>n&uacute;mero 180<\/strong>, pelo qual a pessoa que se sente v&iacute;tima de viol&ecirc;ncia pode denunciar seu agressor e buscar orienta&ccedil;&atilde;o para se proteger e tomar provid&ecirc;ncias legais.<\/p>\n<ul class='post-meta'>\n<li><span class='post-meta-key'>rank_math_internal_links_processed:<\/span> 1<\/li>\n<li><span class='post-meta-key'>tpg-post-view-count:<\/span> 398<\/li>\n<\/ul>\n<\/div><\/div>\n\t\t\t\t\t\t<\/div>\n\t\t\t\t<div class=\"elementor-element elementor-element-8434b8b elementor-align-center elementor-widget elementor-widget-button\" data-id=\"8434b8b\" data-element_type=\"widget\" data-e-type=\"widget\" data-widget_type=\"button.default\">\n\t\t\t\t\t\t\t\t\t\t<a class=\"elementor-button elementor-button-link elementor-size-sm\" href=\"https:\/\/wwwdesenv.joomlamultidesenv.go.gov.br\/socialj\/27-a%C3%A7%C3%B5es\/mulher\/93-patrulha-maria-da-penha.html?Itemid=101\" target=\"_blank\">\n\t\t\t\t\t\t<span class=\"elementor-button-content-wrapper\">\n\t\t\t\t\t\t\t\t\t<span class=\"elementor-button-text\">Conhe\u00e7a a Patrulha Maria da Penha<\/span>\n\t\t\t\t\t<\/span>\n\t\t\t\t\t<\/a>\n\t\t\t\t\t\t\t\t<\/div>\n\t\t\t\t<div class=\"elementor-element elementor-element-543a614 elementor-widget elementor-widget-shortcode\" data-id=\"543a614\" data-element_type=\"widget\" data-e-type=\"widget\" data-widget_type=\"shortcode.default\">\n\t\t\t\t\t\t\t<div class=\"elementor-shortcode\"><div data-post-id=\"3433\" class=\"insert-page insert-page-3433 \"><h1 class='insert-page-title'>Grupo Reflexivo para Autores de Viol\u00eancia Dom\u00e9stica<\/h1><p>O desafio &eacute; quebrar e interromper o ciclo vicioso da viol&ecirc;ncia que gera viol&ecirc;ncia.<\/p>\n<p><span id=\"more-3433\"><\/span><\/p>\n<p>Programa iniciado em 2015 e desenvolvido em parceria com a Pontif&iacute;cia Universidade Cat&oacute;lica (PUC GO), Conselho da Comunidade na Execu&ccedil;&atilde;o Penal de Aparecida de Goi&acirc;nia, Poder Judici&aacute;rio, Prefeituras, Faculdade Uni &#8211; Evang&eacute;lica e outras Institui&ccedil;&otilde;es de Ensino Superior. Tem por objetivo promover atendimento psicol&oacute;gico aos homens autores de viol&ecirc;ncia dom&eacute;stica, por meio de reuni&otilde;es semanais, visando reduzir os &iacute;ndices de reincid&ecirc;ncia e garantir a paz familiar.<\/p>\n<p>Os Grupos Reflexivos inserem-se nos programas de interven&ccedil;&atilde;o focados em produzir um efeito ressocializador no autor da viol&ecirc;ncia, utilizando t&eacute;cnicas de psicoterapia. O grande desafio desses grupos &eacute; quebrar e interromper o ciclo vicioso da viol&ecirc;ncia que gera viol&ecirc;ncia.<\/p>\n<p>Esse programa atende as determina&ccedil;&otilde;es da <a href=\"http:\/\/www.planalto.gov.br\/ccivil_03\/_Ato2004-2006\/2006\/Lei\/L11340.htm\">Lei Maria da Penha<\/a>. Cada grupo participa de encontros semanais com duas horas de dura&ccedil;&atilde;o. Est&aacute; implantando na capital e v&aacute;rias cidades do interior.<\/p>\n<ul class='post-meta'>\n<li><span class='post-meta-key'>rank_math_internal_links_processed:<\/span> 1<\/li>\n<li><span class='post-meta-key'>tpg-post-view-count:<\/span> 524<\/li>\n<\/ul>\n<\/div><\/div>\n\t\t\t\t\t\t<\/div>\n\t\t\t\t<div class=\"elementor-element elementor-element-f073da3 elementor-align-center elementor-widget elementor-widget-button\" data-id=\"f073da3\" data-element_type=\"widget\" data-e-type=\"widget\" data-widget_type=\"button.default\">\n\t\t\t\t\t\t\t\t\t\t<a class=\"elementor-button elementor-button-link elementor-size-sm\" href=\"https:\/\/wwwdesenv.joomlamultidesenv.go.gov.br\/socialj\/27-a%C3%A7%C3%B5es\/mulher\/95-grupo-reflexivo-para-autores-de-viol%C3%AAncia-dom%C3%A9stica.html?Itemid=101\" target=\"_blank\">\n\t\t\t\t\t\t<span class=\"elementor-button-content-wrapper\">\n\t\t\t\t\t\t\t\t\t<span class=\"elementor-button-text\">Saiba mais sobre o Grupo Reflexivo para Autores de Viol\u00eancia Dom\u00e9stica<\/span>\n\t\t\t\t\t<\/span>\n\t\t\t\t\t<\/a>\n\t\t\t\t\t\t\t\t<\/div>\n\t\t\t\t<\/div>\n\t\t\t\t<\/div>\n\t\t\t\t<\/div>\n\t\t","protected":false},"excerpt":{"rendered":"<p>Conhe\u00e7a a Patrulha Maria da Penha Saiba mais sobre o Grupo Reflexivo para Autores de Viol\u00eancia Dom\u00e9stica<\/p>\n","protected":false},"author":222,"featured_media":0,"parent":0,"menu_order":0,"comment_status":"closed","ping_status":"closed","template":"wppb_theme_template","meta":{"footnotes":""},"class_list":["post-3108","page","type-page","status-publish","hentry"],"rttpg_featured_image_url":null,"rttpg_author":{"display_name":"diegomsilva","author_link":"https:\/\/goias.gov.br\/social\/author\/diegomsilva\/"},"rttpg_comment":0,"rttpg_category":"","rttpg_excerpt":"Conhe\u00e7a a Patrulha Maria da Penha Saiba mais sobre o Grupo Reflexivo para Autores de Viol\u00eancia Dom\u00e9stica","_links":{"self":[{"href":"https:\/\/goias.gov.br\/social\/wp-json\/wp\/v2\/pages\/3108","targetHints":{"allow":["GET"]}}],"collection":[{"href":"https:\/\/goias.gov.br\/social\/wp-json\/wp\/v2\/pages"}],"about":[{"href":"https:\/\/goias.gov.br\/social\/wp-json\/wp\/v2\/types\/page"}],"author":[{"embeddable":true,"href":"https:\/\/goias.gov.br\/social\/wp-json\/wp\/v2\/users\/222"}],"replies":[{"embeddable":true,"href":"https:\/\/goias.gov.br\/social\/wp-json\/wp\/v2\/comments?post=3108"}],"version-history":[{"count":2,"href":"https:\/\/goias.gov.br\/social\/wp-json\/wp\/v2\/pages\/3108\/revisions"}],"predecessor-version":[{"id":98135,"href":"https:\/\/goias.gov.br\/social\/wp-json\/wp\/v2\/pages\/3108\/revisions\/98135"}],"wp:attachment":[{"href":"https:\/\/goias.gov.br\/social\/wp-json\/wp\/v2\/media?parent=3108"}],"curies":[{"name":"wp","href":"https:\/\/api.w.org\/{rel}","templated":true}]}}