

{"id":246010,"date":"2026-01-28T15:07:21","date_gmt":"2026-01-28T18:07:21","guid":{"rendered":"https:\/\/goias.gov.br\/seinfra\/?page_id=246010"},"modified":"2026-05-07T16:55:34","modified_gmt":"2026-05-07T19:55:34","slug":"concorrencia-2026","status":"publish","type":"page","link":"https:\/\/goias.gov.br\/seinfra\/concorrencia-2026\/","title":{"rendered":"Concorr\u00eancia 2026"},"content":{"rendered":"\n<p><strong>Concorr\u00eancia n\u00ba 01\/2026<\/strong><\/p>\n\n\n\n<p>Contra\u00e7\u00e3o SISLOG N\u00ba&nbsp;<strong>119226<\/strong><\/p>\n\n\n\n<p><strong>Objeto:&nbsp;<\/strong>Adequa\u00e7\u00e3o do campo de futebol do Est\u00e1dio Ulisses Jayme,&nbsp;em Piren\u00f3polis, localizado no terreno do antigo Cavalh\u00f3dromo. As obras incluem&nbsp;(terraplenagem e plantio de grama), alambrado, sistema de ilumina\u00e7\u00e3o e constru\u00e7\u00e3o de sanit\u00e1rios\/vesti\u00e1rios para uso imediato pela popula\u00e7\u00e3o.<\/p>\n\n\n\n<p><strong>Data de abertura:&nbsp;<\/strong>25\/05\/2026 &#8211; 9h<\/p>\n\n\n\n<p><strong>Tipo:&nbsp;<\/strong>Menor Pre\u00e7o Global.<\/p>\n\n\n\n<p><strong>Anexos:<\/strong><\/p>\n\n\n\n<ul class=\"wp-block-list\">\n<li><a href=\"https:\/\/goias.gov.br\/seinfra\/wp-content\/uploads\/sites\/6\/2026\/05\/SEI_90050680_Edital-2.pdf\"><u>ANEXO I do Edital<\/u>\u00a0\u00a0<\/a><\/li>\n\n\n\n<li><u><a href=\"https:\/\/goias.gov.br\/seinfra\/wp-content\/uploads\/sites\/6\/2026\/05\/Termo-de-Referencia-6.pdf\">Termo de Refer\u00eancia<\/a><\/u><\/li>\n\n\n\n<li><a href=\"https:\/\/goias.gov.br\/seinfra\/wp-content\/uploads\/sites\/6\/2026\/05\/Anexo-1_Projeto-de-Arquitetura.pdf\"><u>Anexo 1 do TR \u2013\u00a0<\/u>Projeto de Arquitetura\u00a0<\/a><\/li>\n\n\n\n<li><a href=\"https:\/\/goias.gov.br\/seinfra\/wp-content\/uploads\/sites\/6\/2026\/05\/Anexo-2_Projeto-Eletrico.pdf\"><u>Anexo 2 do TR \u2013 Projeto\u00a0<\/u>El\u00e9trico \u00a0\u00a0<\/a><\/li>\n\n\n\n<li><a href=\"https:\/\/goias.gov.br\/seinfra\/wp-content\/uploads\/sites\/6\/2026\/05\/Anexo-3_Projeto-Hidrossanitario.pdf\"><u>Anexo 3 do TR \u2013\u00a0<\/u>Projeto Hidrossanit\u00e1rio<\/a><\/li>\n\n\n\n<li><a href=\"https:\/\/goias.gov.br\/seinfra\/wp-content\/uploads\/sites\/6\/2026\/05\/Anexo-4_Projeto-de-Drenagem.pdf\"><u>Anexo 4 do TR \u2013\u00a0<\/u>Projeto de Drenagem<\/a><\/li>\n\n\n\n<li><a href=\"https:\/\/goias.gov.br\/seinfra\/wp-content\/uploads\/sites\/6\/2026\/05\/Anexo-5_Projeto-de-Irrigacao.pdf\"><u>Anexo 5 do TR\u00a0\u2013\u00a0<\/u>Projeto de Irriga\u00e7\u00e3o<\/a><\/li>\n\n\n\n<li><a href=\"https:\/\/goias.gov.br\/seinfra\/wp-content\/uploads\/sites\/6\/2026\/05\/Anexo-6_Projeto-de-Fundacao-e-Estrutural.pdf\">Anexo 06\u00a0<u>do TR<\/u>\u00a0&#8211; Projeto de Funda\u00e7\u00e3o e Estrutural\u00a0<\/a><\/li>\n\n\n\n<li><a href=\"https:\/\/goias.gov.br\/seinfra\/wp-content\/uploads\/sites\/6\/2026\/05\/Anexo-7_Projeto-de-Incendio.pdf\">Anexo 07\u00a0<u>do TR<\/u>\u00a0&#8211; Projeto de Inc\u00eandio<\/a><\/li>\n\n\n\n<li><a href=\"https:\/\/goias.gov.br\/seinfra\/wp-content\/uploads\/sites\/6\/2026\/05\/Anexo-8_Memorial-Descritivo.pdf\">Anexo 08\u00a0<u>do TR<\/u>\u00a0&#8211; Memorial Descritivo<\/a><\/li>\n\n\n\n<li>Anexo 09 &#8211; <u>do TR<\/u>\u00a0\u00a0RRT e ART dos projetos<\/li>\n\n\n\n<li><a href=\"https:\/\/goias.gov.br\/seinfra\/wp-content\/uploads\/sites\/6\/2026\/05\/Anexo-10_Matriz-de-Risco.pdf\">Anexo 10\u00a0<u>do TR<\/u>\u00a0&#8211; Matriz de Risco \u00a0<\/a><\/li>\n\n\n\n<li><a href=\"https:\/\/goias.gov.br\/seinfra\/wp-content\/uploads\/sites\/6\/2026\/05\/Anexo-11_Orcamento-em-pdf.pdf\">Anexo 11\u00a0<u>do TR<\/u>\u00a0&#8211; Or\u00e7amento pdf\u00a0<\/a><\/li>\n\n\n\n<li><a href=\"https:\/\/goias.gov.br\/seinfra\/wp-content\/uploads\/sites\/6\/2026\/05\/Anexo-12_Orcamento-editavel.xlsx\">Anexo 12\u00a0<u>do TR<\/u>\u00a0&#8211; Or\u00e7amento edit\u00e1vel\u00a0<\/a><\/li>\n\n\n\n<li><a href=\"https:\/\/goias.gov.br\/seinfra\/wp-content\/uploads\/sites\/6\/2026\/05\/Anexo-13_ART-do-Orcamento.pdf\">Anexo 13\u00a0<u>do TR<\/u>\u00a0&#8211; ART de Or\u00e7amento<\/a><\/li>\n\n\n\n<li><a href=\"https:\/\/goias.gov.br\/seinfra\/wp-content\/uploads\/sites\/6\/2026\/05\/Anexo-14_Inexigibilidade-de-Licenca-Ambiental.pdf\">Anexo 14\u00a0<u>do TR<\/u>\u00a0&#8211; Inexigibilidade de Licen\u00e7a Ambiental\u00a0<\/a><\/li>\n\n\n\n<li><a href=\"https:\/\/goias.gov.br\/seinfra\/wp-content\/uploads\/sites\/6\/2026\/05\/Anexo-15_Comprovacao-de-propriedade-do-terreno.pdf\">Anexo 15\u00a0<u>do TR<\/u>\u00a0&#8211; Comprova\u00e7\u00e3o de propriedade do terreno<\/a><\/li>\n\n\n\n<li><a href=\"https:\/\/goias.gov.br\/seinfra\/wp-content\/uploads\/sites\/6\/2026\/05\/Anexo-16_Protocolo-de-aprovacao-do-projeto-de-incendio.pdf\">Anexo 16\u00a0<u>do TR<\/u>\u00a0&#8211; Protocolo aprova\u00e7\u00e3o de projeto de inc\u00eandio<\/a><\/li>\n\n\n\n<li><a href=\"https:\/\/goias.gov.br\/seinfra\/wp-content\/uploads\/sites\/6\/2026\/05\/Anexo-17_Solicitacao-de-autoricao-no-IPHAN.pdf\">Anexo 17\u00a0<u>do TR<\/u>\u00a0&#8211; Solicita\u00e7\u00e3o de autoriza\u00e7\u00e3o IPHAN<\/a><\/li>\n\n\n\n<li><u><a href=\"https:\/\/goias.gov.br\/seinfra\/wp-content\/uploads\/sites\/6\/2026\/05\/SEI_89545791_Minuta_de_Contrato.pdf\">ANEXO II do Edital\u00a0\u2013 Minuta Contratual<\/a><\/u><\/li>\n\n\n\n<li><u>ANEXO III \u2013 Carta de Apresenta\u00e7\u00e3o da\u00a0Proposta<\/u>\u00a0de Pre\u00e7os<\/li>\n\n\n\n<li><u>ANEXO IV \u2013 Declara\u00e7\u00e3o de Visita e\/ou de Ren\u00fancia<\/u><\/li>\n\n\n\n<li><u><a href=\"https:\/\/goias.gov.br\/seinfra\/wp-content\/uploads\/sites\/6\/2026\/05\/Parecer-Controle-Interno-4.pdf\">Parecer Jur\u00eddico<\/a><\/u><\/li>\n\n\n\n<li><u>Edital de Licita\u00e7\u00e3o<\/u><\/li>\n\n\n\n<li><u><a href=\"https:\/\/goias.gov.br\/seinfra\/wp-content\/uploads\/sites\/6\/2026\/05\/SEI_90051367_Aviso_de_Licitacao-1.pdf\">Aviso de Licita\u00e7\u00e3o<\/a><\/u><\/li>\n<\/ul>\n","protected":false},"excerpt":{"rendered":"<p>Concorr\u00eancia n\u00ba 01\/2026 Contra\u00e7\u00e3o SISLOG N\u00ba&nbsp;119226 Objeto:&nbsp;Adequa\u00e7\u00e3o do campo de futebol do Est\u00e1dio Ulisses Jayme,&nbsp;em Piren\u00f3polis, localizado no terreno do antigo Cavalh\u00f3dromo. As obras incluem&nbsp;(terraplenagem e plantio de grama), alambrado, sistema de ilumina\u00e7\u00e3o e constru\u00e7\u00e3o de sanit\u00e1rios\/vesti\u00e1rios para uso imediato pela popula\u00e7\u00e3o. Data de abertura:&nbsp;25\/05\/2026 &#8211; 9h Tipo:&nbsp;Menor Pre\u00e7o Global. Anexos:<\/p>\n","protected":false},"author":819,"featured_media":0,"parent":0,"menu_order":0,"comment_status":"closed","ping_status":"closed","template":"","meta":{"footnotes":""},"class_list":["post-246010","page","type-page","status-publish","hentry"],"rttpg_featured_image_url":null,"rttpg_author":{"display_name":"gabrielacarneiro","author_link":"https:\/\/goias.gov.br\/seinfra\/author\/gabrielacarneiro\/"},"rttpg_comment":0,"rttpg_category":null,"rttpg_excerpt":"Concorr\u00eancia n\u00ba 01\/2026 Contra\u00e7\u00e3o SISLOG N\u00ba&nbsp;119226 Objeto:&nbsp;Adequa\u00e7\u00e3o do campo de futebol do Est\u00e1dio Ulisses Jayme,&nbsp;em Piren\u00f3polis, localizado no terreno do antigo Cavalh\u00f3dromo. As obras incluem&nbsp;(terraplenagem e plantio de grama), alambrado, sistema de ilumina\u00e7\u00e3o e constru\u00e7\u00e3o de sanit\u00e1rios\/vesti\u00e1rios para uso imediato pela popula\u00e7\u00e3o. Data de abertura:&nbsp;25\/05\/2026 &#8211; 9h Tipo:&nbsp;Menor Pre\u00e7o Global. Anexos:","_links":{"self":[{"href":"https:\/\/goias.gov.br\/seinfra\/wp-json\/wp\/v2\/pages\/246010","targetHints":{"allow":["GET"]}}],"collection":[{"href":"https:\/\/goias.gov.br\/seinfra\/wp-json\/wp\/v2\/pages"}],"about":[{"href":"https:\/\/goias.gov.br\/seinfra\/wp-json\/wp\/v2\/types\/page"}],"author":[{"embeddable":true,"href":"https:\/\/goias.gov.br\/seinfra\/wp-json\/wp\/v2\/users\/819"}],"replies":[{"embeddable":true,"href":"https:\/\/goias.gov.br\/seinfra\/wp-json\/wp\/v2\/comments?post=246010"}],"version-history":[{"count":2,"href":"https:\/\/goias.gov.br\/seinfra\/wp-json\/wp\/v2\/pages\/246010\/revisions"}],"predecessor-version":[{"id":252581,"href":"https:\/\/goias.gov.br\/seinfra\/wp-json\/wp\/v2\/pages\/246010\/revisions\/252581"}],"wp:attachment":[{"href":"https:\/\/goias.gov.br\/seinfra\/wp-json\/wp\/v2\/media?parent=246010"}],"curies":[{"name":"wp","href":"https:\/\/api.w.org\/{rel}","templated":true}]}}