

{"id":246002,"date":"2026-01-28T15:05:57","date_gmt":"2026-01-28T18:05:57","guid":{"rendered":"https:\/\/goias.gov.br\/seinfra\/?page_id=246002"},"modified":"2026-04-14T14:15:06","modified_gmt":"2026-04-14T17:15:06","slug":"inexigilibidade-2026","status":"publish","type":"page","link":"https:\/\/goias.gov.br\/seinfra\/inexigilibidade-2026\/","title":{"rendered":"Inexigilibidade 2026"},"content":{"rendered":"\n<p><strong>Inexigibilidade n\u00ba 01\/2026<\/strong><\/p>\n\n\n\n<p>CONTRATA\u00c7\u00c3O SISLOG N\u00ba 118372<\/p>\n\n\n\n<p><strong>Objeto:<\/strong>&nbsp;Aquisi\u00e7\u00e3o de inscri\u00e7\u00e3o, visando a participa\u00e7\u00e3o no curso: &#8220;Pregoeiros Summit 2026&#8221;&nbsp;em &nbsp;Florianop\u00f3lis\/SC.<\/p>\n\n\n\n<p><strong>Anexos:<\/strong><\/p>\n\n\n\n<ul class=\"wp-block-list\">\n<li><a href=\"https:\/\/goias.gov.br\/seinfra\/wp-content\/uploads\/sites\/6\/2026\/02\/Termo-de-Referencia.pdf\">Termo de Refer\u00eancia<\/a><\/li>\n\n\n\n<li><a href=\"https:\/\/goias.gov.br\/seinfra\/wp-content\/uploads\/sites\/6\/2026\/02\/Termo-de-Julgamento-Inexigibilidade.pdf\">Termo de Julgamento e Homologa\u00e7\u00e3o<br><\/a><\/li>\n<\/ul>\n\n\n\n<p>____________________________________________________________________________________________________________<\/p>\n\n\n\n<p><strong>Inexigibilidade n\u00ba 02\/2026<\/strong><\/p>\n\n\n\n<p>CONTRATA\u00c7\u00c3O SISLOG N\u00ba 118542<\/p>\n\n\n\n<p><strong>Objeto:<\/strong>&nbsp;Aquisi\u00e7\u00e3o de inscri\u00e7\u00e3o para o 21\u00ba Congresso Brasileiro de Pregoeiros e Agentes de Contrata\u00e7\u00e3o, que ser\u00e1 realizado entre os dias 23 e 26 de Mar\u00e7o de 2026, na cidade de Foz do Igua\u00e7u- PR.<\/p>\n\n\n\n<p><strong>Anexos:<\/strong><\/p>\n\n\n\n<ul class=\"wp-block-list\">\n<li><a href=\"https:\/\/goias.gov.br\/seinfra\/wp-content\/uploads\/sites\/6\/2026\/02\/Termo_de_Referencia-1.pdf\">Termo de Refer\u00eancia<\/a><\/li>\n\n\n\n<li><a href=\"https:\/\/goias.gov.br\/seinfra\/wp-content\/uploads\/sites\/6\/2026\/02\/Autorizacao.pdf\">Parecer de Autoriza\u00e7\u00e3o da Escola de Governo de Goi\u00e1s<\/a><\/li>\n\n\n\n<li><a href=\"https:\/\/goias.gov.br\/seinfra\/wp-content\/uploads\/sites\/6\/2026\/02\/Termo_de_Julgamento_e_Homologacao-2.pdf\">Termo de Julgamento e Homologa\u00e7\u00e3o<\/a><\/li>\n<\/ul>\n\n\n\n<p>____________________________________________________________________________________________________________<\/p>\n\n\n\n<p><strong>Inexigibilidade n\u00ba&nbsp;<\/strong><strong>&nbsp;03\/2026<\/strong><\/p>\n\n\n\n<p>CONTRATA\u00c7\u00c3O SISLOG N\u00ba 118662<\/p>\n\n\n\n<p><strong>Objeto:&nbsp;<\/strong>Aquisi\u00e7\u00e3o de inscri\u00e7\u00f5es para participa\u00e7\u00e3o no F\u00f3rum Internacional de Seguran\u00e7a da \u00c1gua &#8211; FISA 2026, a ser realizado de 09 a 10 mar\u00e7o de 2026, de forma presencial, na cidade de S\u00e3o Paulo\/SP.<\/p>\n\n\n\n<p><strong>Anexos:<\/strong><\/p>\n\n\n\n<ul class=\"wp-block-list\">\n<li><a href=\"https:\/\/goias.gov.br\/seinfra\/wp-content\/uploads\/sites\/6\/2026\/03\/Termo-de-Referencia-1.pdf\">Termo de Refer\u00eancia<\/a><\/li>\n\n\n\n<li><a href=\"https:\/\/goias.gov.br\/seinfra\/wp-content\/uploads\/sites\/6\/2026\/03\/Termo-de-Julgamento-e-Homologacao-2.pdf\">Termo de Julgamento e Homologa\u00e7\u00e3o<\/a><\/li>\n<\/ul>\n\n\n\n<p>____________________________________________________________________________________________________________<\/p>\n\n\n\n<p><strong>Inexigibilidade n\u00ba&nbsp;<\/strong><strong>&nbsp;&nbsp;04\/2026<\/strong><\/p>\n\n\n\n<p>CONTRATA\u00c7\u00c3O SISLOG N\u00ba 119071<\/p>\n\n\n\n<p><strong>Objeto:&nbsp;<\/strong>Aquisi\u00e7\u00e3o de inscri\u00e7\u00f5es, visando a&nbsp;participa\u00e7\u00e3o no curso de &#8220;Introdu\u00e7\u00e3o \u00e0s Pol\u00edticas P\u00fablicas&#8221;, a ser realizado entre os dias 09 a 30 de mar\u00e7o de 2026s, na modalidade on-line.<\/p>\n\n\n\n<p><strong>Anexos:<\/strong><\/p>\n\n\n\n<ul class=\"wp-block-list\">\n<li><a href=\"https:\/\/goias.gov.br\/seinfra\/wp-content\/uploads\/sites\/6\/2026\/03\/Termo-de-Referencia-2.pdf\">Termo de Refer\u00eancia<\/a><\/li>\n\n\n\n<li><a href=\"https:\/\/goias.gov.br\/seinfra\/wp-content\/uploads\/sites\/6\/2026\/03\/Termo-de-Julgamento-e-Homologacao.pdf\">Termo de Julgamento e Homologa\u00e7\u00e3o<\/a><\/li>\n<\/ul>\n\n\n\n<p>____________________________________________________________________________________________________________<\/p>\n\n\n\n<p><strong>Inexigibilidade n\u00ba&nbsp;<\/strong><strong>&nbsp;&nbsp;05\/2026<\/strong><\/p>\n\n\n\n<p>CONTRATA\u00c7\u00c3O SISLOG N\u00ba 119232<\/p>\n\n\n\n<p><strong>Objeto:&nbsp;<\/strong>Aquisi\u00e7\u00e3o de inscri\u00e7\u00e3o no evento &#8220;PMO Summit Latin Am\u00e9rica&#8221;, a ser realizado entre os dias 31\/03\/26 e 02\/04\/2026 na modalidade online.<\/p>\n\n\n\n<p><strong>Anexos:<\/strong><\/p>\n\n\n\n<ul class=\"wp-block-list\">\n<li><a href=\"https:\/\/goias.gov.br\/seinfra\/wp-content\/uploads\/sites\/6\/2026\/04\/Termo-de-Referencia-4.pdf\">Termo de Refer\u00eancia<\/a><\/li>\n\n\n\n<li><a href=\"https:\/\/goias.gov.br\/seinfra\/wp-content\/uploads\/sites\/6\/2026\/04\/Termo-de-Julgamento-e-Homologacao.-1.pdf\">Termo de Julgamento e Homologa\u00e7\u00e3o<\/a><\/li>\n<\/ul>\n\n\n\n<p>____________________________________________________________________________________________________________<\/p>\n\n\n\n<p><strong>Inexigibilidade n\u00ba&nbsp;<\/strong><strong>&nbsp;&nbsp;06\/2026<\/strong><\/p>\n\n\n\n<p>CONTRATA\u00c7\u00c3O SISLOG N\u00ba &nbsp;119519<\/p>\n\n\n\n<p><strong>Objeto:&nbsp;<\/strong>Aquisi\u00e7\u00e3o de inscri\u00e7\u00e3o no VI Semin\u00e1rio de Estudos Avan\u00e7ados em Regulariza\u00e7\u00e3o Fundi\u00e1ria&#8221;, que ocorrer\u00e1 entre os dias 28 a 30 de abril deste ano, no Munic\u00edpio de Curitiba\/PR.<\/p>\n\n\n\n<p><strong>Anexos:<\/strong><\/p>\n\n\n\n<ul class=\"wp-block-list\">\n<li><a href=\"https:\/\/goias.gov.br\/seinfra\/wp-content\/uploads\/sites\/6\/2026\/04\/Termo-de-Referencia-5.pdf\">Termo de Refer\u00eancia<\/a><\/li>\n\n\n\n<li><a href=\"https:\/\/goias.gov.br\/seinfra\/wp-content\/uploads\/sites\/6\/2026\/04\/Termo-de-Julgamento-e-Homologacao-3.pdf\">Termo de Julgamento e Homologa\u00e7\u00e3o<\/a><\/li>\n<\/ul>\n","protected":false},"excerpt":{"rendered":"<p>Inexigibilidade n\u00ba 01\/2026 CONTRATA\u00c7\u00c3O SISLOG N\u00ba 118372 Objeto:&nbsp;Aquisi\u00e7\u00e3o de inscri\u00e7\u00e3o, visando a participa\u00e7\u00e3o no curso: &#8220;Pregoeiros Summit 2026&#8221;&nbsp;em &nbsp;Florianop\u00f3lis\/SC. Anexos: ____________________________________________________________________________________________________________ Inexigibilidade n\u00ba 02\/2026 CONTRATA\u00c7\u00c3O SISLOG N\u00ba 118542 Objeto:&nbsp;Aquisi\u00e7\u00e3o de inscri\u00e7\u00e3o para o 21\u00ba Congresso Brasileiro de Pregoeiros e Agentes de Contrata\u00e7\u00e3o, que ser\u00e1 realizado entre os dias 23 e 26 de Mar\u00e7o de 2026, [&hellip;]<\/p>\n","protected":false},"author":819,"featured_media":0,"parent":0,"menu_order":0,"comment_status":"closed","ping_status":"closed","template":"","meta":{"footnotes":""},"class_list":["post-246002","page","type-page","status-publish","hentry"],"rttpg_featured_image_url":null,"rttpg_author":{"display_name":"gabrielacarneiro","author_link":"https:\/\/goias.gov.br\/seinfra\/author\/gabrielacarneiro\/"},"rttpg_comment":0,"rttpg_category":null,"rttpg_excerpt":"Inexigibilidade n\u00ba 01\/2026 CONTRATA\u00c7\u00c3O SISLOG N\u00ba 118372 Objeto:&nbsp;Aquisi\u00e7\u00e3o de inscri\u00e7\u00e3o, visando a participa\u00e7\u00e3o no curso: &#8220;Pregoeiros Summit 2026&#8221;&nbsp;em &nbsp;Florianop\u00f3lis\/SC. Anexos: ____________________________________________________________________________________________________________ Inexigibilidade n\u00ba 02\/2026 CONTRATA\u00c7\u00c3O SISLOG N\u00ba 118542 Objeto:&nbsp;Aquisi\u00e7\u00e3o de inscri\u00e7\u00e3o para o 21\u00ba Congresso Brasileiro de Pregoeiros e Agentes de Contrata\u00e7\u00e3o, que ser\u00e1 realizado entre os dias 23 e 26 de Mar\u00e7o de 2026,&hellip;","_links":{"self":[{"href":"https:\/\/goias.gov.br\/seinfra\/wp-json\/wp\/v2\/pages\/246002","targetHints":{"allow":["GET"]}}],"collection":[{"href":"https:\/\/goias.gov.br\/seinfra\/wp-json\/wp\/v2\/pages"}],"about":[{"href":"https:\/\/goias.gov.br\/seinfra\/wp-json\/wp\/v2\/types\/page"}],"author":[{"embeddable":true,"href":"https:\/\/goias.gov.br\/seinfra\/wp-json\/wp\/v2\/users\/819"}],"replies":[{"embeddable":true,"href":"https:\/\/goias.gov.br\/seinfra\/wp-json\/wp\/v2\/comments?post=246002"}],"version-history":[{"count":2,"href":"https:\/\/goias.gov.br\/seinfra\/wp-json\/wp\/v2\/pages\/246002\/revisions"}],"predecessor-version":[{"id":251412,"href":"https:\/\/goias.gov.br\/seinfra\/wp-json\/wp\/v2\/pages\/246002\/revisions\/251412"}],"wp:attachment":[{"href":"https:\/\/goias.gov.br\/seinfra\/wp-json\/wp\/v2\/media?parent=246002"}],"curies":[{"name":"wp","href":"https:\/\/api.w.org\/{rel}","templated":true}]}}