

{"id":245997,"date":"2026-01-28T15:05:33","date_gmt":"2026-01-28T18:05:33","guid":{"rendered":"https:\/\/goias.gov.br\/seinfra\/?page_id=245997"},"modified":"2026-04-07T17:11:30","modified_gmt":"2026-04-07T20:11:30","slug":"dispensa-2026","status":"publish","type":"page","link":"https:\/\/goias.gov.br\/seinfra\/dispensa-2026\/","title":{"rendered":"Dispensa 2026"},"content":{"rendered":"\n<p><strong>DISPENSA ELETR\u00d4NICA &nbsp;N\u00ba 01\/2026 \u2013 SEINFRA<\/strong><\/p>\n\n\n\n<p><strong>Contrata\u00e7\u00e3o n\u00ba 118332<\/strong><\/p>\n\n\n\n<p><strong>Data: 13\/02\/2026, \u00e0s 8h<\/strong><\/p>\n\n\n\n<p><strong>Objeto:<\/strong>&nbsp;Aquisi\u00e7\u00e3o de Fragmentadora de pap\u00e9is; 220 v; capacidade m\u00ednima de processamento: 15 folhas; cesto com capacidade m\u00ednima de 25 L.<\/p>\n\n\n\n<p><strong>N\u00famero do Processo:<\/strong>&nbsp;202600005000694<\/p>\n\n\n\n<ul class=\"wp-block-list\">\n<li><a href=\"https:\/\/goias.gov.br\/seinfra\/wp-content\/uploads\/sites\/6\/2026\/02\/Termo_de_Referencia.pdf\">Termo de Refer\u00eancia<\/a><\/li>\n\n\n\n<li><a href=\"https:\/\/goias.gov.br\/seinfra\/wp-content\/uploads\/sites\/6\/2026\/02\/Aviso_de_Dispensa_Eletronica.pdf\">Aviso de Dispensa Eletr\u00f4nica<\/a><\/li>\n\n\n\n<li><a href=\"https:\/\/goias.gov.br\/seinfra\/wp-content\/uploads\/sites\/6\/2026\/02\/Minuta_de_Contrato.pdf\">Minuta de Contrato<\/a><\/li>\n\n\n\n<li><a href=\"https:\/\/goias.gov.br\/seinfra\/wp-content\/uploads\/sites\/6\/2026\/02\/Ata-da-Sessao-Eletronica.pdf\">Ata da Sess\u00e3o Eletr\u00f4nica<\/a><\/li>\n\n\n\n<li><a href=\"https:\/\/goias.gov.br\/seinfra\/wp-content\/uploads\/sites\/6\/2026\/02\/Termo-de-Julgamento-e-Homologacao-1.pdf\">Termo de Julgamento e Homologa\u00e7\u00e3o<\/a><\/li>\n<\/ul>\n\n\n\n<p>_______________________________________________________________________________________________________________<\/p>\n\n\n\n<p><strong>DISPENSA ELETR\u00d4NICA &nbsp;N\u00ba 02\/2026 \u2013 SEINFRA<\/strong><\/p>\n\n\n\n<p><strong>Contrata\u00e7\u00e3o n\u00ba 118334<\/strong><\/p>\n\n\n\n<p><strong>Data: 15\/04\/2026, \u00e0s 8h<\/strong><\/p>\n\n\n\n<p><strong>Objeto:<\/strong>&nbsp;Contrata\u00e7\u00e3o de empresa especializada na confec\u00e7\u00e3o de carimbos e chaves para atendimento das necessidades da SEINFRA.<\/p>\n\n\n\n<p><strong>N\u00famero do Processo:<\/strong>&nbsp;202600005000704<\/p>\n\n\n\n<p><strong>Anexos:<\/strong><\/p>\n\n\n\n<ul class=\"wp-block-list\">\n<li><a href=\"https:\/\/goias.gov.br\/seinfra\/wp-content\/uploads\/sites\/6\/2026\/04\/SEI_87860593_Termo_de_Referencia.pdf\">Termo de Refer\u00eancia<\/a><\/li>\n\n\n\n<li><a href=\"https:\/\/goias.gov.br\/seinfra\/wp-content\/uploads\/sites\/6\/2026\/04\/SEI_88691621_Minuta_de_Contrato.pdf\">Minuta de Contrato<\/a><\/li>\n\n\n\n<li><a href=\"https:\/\/goias.gov.br\/seinfra\/wp-content\/uploads\/sites\/6\/2026\/04\/SEI_88692330_Aviso_de_Dispensa_Eletronica.pdf\">Aviso de Dispensa Eletr\u00f4nica<\/a><\/li>\n<\/ul>\n","protected":false},"excerpt":{"rendered":"<p>DISPENSA ELETR\u00d4NICA &nbsp;N\u00ba 01\/2026 \u2013 SEINFRA Contrata\u00e7\u00e3o n\u00ba 118332 Data: 13\/02\/2026, \u00e0s 8h Objeto:&nbsp;Aquisi\u00e7\u00e3o de Fragmentadora de pap\u00e9is; 220 v; capacidade m\u00ednima de processamento: 15 folhas; cesto com capacidade m\u00ednima de 25 L. N\u00famero do Processo:&nbsp;202600005000694 _______________________________________________________________________________________________________________ DISPENSA ELETR\u00d4NICA &nbsp;N\u00ba 02\/2026 \u2013 SEINFRA Contrata\u00e7\u00e3o n\u00ba 118334 Data: 15\/04\/2026, \u00e0s 8h Objeto:&nbsp;Contrata\u00e7\u00e3o de empresa especializada na [&hellip;]<\/p>\n","protected":false},"author":819,"featured_media":0,"parent":0,"menu_order":0,"comment_status":"closed","ping_status":"closed","template":"","meta":{"footnotes":""},"class_list":["post-245997","page","type-page","status-publish","hentry"],"rttpg_featured_image_url":null,"rttpg_author":{"display_name":"gabrielacarneiro","author_link":"https:\/\/goias.gov.br\/seinfra\/author\/gabrielacarneiro\/"},"rttpg_comment":0,"rttpg_category":null,"rttpg_excerpt":"DISPENSA ELETR\u00d4NICA &nbsp;N\u00ba 01\/2026 \u2013 SEINFRA Contrata\u00e7\u00e3o n\u00ba 118332 Data: 13\/02\/2026, \u00e0s 8h Objeto:&nbsp;Aquisi\u00e7\u00e3o de Fragmentadora de pap\u00e9is; 220 v; capacidade m\u00ednima de processamento: 15 folhas; cesto com capacidade m\u00ednima de 25 L. N\u00famero do Processo:&nbsp;202600005000694 _______________________________________________________________________________________________________________ DISPENSA ELETR\u00d4NICA &nbsp;N\u00ba 02\/2026 \u2013 SEINFRA Contrata\u00e7\u00e3o n\u00ba 118334 Data: 15\/04\/2026, \u00e0s 8h Objeto:&nbsp;Contrata\u00e7\u00e3o de empresa especializada na&hellip;","_links":{"self":[{"href":"https:\/\/goias.gov.br\/seinfra\/wp-json\/wp\/v2\/pages\/245997","targetHints":{"allow":["GET"]}}],"collection":[{"href":"https:\/\/goias.gov.br\/seinfra\/wp-json\/wp\/v2\/pages"}],"about":[{"href":"https:\/\/goias.gov.br\/seinfra\/wp-json\/wp\/v2\/types\/page"}],"author":[{"embeddable":true,"href":"https:\/\/goias.gov.br\/seinfra\/wp-json\/wp\/v2\/users\/819"}],"replies":[{"embeddable":true,"href":"https:\/\/goias.gov.br\/seinfra\/wp-json\/wp\/v2\/comments?post=245997"}],"version-history":[{"count":2,"href":"https:\/\/goias.gov.br\/seinfra\/wp-json\/wp\/v2\/pages\/245997\/revisions"}],"predecessor-version":[{"id":251160,"href":"https:\/\/goias.gov.br\/seinfra\/wp-json\/wp\/v2\/pages\/245997\/revisions\/251160"}],"wp:attachment":[{"href":"https:\/\/goias.gov.br\/seinfra\/wp-json\/wp\/v2\/media?parent=245997"}],"curies":[{"name":"wp","href":"https:\/\/api.w.org\/{rel}","templated":true}]}}