

{"id":244754,"date":"2026-01-27T11:12:35","date_gmt":"2026-01-27T14:12:35","guid":{"rendered":"https:\/\/goias.gov.br\/seinfra\/?page_id=244754"},"modified":"2026-01-28T17:13:48","modified_gmt":"2026-01-28T20:13:48","slug":"construindo-juntos","status":"publish","type":"page","link":"https:\/\/goias.gov.br\/seinfra\/construindo-juntos\/","title":{"rendered":"Construindo Juntos"},"content":{"rendered":"\t\t<div data-elementor-type=\"wp-page\" data-elementor-id=\"244754\" class=\"elementor elementor-244754\">\n\t\t\t\t<div class=\"elementor-element elementor-element-8b4db67 e-flex e-con-boxed e-con e-parent\" data-id=\"8b4db67\" data-element_type=\"container\" data-e-type=\"container\">\n\t\t\t\t\t<div class=\"e-con-inner\">\n\t\t\t\t<div class=\"elementor-element elementor-element-c7077b6 elementor-widget elementor-widget-image\" data-id=\"c7077b6\" data-element_type=\"widget\" data-e-type=\"widget\" data-widget_type=\"image.default\">\n\t\t\t\t\t\t\t\t\t\t\t\t\t\t\t<img fetchpriority=\"high\" decoding=\"async\" width=\"1024\" height=\"279\" src=\"https:\/\/goias.gov.br\/seinfra\/wp-content\/uploads\/sites\/6\/2026\/01\/banner-site-2.jpg-1024x279.jpeg\" class=\"attachment-large size-large wp-image-246033\" alt=\"\" srcset=\"https:\/\/goias.gov.br\/seinfra\/wp-content\/uploads\/sites\/6\/2026\/01\/banner-site-2.jpg-1024x279.jpeg 1024w, https:\/\/goias.gov.br\/seinfra\/wp-content\/uploads\/sites\/6\/2026\/01\/banner-site-2.jpg-300x82.jpeg 300w, https:\/\/goias.gov.br\/seinfra\/wp-content\/uploads\/sites\/6\/2026\/01\/banner-site-2.jpg-768x209.jpeg 768w, https:\/\/goias.gov.br\/seinfra\/wp-content\/uploads\/sites\/6\/2026\/01\/banner-site-2.jpg-1536x419.jpeg 1536w, https:\/\/goias.gov.br\/seinfra\/wp-content\/uploads\/sites\/6\/2026\/01\/banner-site-2.jpg.jpeg 1600w\" sizes=\"(max-width: 1024px) 100vw, 1024px\" \/>\t\t\t\t\t\t\t\t\t\t\t\t\t\t\t<\/div>\n\t\t\t\t\t<\/div>\n\t\t\t\t<\/div>\n\t\t<div class=\"elementor-element elementor-element-2fbbc3b e-flex e-con-boxed e-con e-parent\" data-id=\"2fbbc3b\" data-element_type=\"container\" data-e-type=\"container\">\n\t\t\t\t\t<div class=\"e-con-inner\">\n\t\t\t\t<div class=\"elementor-element elementor-element-a62eb7d elementor-widget elementor-widget-spacer\" data-id=\"a62eb7d\" data-element_type=\"widget\" data-e-type=\"widget\" data-widget_type=\"spacer.default\">\n\t\t\t\t\t\t\t<div class=\"elementor-spacer\">\n\t\t\t<div class=\"elementor-spacer-inner\"><\/div>\n\t\t<\/div>\n\t\t\t\t\t\t<\/div>\n\t\t\t\t\t<\/div>\n\t\t\t\t<\/div>\n\t\t<div class=\"elementor-element elementor-element-80a2d78 e-grid e-con-boxed e-con e-parent\" data-id=\"80a2d78\" data-element_type=\"container\" data-e-type=\"container\">\n\t\t\t\t\t<div class=\"e-con-inner\">\n\t\t\t\t<div class=\"elementor-element elementor-element-d170cec elementor-widget elementor-widget-heading\" data-id=\"d170cec\" data-element_type=\"widget\" data-e-type=\"widget\" data-widget_type=\"heading.default\">\n\t\t\t\t\t<h2 class=\"elementor-heading-title elementor-size-default\">O que \u00e9 o projeto?<\/h2>\t\t\t\t<\/div>\n\t\t\t\t<div class=\"elementor-element elementor-element-3674c97 elementor-widget elementor-widget-heading\" data-id=\"3674c97\" data-element_type=\"widget\" data-e-type=\"widget\" data-widget_type=\"heading.default\">\n\t\t\t\t\t<h2 class=\"elementor-heading-title elementor-size-default\">Auditoria C\u00edvica em Obras P\u00fablicas<\/h2>\t\t\t\t<\/div>\n\t\t\t\t\t<\/div>\n\t\t\t\t<\/div>\n\t\t<div class=\"elementor-element elementor-element-50c55fd e-flex e-con-boxed e-con e-parent\" data-id=\"50c55fd\" data-element_type=\"container\" data-e-type=\"container\">\n\t\t\t\t\t<div class=\"e-con-inner\">\n\t\t<div class=\"elementor-element elementor-element-162ad64 e-con-full e-flex e-con e-child\" data-id=\"162ad64\" data-element_type=\"container\" data-e-type=\"container\">\n\t\t\t\t<div class=\"elementor-element elementor-element-0268ea6 elementor-widget elementor-widget-text-editor\" data-id=\"0268ea6\" data-element_type=\"widget\" data-e-type=\"widget\" data-widget_type=\"text-editor.default\">\n\t\t\t\t\t\t\t\t\t<div style=\"color: #54595f;\" role=\"presentation\" data-olk-copy-source=\"MessageBody\"><span style=\"color: #000000;\">O Construindo Juntos \u00e9 uma iniciativa da Secretaria de Estado da Infraestrutura (SEINFRA), em parceria com universidades e institui\u00e7\u00f5es, que convida estudantes a vivenciarem na pr\u00e1tica o acompanhamento de obras p\u00fablicas. Por meio de auditorias c\u00edvicas, educa\u00e7\u00e3o fiscal e visitas t\u00e9cnicas, os participantes desenvolvem uma compreens\u00e3o aprofundada sobre a aplica\u00e7\u00e3o dos recursos p\u00fablicos e a integridade na gest\u00e3o de contratos.<\/span><\/div><div style=\"color: #54595f;\" role=\"presentation\" data-olk-copy-source=\"MessageBody\"><span style=\"color: #000000;\"><br \/>A consolida\u00e7\u00e3o do projeto como pol\u00edtica p\u00fablica foi formalizada com a publica\u00e7\u00e3o da <\/span><b style=\"color: #000000;\">Portaria n\u00ba 208\/2025<\/b><span style=\"color: #000000;\">, em 04 de junho de 2025, pela SEINFRA. A portaria institui oficialmente o Projeto \u201cConstruindo Juntos\u201d no \u00e2mbito da administra\u00e7\u00e3o p\u00fablica estadual. Este ato representa um marco importante para a consolida\u00e7\u00e3o de uma infraestrutura mais eficiente, participativa e \u00e9tica, refor\u00e7ando o compromisso do Governo de Goi\u00e1s com a forma\u00e7\u00e3o cidad\u00e3, a inova\u00e7\u00e3o tecnol\u00f3gica e os princ\u00edpios da integridade p\u00fablica.<\/span><\/div>\t\t\t\t\t\t\t\t<\/div>\n\t\t\t\t<\/div>\n\t\t<div class=\"elementor-element elementor-element-78abfc8 e-con-full e-flex e-con e-child\" data-id=\"78abfc8\" data-element_type=\"container\" data-e-type=\"container\">\n\t\t<div class=\"elementor-element elementor-element-8020a7e e-con-full e-flex e-con e-child\" data-id=\"8020a7e\" data-element_type=\"container\" data-e-type=\"container\">\n\t\t\t\t<div class=\"elementor-element elementor-element-6e22f32 elementor-widget elementor-widget-text-editor\" data-id=\"6e22f32\" data-element_type=\"widget\" data-e-type=\"widget\" data-widget_type=\"text-editor.default\">\n\t\t\t\t\t\t\t\t\t<div style=\"color: #54595f;\" role=\"presentation\" data-olk-copy-source=\"MessageBody\"><span style=\"color: #000000;\">O Construindo Juntos \u00e9 um projeto inovador que permite a participa\u00e7\u00e3o ativa da sociedade na fiscaliza\u00e7\u00e3o e monitoramento de obras p\u00fablicas, promovendo transpar\u00eancia, controle social e aprendizado pr\u00e1tico.<\/span><\/div><div role=\"presentation\" data-olk-copy-source=\"MessageBody\">\u00a0<\/div><div style=\"color: #54595f;\" role=\"presentation\" data-olk-copy-source=\"MessageBody\"><span style=\"color: #000000;\"> Ao incentivar o envolvimento direto da sociedade no acompanhamento das obras, a iniciativa amplia a confian\u00e7a nas institui\u00e7\u00f5es p\u00fablicas e refor\u00e7a o compromisso com boas pr\u00e1ticas de governan\u00e7a. O processo de auditoria c\u00edvica se consolida, assim, como um instrumento de aproxima\u00e7\u00e3o entre gest\u00e3o p\u00fablica e cidad\u00e3os, com foco em resultados, responsabilidade e interesse coletivo.<\/span><\/div><div style=\"color: #54595f;\" role=\"presentation\" data-olk-copy-source=\"MessageBody\">\u00a0<\/div>\t\t\t\t\t\t\t\t<\/div>\n\t\t\t\t<\/div>\n\t\t<div class=\"elementor-element elementor-element-4f72b77 e-con-full e-flex e-con e-child\" data-id=\"4f72b77\" data-element_type=\"container\" data-e-type=\"container\">\n\t\t<div class=\"elementor-element elementor-element-143bf92d e-con-full e-flex e-con e-child\" data-id=\"143bf92d\" data-element_type=\"container\" data-e-type=\"container\" data-settings=\"{&quot;background_background&quot;:&quot;classic&quot;}\">\n\t\t\t\t<div class=\"elementor-element elementor-element-1887e994 elementor-align-right elementor-widget elementor-widget-button\" data-id=\"1887e994\" data-element_type=\"widget\" data-e-type=\"widget\" data-widget_type=\"button.default\">\n\t\t\t\t\t\t\t\t\t\t<a class=\"elementor-button elementor-button-link elementor-size-sm\" href=\"https:\/\/construindojuntos.seinfra.go.gov.br\/login\" target=\"_blank\">\n\t\t\t\t\t\t<span class=\"elementor-button-content-wrapper\">\n\t\t\t\t\t\t\t\t\t<span class=\"elementor-button-text\">SISTEMA<\/span>\n\t\t\t\t\t<\/span>\n\t\t\t\t\t<\/a>\n\t\t\t\t\t\t\t\t<\/div>\n\t\t\t\t<div class=\"elementor-element elementor-element-1bc45cc elementor-align-right elementor-widget elementor-widget-button\" data-id=\"1bc45cc\" data-element_type=\"widget\" data-e-type=\"widget\" data-widget_type=\"button.default\">\n\t\t\t\t\t\t\t\t\t\t<a class=\"elementor-button elementor-button-link elementor-size-sm\" href=\"https:\/\/goias.gov.br\/seinfra\/construindo-juntos-contatos\/\" target=\"_blank\">\n\t\t\t\t\t\t<span class=\"elementor-button-content-wrapper\">\n\t\t\t\t\t\t\t\t\t<span class=\"elementor-button-text\">CONTATOS<\/span>\n\t\t\t\t\t<\/span>\n\t\t\t\t\t<\/a>\n\t\t\t\t\t\t\t\t<\/div>\n\t\t\t\t<div class=\"elementor-element elementor-element-153ba7fe elementor-align-right elementor-widget elementor-widget-button\" data-id=\"153ba7fe\" data-element_type=\"widget\" data-e-type=\"widget\" data-widget_type=\"button.default\">\n\t\t\t\t\t\t\t\t\t\t<a class=\"elementor-button elementor-button-link elementor-size-sm\" href=\"https:\/\/goias.gov.br\/seinfra\/material-projeto-construindo-juntos-pcj\/\" target=\"_blank\">\n\t\t\t\t\t\t<span class=\"elementor-button-content-wrapper\">\n\t\t\t\t\t\t\t\t\t<span class=\"elementor-button-text\">MATERIAL PCJ<\/span>\n\t\t\t\t\t<\/span>\n\t\t\t\t\t<\/a>\n\t\t\t\t\t\t\t\t<\/div>\n\t\t\t\t<\/div>\n\t\t\t\t<\/div>\n\t\t\t\t<\/div>\n\t\t\t\t\t<\/div>\n\t\t\t\t<\/div>\n\t\t<div class=\"elementor-element elementor-element-3c58593 e-flex e-con-boxed e-con e-parent\" data-id=\"3c58593\" data-element_type=\"container\" data-e-type=\"container\">\n\t\t\t\t\t<div class=\"e-con-inner\">\n\t\t\t\t<div class=\"elementor-element elementor-element-bc02d23 elementor-widget__width-initial elementor-widget elementor-widget-text-editor\" data-id=\"bc02d23\" data-element_type=\"widget\" data-e-type=\"widget\" data-widget_type=\"text-editor.default\">\n\t\t\t\t\t\t\t\t\t<p><strong>\ud83d\udcda Capacita\u00e7\u00e3o<\/strong><\/p><p>Introdu\u00e7\u00e3o \u00e0 auditoria c\u00edvica, contratos e educa\u00e7\u00e3o fiscal.<\/p>\t\t\t\t\t\t\t\t<\/div>\n\t\t\t\t<div class=\"elementor-element elementor-element-b03e9d1 elementor-widget__width-initial elementor-widget elementor-widget-text-editor\" data-id=\"b03e9d1\" data-element_type=\"widget\" data-e-type=\"widget\" data-widget_type=\"text-editor.default\">\n\t\t\t\t\t\t\t\t\t<p><strong>\ud83c\udfd7\ufe0f Visitas t\u00e9cnicas<\/strong><\/p><p>Acompanhamento presencial de obras p\u00fablicas em execu\u00e7\u00e3o.<\/p>\t\t\t\t\t\t\t\t<\/div>\n\t\t\t\t<div class=\"elementor-element elementor-element-f9e6a51 elementor-widget__width-initial elementor-widget elementor-widget-text-editor\" data-id=\"f9e6a51\" data-element_type=\"widget\" data-e-type=\"widget\" data-widget_type=\"text-editor.default\">\n\t\t\t\t\t\t\t\t\t<p><strong>\ud83d\udcdd Auditoria c\u00edvica<\/strong><\/p><p>An\u00e1lise orientada, registros e relat\u00f3rios t\u00e9cnicos.<\/p>\t\t\t\t\t\t\t\t<\/div>\n\t\t\t\t<div class=\"elementor-element elementor-element-5b5b570 elementor-widget__width-initial elementor-widget elementor-widget-text-editor\" data-id=\"5b5b570\" data-element_type=\"widget\" data-e-type=\"widget\" data-widget_type=\"text-editor.default\">\n\t\t\t\t\t\t\t\t\t<p><strong>\ud83c\udf31 Forma\u00e7\u00e3o cidad\u00e3<\/strong><\/p><p>Desenvolvimento do senso cr\u00edtico e da responsabilidade social.<\/p>\t\t\t\t\t\t\t\t<\/div>\n\t\t\t\t\t<\/div>\n\t\t\t\t<\/div>\n\t\t<div class=\"elementor-element elementor-element-65ed30d e-con-full e-flex e-con e-parent\" data-id=\"65ed30d\" data-element_type=\"container\" data-e-type=\"container\">\n\t\t<div class=\"elementor-element elementor-element-d536fbd e-con-full e-flex e-con e-child\" data-id=\"d536fbd\" data-element_type=\"container\" data-e-type=\"container\">\n\t\t\t\t<div class=\"elementor-element elementor-element-158da3c elementor-widget elementor-widget-heading\" data-id=\"158da3c\" data-element_type=\"widget\" data-e-type=\"widget\" data-widget_type=\"heading.default\">\n\t\t\t\t\t<h2 class=\"elementor-heading-title elementor-size-default\">Participantes<\/h2>\t\t\t\t<\/div>\n\t\t\t\t<\/div>\n\t\t<div class=\"elementor-element elementor-element-85314e2 e-con-full e-flex e-con e-child\" data-id=\"85314e2\" data-element_type=\"container\" data-e-type=\"container\">\n\t\t\t\t<div class=\"elementor-element elementor-element-f382951 elementor-widget elementor-widget-heading\" data-id=\"f382951\" data-element_type=\"widget\" data-e-type=\"widget\" data-widget_type=\"heading.default\">\n\t\t\t\t\t<h2 class=\"elementor-heading-title elementor-size-default\">Edi\u00e7\u00f5es<\/h2>\t\t\t\t<\/div>\n\t\t\t\t<\/div>\n\t\t\t\t<\/div>\n\t\t<div class=\"elementor-element elementor-element-4eb143a e-con-full e-flex e-con e-parent\" data-id=\"4eb143a\" data-element_type=\"container\" data-e-type=\"container\">\n\t\t<div class=\"elementor-element elementor-element-84b1359 e-con-full e-flex e-con e-child\" data-id=\"84b1359\" data-element_type=\"container\" data-e-type=\"container\">\n\t\t\t\t<div class=\"elementor-element elementor-element-c886a13 elementor-widget__width-inherit elementor-widget elementor-widget-text-editor\" data-id=\"c886a13\" data-element_type=\"widget\" data-e-type=\"widget\" data-widget_type=\"text-editor.default\">\n\t\t\t\t\t\t\t\t\t<table style=\"border-collapse: collapse; width: 100%; height: 103px;\"><tbody><tr style=\"height: 103px;\"><td style=\"width: 33.3333%; height: 103px;\"><strong style=\"font-family: inherit; font-size: inherit;\"><span style=\"color: #000000;\">\ud83c\udf93Estudantes<br \/><\/span><\/strong><strong style=\"font-family: inherit; font-size: inherit;\"><a href=\"https:\/\/goias.gov.br\/seinfra\/instituicoes-parceiras\/\" target=\"_blank\" rel=\"noopener\">Veja se sua institui\u00e7\u00e3o \u00e9 parceira do PCJ\u00a0<\/a><\/strong><\/td><td style=\"width: 33.3333%; height: 103px;\"><p><b><span style=\"color: #000000;\">\ud83c\udfeb Institui\u00e7\u00f5es de ensino<\/span><br \/><\/b><strong><span style=\"font-size: 1rem;\"><a href=\"https:\/\/goias.gov.br\/seinfra\/edital-de-chamamento-publico\/\">Seja parceiro do PCJ<\/a><\/span><\/strong><\/p><\/td><td style=\"width: 33.3333%; height: 103px;\"><p><b><span style=\"color: #000000;\"><img decoding=\"async\" class=\"emoji\" role=\"img\" draggable=\"false\" src=\"https:\/\/s.w.org\/images\/core\/emoji\/17.0.2\/svg\/1f3db.svg\" alt=\"\ud83c\udfdb\ufe0f\" \/><\/span><\/b><b><span style=\"color: #000000;\">Parcerias Institucionais<\/span><br \/><\/b><strong><a href=\"https:\/\/goias.gov.br\/seinfra\/parcerias-institucionais\/\" target=\"_blank\" rel=\"noopener\">Conhe\u00e7a nossos parceiros<\/a><\/strong><\/p><\/td><\/tr><\/tbody><\/table><p><\/p><\/div><\/div><\/div><\/div> <a href=\"https:\/\/goias.gov.br\/seinfra\/construindo-juntos\/#more-244754\" class=\"more-link elementor-more-link\"><span aria-label=\"Continuar lendo Construindo Juntos\">(mais&hellip;)<\/span><\/a>","protected":false},"excerpt":{"rendered":"<p>O que \u00e9 o projeto? Auditoria C\u00edvica em Obras P\u00fablicas O Construindo Juntos \u00e9 uma iniciativa da Secretaria de Estado da Infraestrutura (SEINFRA), em parceria com universidades e institui\u00e7\u00f5es, que convida estudantes a vivenciarem na pr\u00e1tica o acompanhamento de obras p\u00fablicas. Por meio de auditorias c\u00edvicas, educa\u00e7\u00e3o fiscal e visitas t\u00e9cnicas, os participantes desenvolvem uma [&hellip;]<\/p>\n","protected":false},"author":315,"featured_media":0,"parent":0,"menu_order":0,"comment_status":"closed","ping_status":"closed","template":"","meta":{"footnotes":""},"class_list":["post-244754","page","type-page","status-publish","hentry"],"rttpg_featured_image_url":null,"rttpg_author":{"display_name":"alessiosilva","author_link":"https:\/\/goias.gov.br\/seinfra\/author\/alessiosilva\/"},"rttpg_comment":0,"rttpg_category":null,"rttpg_excerpt":"O que \u00e9 o projeto? Auditoria C\u00edvica em Obras P\u00fablicas O Construindo Juntos \u00e9 uma iniciativa da Secretaria de Estado da Infraestrutura (SEINFRA), em parceria com universidades e institui\u00e7\u00f5es, que convida estudantes a vivenciarem na pr\u00e1tica o acompanhamento de obras p\u00fablicas. Por meio de auditorias c\u00edvicas, educa\u00e7\u00e3o fiscal e visitas t\u00e9cnicas, os participantes desenvolvem uma&hellip;","_links":{"self":[{"href":"https:\/\/goias.gov.br\/seinfra\/wp-json\/wp\/v2\/pages\/244754","targetHints":{"allow":["GET"]}}],"collection":[{"href":"https:\/\/goias.gov.br\/seinfra\/wp-json\/wp\/v2\/pages"}],"about":[{"href":"https:\/\/goias.gov.br\/seinfra\/wp-json\/wp\/v2\/types\/page"}],"author":[{"embeddable":true,"href":"https:\/\/goias.gov.br\/seinfra\/wp-json\/wp\/v2\/users\/315"}],"replies":[{"embeddable":true,"href":"https:\/\/goias.gov.br\/seinfra\/wp-json\/wp\/v2\/comments?post=244754"}],"version-history":[{"count":2,"href":"https:\/\/goias.gov.br\/seinfra\/wp-json\/wp\/v2\/pages\/244754\/revisions"}],"predecessor-version":[{"id":246266,"href":"https:\/\/goias.gov.br\/seinfra\/wp-json\/wp\/v2\/pages\/244754\/revisions\/246266"}],"wp:attachment":[{"href":"https:\/\/goias.gov.br\/seinfra\/wp-json\/wp\/v2\/media?parent=244754"}],"curies":[{"name":"wp","href":"https:\/\/api.w.org\/{rel}","templated":true}]}}