

{"id":241060,"date":"2025-10-23T11:31:15","date_gmt":"2025-10-23T14:31:15","guid":{"rendered":"https:\/\/goias.gov.br\/seinfra\/?page_id=241060"},"modified":"2025-10-23T12:22:24","modified_gmt":"2025-10-23T15:22:24","slug":"consulta-publica-msb-leste-02-2025","status":"publish","type":"page","link":"https:\/\/goias.gov.br\/seinfra\/consulta-publica-msb-leste-02-2025\/","title":{"rendered":"Consulta P\u00fablica MSB Leste 02\/2025"},"content":{"rendered":"\n<p><strong><em>Clique no link para baixar o documento:<\/em><\/strong><\/p>\n\n\n\n<ol class=\"wp-block-list\">\n<li><a href=\"https:\/\/goias.gov.br\/seinfra\/wp-content\/uploads\/sites\/6\/2025\/10\/Anexo-1-Aviso-de-Consulta-Publica.pdf\"><em>Aviso de Consulta P\u00fablica<\/em><\/a><\/li>\n\n\n\n<li><a href=\"https:\/\/goias.gov.br\/seinfra\/wp-content\/uploads\/sites\/6\/2025\/10\/Anexo-2-Regulamento-de-Consulta-Publica.pdf\"><em>Regulamento da Consulta P\u00fablica<\/em><\/a><\/li>\n\n\n\n<li><em><a href=\"https:\/\/forms.gle\/KAszQC7XqAHynSKn9\">Formul\u00e1rio para envio de contribui\u00e7\u00e3o<\/a><\/em><\/li>\n<\/ol>\n\n\n\n<p><strong>Demais documentos<\/strong><\/p>\n\n\n\n<p><em><a href=\"https:\/\/goias.gov.br\/seinfra\/wp-content\/uploads\/sites\/6\/2025\/10\/Produto_5___PMAA_Microrregiao_Leste__Diagnostico__compressed__1_.pdf\">Diagn\u00f3stico da MSB Leste<\/a><\/em><\/p>\n\n\n\n<p><\/p>\n","protected":false},"excerpt":{"rendered":"<p>Clique no link para baixar o documento: Demais documentos Diagn\u00f3stico da MSB Leste<\/p>\n","protected":false},"author":739,"featured_media":0,"parent":0,"menu_order":0,"comment_status":"closed","ping_status":"closed","template":"","meta":{"footnotes":""},"class_list":["post-241060","page","type-page","status-publish","hentry"],"rttpg_featured_image_url":null,"rttpg_author":{"display_name":"gabrieladmacedo","author_link":"https:\/\/goias.gov.br\/seinfra\/author\/gabriela-dmacedogoias-gov-br\/"},"rttpg_comment":0,"rttpg_category":null,"rttpg_excerpt":"Clique no link para baixar o documento: Demais documentos Diagn\u00f3stico da MSB Leste","_links":{"self":[{"href":"https:\/\/goias.gov.br\/seinfra\/wp-json\/wp\/v2\/pages\/241060","targetHints":{"allow":["GET"]}}],"collection":[{"href":"https:\/\/goias.gov.br\/seinfra\/wp-json\/wp\/v2\/pages"}],"about":[{"href":"https:\/\/goias.gov.br\/seinfra\/wp-json\/wp\/v2\/types\/page"}],"author":[{"embeddable":true,"href":"https:\/\/goias.gov.br\/seinfra\/wp-json\/wp\/v2\/users\/739"}],"replies":[{"embeddable":true,"href":"https:\/\/goias.gov.br\/seinfra\/wp-json\/wp\/v2\/comments?post=241060"}],"version-history":[{"count":3,"href":"https:\/\/goias.gov.br\/seinfra\/wp-json\/wp\/v2\/pages\/241060\/revisions"}],"predecessor-version":[{"id":241150,"href":"https:\/\/goias.gov.br\/seinfra\/wp-json\/wp\/v2\/pages\/241060\/revisions\/241150"}],"wp:attachment":[{"href":"https:\/\/goias.gov.br\/seinfra\/wp-json\/wp\/v2\/media?parent=241060"}],"curies":[{"name":"wp","href":"https:\/\/api.w.org\/{rel}","templated":true}]}}