

{"id":241049,"date":"2025-10-23T11:27:48","date_gmt":"2025-10-23T14:27:48","guid":{"rendered":"https:\/\/goias.gov.br\/seinfra\/?page_id=241049"},"modified":"2025-10-23T12:22:41","modified_gmt":"2025-10-23T15:22:41","slug":"consulta-publica-msb-oeste-02-2025","status":"publish","type":"page","link":"https:\/\/goias.gov.br\/seinfra\/consulta-publica-msb-oeste-02-2025\/","title":{"rendered":"Consulta P\u00fablica MSB Oeste 02\/2025"},"content":{"rendered":"\n<p><strong><em>Clique no link para baixar o documento:<\/em><\/strong><\/p>\n\n\n\n<ol class=\"wp-block-list\">\n<li><a href=\"https:\/\/goias.gov.br\/seinfra\/wp-content\/uploads\/sites\/6\/2025\/10\/Anexo-1-Aviso-de-Consulta-Publica.pdf\"><em>Aviso de Consulta P\u00fablica<\/em><\/a><\/li>\n\n\n\n<li><a href=\"https:\/\/goias.gov.br\/seinfra\/wp-content\/uploads\/sites\/6\/2025\/10\/Anexo-2-Regulamento-de-Consulta-Publica.pdf\"><em>Regulamento da Consulta P\u00fablica<\/em><\/a><\/li>\n\n\n\n<li><em><a href=\"https:\/\/forms.gle\/T7trH4vbivhefhbAA\">Formul\u00e1rio para envio de contribui\u00e7\u00e3o<\/a><\/em><\/li>\n<\/ol>\n\n\n\n<p><strong>Demais documentos<\/strong><\/p>\n\n\n\n<p><a href=\"https:\/\/goias.gov.br\/seinfra\/wp-content\/uploads\/sites\/6\/2025\/10\/Produto-5-PMAA-Microrregiao-Oeste-Diagnostico-2_compressed_compressed_compressed.pdf\"><em>Diagn\u00f3stico da MSB Oeste<\/em><\/a><\/p>\n\n\n\n<p><\/p>\n","protected":false},"excerpt":{"rendered":"<p>Clique no link para baixar o documento: Demais documentos Diagn\u00f3stico da MSB Oeste<\/p>\n","protected":false},"author":739,"featured_media":0,"parent":0,"menu_order":0,"comment_status":"closed","ping_status":"closed","template":"","meta":{"footnotes":""},"class_list":["post-241049","page","type-page","status-publish","hentry"],"rttpg_featured_image_url":null,"rttpg_author":{"display_name":"gabrieladmacedo","author_link":"https:\/\/goias.gov.br\/seinfra\/author\/gabriela-dmacedogoias-gov-br\/"},"rttpg_comment":0,"rttpg_category":null,"rttpg_excerpt":"Clique no link para baixar o documento: Demais documentos Diagn\u00f3stico da MSB Oeste","_links":{"self":[{"href":"https:\/\/goias.gov.br\/seinfra\/wp-json\/wp\/v2\/pages\/241049","targetHints":{"allow":["GET"]}}],"collection":[{"href":"https:\/\/goias.gov.br\/seinfra\/wp-json\/wp\/v2\/pages"}],"about":[{"href":"https:\/\/goias.gov.br\/seinfra\/wp-json\/wp\/v2\/types\/page"}],"author":[{"embeddable":true,"href":"https:\/\/goias.gov.br\/seinfra\/wp-json\/wp\/v2\/users\/739"}],"replies":[{"embeddable":true,"href":"https:\/\/goias.gov.br\/seinfra\/wp-json\/wp\/v2\/comments?post=241049"}],"version-history":[{"count":2,"href":"https:\/\/goias.gov.br\/seinfra\/wp-json\/wp\/v2\/pages\/241049\/revisions"}],"predecessor-version":[{"id":241151,"href":"https:\/\/goias.gov.br\/seinfra\/wp-json\/wp\/v2\/pages\/241049\/revisions\/241151"}],"wp:attachment":[{"href":"https:\/\/goias.gov.br\/seinfra\/wp-json\/wp\/v2\/media?parent=241049"}],"curies":[{"name":"wp","href":"https:\/\/api.w.org\/{rel}","templated":true}]}}