

{"id":234997,"date":"2025-12-10T16:06:02","date_gmt":"2025-12-10T19:06:02","guid":{"rendered":"https:\/\/goias.gov.br\/seinfra\/?page_id=234997"},"modified":"2026-04-06T11:26:39","modified_gmt":"2026-04-06T14:26:39","slug":"institucional","status":"publish","type":"page","link":"https:\/\/goias.gov.br\/seinfra\/institucional\/","title":{"rendered":"Institucional"},"content":{"rendered":"\t\t<div data-elementor-type=\"wp-page\" data-elementor-id=\"234997\" class=\"elementor elementor-234997\">\n\t\t\t\t<div class=\"elementor-element elementor-element-07704b6 e-flex e-con-boxed e-con e-parent\" data-id=\"07704b6\" data-element_type=\"container\" data-e-type=\"container\">\n\t\t\t\t\t<div class=\"e-con-inner\">\n\t\t<div class=\"elementor-element elementor-element-1820453 e-con-full e-flex e-con e-child\" data-id=\"1820453\" data-element_type=\"container\" data-e-type=\"container\">\n\t\t\t\t<div class=\"elementor-element elementor-element-6180b76 elementor-widget elementor-widget-text-editor\" data-id=\"6180b76\" data-element_type=\"widget\" data-e-type=\"widget\" data-widget_type=\"text-editor.default\">\n\t\t\t\t\t\t\t\t\t<h1 class=\"insert-page-title\">Compet\u00eancias<\/h1><p>Segundo o estabelecido na\u00a0<a class=\"\" href=\"https:\/\/legisla.casacivil.go.gov.br\/pesquisa_legislacao\/106749\/lei-21792\" target=\"_blank\" rel=\"noopener\">Lei n\u00ba 21.792, de 16 de fevereiro de 2023,<\/a> e pelo\u00a0<a href=\"https:\/\/legisla.casacivil.go.gov.br\/pesquisa_legislacao\/112449\/decreto-10857\">Decreto n\u00ba 10.857, de 26 de janeiro de 2026<\/a>, que aprovou o Regulamento da Secretaria de Estado da Infraestrutura:<\/p><h4 class=\"artigo\">Art. 27. \u00c0 SEINFRA competem:<\/h4><p class=\"inciso\">I \u2013 a formula\u00e7\u00e3o das pol\u00edticas estaduais de habita\u00e7\u00e3o, obras p\u00fablicas e saneamento<br \/>b\u00e1sico, exceto de res\u00edduos s\u00f3lidos, bem como o planejamento, o monitoramento e o acompanhamento de sua execu\u00e7\u00e3o, de<br \/>seu fornecimento e da presta\u00e7\u00e3o dos servi\u00e7os relacionadas a elas, tamb\u00e9m a respectiva capta\u00e7\u00e3o de recursos, em<br \/>especial:<br \/>\u2013\u00a0<a href=\"https:\/\/legisla.casacivil.go.gov.br\/pesquisa_legislacao\/108202\/lei-22447\" target=\"_blank\" rel=\"noopener\">Reda\u00e7\u00e3o dada pela Lei n\u00ba\u00a0<\/a><a href=\"https:\/\/legisla.casacivil.go.gov.br\/pesquisa_legislacao\/108202\/lei-22447\" target=\"_blank\" rel=\"noopener\">22.447, de 7-12-2023<\/a>.<\/p><p class=\"alinea\">a) da infraestrutura dos transportes rodovi\u00e1rio, ferrovi\u00e1rio, aerovi\u00e1rio e hidrovi\u00e1rio;<\/p><p class=\"alinea\">b) da estrutura operacional de transportes;<\/p><p class=\"alinea\">c) das obras p\u00fablicas estaduais;<\/p><p class=\"alinea\">d) do apoio e do fomento ao desenvolvimento das infraestruturas municipais;<\/p><p class=\"alinea\">e) do saneamento b\u00e1sico; e<\/p><p class=\"alinea\">f) da habita\u00e7\u00e3o e da regulariza\u00e7\u00e3o fundi\u00e1ria das ocupa\u00e7\u00f5es de im\u00f3veis urbanos de<br \/>interesse social;<\/p><p class=\"inciso\">II \u2013 a formula\u00e7\u00e3o da pol\u00edtica p\u00fablica, o inter\u2013relacionamento institucional com os<br \/>\u00f3rg\u00e3os federais competentes e a elabora\u00e7\u00e3o de planos relativos ao setor do transporte aerovi\u00e1rio, bem como as<br \/>pesquisas cient\u00edfica e tecnol\u00f3gica nas \u00e1reas de transportes e obras p\u00fablicas;<\/p><p class=\"inciso\">III \u2013 a formula\u00e7\u00e3o da pol\u00edtica dos distritos agroindustriais;<\/p><p class=\"inciso\">IV \u2013 a celebra\u00e7\u00e3o de conv\u00eanios, acordos, contratos e demais instrumentos legais, dentro<br \/>de suas compet\u00eancias;<\/p><p class=\"inciso\">V \u2013 a participa\u00e7\u00e3o nas negocia\u00e7\u00f5es de empr\u00e9stimos com institui\u00e7\u00f5es p\u00fablicas ou privadas,<br \/>nacionais ou internacionais, para o financiamento de programas, projetos e obras de sua compet\u00eancia;<\/p><p class=\"inciso\">VI \u2013 o planejamento, a dire\u00e7\u00e3o, a execu\u00e7\u00e3o, o controle, a regula\u00e7\u00e3o e a avalia\u00e7\u00e3o das<br \/>a\u00e7\u00f5es setoriais a cargo do Estado relativas \u00e0s concess\u00f5es e a outras parcerias p\u00fablico\u2013privadas sob sua compet\u00eancia; e<\/p><p class=\"inciso\">VII \u2013 a participa\u00e7\u00e3o, como interveniente, nos conv\u00eanios cujo objeto fa\u00e7a parte de suas<br \/>atribui\u00e7\u00f5es, de forma a exercer o controle das pol\u00edticas p\u00fablicas relacionadas.<\/p><p class=\"inciso\">VIII \u2013 a elabora\u00e7\u00e3o e o acompanhamento de projetos de habita\u00e7\u00e3o, de saneamento b\u00e1sico,<br \/>exceto res\u00edduos s\u00f3lidos, que podem ser financiados com recursos:<br \/>\u2013\u00a0<a href=\"https:\/\/legisla.casacivil.go.gov.br\/pesquisa_legislacao\/108202\/lei-22447\" target=\"_blank\" rel=\"noopener\">Acrescido pela Lei n\u00ba\u00a0<\/a><a href=\"https:\/\/legisla.casacivil.go.gov.br\/pesquisa_legislacao\/108202\/lei-22447\" target=\"_blank\" rel=\"noopener\">22.447, de 7-12-2023<\/a>.<\/p><p class=\"alinea\">a) do Or\u00e7amento-Geral do Estado; e<br \/>\u2013\u00a0<a href=\"https:\/\/legisla.casacivil.go.gov.br\/pesquisa_legislacao\/108202\/lei-22447\" target=\"_blank\" rel=\"noopener\">Acrescida pela Lei n\u00ba\u00a0<\/a><a href=\"https:\/\/legisla.casacivil.go.gov.br\/pesquisa_legislacao\/108202\/lei-22447\" target=\"_blank\" rel=\"noopener\">22.447, de 7-12-2023<\/a>.<\/p><p class=\"alinea\">b) provenientes de outros entes federativos, transferidos \u00e0 SEINFRA por qualquer<br \/>instrumento;<br \/>\u2013\u00a0<a href=\"https:\/\/legisla.casacivil.go.gov.br\/pesquisa_legislacao\/108202\/lei-22447\" target=\"_blank\" rel=\"noopener\">Acrescida pela Lei n\u00ba\u00a0<\/a><a href=\"https:\/\/legisla.casacivil.go.gov.br\/pesquisa_legislacao\/108202\/lei-22447\" target=\"_blank\" rel=\"noopener\">22.447, de 7-12-2023<\/a>.<\/p><p class=\"inciso\">IX \u2013 a execu\u00e7\u00e3o de obras p\u00fablicas, com os respectivos pagamentos, a serem custeadas com<br \/>recursos advindos de emendas parlamentares.<br \/>\u2013\u00a0<a href=\"https:\/\/legisla.casacivil.go.gov.br\/pesquisa_legislacao\/108202\/lei-22447\" target=\"_blank\" rel=\"noopener\">Acrescido pela Lei n\u00ba\u00a0<\/a><a href=\"https:\/\/legisla.casacivil.go.gov.br\/pesquisa_legislacao\/108202\/lei-22447\" target=\"_blank\" rel=\"noopener\">22.447, de 7-12-2023<\/a>.<\/p><p>\u00a7 1\u00ba A SEINFRA, no exerc\u00edcio de suas compet\u00eancias, atuar\u00e1 na esfera do saneamento b\u00e1sico, exceto res\u00edduos s\u00f3lidos, sobre<br \/>o conjunto dos servi\u00e7os p\u00fablicos de abastecimento de \u00e1gua, esgotamento sanit\u00e1rio, drenagem e manejo das \u00e1guas pluviais<br \/>urbanas.<br \/>\u2013\u00a0<a href=\"https:\/\/legisla.casacivil.go.gov.br\/pesquisa_legislacao\/108202\/lei-22447\" target=\"_blank\" rel=\"noopener\">Acrescido pela Lei n\u00ba\u00a0<\/a><a href=\"https:\/\/legisla.casacivil.go.gov.br\/pesquisa_legislacao\/108202\/lei-22447\" target=\"_blank\" rel=\"noopener\">22.447,<br \/>de 7-12-2023<\/a>.<\/p><p>\u00a7 2\u00ba As obras decorrentes das pol\u00edticas formuladas pela SEINFRA poder\u00e3o ser executadas na pr\u00f3pria pasta, custeadas por<br \/>emendas parlamentares e demais transfer\u00eancias de recursos, ou quando houver designa\u00e7\u00e3o expressa do Chefe do Poder<br \/>Executivo.<br \/>\u2013\u00a0<a href=\"https:\/\/legisla.casacivil.go.gov.br\/pesquisa_legislacao\/108202\/lei-22447\" target=\"_blank\" rel=\"noopener\">Acrescido pela Lei n\u00ba\u00a0<\/a><a href=\"https:\/\/legisla.casacivil.go.gov.br\/pesquisa_legislacao\/108202\/lei-22447\" target=\"_blank\" rel=\"noopener\">22.447,<br \/>de 7-12-2023<\/a>.<\/p><p class=\"artigo\">Art. 28. O controle final\u00edstico exercido pela SEINFRA sobre as entidades a ela<br \/>jurisdicionadas, integrantes da administra\u00e7\u00e3o indireta, buscar\u00e1 assegurar que a atua\u00e7\u00e3o delas observe a pol\u00edtica<br \/>p\u00fablica estadual formulada pela secretaria, em aten\u00e7\u00e3o \u00e0 atribui\u00e7\u00e3o legal dela quanto ao monitoramento e ao<br \/>acompanhamento de sua execu\u00e7\u00e3o.<\/p><h4 class=\"artigo\">Art. 29. O controle a que se refere o art. 28 ser\u00e1 exercido mediante:<\/h4><p class=\"inciso\">I \u2013 a indica\u00e7\u00e3o ao Chefe do Poder Executivo dos membros para composi\u00e7\u00e3o das Juntas<br \/>Administrativas de Recursos de Infra\u00e7\u00f5es \u2013 JARIs da Ag\u00eancia Goiana de Infraestrutura e Transportes \u2013 GOINFRA;<\/p><p class=\"inciso\">II \u2013 a aprova\u00e7\u00e3o anual da proposta or\u00e7ament\u00e1ria da entidade, no caso das autarquias, das<br \/>funda\u00e7\u00f5es e das estatais dependentes;<\/p><p class=\"inciso\">III \u2013 o julgamento em car\u00e1ter definitivo e irrecorr\u00edvel dos recursos contra decis\u00f5es das<br \/>autoridades m\u00e1ximas das entidades jurisdicionadas, no caso de autarquias, funda\u00e7\u00f5es e estatais dependentes;<\/p><p class=\"inciso\">IV \u2013 a avoca\u00e7\u00e3o de processos em curso nas entidades jurisdicionadas, de maneira<br \/>fundamentada e com o objetivo de resguardar a compatibilidade das a\u00e7\u00f5es da entidade com a respectiva pol\u00edtica p\u00fablica<br \/>setorial, no caso das autarquias, das funda\u00e7\u00f5es e das estatais dependentes;<\/p><p class=\"inciso\">V \u2013 o recebimento das solicita\u00e7\u00f5es de Cronograma Mensal de Desembolso Financeiro e<br \/>Programa\u00e7\u00e3o de Desembolso Financeiro relacionadas \u00e0s licita\u00e7\u00f5es, \u00e0s contrata\u00e7\u00f5es e aos ajustes em geral que as<br \/>autarquias, as funda\u00e7\u00f5es e as estatais dependentes pretendam formalizar, para manifesta\u00e7\u00e3o quanto \u00e0 conveni\u00eancia e \u00e0<br \/>oportunidade de sua realiza\u00e7\u00e3o \u00e0 luz do planejamento setorial da respectiva pol\u00edtica p\u00fablica, com posterior<br \/>encaminhamento \u00e0 ECONOMIA, para delibera\u00e7\u00e3o quanto \u00e0 sua libera\u00e7\u00e3o; e<\/p><p class=\"inciso\">VI \u2013 no caso das autarquias, das funda\u00e7\u00f5es e das estatais dependentes, firmar, como<br \/>interveniente, os conv\u00eanios cujo objeto se refira \u00e0s suas atribui\u00e7\u00f5es legais, de forma a exercer o controle da<br \/>respectiva pol\u00edtica p\u00fablica.<\/p><h4 class=\"artigo\">Art. 30. Integram a SEINFRA, como \u00f3rg\u00e3os colegiados:<\/h4><p class=\"inciso\">I \u2013 o Conselho Estadual de Saneamento;<\/p><p class=\"inciso\">II \u2013 o Conselho Gestor do FUNDEINFRA; e<\/p><p class=\"inciso\">III \u2013 o Conselho Gestor de Infraestrutura e Habita\u00e7\u00e3o.<\/p><p class=\"paragrafo\">Par\u00e1grafo \u00fanico. O Conselho Gestor de Infraestrutura e Habita\u00e7\u00e3o, que possui a fun\u00e7\u00e3o<br \/>consultiva para o estabelecimento de diretrizes para as pol\u00edticas p\u00fablicas nas \u00e1reas de infraestrutura e habita\u00e7\u00e3o, \u00e9<br \/>composto pelos titulares das seguintes unidades, que, ao se ausentarem ou estarem impedidas, dever\u00e3o designar seus<br \/>representantes:<\/p><p class=\"inciso\">I \u2013 Secretaria de Estado da Infraestrutura, na fun\u00e7\u00e3o de Presidente;<\/p><p class=\"inciso\">II \u2013 Ag\u00eancia Goiana de Habita\u00e7\u00e3o S\/A \u2013 AGEHAB;<\/p><p class=\"inciso\">III \u2013 Ag\u00eancia Goiana de Infraestrutura e Transportes \u2013 GOINFRA;<\/p><p class=\"inciso\">IV \u2013 Companhia de Desenvolvimento Econ\u00f4mico de Goi\u00e1s \u2013 CODEGO;<\/p><p class=\"inciso\">V \u2013 Saneamento de Goi\u00e1s S\/A \u2013 SANEAGO; e<\/p><p class=\"inciso\">VI \u2013 Subsecretaria de Pol\u00edticas P\u00fablicas para Obras e Saneamento, da SEINFRA; e<br \/>\u2013\u00a0<a href=\"https:\/\/legisla.casacivil.go.gov.br\/pesquisa_legislacao\/108202\/lei-22447\" target=\"_blank\" rel=\"noopener\">Reda\u00e7\u00e3o dada pela Lei n\u00ba\u00a0<\/a><a href=\"https:\/\/legisla.casacivil.go.gov.br\/pesquisa_legislacao\/108202\/lei-22447\" target=\"_blank\" rel=\"noopener\">22.447, de 7-12-2023<\/a>.<\/p><p class=\"inciso\">VII \u2013 Subsecretaria de Pol\u00edticas Habitacionais, Parcerias e Inova\u00e7\u00e3o, da SEINFRA.<br \/>\u2013\u00a0<a href=\"https:\/\/legisla.casacivil.go.gov.br\/pesquisa_legislacao\/108202\/lei-22447\" target=\"_blank\" rel=\"noopener\">Acrescido pela Lei n\u00ba\u00a0<\/a><a href=\"https:\/\/legisla.casacivil.go.gov.br\/pesquisa_legislacao\/108202\/lei-22447\" target=\"_blank\" rel=\"noopener\">22.447, de 7-12-2023<\/a>.<\/p>\t\t\t\t\t\t\t\t<\/div>\n\t\t\t\t<div class=\"elementor-element elementor-element-aae11fc elementor-widget elementor-widget-text-editor\" data-id=\"aae11fc\" data-element_type=\"widget\" data-e-type=\"widget\" data-widget_type=\"text-editor.default\">\n\t\t\t\t\t\t\t\t\t<h1 class=\"insert-page-title\">Endere\u00e7os, Telefones, e-mails e Hor\u00e1rios de Atendimento<\/h1><p>Edif\u00edcio The Prime Tamandar\u00e9 Office \u2013 Rua 5, n\u00b0 691 \u2013 23\u00ba andar<br \/>Setor Oeste \u2013 Goi\u00e2nia\/GO \u2013 CEP 74.115-060<br \/>Atendimento: 08h \u00e0s 12h e 14h \u00e0s 18h<\/p><p><strong>Atendimento ao Cidad\u00e3o<\/strong><br \/>E-mail:\u00a0<a href=\"mailto:secretariageral.seinfra@goias.gov.br\">secretariageral.seinfra@goias.gov.br<\/a><\/p><p><strong>Ouvidoria Setorial<br \/><\/strong>Telefone\/whatsapp: (62) 92002-8007<br \/>E-mail:\u00a0<a href=\"mailto:ouvidoria.seinfra@goias.gov.br\">ouvidoria.seinfra@goias.gov.br<\/a><br \/><em>Endere\u00e7o para envio de cartas ou atendimento presencial<br \/>(das 8h \u00e0s 12h, e das 14h \u00e0s 18h):<\/em><br \/>Edif\u00edcio The Prime Tamandar\u00e9 Office \u2013 Rua 5, n\u00ba 691 \u2013 23\u00ba andar<br \/>Setor Oeste \u2013 Goi\u00e2nia (GO) \u2013 CEP 74.115-060<\/p><p><strong>Imprensa<\/strong><br \/>E-mail:\u00a0<a href=\"mailto:comunicacao.seinfra@goias.gov.br\">comunicacao.seinfra@goias.gov.br<\/a><\/p>\t\t\t\t\t\t\t\t<\/div>\n\t\t\t\t<\/div>\n\t\t<div class=\"elementor-element elementor-element-de2f8f8 e-con-full e-flex e-con e-child\" data-id=\"de2f8f8\" data-element_type=\"container\" data-e-type=\"container\">\n\t\t\t\t<div class=\"elementor-element elementor-element-aafc525 elementor-widget elementor-widget-text-editor\" data-id=\"aafc525\" data-element_type=\"widget\" data-e-type=\"widget\" data-widget_type=\"text-editor.default\">\n\t\t\t\t\t\t\t\t\t<h1 class=\"insert-page-title\"><strong>Secret\u00e1rio<\/strong><\/h1><figure class=\"wp-block-image size-full\"><img decoding=\"async\" class=\"alignnone wp-image-250899 size-full\" src=\"https:\/\/goias.gov.br\/seinfra\/wp-content\/uploads\/sites\/6\/2026\/04\/Design-sem-nome-3.png\" alt=\"\" width=\"300\" height=\"300\" srcset=\"https:\/\/goias.gov.br\/seinfra\/wp-content\/uploads\/sites\/6\/2026\/04\/Design-sem-nome-3.png 300w, https:\/\/goias.gov.br\/seinfra\/wp-content\/uploads\/sites\/6\/2026\/04\/Design-sem-nome-3-150x150.png 150w\" sizes=\"(max-width: 300px) 100vw, 300px\" \/><\/figure><h3>RICARDO DE OLIVEIRA SILVA<br \/>Secret\u00e1rio de Estado da Infraestrutura<\/h3><p data-start=\"0\" data-end=\"265\">Nascido em Catal\u00e3o (GO), Ricardo de Oliveira Silva tem 42 anos e construiu sua trajet\u00f3ria profissional com atua\u00e7\u00e3o na gest\u00e3o p\u00fablica e no desenvolvimento regional. Bacharel em Direito pela Faculdade Una (2009), tamb\u00e9m \u00e9 corretor de seguros, empres\u00e1rio e pecuarista. De 2017 a 2024, integrou a administra\u00e7\u00e3o municipal de Catal\u00e3o nas gest\u00f5es do prefeito Adib Elias, onde ocupou cargos como chefe de Gabinete Municipal, secret\u00e1rio de Ci\u00eancia e Tecnologia, secret\u00e1rio de Assuntos Comunit\u00e1rios e diretor da Superintend\u00eancia de \u00c1gua e Esgoto (SAE). Entre mar\u00e7o de 2025 e mar\u00e7o de 2026, foi chefe de gabinete da Secretaria de Estado da Infraestrutura de Goi\u00e1s (Seinfra), atuando na articula\u00e7\u00e3o institucional e no acompanhamento de projetos estruturantes.<\/p>\t\t\t\t\t\t\t\t<\/div>\n\t\t\t\t<div class=\"elementor-element elementor-element-ff15ee0 elementor-widget elementor-widget-shortcode\" data-id=\"ff15ee0\" data-element_type=\"widget\" data-e-type=\"widget\" data-widget_type=\"shortcode.default\">\n\t\t\t\t\t\t\t<div class=\"elementor-shortcode\"><div data-post-id=\"203333\" class=\"insert-page insert-page-203333 \"><h1 class='insert-page-title'>Estrutura Organizacional<\/h1>\n<figure class=\"wp-block-image size-large\"><img fetchpriority=\"high\" fetchpriority=\"high\" decoding=\"async\" width=\"1024\" height=\"724\" src=\"https:\/\/goias.gov.br\/seinfra\/wp-content\/uploads\/sites\/6\/2025\/08\/Organograma-Atual-2-pdf-1024x724.jpg\" alt=\"\" class=\"wp-image-235371\"\/><\/figure>\n\n\n\n<p>\u00a0<\/p>\n<p>Fonte: <a href=\"https:\/\/legisla.casacivil.go.gov.br\/pesquisa_legislacao\/109719\/decreto-10568\" target=\"_blank\" rel=\"noopener\">Decreto n\u00ba 10.568, de 10 de outubro de 2024<\/a><\/p>\n<p>Saiba quem s\u00e3o nossos servidores e as fun\u00e7\u00f5es que exercem:<\/p>\n<ul>\n<li><a href=\"https:\/\/goias.gov.br\/seinfra\/cargos-e-seus-ocupantes\/\">Cargos e seus ocupantes<\/a><\/li>\n<\/ul>\n<h4 class=\"nomarginbottom\"><span style=\"color: #008000;\">Conhe\u00e7a tamb\u00e9m outras entidades que est\u00e3o jurisdicionadas a Seinfra:<\/span><\/h4>\n<ul>\n<li>\n<p class=\"alinea\"><a href=\"https:\/\/goias.gov.br\/agehab\/\">Ag\u00eancia Goiana de Habita\u00e7\u00e3o S\/A \u2013 AGEHAB<\/a><\/p>\n<\/li>\n<li>\n<p class=\"alinea\"><a href=\"https:\/\/www.goinfra.go.gov.br\/\">Ag\u00eancia Goiana de Infraestrutura e Transportes \u2013 GOINFRA<\/a><\/p>\n<\/li>\n<li>\n<p class=\"alinea\"><a href=\"https:\/\/www.codego.com.br\/\">Companhia de Desenvolvimento Econ\u00f4mico de Goi\u00e1s \u2013 CODEGO<\/a><\/p>\n<\/li>\n<li>\n<p class=\"alinea\"><a href=\"https:\/\/www.saneago.com.br\/\">Saneamento de Goi\u00e1s S\/A \u2013 SANEAGO<\/a><\/p>\n<\/li>\n<\/ul>\n<ul class='post-meta'>\n<li><span class='post-meta-key'>rank_math_internal_links_processed:<\/span> 1<\/li>\n<li><span class='post-meta-key'>rank_math_seo_score:<\/span> 23<\/li>\n<li><span class='post-meta-key'>rank_math_og_content_image:<\/span> a:2:{s:5:\"check\";s:32:\"dab31bcbebf76c8f30cc82598d92fe4b\";s:6:\"images\";a:1:{i:0;s:117:\"https:\/\/goias.gov.br\/seinfra\/wp-content\/uploads\/sites\/6\/2025\/01\/WhatsApp-Image-2025-01-22-at-10.49.45-1-1024x721.jpeg\";}}<\/li>\n<\/ul>\n<\/div><\/div>\n\t\t\t\t\t\t<\/div>\n\t\t\t\t<\/div>\n\t\t\t\t\t<\/div>\n\t\t\t\t<\/div>\n\t\t\t\t<\/div>\n\t\t","protected":false},"excerpt":{"rendered":"<p>Compet\u00eancias Segundo o estabelecido na\u00a0Lei n\u00ba 21.792, de 16 de fevereiro de 2023, e pelo\u00a0Decreto n\u00ba 10.857, de 26 de janeiro de 2026, que aprovou o Regulamento da Secretaria de Estado da Infraestrutura: Art. 27. \u00c0 SEINFRA competem: I \u2013 a formula\u00e7\u00e3o das pol\u00edticas estaduais de habita\u00e7\u00e3o, obras p\u00fablicas e saneamentob\u00e1sico, exceto de res\u00edduos s\u00f3lidos, [&hellip;]<\/p>\n","protected":false},"author":553,"featured_media":0,"parent":0,"menu_order":0,"comment_status":"closed","ping_status":"closed","template":"","meta":{"footnotes":""},"class_list":["post-234997","page","type-page","status-publish","hentry"],"rttpg_featured_image_url":null,"rttpg_author":{"display_name":"dumon.mdias@fornecedores.goias.gov.br","author_link":"https:\/\/goias.gov.br\/seinfra\/author\/dumon-mdiasfornecedores-goias-gov-br\/"},"rttpg_comment":0,"rttpg_category":null,"rttpg_excerpt":"Compet\u00eancias Segundo o estabelecido na\u00a0Lei n\u00ba 21.792, de 16 de fevereiro de 2023, e pelo\u00a0Decreto n\u00ba 10.857, de 26 de janeiro de 2026, que aprovou o Regulamento da Secretaria de Estado da Infraestrutura: Art. 27. \u00c0 SEINFRA competem: I \u2013 a formula\u00e7\u00e3o das pol\u00edticas estaduais de habita\u00e7\u00e3o, obras p\u00fablicas e saneamentob\u00e1sico, exceto de res\u00edduos s\u00f3lidos,&hellip;","_links":{"self":[{"href":"https:\/\/goias.gov.br\/seinfra\/wp-json\/wp\/v2\/pages\/234997","targetHints":{"allow":["GET"]}}],"collection":[{"href":"https:\/\/goias.gov.br\/seinfra\/wp-json\/wp\/v2\/pages"}],"about":[{"href":"https:\/\/goias.gov.br\/seinfra\/wp-json\/wp\/v2\/types\/page"}],"author":[{"embeddable":true,"href":"https:\/\/goias.gov.br\/seinfra\/wp-json\/wp\/v2\/users\/553"}],"replies":[{"embeddable":true,"href":"https:\/\/goias.gov.br\/seinfra\/wp-json\/wp\/v2\/comments?post=234997"}],"version-history":[{"count":2,"href":"https:\/\/goias.gov.br\/seinfra\/wp-json\/wp\/v2\/pages\/234997\/revisions"}],"predecessor-version":[{"id":250932,"href":"https:\/\/goias.gov.br\/seinfra\/wp-json\/wp\/v2\/pages\/234997\/revisions\/250932"}],"wp:attachment":[{"href":"https:\/\/goias.gov.br\/seinfra\/wp-json\/wp\/v2\/media?parent=234997"}],"curies":[{"name":"wp","href":"https:\/\/api.w.org\/{rel}","templated":true}]}}