

{"id":203333,"date":"2024-06-06T19:34:53","date_gmt":"2024-06-06T22:34:53","guid":{"rendered":"https:\/\/goias.gov.br\/seinfra\/?page_id=203333"},"modified":"2025-08-21T17:28:25","modified_gmt":"2025-08-21T20:28:25","slug":"estrutura-organizacional","status":"publish","type":"page","link":"https:\/\/goias.gov.br\/seinfra\/estrutura-organizacional\/","title":{"rendered":"Estrutura Organizacional"},"content":{"rendered":"\n<figure class=\"wp-block-image size-large\"><img fetchpriority=\"high\" decoding=\"async\" width=\"1024\" height=\"724\" src=\"https:\/\/goias.gov.br\/seinfra\/wp-content\/uploads\/sites\/6\/2025\/08\/Organograma-Atual-2-pdf-1024x724.jpg\" alt=\"\" class=\"wp-image-235371\"\/><\/figure>\n\n\n\n<p>\u00a0<\/p>\n<p>Fonte: <a href=\"https:\/\/legisla.casacivil.go.gov.br\/pesquisa_legislacao\/109719\/decreto-10568\" target=\"_blank\" rel=\"noopener\">Decreto n\u00ba 10.568, de 10 de outubro de 2024<\/a><\/p>\n<p>Saiba quem s\u00e3o nossos servidores e as fun\u00e7\u00f5es que exercem:<\/p>\n<ul>\n<li><a href=\"https:\/\/goias.gov.br\/seinfra\/cargos-e-seus-ocupantes\/\">Cargos e seus ocupantes<\/a><\/li>\n<\/ul>\n<h4 class=\"nomarginbottom\"><span style=\"color: #008000;\">Conhe\u00e7a tamb\u00e9m outras entidades que est\u00e3o jurisdicionadas a Seinfra:<\/span><\/h4>\n<ul>\n<li>\n<p class=\"alinea\"><a href=\"https:\/\/goias.gov.br\/agehab\/\">Ag\u00eancia Goiana de Habita\u00e7\u00e3o S\/A \u2013 AGEHAB<\/a><\/p>\n<\/li>\n<li>\n<p class=\"alinea\"><a href=\"https:\/\/www.goinfra.go.gov.br\/\">Ag\u00eancia Goiana de Infraestrutura e Transportes \u2013 GOINFRA<\/a><\/p>\n<\/li>\n<li>\n<p class=\"alinea\"><a href=\"https:\/\/www.codego.com.br\/\">Companhia de Desenvolvimento Econ\u00f4mico de Goi\u00e1s \u2013 CODEGO<\/a><\/p>\n<\/li>\n<li>\n<p class=\"alinea\"><a href=\"https:\/\/www.saneago.com.br\/\">Saneamento de Goi\u00e1s S\/A \u2013 SANEAGO<\/a><\/p>\n<\/li>\n<\/ul>\n","protected":false},"excerpt":{"rendered":"<p>\u00a0 Fonte: Decreto n\u00ba 10.568, de 10 de outubro de 2024 Saiba quem s\u00e3o nossos servidores e as fun\u00e7\u00f5es que exercem: Cargos e seus ocupantes Conhe\u00e7a tamb\u00e9m outras entidades que est\u00e3o jurisdicionadas a Seinfra: Ag\u00eancia Goiana de Habita\u00e7\u00e3o S\/A \u2013 AGEHAB Ag\u00eancia Goiana de Infraestrutura e Transportes \u2013 GOINFRA Companhia de Desenvolvimento Econ\u00f4mico de Goi\u00e1s [&hellip;]<\/p>\n","protected":false},"author":62,"featured_media":0,"parent":0,"menu_order":0,"comment_status":"closed","ping_status":"closed","template":"","meta":{"footnotes":""},"class_list":["post-203333","page","type-page","status-publish","hentry"],"rttpg_featured_image_url":null,"rttpg_author":{"display_name":"italoreis","author_link":"https:\/\/goias.gov.br\/seinfra\/author\/italoreis\/"},"rttpg_comment":0,"rttpg_category":null,"rttpg_excerpt":"\u00a0 Fonte: Decreto n\u00ba 10.568, de 10 de outubro de 2024 Saiba quem s\u00e3o nossos servidores e as fun\u00e7\u00f5es que exercem: Cargos e seus ocupantes Conhe\u00e7a tamb\u00e9m outras entidades que est\u00e3o jurisdicionadas a Seinfra: Ag\u00eancia Goiana de Habita\u00e7\u00e3o S\/A \u2013 AGEHAB Ag\u00eancia Goiana de Infraestrutura e Transportes \u2013 GOINFRA Companhia de Desenvolvimento Econ\u00f4mico de Goi\u00e1s&hellip;","_links":{"self":[{"href":"https:\/\/goias.gov.br\/seinfra\/wp-json\/wp\/v2\/pages\/203333","targetHints":{"allow":["GET"]}}],"collection":[{"href":"https:\/\/goias.gov.br\/seinfra\/wp-json\/wp\/v2\/pages"}],"about":[{"href":"https:\/\/goias.gov.br\/seinfra\/wp-json\/wp\/v2\/types\/page"}],"author":[{"embeddable":true,"href":"https:\/\/goias.gov.br\/seinfra\/wp-json\/wp\/v2\/users\/62"}],"replies":[{"embeddable":true,"href":"https:\/\/goias.gov.br\/seinfra\/wp-json\/wp\/v2\/comments?post=203333"}],"version-history":[{"count":2,"href":"https:\/\/goias.gov.br\/seinfra\/wp-json\/wp\/v2\/pages\/203333\/revisions"}],"predecessor-version":[{"id":235372,"href":"https:\/\/goias.gov.br\/seinfra\/wp-json\/wp\/v2\/pages\/203333\/revisions\/235372"}],"wp:attachment":[{"href":"https:\/\/goias.gov.br\/seinfra\/wp-json\/wp\/v2\/media?parent=203333"}],"curies":[{"name":"wp","href":"https:\/\/api.w.org\/{rel}","templated":true}]}}