

{"id":203330,"date":"2024-06-06T19:33:39","date_gmt":"2024-06-06T22:33:39","guid":{"rendered":"https:\/\/goias.gov.br\/seinfra\/?page_id=203330"},"modified":"2024-06-06T19:46:17","modified_gmt":"2024-06-06T22:46:17","slug":"secretario","status":"publish","type":"page","link":"https:\/\/goias.gov.br\/seinfra\/secretario\/","title":{"rendered":"Presidente"},"content":{"rendered":"\n<figure class=\"wp-block-image size-full\"><img fetchpriority=\"high\" decoding=\"async\" width=\"505\" height=\"758\" src=\"https:\/\/goias.gov.br\/seinfra\/wp-content\/uploads\/sites\/6\/2024\/06\/Design-sem-nome-59.png\" alt=\"\" class=\"wp-image-203343\"\/><\/figure>\n\n\n\n<h3><span style=\"color: #008000;\">Pedro Henrique Ramos Sales<br \/><\/span><span style=\"color: #999999;\">Secret\u00e1rio de Estado da Infraestrutura<\/span><\/h3>\n<p>\u00c9 bacharel em Direito, especialista em Direito Tribut\u00e1rio, mestre em Direito Constitucional pelo Instituto Brasiliense de Direito P\u00fablico e funcion\u00e1rio de carreira do Supremo Tribunal Federal (STF). Foi assessor parlamentar do ent\u00e3o senador Ronaldo Caiado e integrou, em 2018, a equipe de transi\u00e7\u00e3o de governo. Durante a primeira gest\u00e3o Caiado, esteve \u00e0 frente da Secretaria de Estado da Administra\u00e7\u00e3o (Sead) e da Companhia de Desenvolvimento Econ\u00f4mico de Goi\u00e1s (Codego). Tamb\u00e9m presidiu a Ag\u00eancia Goiana de Infraestrutura e Transportes (Goinfra), a Ag\u00eancia Goiana de Habita\u00e7\u00e3o (Agehab) e o conselho fiscal da Saneago.<\/p>\n<p>\u00c9 autor do livro \u201cA Hiperfragmenta\u00e7\u00e3o Partid\u00e1ria no Brasil\u201d, fruto de sua disserta\u00e7\u00e3o de mestrado em Direito Constitucional.<\/p>\n","protected":false},"excerpt":{"rendered":"<p>Pedro Henrique Ramos SalesSecret\u00e1rio de Estado da Infraestrutura \u00c9 bacharel em Direito, especialista em Direito Tribut\u00e1rio, mestre em Direito Constitucional pelo Instituto Brasiliense de Direito P\u00fablico e funcion\u00e1rio de carreira do Supremo Tribunal Federal (STF). Foi assessor parlamentar do ent\u00e3o senador Ronaldo Caiado e integrou, em 2018, a equipe de transi\u00e7\u00e3o de governo. Durante a [&hellip;]<\/p>\n","protected":false},"author":62,"featured_media":0,"parent":0,"menu_order":0,"comment_status":"closed","ping_status":"closed","template":"","meta":{"footnotes":""},"class_list":["post-203330","page","type-page","status-publish","hentry"],"rttpg_featured_image_url":null,"rttpg_author":{"display_name":"italoreis","author_link":"https:\/\/goias.gov.br\/seinfra\/author\/italoreis\/"},"rttpg_comment":0,"rttpg_category":null,"rttpg_excerpt":"Pedro Henrique Ramos SalesSecret\u00e1rio de Estado da Infraestrutura \u00c9 bacharel em Direito, especialista em Direito Tribut\u00e1rio, mestre em Direito Constitucional pelo Instituto Brasiliense de Direito P\u00fablico e funcion\u00e1rio de carreira do Supremo Tribunal Federal (STF). Foi assessor parlamentar do ent\u00e3o senador Ronaldo Caiado e integrou, em 2018, a equipe de transi\u00e7\u00e3o de governo. Durante a&hellip;","_links":{"self":[{"href":"https:\/\/goias.gov.br\/seinfra\/wp-json\/wp\/v2\/pages\/203330","targetHints":{"allow":["GET"]}}],"collection":[{"href":"https:\/\/goias.gov.br\/seinfra\/wp-json\/wp\/v2\/pages"}],"about":[{"href":"https:\/\/goias.gov.br\/seinfra\/wp-json\/wp\/v2\/types\/page"}],"author":[{"embeddable":true,"href":"https:\/\/goias.gov.br\/seinfra\/wp-json\/wp\/v2\/users\/62"}],"replies":[{"embeddable":true,"href":"https:\/\/goias.gov.br\/seinfra\/wp-json\/wp\/v2\/comments?post=203330"}],"version-history":[{"count":2,"href":"https:\/\/goias.gov.br\/seinfra\/wp-json\/wp\/v2\/pages\/203330\/revisions"}],"predecessor-version":[{"id":203344,"href":"https:\/\/goias.gov.br\/seinfra\/wp-json\/wp\/v2\/pages\/203330\/revisions\/203344"}],"wp:attachment":[{"href":"https:\/\/goias.gov.br\/seinfra\/wp-json\/wp\/v2\/media?parent=203330"}],"curies":[{"name":"wp","href":"https:\/\/api.w.org\/{rel}","templated":true}]}}