

{"id":203328,"date":"2024-06-06T19:31:55","date_gmt":"2024-06-06T22:31:55","guid":{"rendered":"https:\/\/goias.gov.br\/seinfra\/?page_id=203328"},"modified":"2026-02-02T12:27:05","modified_gmt":"2026-02-02T15:27:05","slug":"competencias","status":"publish","type":"page","link":"https:\/\/goias.gov.br\/seinfra\/competencias\/","title":{"rendered":"Compet\u00eancias"},"content":{"rendered":"<div class=\"wp-block-post-date__modified-date wp-block-post-date\"><time datetime=\"2026-02-02T12:27:05-03:00\">2 de fevereiro de 2026<\/time><\/div>\n\n\n<p>Segundo o estabelecido na\u00a0<a href=\"https:\/\/legisla.casacivil.go.gov.br\/pesquisa_legislacao\/106749\/lei-21792\" target=\"_blank\" rel=\"noopener\">Lei n\u00ba 21.792, de 16 de fevereiro de 2023,<\/a> e pelo <a href=\"https:\/\/legisla.casacivil.go.gov.br\/pesquisa_legislacao\/112449\/decreto-10857\">Decreto n\u00ba 10.857, de 26 de janeiro de 2026<\/a>, que aprovou o Regulamento da Secretaria de Estado da Infraestrutura:<\/p>\n<h4 class=\"artigo\"><span style=\"color: #008000;\">Art. 27. \u00c0 SEINFRA competem:<\/span><\/h4>\n<p class=\"inciso\">I \u2013 a formula\u00e7\u00e3o das pol\u00edticas estaduais de habita\u00e7\u00e3o, obras p\u00fablicas e saneamento b\u00e1sico, exceto de res\u00edduos s\u00f3lidos, bem como o planejamento, o monitoramento e o acompanhamento de sua execu\u00e7\u00e3o, de seu fornecimento e da presta\u00e7\u00e3o dos servi\u00e7os relacionadas a elas, tamb\u00e9m a respectiva capta\u00e7\u00e3o de recursos, em especial:<br \/>&#8211;\u00a0<a href=\"https:\/\/legisla.casacivil.go.gov.br\/pesquisa_legislacao\/108202\/lei-22447\" target=\"_blank\" rel=\"noopener\">Reda\u00e7\u00e3o dada pela Lei n\u00ba\u00a0<\/a><a href=\"https:\/\/legisla.casacivil.go.gov.br\/pesquisa_legislacao\/108202\/lei-22447\" target=\"_blank\" rel=\"noopener\">22.447, de 7-12-2023<\/a>.\u00a0<\/p>\n<p class=\"alinea\">a) da infraestrutura dos transportes rodovi\u00e1rio, ferrovi\u00e1rio, aerovi\u00e1rio e hidrovi\u00e1rio;<\/p>\n<p class=\"alinea\">b) da estrutura operacional de transportes;<\/p>\n<p class=\"alinea\">c) das obras p\u00fablicas estaduais;<\/p>\n<p class=\"alinea\">d) do apoio e do fomento ao desenvolvimento das infraestruturas municipais;<\/p>\n<p class=\"alinea\">e) do saneamento b\u00e1sico; e<\/p>\n<p class=\"alinea\">f) da habita\u00e7\u00e3o e da regulariza\u00e7\u00e3o fundi\u00e1ria das ocupa\u00e7\u00f5es de im\u00f3veis urbanos de interesse social;<\/p>\n<p class=\"inciso\">II \u2013 a formula\u00e7\u00e3o da pol\u00edtica p\u00fablica, o inter\u2013relacionamento institucional com os \u00f3rg\u00e3os federais competentes e a elabora\u00e7\u00e3o de planos relativos ao setor do transporte aerovi\u00e1rio, bem como as pesquisas cient\u00edfica e tecnol\u00f3gica nas \u00e1reas de transportes e obras p\u00fablicas;<\/p>\n<p class=\"inciso\">III \u2013 a formula\u00e7\u00e3o da pol\u00edtica dos distritos agroindustriais;<\/p>\n<p class=\"inciso\">IV \u2013 a celebra\u00e7\u00e3o de conv\u00eanios, acordos, contratos e demais instrumentos legais, dentro de suas compet\u00eancias;<\/p>\n<p class=\"inciso\">V \u2013 a participa\u00e7\u00e3o nas negocia\u00e7\u00f5es de empr\u00e9stimos com institui\u00e7\u00f5es p\u00fablicas ou privadas, nacionais ou internacionais, para o financiamento de programas, projetos e obras de sua compet\u00eancia;<\/p>\n<p class=\"inciso\">VI \u2013 o planejamento, a dire\u00e7\u00e3o, a execu\u00e7\u00e3o, o controle, a regula\u00e7\u00e3o e a avalia\u00e7\u00e3o das a\u00e7\u00f5es setoriais a cargo do Estado relativas \u00e0s concess\u00f5es e a outras parcerias p\u00fablico\u2013privadas sob sua compet\u00eancia; e<\/p>\n<p class=\"inciso\">VII \u2013 a participa\u00e7\u00e3o, como interveniente, nos conv\u00eanios cujo objeto fa\u00e7a parte de suas atribui\u00e7\u00f5es, de forma a exercer o controle das pol\u00edticas p\u00fablicas relacionadas.<\/p>\n<p class=\"inciso\">VIII \u2013 a elabora\u00e7\u00e3o e o acompanhamento de projetos de habita\u00e7\u00e3o, de saneamento b\u00e1sico, exceto res\u00edduos s\u00f3lidos, que podem ser financiados com recursos:<br \/>&#8211;\u00a0<a href=\"https:\/\/legisla.casacivil.go.gov.br\/pesquisa_legislacao\/108202\/lei-22447\" target=\"_blank\" rel=\"noopener\">Acrescido pela Lei n\u00ba\u00a0<\/a><a href=\"https:\/\/legisla.casacivil.go.gov.br\/pesquisa_legislacao\/108202\/lei-22447\" target=\"_blank\" rel=\"noopener\">22.447, de 7-12-2023<\/a>.\u00a0<\/p>\n<p class=\"alinea\">a) do Or\u00e7amento-Geral do Estado; e<br \/>&#8211;\u00a0<a href=\"https:\/\/legisla.casacivil.go.gov.br\/pesquisa_legislacao\/108202\/lei-22447\" target=\"_blank\" rel=\"noopener\">Acrescida pela Lei n\u00ba\u00a0<\/a><a href=\"https:\/\/legisla.casacivil.go.gov.br\/pesquisa_legislacao\/108202\/lei-22447\" target=\"_blank\" rel=\"noopener\">22.447, de 7-12-2023<\/a>.\u00a0<\/p>\n<p class=\"alinea\">b) provenientes de outros entes federativos, transferidos \u00e0 SEINFRA por qualquer instrumento;<br \/>&#8211;\u00a0<a href=\"https:\/\/legisla.casacivil.go.gov.br\/pesquisa_legislacao\/108202\/lei-22447\" target=\"_blank\" rel=\"noopener\">Acrescida pela Lei n\u00ba\u00a0<\/a><a href=\"https:\/\/legisla.casacivil.go.gov.br\/pesquisa_legislacao\/108202\/lei-22447\" target=\"_blank\" rel=\"noopener\">22.447, de 7-12-2023<\/a>.\u00a0<\/p>\n<p class=\"inciso\">IX \u2013 a execu\u00e7\u00e3o de obras p\u00fablicas, com os respectivos pagamentos, a serem custeadas com recursos advindos de emendas parlamentares.<br \/>&#8211;\u00a0<a href=\"https:\/\/legisla.casacivil.go.gov.br\/pesquisa_legislacao\/108202\/lei-22447\" target=\"_blank\" rel=\"noopener\">Acrescido pela Lei n\u00ba\u00a0<\/a><a href=\"https:\/\/legisla.casacivil.go.gov.br\/pesquisa_legislacao\/108202\/lei-22447\" target=\"_blank\" rel=\"noopener\">22.447, de 7-12-2023<\/a>.\u00a0<\/p>\n<p>\u00a7 1\u00ba A SEINFRA, no exerc\u00edcio de suas compet\u00eancias, atuar\u00e1 na esfera do saneamento b\u00e1sico, exceto res\u00edduos s\u00f3lidos, sobre o conjunto dos servi\u00e7os p\u00fablicos de abastecimento de \u00e1gua, esgotamento sanit\u00e1rio, drenagem e manejo das \u00e1guas pluviais urbanas.<br \/>&#8211;\u00a0<a href=\"https:\/\/legisla.casacivil.go.gov.br\/pesquisa_legislacao\/108202\/lei-22447\" target=\"_blank\" rel=\"noopener\">Acrescido pela Lei n\u00ba\u00a0<\/a><a href=\"https:\/\/legisla.casacivil.go.gov.br\/pesquisa_legislacao\/108202\/lei-22447\" target=\"_blank\" rel=\"noopener\">22.447, de 7-12-2023<\/a>.\u00a0<\/p>\n<p>\u00a7 2\u00ba As obras decorrentes das pol\u00edticas formuladas pela SEINFRA poder\u00e3o ser executadas na pr\u00f3pria pasta, custeadas por emendas parlamentares e demais transfer\u00eancias de recursos, ou quando houver designa\u00e7\u00e3o expressa do Chefe do Poder Executivo.<br \/>&#8211;\u00a0<a href=\"https:\/\/legisla.casacivil.go.gov.br\/pesquisa_legislacao\/108202\/lei-22447\" target=\"_blank\" rel=\"noopener\">Acrescido pela Lei n\u00ba\u00a0<\/a><a href=\"https:\/\/legisla.casacivil.go.gov.br\/pesquisa_legislacao\/108202\/lei-22447\" target=\"_blank\" rel=\"noopener\">22.447, de 7-12-2023<\/a>.\u00a0<\/p>\n<p class=\"artigo\">Art. 28. O controle final\u00edstico exercido pela SEINFRA sobre as entidades a ela jurisdicionadas, integrantes da administra\u00e7\u00e3o indireta, buscar\u00e1 assegurar que a atua\u00e7\u00e3o delas observe a pol\u00edtica p\u00fablica estadual formulada pela secretaria, em aten\u00e7\u00e3o \u00e0 atribui\u00e7\u00e3o legal dela quanto ao monitoramento e ao acompanhamento de sua execu\u00e7\u00e3o.<\/p>\n<h4 class=\"artigo\"><span style=\"color: #008000;\">Art. 29. O controle a que se refere o art. 28 ser\u00e1 exercido mediante:<\/span><\/h4>\n<p class=\"inciso\">I \u2013 a indica\u00e7\u00e3o ao Chefe do Poder Executivo dos membros para composi\u00e7\u00e3o das Juntas Administrativas de Recursos de Infra\u00e7\u00f5es \u2013 JARIs da Ag\u00eancia Goiana de Infraestrutura e Transportes \u2013 GOINFRA;<\/p>\n<p class=\"inciso\">II \u2013 a aprova\u00e7\u00e3o anual da proposta or\u00e7ament\u00e1ria da entidade, no caso das autarquias, das funda\u00e7\u00f5es e das estatais dependentes;<\/p>\n<p class=\"inciso\">III \u2013 o julgamento em car\u00e1ter definitivo e irrecorr\u00edvel dos recursos contra decis\u00f5es das autoridades m\u00e1ximas das entidades jurisdicionadas, no caso de autarquias, funda\u00e7\u00f5es e estatais dependentes;<\/p>\n<p class=\"inciso\">IV \u2013 a avoca\u00e7\u00e3o de processos em curso nas entidades jurisdicionadas, de maneira fundamentada e com o objetivo de resguardar a compatibilidade das a\u00e7\u00f5es da entidade com a respectiva pol\u00edtica p\u00fablica setorial, no caso das autarquias, das funda\u00e7\u00f5es e das estatais dependentes;<\/p>\n<p class=\"inciso\">V \u2013 o recebimento das solicita\u00e7\u00f5es de Cronograma Mensal de Desembolso Financeiro e Programa\u00e7\u00e3o de Desembolso Financeiro relacionadas \u00e0s licita\u00e7\u00f5es, \u00e0s contrata\u00e7\u00f5es e aos ajustes em geral que as autarquias, as funda\u00e7\u00f5es e as estatais dependentes pretendam formalizar, para manifesta\u00e7\u00e3o quanto \u00e0 conveni\u00eancia e \u00e0 oportunidade de sua realiza\u00e7\u00e3o \u00e0 luz do planejamento setorial da respectiva pol\u00edtica p\u00fablica, com posterior encaminhamento \u00e0 ECONOMIA, para delibera\u00e7\u00e3o quanto \u00e0 sua libera\u00e7\u00e3o; e<\/p>\n<p class=\"inciso\">VI \u2013 no caso das autarquias, das funda\u00e7\u00f5es e das estatais dependentes, firmar, como interveniente, os conv\u00eanios cujo objeto se refira \u00e0s suas atribui\u00e7\u00f5es legais, de forma a exercer o controle da respectiva pol\u00edtica p\u00fablica.<\/p>\n<h4 class=\"artigo\"><span style=\"color: #008000;\">Art. 30. Integram a SEINFRA, como \u00f3rg\u00e3os colegiados:<\/span><\/h4>\n<p class=\"inciso\">I \u2013 o Conselho Estadual de Saneamento;<\/p>\n<p class=\"inciso\">II \u2013 o Conselho Gestor do FUNDEINFRA; e<\/p>\n<p class=\"inciso\">III \u2013 o Conselho Gestor de Infraestrutura e Habita\u00e7\u00e3o.<\/p>\n<p class=\"paragrafo\">Par\u00e1grafo \u00fanico. O Conselho Gestor de Infraestrutura e Habita\u00e7\u00e3o, que possui a fun\u00e7\u00e3o consultiva para o estabelecimento de diretrizes para as pol\u00edticas p\u00fablicas nas \u00e1reas de infraestrutura e habita\u00e7\u00e3o, \u00e9 composto pelos titulares das seguintes unidades, que, ao se ausentarem ou estarem impedidas, dever\u00e3o designar seus representantes:<\/p>\n<p class=\"inciso\">I \u2013 Secretaria de Estado da Infraestrutura, na fun\u00e7\u00e3o de Presidente;<\/p>\n<p class=\"inciso\">II \u2013 Ag\u00eancia Goiana de Habita\u00e7\u00e3o S\/A \u2013 AGEHAB;<\/p>\n<p class=\"inciso\">III \u2013 Ag\u00eancia Goiana de Infraestrutura e Transportes \u2013 GOINFRA;<\/p>\n<p class=\"inciso\">IV \u2013 Companhia de Desenvolvimento Econ\u00f4mico de Goi\u00e1s \u2013 CODEGO;<\/p>\n<p class=\"inciso\">V \u2013 Saneamento de Goi\u00e1s S\/A \u2013 SANEAGO; e<\/p>\n<p class=\"inciso\">VI \u2013 Subsecretaria de Pol\u00edticas P\u00fablicas para Obras e Saneamento, da SEINFRA; e<br \/>&#8211;\u00a0<a href=\"https:\/\/legisla.casacivil.go.gov.br\/pesquisa_legislacao\/108202\/lei-22447\" target=\"_blank\" rel=\"noopener\">Reda\u00e7\u00e3o dada pela Lei n\u00ba\u00a0<\/a><a href=\"https:\/\/legisla.casacivil.go.gov.br\/pesquisa_legislacao\/108202\/lei-22447\" target=\"_blank\" rel=\"noopener\">22.447, de 7-12-2023<\/a>.\u00a0<\/p>\n<p class=\"inciso\">VII \u2013 Subsecretaria de Pol\u00edticas Habitacionais, Parcerias e Inova\u00e7\u00e3o, da SEINFRA.<br \/>&#8211;\u00a0<a href=\"https:\/\/legisla.casacivil.go.gov.br\/pesquisa_legislacao\/108202\/lei-22447\" target=\"_blank\" rel=\"noopener\">Acrescido pela Lei n\u00ba\u00a0<\/a><a href=\"https:\/\/legisla.casacivil.go.gov.br\/pesquisa_legislacao\/108202\/lei-22447\" target=\"_blank\" rel=\"noopener\">22.447, de 7-12-2023<\/a>.\u00a0<\/p>\n\n\n\n<p><\/p>\n","protected":false},"excerpt":{"rendered":"<p>Segundo o estabelecido na\u00a0Lei n\u00ba 21.792, de 16 de fevereiro de 2023, e pelo Decreto n\u00ba 10.857, de 26 de janeiro de 2026, que aprovou o Regulamento da Secretaria de Estado da Infraestrutura: Art. 27. \u00c0 SEINFRA competem: I \u2013 a formula\u00e7\u00e3o das pol\u00edticas estaduais de habita\u00e7\u00e3o, obras p\u00fablicas e saneamento b\u00e1sico, exceto de res\u00edduos [&hellip;]<\/p>\n","protected":false},"author":62,"featured_media":0,"parent":0,"menu_order":0,"comment_status":"closed","ping_status":"closed","template":"","meta":{"footnotes":""},"class_list":["post-203328","page","type-page","status-publish","hentry"],"rttpg_featured_image_url":null,"rttpg_author":{"display_name":"italoreis","author_link":"https:\/\/goias.gov.br\/seinfra\/author\/italoreis\/"},"rttpg_comment":0,"rttpg_category":null,"rttpg_excerpt":"Segundo o estabelecido na\u00a0Lei n\u00ba 21.792, de 16 de fevereiro de 2023, e pelo Decreto n\u00ba 10.857, de 26 de janeiro de 2026, que aprovou o Regulamento da Secretaria de Estado da Infraestrutura: Art. 27. \u00c0 SEINFRA competem: I \u2013 a formula\u00e7\u00e3o das pol\u00edticas estaduais de habita\u00e7\u00e3o, obras p\u00fablicas e saneamento b\u00e1sico, exceto de res\u00edduos&hellip;","_links":{"self":[{"href":"https:\/\/goias.gov.br\/seinfra\/wp-json\/wp\/v2\/pages\/203328","targetHints":{"allow":["GET"]}}],"collection":[{"href":"https:\/\/goias.gov.br\/seinfra\/wp-json\/wp\/v2\/pages"}],"about":[{"href":"https:\/\/goias.gov.br\/seinfra\/wp-json\/wp\/v2\/types\/page"}],"author":[{"embeddable":true,"href":"https:\/\/goias.gov.br\/seinfra\/wp-json\/wp\/v2\/users\/62"}],"replies":[{"embeddable":true,"href":"https:\/\/goias.gov.br\/seinfra\/wp-json\/wp\/v2\/comments?post=203328"}],"version-history":[{"count":2,"href":"https:\/\/goias.gov.br\/seinfra\/wp-json\/wp\/v2\/pages\/203328\/revisions"}],"predecessor-version":[{"id":246451,"href":"https:\/\/goias.gov.br\/seinfra\/wp-json\/wp\/v2\/pages\/203328\/revisions\/246451"}],"wp:attachment":[{"href":"https:\/\/goias.gov.br\/seinfra\/wp-json\/wp\/v2\/media?parent=203328"}],"curies":[{"name":"wp","href":"https:\/\/api.w.org\/{rel}","templated":true}]}}