

{"id":203324,"date":"2024-06-06T18:34:36","date_gmt":"2024-06-06T21:34:36","guid":{"rendered":"https:\/\/goias.gov.br\/seinfra\/?page_id=203324"},"modified":"2026-02-10T09:51:58","modified_gmt":"2026-02-10T12:51:58","slug":"legislacao-aplicavel","status":"publish","type":"page","link":"https:\/\/goias.gov.br\/seinfra\/legislacao-aplicavel\/","title":{"rendered":"Legisla\u00e7\u00e3o Aplic\u00e1vel"},"content":{"rendered":"\t\t<div data-elementor-type=\"wp-page\" data-elementor-id=\"203324\" class=\"elementor elementor-203324\">\n\t\t\t\t<div class=\"elementor-element elementor-element-be98a2a e-flex e-con-boxed e-con e-parent\" data-id=\"be98a2a\" data-element_type=\"container\" data-e-type=\"container\">\n\t\t\t\t\t<div class=\"e-con-inner\">\n\t\t\t\t<div class=\"elementor-element elementor-element-06cdd20 elementor-widget elementor-widget-n-accordion\" data-id=\"06cdd20\" data-element_type=\"widget\" data-e-type=\"widget\" data-settings=\"{&quot;default_state&quot;:&quot;expanded&quot;,&quot;max_items_expended&quot;:&quot;one&quot;,&quot;n_accordion_animation_duration&quot;:{&quot;unit&quot;:&quot;ms&quot;,&quot;size&quot;:400,&quot;sizes&quot;:[]}}\" data-widget_type=\"nested-accordion.default\">\n\t\t\t\t\t\t\t<div class=\"e-n-accordion\" aria-label=\"Accordion. Open links with Enter or Space, close with Escape, and navigate with Arrow Keys\">\n\t\t\t\t\t\t<details id=\"e-n-accordion-item-7130\" class=\"e-n-accordion-item\" open>\n\t\t\t\t<summary class=\"e-n-accordion-item-title\" data-accordion-index=\"1\" tabindex=\"0\" aria-expanded=\"true\" aria-controls=\"e-n-accordion-item-7130\" >\n\t\t\t\t\t<span class='e-n-accordion-item-title-header'><div class=\"e-n-accordion-item-title-text\"> Legisla\u00e7\u00f5es Seinfra <\/div><\/span>\n\t\t\t\t\t\t\t<span class='e-n-accordion-item-title-icon'>\n\t\t\t<span class='e-opened' ><svg aria-hidden=\"true\" class=\"e-font-icon-svg e-fas-chevron-down\" viewBox=\"0 0 448 512\" xmlns=\"http:\/\/www.w3.org\/2000\/svg\"><path d=\"M207.029 381.476L12.686 187.132c-9.373-9.373-9.373-24.569 0-33.941l22.667-22.667c9.357-9.357 24.522-9.375 33.901-.04L224 284.505l154.745-154.021c9.379-9.335 24.544-9.317 33.901.04l22.667 22.667c9.373 9.373 9.373 24.569 0 33.941L240.971 381.476c-9.373 9.372-24.569 9.372-33.942 0z\"><\/path><\/svg><\/span>\n\t\t\t<span class='e-closed'><svg aria-hidden=\"true\" class=\"e-font-icon-svg e-fas-chevron-right\" viewBox=\"0 0 320 512\" xmlns=\"http:\/\/www.w3.org\/2000\/svg\"><path d=\"M285.476 272.971L91.132 467.314c-9.373 9.373-24.569 9.373-33.941 0l-22.667-22.667c-9.357-9.357-9.375-24.522-.04-33.901L188.505 256 34.484 101.255c-9.335-9.379-9.317-24.544.04-33.901l22.667-22.667c9.373-9.373 24.569-9.373 33.941 0L285.475 239.03c9.373 9.372 9.373 24.568.001 33.941z\"><\/path><\/svg><\/span>\n\t\t<\/span>\n\n\t\t\t\t\t\t<\/summary>\n\t\t\t\t<div role=\"region\" aria-labelledby=\"e-n-accordion-item-7130\" class=\"elementor-element elementor-element-7d519b8 e-con-full e-flex e-con e-child\" data-id=\"7d519b8\" data-element_type=\"container\" data-e-type=\"container\">\n\t\t\t\t<div class=\"elementor-element elementor-element-6f36242 elementor-widget elementor-widget-text-editor\" data-id=\"6f36242\" data-element_type=\"widget\" data-e-type=\"widget\" data-widget_type=\"text-editor.default\">\n\t\t\t\t\t\t\t\t\t<ul><li><a href=\"https:\/\/legisla.casacivil.go.gov.br\/pesquisa_legislacao\/112449\/decreto-10857\">Regulamento<\/a><\/li><li><a href=\"https:\/\/goias.gov.br\/seinfra\/legislacoes-da-seinfra\/\">Legisla\u00e7\u00f5es Seinfra<\/a><\/li><\/ul>\t\t\t\t\t\t\t\t<\/div>\n\t\t\t\t<\/div>\n\t\t\t\t\t<\/details>\n\t\t\t\t\t\t<details id=\"e-n-accordion-item-7131\" class=\"e-n-accordion-item\" >\n\t\t\t\t<summary class=\"e-n-accordion-item-title\" data-accordion-index=\"2\" tabindex=\"-1\" aria-expanded=\"false\" aria-controls=\"e-n-accordion-item-7131\" >\n\t\t\t\t\t<span class='e-n-accordion-item-title-header'><div class=\"e-n-accordion-item-title-text\"> Legisla\u00e7\u00f5es Fundeinfra <\/div><\/span>\n\t\t\t\t\t\t\t<span class='e-n-accordion-item-title-icon'>\n\t\t\t<span class='e-opened' ><svg aria-hidden=\"true\" class=\"e-font-icon-svg e-fas-chevron-down\" viewBox=\"0 0 448 512\" xmlns=\"http:\/\/www.w3.org\/2000\/svg\"><path d=\"M207.029 381.476L12.686 187.132c-9.373-9.373-9.373-24.569 0-33.941l22.667-22.667c9.357-9.357 24.522-9.375 33.901-.04L224 284.505l154.745-154.021c9.379-9.335 24.544-9.317 33.901.04l22.667 22.667c9.373 9.373 9.373 24.569 0 33.941L240.971 381.476c-9.373 9.372-24.569 9.372-33.942 0z\"><\/path><\/svg><\/span>\n\t\t\t<span class='e-closed'><svg aria-hidden=\"true\" class=\"e-font-icon-svg e-fas-chevron-right\" viewBox=\"0 0 320 512\" xmlns=\"http:\/\/www.w3.org\/2000\/svg\"><path d=\"M285.476 272.971L91.132 467.314c-9.373 9.373-24.569 9.373-33.941 0l-22.667-22.667c-9.357-9.357-9.375-24.522-.04-33.901L188.505 256 34.484 101.255c-9.335-9.379-9.317-24.544.04-33.901l22.667-22.667c9.373-9.373 24.569-9.373 33.941 0L285.475 239.03c9.373 9.372 9.373 24.568.001 33.941z\"><\/path><\/svg><\/span>\n\t\t<\/span>\n\n\t\t\t\t\t\t<\/summary>\n\t\t\t\t<div role=\"region\" aria-labelledby=\"e-n-accordion-item-7131\" class=\"elementor-element elementor-element-c6c477a e-con-full e-flex e-con e-child\" data-id=\"c6c477a\" data-element_type=\"container\" data-e-type=\"container\">\n\t\t\t\t<div class=\"elementor-element elementor-element-cd150ac elementor-widget elementor-widget-text-editor\" data-id=\"cd150ac\" data-element_type=\"widget\" data-e-type=\"widget\" data-widget_type=\"text-editor.default\">\n\t\t\t\t\t\t\t\t\t<ul><li><a href=\"https:\/\/goias.gov.br\/seinfra\/legislacoes-fundeinfra\/\">Legisla\u00e7\u00f5es Fundeinfra<\/a><\/li><\/ul>\t\t\t\t\t\t\t\t<\/div>\n\t\t\t\t<\/div>\n\t\t\t\t\t<\/details>\n\t\t\t\t\t<\/div>\n\t\t\t\t\t\t<\/div>\n\t\t\t\t\t<\/div>\n\t\t\t\t<\/div>\n\t\t<div class=\"elementor-element elementor-element-e06b0e4 e-flex e-con-boxed e-con e-parent\" data-id=\"e06b0e4\" data-element_type=\"container\" data-e-type=\"container\">\n\t\t\t\t\t<div class=\"e-con-inner\">\n\t\t\t\t\t<\/div>\n\t\t\t\t<\/div>\n\t\t\t\t<\/div>\n\t\t","protected":false},"excerpt":{"rendered":"<p>Legisla\u00e7\u00f5es Seinfra Regulamento Legisla\u00e7\u00f5es Seinfra Legisla\u00e7\u00f5es Fundeinfra Legisla\u00e7\u00f5es Fundeinfra Regulamento Legisla\u00e7\u00f5es Seinfra Legisla\u00e7\u00f5es Fundeinfra<\/p>\n","protected":false},"author":62,"featured_media":0,"parent":0,"menu_order":0,"comment_status":"closed","ping_status":"closed","template":"","meta":{"footnotes":""},"class_list":["post-203324","page","type-page","status-publish","hentry"],"rttpg_featured_image_url":null,"rttpg_author":{"display_name":"italoreis","author_link":"https:\/\/goias.gov.br\/seinfra\/author\/italoreis\/"},"rttpg_comment":0,"rttpg_category":null,"rttpg_excerpt":"Legisla\u00e7\u00f5es Seinfra Regulamento Legisla\u00e7\u00f5es Seinfra Legisla\u00e7\u00f5es Fundeinfra Legisla\u00e7\u00f5es Fundeinfra Regulamento Legisla\u00e7\u00f5es Seinfra Legisla\u00e7\u00f5es Fundeinfra","_links":{"self":[{"href":"https:\/\/goias.gov.br\/seinfra\/wp-json\/wp\/v2\/pages\/203324","targetHints":{"allow":["GET"]}}],"collection":[{"href":"https:\/\/goias.gov.br\/seinfra\/wp-json\/wp\/v2\/pages"}],"about":[{"href":"https:\/\/goias.gov.br\/seinfra\/wp-json\/wp\/v2\/types\/page"}],"author":[{"embeddable":true,"href":"https:\/\/goias.gov.br\/seinfra\/wp-json\/wp\/v2\/users\/62"}],"replies":[{"embeddable":true,"href":"https:\/\/goias.gov.br\/seinfra\/wp-json\/wp\/v2\/comments?post=203324"}],"version-history":[{"count":2,"href":"https:\/\/goias.gov.br\/seinfra\/wp-json\/wp\/v2\/pages\/203324\/revisions"}],"predecessor-version":[{"id":247231,"href":"https:\/\/goias.gov.br\/seinfra\/wp-json\/wp\/v2\/pages\/203324\/revisions\/247231"}],"wp:attachment":[{"href":"https:\/\/goias.gov.br\/seinfra\/wp-json\/wp\/v2\/media?parent=203324"}],"curies":[{"name":"wp","href":"https:\/\/api.w.org\/{rel}","templated":true}]}}