

{"id":202881,"date":"2024-04-18T15:51:33","date_gmt":"2024-04-18T18:51:33","guid":{"rendered":"https:\/\/goias.gov.br\/seinfra\/?page_id=202881"},"modified":"2025-10-29T14:57:20","modified_gmt":"2025-10-29T17:57:20","slug":"lista-de-trabalhadores-terceirizados","status":"publish","type":"page","link":"https:\/\/goias.gov.br\/seinfra\/lista-de-trabalhadores-terceirizados\/","title":{"rendered":"Lista de Trabalhadores Terceirizados"},"content":{"rendered":"\n<p>Dados atualizados em 29 de outubro de 2025<\/p>\n\n\n\n<ul class=\"wp-block-list\">\n<li><a href=\"https:\/\/goias.gov.br\/seinfra\/terceirizados-auxiliar-de-servicos-gerais-2024-2025\/\">Auxiliar de Servi\u00e7os Gerais, Limpeza, Copeira, Recepcionista &#8211; Alfa e \u00d4mega Servi\u00e7os<\/a>&nbsp;(In\u00edcio da Vig\u00eancia: 11\/06\/2024 &#8211; T\u00e9rmino da Vig\u00eancia: 11\/06\/2025)<\/li>\n\n\n\n<li><a href=\"https:\/\/goias.gov.br\/seinfra\/terceirizados-auxiliar-de-servicos-gerais\/\">Auxiliar de Servi\u00e7os Gerais, Limpeza, Copeira, Recepcionista &#8211; Alfa e \u00d4mega Servi\u00e7os<\/a>&nbsp;(In\u00edcio da Vig\u00eancia: 12\/06\/2025 &#8211; T\u00e9rmino da Vig\u00eancia: 11\/02\/2026)<\/li>\n<\/ul>\n","protected":false},"excerpt":{"rendered":"<p>Dados atualizados em 29 de outubro de 2025<\/p>\n","protected":false},"author":154,"featured_media":0,"parent":0,"menu_order":0,"comment_status":"closed","ping_status":"closed","template":"","meta":{"footnotes":""},"class_list":["post-202881","page","type-page","status-publish","hentry"],"rttpg_featured_image_url":null,"rttpg_author":{"display_name":"rainaramedeiros","author_link":"https:\/\/goias.gov.br\/seinfra\/author\/rainaramedeiros\/"},"rttpg_comment":0,"rttpg_category":null,"rttpg_excerpt":"Dados atualizados em 29 de outubro de 2025","_links":{"self":[{"href":"https:\/\/goias.gov.br\/seinfra\/wp-json\/wp\/v2\/pages\/202881","targetHints":{"allow":["GET"]}}],"collection":[{"href":"https:\/\/goias.gov.br\/seinfra\/wp-json\/wp\/v2\/pages"}],"about":[{"href":"https:\/\/goias.gov.br\/seinfra\/wp-json\/wp\/v2\/types\/page"}],"author":[{"embeddable":true,"href":"https:\/\/goias.gov.br\/seinfra\/wp-json\/wp\/v2\/users\/154"}],"replies":[{"embeddable":true,"href":"https:\/\/goias.gov.br\/seinfra\/wp-json\/wp\/v2\/comments?post=202881"}],"version-history":[{"count":2,"href":"https:\/\/goias.gov.br\/seinfra\/wp-json\/wp\/v2\/pages\/202881\/revisions"}],"predecessor-version":[{"id":241511,"href":"https:\/\/goias.gov.br\/seinfra\/wp-json\/wp\/v2\/pages\/202881\/revisions\/241511"}],"wp:attachment":[{"href":"https:\/\/goias.gov.br\/seinfra\/wp-json\/wp\/v2\/media?parent=202881"}],"curies":[{"name":"wp","href":"https:\/\/api.w.org\/{rel}","templated":true}]}}