

{"id":200919,"date":"2023-10-20T10:10:30","date_gmt":"2023-10-20T13:10:30","guid":{"rendered":"https:\/\/siteshom.goias.gov.br\/seinfra\/agenda-de-autoridades\/"},"modified":"2026-04-21T22:54:31","modified_gmt":"2026-04-22T01:54:31","slug":"agenda-de-autoridades","status":"publish","type":"page","link":"https:\/\/goias.gov.br\/seinfra\/agenda-de-autoridades\/","title":{"rendered":"Agenda de Autoridades"},"content":{"rendered":"<p><strong style='margin-block-end: -1.8rem'><a href='https:\/\/goias.gov.br\/seinfra\/secretario-de-estado\/'>Secret\u00e1rio de Estado<\/a><\/strong><br \/>ADIB ELIAS J\u00daNIOR<\/p>\n<p><strong style='margin-block-end: -1.8rem'><a href='https:\/\/goias.gov.br\/seinfra\/chefe-de-gabinete\/'>Chefe de Gabinete<\/a><\/strong><br \/>RICARDO DE OLIVEIRA SILVA<\/p>\n<p><strong style='margin-block-end: -1.8rem'><a href='https:\/\/goias.gov.br\/seinfra\/subsecretario-de-controle-interno-e-compliance\/'>Subsecret\u00e1rio de Controle Interno e Compliance<\/a><\/strong><br \/>CLAUDIO CASALINI MARTINS CORREIA<\/p>\n<p><strong style='margin-block-end: -1.8rem'><a href='https:\/\/goias.gov.br\/seinfra\/superintendente-de-controle-interno-e-correicao\/'>Superintendente de Controle Interno e Correi\u00e7\u00e3o<\/a><\/strong><br \/>STELLA MARIS HUSNI FRANCO<\/p>\n<p><strong style='margin-block-end: -1.8rem'><a href='https:\/\/goias.gov.br\/seinfra\/superintendente-de-gestao-integrada\/'>Superintendente de Gest\u00e3o Integrada<\/a><\/strong><br \/>MARCELA INACIO ESTEVES DOS SANTOS<\/p>\n<p><strong style='margin-block-end: -1.8rem'><a href='https:\/\/goias.gov.br\/seinfra\/superintendente-de-governo-aberto-e-participacao-cidada\/'>Superintendente de Governo Aberto e Participa\u00e7\u00e3o Cidad\u00e3<\/a><\/strong><br \/>JULIO CESAR CAMARGO<\/p>\n<p><strong style='margin-block-end: -1.8rem'><a href='https:\/\/goias.gov.br\/seinfra\/superintendente-de-planejamento-de-programas-habitacionais\/'>Superintendente de Planejamento de Programas Habitacionais<\/a><\/strong><br \/>KELLE CRISTINA ASSIS DE CASTRO<\/p>\n<p><strong style='margin-block-end: -1.8rem'><a href='https:\/\/goias.gov.br\/seinfra\/superintendente-de-planejamento-de-saneamento\/'>Superintendente de Planejamento de Saneamento<\/a><\/strong><br \/>RICARDO DE SOUSA CORREIA<\/p>\n<p><strong style='margin-block-end: -1.8rem'><a href='https:\/\/goias.gov.br\/seinfra\/superintendente-de-planejamento-do-fundo-estadual-de-infraestrutura\/'>Superintendente de Planejamento do Fundo Estadual de Infraestrutura<\/a><\/strong><br \/>LEONARDO OLIVEIRA MENESES<\/p>\n<p><strong style='margin-block-end: -1.8rem'><a href='https:\/\/goias.gov.br\/seinfra\/superintendente-de-tecnologia-e-inovacao\/'>Superintendente de Tecnologia e Inova\u00e7\u00e3o<\/a><\/strong><br \/>TATIANA LISITA RIBERA<\/p>\n<p><strong style='margin-block-end: -1.8rem'><a href='https:\/\/goias.gov.br\/seinfra\/superintendente-de-execucao-de-obras-publicas\/'>Superintendente de Execu\u00e7\u00e3o de Obras P\u00fablicas<\/a><\/strong><br \/>JULIANE LELES DE ASSUNCAO<\/p>\n<p><strong style='margin-block-end: -1.8rem'><a href='https:\/\/goias.gov.br\/seinfra\/chefe-da-comunicacao-setorial\/'>Chefe da Comunica\u00e7\u00e3o Setorial<\/a><\/strong><br \/>GISELLE VANESSA DA COSTA CARVALHO<\/p>\n<p><strong style='margin-block-end: -1.8rem'><a href='https:\/\/goias.gov.br\/seinfra\/chefe-da-procuradoria-setorial\/'>Chefe da Procuradoria Setorial<\/a><\/strong><br \/>JULIO GOMES<\/p>\n<p><strong style='margin-block-end: -1.8rem'><a href='https:\/\/goias.gov.br\/seinfra\/chefe-do-escritorio-de-projetos-setorial\/'>Chefe do Escrit\u00f3rio de Projetos Setorial<\/a><\/strong><br \/>ROMULO CESAR BARBOSA MARQUES<\/p>\n<p><strong style='margin-block-end: -1.8rem'><a href='https:\/\/goias.gov.br\/seinfra\/assessor-de-captacao-de-recursos-e-convenios\/'>Assessor de Capta\u00e7\u00e3o de Recursos e Conv\u00eanios<\/a><\/strong><br \/>VICTOR YAGO SOUZA BRITO<\/p>\n<p><strong style='margin-block-end: -1.8rem'><a href='https:\/\/goias.gov.br\/seinfra\/assessor-de-concessoes-e-parcerias-publico-privadas\/'>Assessor de Concess\u00f5es e Parcerias P\u00fablico-Privadas<\/a><\/strong><br \/>LEONARDO FERREIRA DE SOUZA<\/p>\n<p><strong style='margin-block-end: -1.8rem'><a href='https:\/\/goias.gov.br\/seinfra\/subsecretario-de-politicas-programas-e-parcerias-de-infraestrutura\/'>Subsecret\u00e1rio de Pol\u00edticas, Programas e Parcerias de Infraestrutura<\/a><\/strong><br \/>RENATO MENESES TORRES<\/p>\n<p><strong style='margin-block-end: -1.8rem'><a href='https:\/\/goias.gov.br\/seinfra\/superintendente-de-projetos-e-orcamentos-de-obras\/'>Superintendente de Projetos e Or\u00e7amentos de Obras<\/a><\/strong><br \/>THIAGO ALVES SILVA<\/p>\n<p><strong style='margin-block-end: -1.8rem'><a href='https:\/\/goias.gov.br\/seinfra\/assessora-de-controle-finalistico\/'>Assessora de Controle Final\u00edstico<\/a><\/strong><br \/>ANDREA DE BRITO MACHADO DIAS<\/p>\n<p><strong style='margin-block-end: -1.8rem'><a href='https:\/\/goias.gov.br\/seinfra\/assessora-de-planejamento-e-programacao-de-investimentos\/'>Assessora de Planejamento e Programa\u00e7\u00e3o de Investimentos<\/a><\/strong><br \/>LORENA SILVA PEREIRA<\/p>\n<p><strong style='margin-block-end: -1.8rem'><a href='https:\/\/goias.gov.br\/seinfra\/assessoria-executiva\/'>Assessoria Executiva<\/a><\/strong><br \/>JOS\u00c9 FRANCISCO CUST\u00d3DIO J\u00daNIOR<\/p>\n<p><strong style='margin-block-end: -1.8rem'><a href='https:\/\/goias.gov.br\/seinfra\/assessoria-executiva_\/'>Assessoria Executiva_<\/a><\/strong><br \/>S\u00d4NIA F\u00c1TIMA DA SILVA TELES<\/p>\n","protected":false},"excerpt":{"rendered":"<p>Secret\u00e1rio de EstadoADIB ELIAS J\u00daNIOR Chefe de GabineteRICARDO DE OLIVEIRA SILVA Subsecret\u00e1rio de Controle Interno e ComplianceCLAUDIO CASALINI MARTINS CORREIA Superintendente de Controle Interno e Correi\u00e7\u00e3oSTELLA MARIS HUSNI FRANCO Superintendente de Gest\u00e3o IntegradaMARCELA INACIO ESTEVES DOS SANTOS Superintendente de Governo Aberto e Participa\u00e7\u00e3o Cidad\u00e3JULIO CESAR CAMARGO Superintendente de Planejamento de Programas HabitacionaisKELLE CRISTINA ASSIS DE [&hellip;]<\/p>\n","protected":false},"author":33,"featured_media":0,"parent":0,"menu_order":0,"comment_status":"closed","ping_status":"closed","template":"","meta":{"footnotes":""},"class_list":["post-200919","page","type-page","status-publish","hentry"],"rttpg_featured_image_url":null,"rttpg_author":{"display_name":"ricardocosta","author_link":"https:\/\/goias.gov.br\/seinfra\/author\/ricardocosta\/"},"rttpg_comment":0,"rttpg_category":null,"rttpg_excerpt":"Secret\u00e1rio de EstadoADIB ELIAS J\u00daNIOR Chefe de GabineteRICARDO DE OLIVEIRA SILVA Subsecret\u00e1rio de Controle Interno e ComplianceCLAUDIO CASALINI MARTINS CORREIA Superintendente de Controle Interno e Correi\u00e7\u00e3oSTELLA MARIS HUSNI FRANCO Superintendente de Gest\u00e3o IntegradaMARCELA INACIO ESTEVES DOS SANTOS Superintendente de Governo Aberto e Participa\u00e7\u00e3o Cidad\u00e3JULIO CESAR CAMARGO Superintendente de Planejamento de Programas HabitacionaisKELLE CRISTINA ASSIS DE&hellip;","_links":{"self":[{"href":"https:\/\/goias.gov.br\/seinfra\/wp-json\/wp\/v2\/pages\/200919","targetHints":{"allow":["GET"]}}],"collection":[{"href":"https:\/\/goias.gov.br\/seinfra\/wp-json\/wp\/v2\/pages"}],"about":[{"href":"https:\/\/goias.gov.br\/seinfra\/wp-json\/wp\/v2\/types\/page"}],"author":[{"embeddable":true,"href":"https:\/\/goias.gov.br\/seinfra\/wp-json\/wp\/v2\/users\/33"}],"replies":[{"embeddable":true,"href":"https:\/\/goias.gov.br\/seinfra\/wp-json\/wp\/v2\/comments?post=200919"}],"version-history":[{"count":2,"href":"https:\/\/goias.gov.br\/seinfra\/wp-json\/wp\/v2\/pages\/200919\/revisions"}],"predecessor-version":[{"id":251542,"href":"https:\/\/goias.gov.br\/seinfra\/wp-json\/wp\/v2\/pages\/200919\/revisions\/251542"}],"wp:attachment":[{"href":"https:\/\/goias.gov.br\/seinfra\/wp-json\/wp\/v2\/media?parent=200919"}],"curies":[{"name":"wp","href":"https:\/\/api.w.org\/{rel}","templated":true}]}}