

{"id":200896,"date":"2023-10-16T09:39:14","date_gmt":"2023-10-16T12:39:14","guid":{"rendered":"https:\/\/siteshom.goias.gov.br\/seinfra\/?page_id=200896"},"modified":"2026-03-06T11:05:54","modified_gmt":"2026-03-06T14:05:54","slug":"microrregioes","status":"publish","type":"page","link":"https:\/\/goias.gov.br\/seinfra\/microrregioes\/","title":{"rendered":"Microrregioes"},"content":{"rendered":"\t\t<div data-elementor-type=\"wp-page\" data-elementor-id=\"200896\" class=\"elementor elementor-200896\">\n\t\t\t\t<div class=\"elementor-element elementor-element-6bee563 e-flex e-con-boxed e-con e-parent\" data-id=\"6bee563\" data-element_type=\"container\" data-e-type=\"container\">\n\t\t\t\t\t<div class=\"e-con-inner\">\n\t\t<div class=\"elementor-element elementor-element-f22f809 e-con-full e-flex e-con e-child\" data-id=\"f22f809\" data-element_type=\"container\" data-e-type=\"container\">\n\t\t\t\t<div class=\"elementor-element elementor-element-a4c9f87 elementor-widget elementor-widget-html\" data-id=\"a4c9f87\" data-element_type=\"widget\" data-e-type=\"widget\" data-widget_type=\"html.default\">\n\t\t\t\t\t<div class=\"menu-atuacao-saneamento-container\"><ul id=\"menu-atuacao-saneamento\" class=\"menu\"><li id=\"menu-item-200933\" class=\"menu-item menu-item-type-custom menu-item-object-custom current-menu-ancestor current-menu-parent menu-item-has-children menu-item-200933\"><a href=\"#\">Microrregi\u00f5es de Saneamento B\u00e1sico<\/a>\n<ul class=\"sub-menu\">\n\t<li id=\"menu-item-200934\" class=\"menu-item menu-item-type-post_type menu-item-object-page current-menu-item page_item page-item-200896 current_page_item menu-item-200934\"><a href=\"https:\/\/goias.gov.br\/seinfra\/microrregioes\/\" aria-current=\"page\">O que s\u00e3o microrregi\u00f5es?<\/a><\/li>\n\t<li id=\"menu-item-200935\" class=\"menu-item menu-item-type-post_type menu-item-object-post menu-item-200935\"><a href=\"https:\/\/goias.gov.br\/seinfra\/a-divisao-das-microrregioes-de-saneamento-basico\/\">A divis\u00e3o em Microrregi\u00f5es<\/a><\/li>\n\t<li id=\"menu-item-200936\" class=\"menu-item menu-item-type-post_type menu-item-object-post menu-item-200936\"><a href=\"https:\/\/goias.gov.br\/seinfra\/estrutura-de-governanca\/\">Estrutura de Governan\u00e7a<\/a><\/li>\n\t<li id=\"menu-item-200937\" class=\"menu-item menu-item-type-post_type menu-item-object-post menu-item-200937\"><a href=\"https:\/\/goias.gov.br\/seinfra\/msb-legislacao-aplicavel\/\">MSB \u2013 Legisla\u00e7\u00e3o Aplic\u00e1vel<\/a><\/li>\n<\/ul>\n<\/li>\n<li id=\"menu-item-200938\" class=\"menu-item menu-item-type-custom menu-item-object-custom menu-item-has-children menu-item-200938\"><a href=\"#\">Conhe\u00e7a as Microrregi\u00f5es<\/a>\n<ul class=\"sub-menu\">\n\t<li id=\"menu-item-200939\" class=\"menu-item menu-item-type-post_type menu-item-object-post menu-item-200939\"><a href=\"https:\/\/goias.gov.br\/seinfra\/conheca-a-microrregiao-de-saneamento-basico-leste\/\">Microrregi\u00e3o Leste<\/a><\/li>\n\t<li id=\"menu-item-200940\" class=\"menu-item menu-item-type-post_type menu-item-object-post menu-item-200940\"><a href=\"https:\/\/goias.gov.br\/seinfra\/conheca-a-microrregiao-de-saneamento-basico-centro\/\">Microrregi\u00e3o Centro<\/a><\/li>\n\t<li id=\"menu-item-200941\" class=\"menu-item menu-item-type-post_type menu-item-object-post menu-item-200941\"><a href=\"https:\/\/goias.gov.br\/seinfra\/conheca-a-microrregiao-de-saneamento-basico-oeste\/\">Microrregi\u00e3o Oeste<\/a><\/li>\n<\/ul>\n<\/li>\n<li id=\"menu-item-200942\" class=\"menu-item menu-item-type-custom menu-item-object-custom menu-item-has-children menu-item-200942\"><a href=\"#\">Assembleias e Elei\u00e7\u00f5es<\/a>\n<ul class=\"sub-menu\">\n\t<li id=\"menu-item-200943\" class=\"menu-item menu-item-type-post_type menu-item-object-post menu-item-200943\"><a href=\"https:\/\/goias.gov.br\/seinfra\/mbs-editais-de-convocacao\/\">Editais de Convoca\u00e7\u00e3o<\/a><\/li>\n\t<li id=\"menu-item-201054\" class=\"menu-item menu-item-type-post_type menu-item-object-post menu-item-201054\"><a href=\"https:\/\/goias.gov.br\/seinfra\/confira-resultados-das-assembleias-e-eleicoes-msbs\/\">Resultados<\/a><\/li>\n\t<li id=\"menu-item-206604\" class=\"menu-item menu-item-type-post_type menu-item-object-post menu-item-206604\"><a href=\"https:\/\/goias.gov.br\/seinfra\/assembleias-do-colegiado-msb-oeste\/\">Assembleias do Colegiado MSB Oeste<\/a><\/li>\n\t<li id=\"menu-item-206603\" class=\"menu-item menu-item-type-post_type menu-item-object-post menu-item-206603\"><a href=\"https:\/\/goias.gov.br\/seinfra\/assembleias-do-colegiado-msb-centro\/\">Assembleias do Colegiado MSB Centro<\/a><\/li>\n\t<li id=\"menu-item-206602\" class=\"menu-item menu-item-type-post_type menu-item-object-post menu-item-206602\"><a href=\"https:\/\/goias.gov.br\/seinfra\/assembleias-do-colegiado-msb-leste\/\">Assembleias do Colegiado MSB Leste<\/a><\/li>\n<\/ul>\n<\/li>\n<li id=\"menu-item-201078\" class=\"menu-item menu-item-type-custom menu-item-object-custom menu-item-has-children menu-item-201078\"><a href=\"#\">Consultas P\u00fablicas<\/a>\n<ul class=\"sub-menu\">\n\t<li id=\"menu-item-201805\" class=\"menu-item menu-item-type-post_type menu-item-object-post menu-item-201805\"><a href=\"https:\/\/goias.gov.br\/seinfra\/consultas-publicas-msb-leste\/\">Consultas P\u00fablicas MSB Leste<\/a><\/li>\n\t<li id=\"menu-item-201793\" class=\"menu-item menu-item-type-post_type menu-item-object-post menu-item-201793\"><a href=\"https:\/\/goias.gov.br\/seinfra\/consultas-publicas-msb-centro\/\">Consultas P\u00fablicas MSB Centro<\/a><\/li>\n\t<li id=\"menu-item-201801\" class=\"menu-item menu-item-type-post_type menu-item-object-post menu-item-201801\"><a href=\"https:\/\/goias.gov.br\/seinfra\/consultas-publicas-msb-oeste\/\">Consultas P\u00fablicas MSB Oeste<\/a><\/li>\n<\/ul>\n<\/li>\n<\/ul><\/div>\t\t\t\t<\/div>\n\t\t\t\t<\/div>\n\t\t<div class=\"elementor-element elementor-element-eb967d7 e-con-full e-flex e-con e-child\" data-id=\"eb967d7\" data-element_type=\"container\" data-e-type=\"container\">\n\t\t\t\t<div class=\"elementor-element elementor-element-09ed848 elementor-widget elementor-widget-heading\" data-id=\"09ed848\" data-element_type=\"widget\" data-e-type=\"widget\" data-widget_type=\"heading.default\">\n\t\t\t\t\t<h2 class=\"elementor-heading-title elementor-size-default\">Microrregi\u00f5es de Saneamento B\u00e1sico<\/h2>\t\t\t\t<\/div>\n\t\t\t\t<div class=\"elementor-element elementor-element-a750028 elementor-widget elementor-widget-shortcode\" data-id=\"a750028\" data-element_type=\"widget\" data-e-type=\"widget\" data-widget_type=\"shortcode.default\">\n\t\t\t\t\t\t\t<div class=\"elementor-shortcode\"><div data-post-id=\"200772\" class=\"insert-page insert-page-200772 \"><p><img fetchpriority=\"high\" fetchpriority=\"high\" decoding=\"async\" id=\"\" title=\"\" src=\"\/seinfra\/wp-content\/uploads\/sites\/6\/2023\/10\/Banner_microrreg_ok.jpg\" alt=\"\" width=\"719\" height=\"196\" \/><\/p>\n<p>As Microrregi\u00f5es de Saneamento B\u00e1sico (MSBs) foram institu\u00eddas no Estado de Goi\u00e1s pela Lei n\u00ba 182, de 23 de maio de 2023.<\/p>\n<p>A Lei 14.026\/2020, conhecida como o novo marco regulat\u00f3rio do saneamento, que altera a Lei n\u00ba 11.445\/2007 e d\u00e1 outras provid\u00eancias, estabelece a necessidade da presta\u00e7\u00e3o regionalizada do saneamento b\u00e1sico para garantir a universaliza\u00e7\u00e3o dos servi\u00e7os.<\/p>\n<p>Presta\u00e7\u00e3o regionalizada \u00e9 a modalidade de presta\u00e7\u00e3o integrada de um ou mais componentes dos servi\u00e7os p\u00fablicos de saneamento b\u00e1sico em determinada regi\u00e3o:<\/p>\n<p>I \u2013 Microrregi\u00e3o do Leste, composta por 70 munic\u00edpios;<br \/>\nII \u2013 Microrregi\u00e3o do Centro, composta por 88 munic\u00edpios;<br \/>\nIII \u2013 Microrregi\u00e3o do Oeste, composta por 88 munic\u00edpios.<\/p>\n<hr \/>\n<p><em><strong>S\u00e3o servi\u00e7os de Saneamento B\u00e1sico:<\/strong><\/em><\/p>\n<p>1. Abastecimento de \u00e1gua pot\u00e1vel;<br \/>\n2. Esgotamento sanit\u00e1rio;<br \/>\n3. Limpeza urbana e manejo de res\u00edduos s\u00f3lidos e,<br \/>\n4. Drenagem e manejo das \u00e1guas pluviais urbanas.<\/p>\n<\/div><\/div>\n\t\t\t\t\t\t<\/div>\n\t\t\t\t<div class=\"elementor-element elementor-element-1285617 elementor-widget elementor-widget-heading\" data-id=\"1285617\" data-element_type=\"widget\" data-e-type=\"widget\" data-widget_type=\"heading.default\">\n\t\t\t\t\t<h2 class=\"elementor-heading-title elementor-size-default\">MSB - Saneamento Universalizado<\/h2>\t\t\t\t<\/div>\n\t\t\t\t<div class=\"elementor-element elementor-element-8a22e87 elementor-widget elementor-widget-video\" data-id=\"8a22e87\" data-element_type=\"widget\" data-e-type=\"widget\" data-settings=\"{&quot;youtube_url&quot;:&quot;https:\\\/\\\/youtu.be\\\/FYCecfNTsvA&quot;,&quot;video_type&quot;:&quot;youtube&quot;,&quot;controls&quot;:&quot;yes&quot;}\" data-widget_type=\"video.default\">\n\t\t\t\t\t\t\t<div class=\"elementor-wrapper elementor-open-inline\">\n\t\t\t<div class=\"elementor-video\"><\/div>\t\t<\/div>\n\t\t\t\t\t\t<\/div>\n\t\t\t\t<\/div>\n\t\t<div class=\"elementor-element elementor-element-cf7e64a e-con-full e-flex e-con e-child\" data-id=\"cf7e64a\" data-element_type=\"container\" data-e-type=\"container\">\n\t\t\t\t<div class=\"elementor-element elementor-element-ec93c9f elementor-widget elementor-widget-heading\" data-id=\"ec93c9f\" data-element_type=\"widget\" data-e-type=\"widget\" data-widget_type=\"heading.default\">\n\t\t\t\t\t<h2 class=\"elementor-heading-title elementor-size-default\">Saiba Mais<\/h2>\t\t\t\t<\/div>\n\t\t\t\t<div class=\"elementor-element elementor-element-439c866 elementor-align-justify elementor-widget elementor-widget-button\" data-id=\"439c866\" data-element_type=\"widget\" data-e-type=\"widget\" data-widget_type=\"button.default\">\n\t\t\t\t\t\t\t\t\t\t<a class=\"elementor-button elementor-button-link elementor-size-sm\" href=\"\/seinfra\/fale-conosco-microrregioes\/\" target=\"_blank\">\n\t\t\t\t\t\t<span class=\"elementor-button-content-wrapper\">\n\t\t\t\t\t\t\t\t\t<span class=\"elementor-button-text\">Fale Conosco<\/span>\n\t\t\t\t\t<\/span>\n\t\t\t\t\t<\/a>\n\t\t\t\t\t\t\t\t<\/div>\n\t\t\t\t<div class=\"elementor-element elementor-element-babfba2 elementor-align-justify elementor-widget elementor-widget-button\" data-id=\"babfba2\" data-element_type=\"widget\" data-e-type=\"widget\" data-widget_type=\"button.default\">\n\t\t\t\t\t\t\t\t\t\t<a class=\"elementor-button elementor-button-link elementor-size-sm\" href=\"\/seinfra\/perguntas-e-respostas-sobre-saneamento\/\" target=\"_blank\">\n\t\t\t\t\t\t<span class=\"elementor-button-content-wrapper\">\n\t\t\t\t\t\t\t\t\t<span class=\"elementor-button-text\">Perguntas e Respostas<\/span>\n\t\t\t\t\t<\/span>\n\t\t\t\t\t<\/a>\n\t\t\t\t\t\t\t\t<\/div>\n\t\t\t\t<div class=\"elementor-element elementor-element-f739d21 elementor-widget elementor-widget-image\" data-id=\"f739d21\" data-element_type=\"widget\" data-e-type=\"widget\" data-widget_type=\"image.default\">\n\t\t\t\t\t\t\t\t\t\t\t\t\t\t\t\t<a href=\"https:\/\/goias.gov.br\/seinfra\/conselho-participativo\/\" target=\"_blank\">\n\t\t\t\t\t\t\t<img decoding=\"async\" src=\"https:\/\/goias.gov.br\/seinfra\/wp-content\/uploads\/sites\/6\/2024\/10\/BOTAO-SITE-INFRAESTRUTURA-1-1.jpg\" title=\"\" alt=\"\" loading=\"lazy\" \/>\t\t\t\t\t\t\t\t<\/a>\n\t\t\t\t\t\t\t\t\t\t\t\t\t\t\t<\/div>\n\t\t\t\t<div class=\"elementor-element elementor-element-3d4c214 elementor-widget elementor-widget-image\" data-id=\"3d4c214\" data-element_type=\"widget\" data-e-type=\"widget\" data-widget_type=\"image.default\">\n\t\t\t\t\t\t\t\t\t\t\t\t\t\t\t\t<a href=\"https:\/\/goias.gov.br\/seinfra\/planos-microrregionais-de-esgotamento-sanitario\/\" target=\"_blank\">\n\t\t\t\t\t\t\t<img decoding=\"async\" width=\"1024\" height=\"309\" src=\"https:\/\/goias.gov.br\/seinfra\/wp-content\/uploads\/sites\/6\/2026\/03\/PLANOS-MICRORREGIONAIS-DE-ESGOTAMENTO-SANITARIO-1024x309.png\" class=\"attachment-large size-large wp-image-248555\" alt=\"\" srcset=\"https:\/\/goias.gov.br\/seinfra\/wp-content\/uploads\/sites\/6\/2026\/03\/PLANOS-MICRORREGIONAIS-DE-ESGOTAMENTO-SANITARIO-1024x309.png 1024w, https:\/\/goias.gov.br\/seinfra\/wp-content\/uploads\/sites\/6\/2026\/03\/PLANOS-MICRORREGIONAIS-DE-ESGOTAMENTO-SANITARIO-300x90.png 300w, https:\/\/goias.gov.br\/seinfra\/wp-content\/uploads\/sites\/6\/2026\/03\/PLANOS-MICRORREGIONAIS-DE-ESGOTAMENTO-SANITARIO-768x232.png 768w, https:\/\/goias.gov.br\/seinfra\/wp-content\/uploads\/sites\/6\/2026\/03\/PLANOS-MICRORREGIONAIS-DE-ESGOTAMENTO-SANITARIO.png 1045w\" sizes=\"(max-width: 1024px) 100vw, 1024px\" \/>\t\t\t\t\t\t\t\t<\/a>\n\t\t\t\t\t\t\t\t\t\t\t\t\t\t\t<\/div>\n\t\t\t\t<div class=\"elementor-element elementor-element-5d0a762 elementor-widget elementor-widget-heading\" data-id=\"5d0a762\" data-element_type=\"widget\" data-e-type=\"widget\" data-widget_type=\"heading.default\">\n\t\t\t\t\t<h2 class=\"elementor-heading-title elementor-size-default\">Consultas<\/h2>\t\t\t\t<\/div>\n\t\t\t\t<div class=\"elementor-element elementor-element-20de591 elementor-align-justify elementor-widget elementor-widget-button\" data-id=\"20de591\" data-element_type=\"widget\" data-e-type=\"widget\" data-widget_type=\"button.default\">\n\t\t\t\t\t\t\t\t\t\t<a class=\"elementor-button elementor-button-link elementor-size-sm\" href=\"https:\/\/goias.gov.br\/seinfra\/consultas-publicas-msb-leste\/\" target=\"_blank\">\n\t\t\t\t\t\t<span class=\"elementor-button-content-wrapper\">\n\t\t\t\t\t\t\t\t\t<span class=\"elementor-button-text\">CONSULTA P\u00daBLICA MSB LESTE<\/span>\n\t\t\t\t\t<\/span>\n\t\t\t\t\t<\/a>\n\t\t\t\t\t\t\t\t<\/div>\n\t\t\t\t<div class=\"elementor-element elementor-element-bf08bf8 elementor-align-justify elementor-widget elementor-widget-button\" data-id=\"bf08bf8\" data-element_type=\"widget\" data-e-type=\"widget\" data-widget_type=\"button.default\">\n\t\t\t\t\t\t\t\t\t\t<a class=\"elementor-button elementor-button-link elementor-size-sm\" href=\"https:\/\/goias.gov.br\/seinfra\/consultas-publicas-msb-centro\/\" target=\"_blank\">\n\t\t\t\t\t\t<span class=\"elementor-button-content-wrapper\">\n\t\t\t\t\t\t\t\t\t<span class=\"elementor-button-text\">CONSULTA P\u00daBLICA MSB CENTRO<\/span>\n\t\t\t\t\t<\/span>\n\t\t\t\t\t<\/a>\n\t\t\t\t\t\t\t\t<\/div>\n\t\t\t\t<div class=\"elementor-element elementor-element-69e2ede elementor-align-justify elementor-widget elementor-widget-button\" data-id=\"69e2ede\" data-element_type=\"widget\" data-e-type=\"widget\" data-widget_type=\"button.default\">\n\t\t\t\t\t\t\t\t\t\t<a class=\"elementor-button elementor-button-link elementor-size-sm\" href=\"https:\/\/goias.gov.br\/seinfra\/consultas-publicas-msb-oeste\/\" target=\"_blank\">\n\t\t\t\t\t\t<span class=\"elementor-button-content-wrapper\">\n\t\t\t\t\t\t\t\t\t<span class=\"elementor-button-text\">CONSULTA P\u00daBLICA MSB OESTE<\/span>\n\t\t\t\t\t<\/span>\n\t\t\t\t\t<\/a>\n\t\t\t\t\t\t\t\t<\/div>\n\t\t\t\t<\/div>\n\t\t\t\t\t<\/div>\n\t\t\t\t<\/div>\n\t\t\t\t<\/div>\n\t\t","protected":false},"excerpt":{"rendered":"<p>Microrregi\u00f5es de Saneamento B\u00e1sico O que s\u00e3o microrregi\u00f5es? A divis\u00e3o em Microrregi\u00f5es Estrutura de Governan\u00e7a MSB \u2013 Legisla\u00e7\u00e3o Aplic\u00e1vel Conhe\u00e7a as Microrregi\u00f5es Microrregi\u00e3o Leste Microrregi\u00e3o Centro Microrregi\u00e3o Oeste Assembleias e Elei\u00e7\u00f5es Editais de Convoca\u00e7\u00e3o Resultados Assembleias do Colegiado MSB Oeste Assembleias do Colegiado MSB Centro Assembleias do Colegiado MSB Leste Consultas P\u00fablicas Consultas P\u00fablicas MSB [&hellip;]<\/p>\n","protected":false},"author":7,"featured_media":0,"parent":0,"menu_order":0,"comment_status":"closed","ping_status":"closed","template":"","meta":{"footnotes":""},"class_list":["post-200896","page","type-page","status-publish","hentry"],"rttpg_featured_image_url":null,"rttpg_author":{"display_name":"gustavogoncalves","author_link":"https:\/\/goias.gov.br\/seinfra\/author\/gustavogoncalves\/"},"rttpg_comment":0,"rttpg_category":"","rttpg_excerpt":"Microrregi\u00f5es de Saneamento B\u00e1sico O que s\u00e3o microrregi\u00f5es? A divis\u00e3o em Microrregi\u00f5es Estrutura de Governan\u00e7a MSB \u2013 Legisla\u00e7\u00e3o Aplic\u00e1vel Conhe\u00e7a as Microrregi\u00f5es Microrregi\u00e3o Leste Microrregi\u00e3o Centro Microrregi\u00e3o Oeste Assembleias e Elei\u00e7\u00f5es Editais de Convoca\u00e7\u00e3o Resultados Assembleias do Colegiado MSB Oeste Assembleias do Colegiado MSB Centro Assembleias do Colegiado MSB Leste Consultas P\u00fablicas Consultas P\u00fablicas MSB&hellip;","_links":{"self":[{"href":"https:\/\/goias.gov.br\/seinfra\/wp-json\/wp\/v2\/pages\/200896","targetHints":{"allow":["GET"]}}],"collection":[{"href":"https:\/\/goias.gov.br\/seinfra\/wp-json\/wp\/v2\/pages"}],"about":[{"href":"https:\/\/goias.gov.br\/seinfra\/wp-json\/wp\/v2\/types\/page"}],"author":[{"embeddable":true,"href":"https:\/\/goias.gov.br\/seinfra\/wp-json\/wp\/v2\/users\/7"}],"replies":[{"embeddable":true,"href":"https:\/\/goias.gov.br\/seinfra\/wp-json\/wp\/v2\/comments?post=200896"}],"version-history":[{"count":3,"href":"https:\/\/goias.gov.br\/seinfra\/wp-json\/wp\/v2\/pages\/200896\/revisions"}],"predecessor-version":[{"id":248579,"href":"https:\/\/goias.gov.br\/seinfra\/wp-json\/wp\/v2\/pages\/200896\/revisions\/248579"}],"wp:attachment":[{"href":"https:\/\/goias.gov.br\/seinfra\/wp-json\/wp\/v2\/media?parent=200896"}],"curies":[{"name":"wp","href":"https:\/\/api.w.org\/{rel}","templated":true}]}}