

{"id":200666,"date":"2023-09-12T14:24:22","date_gmt":"2023-09-12T17:24:22","guid":{"rendered":"https:\/\/siteshom.goias.gov.br\/seinfra\/?page_id=200666"},"modified":"2026-03-26T15:16:29","modified_gmt":"2026-03-26T18:16:29","slug":"fundeinfra","status":"publish","type":"page","link":"https:\/\/goias.gov.br\/seinfra\/fundeinfra\/","title":{"rendered":"Fundeinfra"},"content":{"rendered":"\t\t<div data-elementor-type=\"wp-page\" data-elementor-id=\"200666\" class=\"elementor elementor-200666\">\n\t\t\t\t<div class=\"elementor-element elementor-element-973d47a e-flex e-con-boxed e-con e-parent\" data-id=\"973d47a\" data-element_type=\"container\" data-e-type=\"container\">\n\t\t\t\t\t<div class=\"e-con-inner\">\n\t\t<div class=\"elementor-element elementor-element-9248580 e-con-full e-flex e-con e-child\" data-id=\"9248580\" data-element_type=\"container\" data-e-type=\"container\">\n\t\t\t\t<div class=\"elementor-element elementor-element-5ed3dab elementor-widget elementor-widget-html\" data-id=\"5ed3dab\" data-element_type=\"widget\" data-e-type=\"widget\" data-widget_type=\"html.default\">\n\t\t\t\t\t<div class=\"menu-atuacao-fundeinfra-container\"><ul id=\"menu-atuacao-fundeinfra\" class=\"menu\"><li id=\"menu-item-200928\" class=\"menu-item menu-item-type-custom menu-item-object-custom menu-item-has-children menu-item-200928\"><a href=\"#\">Normas<\/a>\n<ul class=\"sub-menu\">\n\t<li id=\"menu-item-200638\" class=\"menu-item menu-item-type-post_type menu-item-object-post menu-item-200638\"><a href=\"https:\/\/goias.gov.br\/seinfra\/legislacao-fundeinfra\/\">Legisla\u00e7\u00e3o<\/a><\/li>\n\t<li id=\"menu-item-228752\" class=\"menu-item menu-item-type-post_type menu-item-object-post menu-item-228752\"><a target=\"_blank\" href=\"https:\/\/goias.gov.br\/seinfra\/termos-de-compromisso\/\">Termos de Compromisso<\/a><\/li>\n\t<li id=\"menu-item-229600\" class=\"menu-item menu-item-type-post_type menu-item-object-post menu-item-229600\"><a href=\"https:\/\/goias.gov.br\/seinfra\/termos-de-colaboracao\/\">Termos de Colabora\u00e7\u00e3o<\/a><\/li>\n<\/ul>\n<\/li>\n<li id=\"menu-item-200929\" class=\"menu-item menu-item-type-custom menu-item-object-custom menu-item-has-children menu-item-200929\"><a href=\"#\">Conselho Gestor<\/a>\n<ul class=\"sub-menu\">\n\t<li id=\"menu-item-200639\" class=\"menu-item menu-item-type-post_type menu-item-object-post menu-item-200639\"><a href=\"https:\/\/goias.gov.br\/seinfra\/composicao-do-conselho-gestor-do-fundeinfra\/\">Composi\u00e7\u00e3o do Conselho Gestor<\/a><\/li>\n\t<li id=\"menu-item-200640\" class=\"menu-item menu-item-type-post_type menu-item-object-post menu-item-200640\"><a href=\"https:\/\/goias.gov.br\/seinfra\/convocacoes-e-pautas\/\">Convoca\u00e7\u00f5es e pautas do Conselho Gestor<\/a><\/li>\n\t<li id=\"menu-item-200641\" class=\"menu-item menu-item-type-post_type menu-item-object-post menu-item-200641\"><a href=\"https:\/\/goias.gov.br\/seinfra\/atas-e-resolucoes\/\">Atas e resolu\u00e7\u00f5es do Conselho Gestor<\/a><\/li>\n<\/ul>\n<\/li>\n<li id=\"menu-item-200930\" class=\"menu-item menu-item-type-custom menu-item-object-custom menu-item-has-children menu-item-200930\"><a href=\"#\">Conselho Fiscal<\/a>\n<ul class=\"sub-menu\">\n\t<li id=\"menu-item-200642\" class=\"menu-item menu-item-type-post_type menu-item-object-post menu-item-200642\"><a href=\"https:\/\/goias.gov.br\/seinfra\/composicao-do-conselho-fiscal\/\">Composi\u00e7\u00e3o do Conselho Fiscal<\/a><\/li>\n\t<li id=\"menu-item-200643\" class=\"menu-item menu-item-type-post_type menu-item-object-post menu-item-200643\"><a href=\"https:\/\/goias.gov.br\/seinfra\/relatorios-trimestrais-de-arrecadacao-e-aplicacoes-dos-recursos\/\">Relat\u00f3rios trimestrais de arrecada\u00e7\u00e3o e aplica\u00e7\u00f5es dos recursos<\/a><\/li>\n\t<li id=\"menu-item-200644\" class=\"menu-item menu-item-type-post_type menu-item-object-post menu-item-200644\"><a href=\"https:\/\/goias.gov.br\/seinfra\/convocacoes-e-pautas-do-conselho-fiscal\/\">Convoca\u00e7\u00f5es e pautas do Conselho Fiscal<\/a><\/li>\n\t<li id=\"menu-item-200649\" class=\"menu-item menu-item-type-post_type menu-item-object-post menu-item-200649\"><a href=\"https:\/\/goias.gov.br\/seinfra\/atas-e-resolucoes-do-conselho-fiscal\/\">Atas e resolu\u00e7\u00f5es do Conselho Fiscal<\/a><\/li>\n<\/ul>\n<\/li>\n<li id=\"menu-item-200931\" class=\"menu-item menu-item-type-custom menu-item-object-custom menu-item-has-children menu-item-200931\"><a href=\"#\">Relat\u00f3rios de gest\u00e3o<\/a>\n<ul class=\"sub-menu\">\n\t<li id=\"menu-item-200645\" class=\"menu-item menu-item-type-post_type menu-item-object-post menu-item-200645\"><a href=\"https:\/\/goias.gov.br\/seinfra\/paineis-de-gestao-a-vista\/\">Pain\u00e9is de gest\u00e3o \u00e0 vista<\/a><\/li>\n<\/ul>\n<\/li>\n<li id=\"menu-item-200932\" class=\"menu-item menu-item-type-custom menu-item-object-custom menu-item-has-children menu-item-200932\"><a href=\"#\">Or\u00e7amento<\/a>\n<ul class=\"sub-menu\">\n\t<li id=\"menu-item-200647\" class=\"menu-item menu-item-type-post_type menu-item-object-post menu-item-200647\"><a href=\"https:\/\/goias.gov.br\/seinfra\/disponibilidade-orcamentaria\/\">Disponibilidade or\u00e7ament\u00e1ria<\/a><\/li>\n<\/ul>\n<\/li>\n<\/ul><\/div>\t\t\t\t<\/div>\n\t\t\t\t<\/div>\n\t\t<div class=\"elementor-element elementor-element-37a005f e-con-full e-flex e-con e-child\" data-id=\"37a005f\" data-element_type=\"container\" data-e-type=\"container\">\n\t\t\t\t<div class=\"elementor-element elementor-element-26d3b09 elementor-widget elementor-widget-shortcode\" data-id=\"26d3b09\" data-element_type=\"widget\" data-e-type=\"widget\" data-widget_type=\"shortcode.default\">\n\t\t\t\t\t\t\t<div class=\"elementor-shortcode\"><div data-post-id=\"200349\" class=\"insert-page insert-page-200349 \"><h1 class='insert-page-title'>Fundeinfra<\/h1><p><img fetchpriority=\"high\" fetchpriority=\"high\" decoding=\"async\" class=\" size-full wp-image-200348\" alt=\"\" id=\"\" src=\"https:\/\/goias.gov.br\/seinfra\/wp-content\/uploads\/sites\/6\/2023\/05\/banner-pra-capa-do-site-5fd.jpeg\" title=\"\" width=\"1080\" height=\"295\" srcset=\"https:\/\/goias.gov.br\/seinfra\/wp-content\/uploads\/sites\/6\/2023\/05\/banner-pra-capa-do-site-5fd.jpeg 1080w, https:\/\/goias.gov.br\/seinfra\/wp-content\/uploads\/sites\/6\/2023\/05\/banner-pra-capa-do-site-5fd-300x82.jpeg 300w, https:\/\/goias.gov.br\/seinfra\/wp-content\/uploads\/sites\/6\/2023\/05\/banner-pra-capa-do-site-5fd-1024x280.jpeg 1024w, https:\/\/goias.gov.br\/seinfra\/wp-content\/uploads\/sites\/6\/2023\/05\/banner-pra-capa-do-site-5fd-768x210.jpeg 768w\" sizes=\"(max-width: 1080px) 100vw, 1080px\" \/><\/p>\n<p style=\"text-align: justify;\">O Fundo Estadual de Infraestrutura (Fundeinfra) foi criado pela&nbsp;<a href=\"https:\/\/legisla.casacivil.go.gov.br\/api\/v2\/pesquisa\/legislacoes\/106378\/pdf\" target=\"_blank\" rel=\"noopener\">Lei n&ordm; 21.670, de 6 de dezembro de 2022<\/a>, no &acirc;mbito da Secretaria de Estado da Infraestrutura (Seinfra), integrante da administra&ccedil;&atilde;o direta do Governo de Goi&aacute;s. Posteriormente, foi regulamentado pelo <a href=\"https:\/\/legisla.casacivil.go.gov.br\/pesquisa_legislacao\/106862\/decreto-10241\">decreto n&ordm; 10.241, de 24 de mar&ccedil;o de 2023.<\/a><\/p>\n<p style=\"text-align: justify;\">O Fundeinfra possui natureza or&ccedil;ament&aacute;ria pr&oacute;pria, bem como autonomia administrativa, cont&aacute;bil e financeira, para a capta&ccedil;&atilde;o de recursos destinados ao desenvolvimento econ&ocirc;mico do Estado de Goi&aacute;s, sem preju&iacute;zo das dota&ccedil;&otilde;es consignadas em outros fundos e entidades com a mesma finalidade.<\/p>\n<p style=\"text-align: justify;\">O fundo foi criado para gerir os recursos oriundos da produ&ccedil;&atilde;o agr&iacute;cola, pecu&aacute;ria e mineral no Estado de Goi&aacute;s e se destina a implementar, em &acirc;mbito estadual, pol&iacute;ticas e a&ccedil;&otilde;es administrativas de infraestrutura agropecu&aacute;ria, dos modais de transporte, recupera&ccedil;&atilde;o, manuten&ccedil;&atilde;o, conserva&ccedil;&atilde;o, pavimenta&ccedil;&atilde;o e implanta&ccedil;&atilde;o de rodovias, sinaliza&ccedil;&atilde;o, artes especiais, pontes, bueiros, edifica&ccedil;&atilde;o e operacionaliza&ccedil;&atilde;o de aer&oacute;dromos.<\/p>\n<p style=\"text-align: justify;\">&nbsp;<\/p>\n<ul class='post-meta'>\n<li><span class='post-meta-key'>tpg-post-view-count:<\/span> 591<\/li>\n<li><span class='post-meta-key'>footnotes:<\/span> <\/li>\n<li><span class='post-meta-key'>rank_math_internal_links_processed:<\/span> 1<\/li>\n<\/ul>\n<\/div><\/div>\n\t\t\t\t\t\t<\/div>\n\t\t\t\t<\/div>\n\t\t<div class=\"elementor-element elementor-element-e1ca07e e-con-full e-flex e-con e-child\" data-id=\"e1ca07e\" data-element_type=\"container\" data-e-type=\"container\">\n\t\t<div class=\"elementor-element elementor-element-201b07c e-con-full e-flex e-con e-child\" data-id=\"201b07c\" data-element_type=\"container\" data-e-type=\"container\">\n\t\t\t\t<div class=\"elementor-element elementor-element-bc9fdaf elementor-widget elementor-widget-heading\" data-id=\"bc9fdaf\" data-element_type=\"widget\" data-e-type=\"widget\" data-widget_type=\"heading.default\">\n\t\t\t\t\t<h2 class=\"elementor-heading-title elementor-size-default\">Saiba Mais<\/h2>\t\t\t\t<\/div>\n\t\t\t\t<\/div>\n\t\t\t\t<div class=\"elementor-element elementor-element-698f2a9 elementor-align-justify elementor-widget elementor-widget-button\" data-id=\"698f2a9\" data-element_type=\"widget\" data-e-type=\"widget\" data-widget_type=\"button.default\">\n\t\t\t\t\t\t\t\t\t\t<a class=\"elementor-button elementor-button-link elementor-size-sm\" href=\"https:\/\/goias.gov.br\/seinfra\/wp-content\/uploads\/sites\/6\/2026\/03\/Formulario-Requerimento-de-Restituicao-do-Fundeinfra.docx\" target=\"_blank\">\n\t\t\t\t\t\t<span class=\"elementor-button-content-wrapper\">\n\t\t\t\t\t\t\t\t\t<span class=\"elementor-button-text\">Formul\u00e1rio para restitui\u00e7\u00e3o<\/span>\n\t\t\t\t\t<\/span>\n\t\t\t\t\t<\/a>\n\t\t\t\t\t\t\t\t<\/div>\n\t\t<div class=\"elementor-element elementor-element-62edfd3 e-con-full e-flex e-con e-child\" data-id=\"62edfd3\" data-element_type=\"container\" data-e-type=\"container\">\n\t\t\t\t<div class=\"elementor-element elementor-element-2c3d1eb elementor-align-justify elementor-widget__width-inherit elementor-widget elementor-widget-button\" data-id=\"2c3d1eb\" data-element_type=\"widget\" data-e-type=\"widget\" data-widget_type=\"button.default\">\n\t\t\t\t\t\t\t\t\t\t<a class=\"elementor-button elementor-button-link elementor-size-sm\" href=\"https:\/\/goias.gov.br\/seinfra\/consulta-publica-sobre-fundeinfra\/\" target=\"_blank\">\n\t\t\t\t\t\t<span class=\"elementor-button-content-wrapper\">\n\t\t\t\t\t\t\t\t\t<span class=\"elementor-button-text\">Consulta P\u00fablica<\/span>\n\t\t\t\t\t<\/span>\n\t\t\t\t\t<\/a>\n\t\t\t\t\t\t\t\t<\/div>\n\t\t\t\t<div class=\"elementor-element elementor-element-4340701 elementor-align-justify elementor-widget elementor-widget-button\" data-id=\"4340701\" data-element_type=\"widget\" data-e-type=\"widget\" data-widget_type=\"button.default\">\n\t\t\t\t\t\t\t\t\t\t<a class=\"elementor-button elementor-button-link elementor-size-sm\" href=\"\/seinfra\/fale-conosco\/\" target=\"_blank\">\n\t\t\t\t\t\t<span class=\"elementor-button-content-wrapper\">\n\t\t\t\t\t\t\t\t\t<span class=\"elementor-button-text\">Fale conosco<\/span>\n\t\t\t\t\t<\/span>\n\t\t\t\t\t<\/a>\n\t\t\t\t\t\t\t\t<\/div>\n\t\t\t\t<div class=\"elementor-element elementor-element-af18418 elementor-align-justify elementor-widget elementor-widget-button\" data-id=\"af18418\" data-element_type=\"widget\" data-e-type=\"widget\" data-widget_type=\"button.default\">\n\t\t\t\t\t\t\t\t\t\t<a class=\"elementor-button elementor-button-link elementor-size-sm\" href=\"\/seinfra\/documentos-uteis\/\" target=\"_blank\">\n\t\t\t\t\t\t<span class=\"elementor-button-content-wrapper\">\n\t\t\t\t\t\t\t\t\t<span class=\"elementor-button-text\">Documentos \u00fateis<\/span>\n\t\t\t\t\t<\/span>\n\t\t\t\t\t<\/a>\n\t\t\t\t\t\t\t\t<\/div>\n\t\t\t\t<div class=\"elementor-element elementor-element-80ccc4d elementor-align-justify elementor-widget elementor-widget-button\" data-id=\"80ccc4d\" data-element_type=\"widget\" data-e-type=\"widget\" data-widget_type=\"button.default\">\n\t\t\t\t\t\t\t\t\t\t<a class=\"elementor-button elementor-button-link elementor-size-sm\" href=\"\/seinfra\/perguntas-e-respostas-sobre-fundeinfra\/\" target=\"_blank\">\n\t\t\t\t\t\t<span class=\"elementor-button-content-wrapper\">\n\t\t\t\t\t\t\t\t\t<span class=\"elementor-button-text\">Perguntas e Respostas<\/span>\n\t\t\t\t\t<\/span>\n\t\t\t\t\t<\/a>\n\t\t\t\t\t\t\t\t<\/div>\n\t\t\t\t<div class=\"elementor-element elementor-element-bdb6752 elementor-align-justify elementor-widget elementor-widget-button\" data-id=\"bdb6752\" data-element_type=\"widget\" data-e-type=\"widget\" data-widget_type=\"button.default\">\n\t\t\t\t\t\t\t\t\t\t<a class=\"elementor-button elementor-button-link elementor-size-sm\" href=\"https:\/\/sistemafaeg.com.br\/ifag\/programas-e-servicos\/ifag-infra\" target=\"_blank\">\n\t\t\t\t\t\t<span class=\"elementor-button-content-wrapper\">\n\t\t\t\t\t\t\t\t\t<span class=\"elementor-button-text\">Parceria IFAG<\/span>\n\t\t\t\t\t<\/span>\n\t\t\t\t\t<\/a>\n\t\t\t\t\t\t\t\t<\/div>\n\t\t\t\t<\/div>\n\t\t<div class=\"elementor-element elementor-element-5b3c5ec e-con-full e-flex e-con e-child\" data-id=\"5b3c5ec\" data-element_type=\"container\" data-e-type=\"container\">\n\t\t\t\t<div class=\"elementor-element elementor-element-28f82b9 elementor-widget elementor-widget-heading\" data-id=\"28f82b9\" data-element_type=\"widget\" data-e-type=\"widget\" data-widget_type=\"heading.default\">\n\t\t\t\t\t<h3 class=\"elementor-heading-title elementor-size-default\">Not\u00edcias Fundeinfra<\/h3>\t\t\t\t<\/div>\n\t\t\t\t<\/div>\n\t\t<div class=\"elementor-element elementor-element-da12a55 e-con-full e-flex e-con e-child\" data-id=\"da12a55\" data-element_type=\"container\" data-e-type=\"container\">\n\t\t\t\t<div class=\"elementor-element elementor-element-9109dac elementor-widget elementor-widget-shortcode\" data-id=\"9109dac\" data-element_type=\"widget\" data-e-type=\"widget\" data-widget_type=\"shortcode.default\">\n\t\t\t\t\t\t\t<div class=\"elementor-shortcode\"><style type='text\/css' media='all'>#rt-tpg-container-4263379827 .rt-holder .rt-woo-info .price{color:#0367bf;}body .rt-tpg-container .rt-tpg-isotope-buttons .selected,\n\t\t\t\t\t#rt-tpg-container-4263379827 .layout12 .rt-holder:hover .rt-detail,\n\t\t\t\t\t#rt-tpg-container-4263379827 .isotope8 .rt-holder:hover .rt-detail,\n\t\t\t\t\t#rt-tpg-container-4263379827 .carousel8 .rt-holder:hover .rt-detail,\n\t\t\t\t\t#rt-tpg-container-4263379827 .layout13 .rt-holder .overlay .post-info,\n\t\t\t\t\t#rt-tpg-container-4263379827 .isotope9 .rt-holder .overlay .post-info,\n\t\t\t\t\t#rt-tpg-container-4263379827.rt-tpg-container .layout4 .rt-holder .rt-detail,\n\t\t\t\t\t.rt-modal-4263379827 .md-content,\n\t\t\t\t\t.rt-modal-4263379827 .md-content > .rt-md-content-holder .rt-md-content,\n\t\t\t\t\t.rt-popup-wrap-4263379827.rt-popup-wrap .rt-popup-navigation-wrap,\n\t\t\t\t\t#rt-tpg-container-4263379827 .carousel9 .rt-holder .overlay .post-info{background-color:#0367bf;}#rt-tpg-container-4263379827 .layout5 .rt-holder .overlay, #rt-tpg-container-4263379827 .isotope2 .rt-holder .overlay, #rt-tpg-container-4263379827 .carousel2 .rt-holder .overlay,#rt-tpg-container-4263379827 .layout15 .rt-holder h3, #rt-tpg-container-4263379827 .isotope11 .rt-holder h3, #rt-tpg-container-4263379827 .carousel11 .rt-holder h3, #rt-tpg-container-4263379827 .layout16 .rt-holder h3,\n\t\t\t\t\t#rt-tpg-container-4263379827 .isotope12 .rt-holder h3, #rt-tpg-container-4263379827 .carousel12 .rt-holder h3 {background-color:rgba(3,103,191,0.8);}#rt-tpg-container-4263379827 .read-more a{border-radius:px;}#rt-tpg-container-4263379827 .rt-img-holder img.rt-img-responsive,#rt-tpg-container-4263379827 .rt-img-holder,\n\t\t\t\t\t#rt-tpg-container-4263379827 .rt-post-overlay .post-img,\n\t\t\t\t\t#rt-tpg-container-4263379827 .post-sm .post-img,\n\t\t\t\t\t#rt-tpg-container-4263379827 .rt-post-grid .post-img,\n\t\t\t\t\t#rt-tpg-container-4263379827 .post-img img {border-radius:px;}#rt-tpg-container-4263379827 .layout2 .rt-holder h2.entry-title,\n\t\t\t\t\t#rt-tpg-container-4263379827 .layout2 .rt-holder h3.entry-title,\n\t\t\t\t\t#rt-tpg-container-4263379827 .layout2 .rt-holder h4.entry-title,\n\t\t\t\t\t#rt-tpg-container-4263379827 .layout2 .rt-holder h2.entry-title a,\n\t\t\t\t\t#rt-tpg-container-4263379827 .layout2 .rt-holder h3.entry-title a,\n\t\t\t\t\t#rt-tpg-container-4263379827 .layout2 .rt-holder h4.entry-title a,\n\t\t\t\t\t#rt-tpg-container-4263379827 .rt-holder .rt-woo-info h2 a,\n\t\t\t\t\t#rt-tpg-container-4263379827 .rt-holder .rt-woo-info h3 a,\n\t\t\t\t\t#rt-tpg-container-4263379827 .rt-holder .rt-woo-info h4 a,\n\t\t\t\t\t#rt-tpg-container-4263379827 .post-content .post-title,\n\t\t\t\t\t#rt-tpg-container-4263379827 .rt-post-grid .post-title,\n\t\t\t\t\t#rt-tpg-container-4263379827 .rt-post-grid .post-title a,\n\t\t\t\t\t#rt-tpg-container-4263379827 .post-content .post-title a,\n\t\t\t\t\t#rt-tpg-container-4263379827 .rt-holder .rt-woo-info h2,\n\t\t\t\t\t#rt-tpg-container-4263379827 .rt-holder .rt-woo-info h3,\n\t\t\t\t\t#rt-tpg-container-4263379827 .rt-holder .rt-woo-info h4{font-size:16px;line-height:26px;}#rt-tpg-container-4263379827 .post-grid-lg-style-1 .post-title,\n\t\t\t\t\t\t#rt-tpg-container-4263379827 .post-grid-lg-style-1 .post-title a,\n\t\t\t\t\t\t#rt-tpg-container-4263379827 .big-layout .post-title,\n\t\t\t\t\t\t#rt-tpg-container-4263379827 .big-layout .post-title a,\n\t\t\t\t\t\t#rt-tpg-container-4263379827 .post-grid-lg-style-1 .post-title,\n\t\t\t\t\t\t#rt-tpg-container-4263379827 .post-grid-lg-style-1 .post-title a {font-size:24px;line-height:34px;}<\/style><div class='rt-container-fluid rt-tpg-container tpg-shortcode-main-wrapper two-destaque' id='rt-tpg-container-4263379827'   data-layout='layout2' data-grid-style='even' data-desktop-col='1'  data-tab-col='1'  data-mobile-col='1' data-sc-id='200671'><div data-title='Loading ...' class='rt-row rt-content-loader   layout2 tpg-even '><div class=\"rt-col-md-12 rt-col-sm-12 rt-col-xs-12 even-grid-item rt-grid-item\" data-id=\"222342\"><div class=\"rt-holder\"><div class=\"rt-row\"><div class='rt-col-xs-12'><div class='rt-detail'><h3 class=\"entry-title\"><a data-id=\"222342\" class=\"\" href=\"https:\/\/goias.gov.br\/seinfra\/goias-acelera-obras-de-infraestrutura-com-nova-modalidade-de-contratacao\/\">Goi\u00e1s acelera obras de infraestrutura com nova modalidade de contrata\u00e7\u00e3o<\/a><\/h3><\/div><\/div><\/div><\/div><\/div><div class=\"rt-col-md-12 rt-col-sm-12 rt-col-xs-12 even-grid-item rt-grid-item\" data-id=\"220092\"><div class=\"rt-holder\"><div class=\"rt-row\"><div class='rt-col-xs-12'><div class='rt-detail'><h3 class=\"entry-title\"><a data-id=\"220092\" class=\"\" href=\"https:\/\/goias.gov.br\/seinfra\/daniel-vilela-vistoria-obras-de-duplicacao-da-go-139-entre-caldas-novas-e-piracanjuba\/\">Governo de Goi\u00e1s vistoria obras de duplica\u00e7\u00e3o da GO-139 entre Caldas Novas e Piracanjuba<\/a><\/h3><\/div><\/div><\/div><\/div><\/div><div class=\"rt-col-md-12 rt-col-sm-12 rt-col-xs-12 even-grid-item rt-grid-item\" data-id=\"215700\"><div class=\"rt-holder\"><div class=\"rt-row\"><div class='rt-col-xs-12'><div class='rt-detail'><h3 class=\"entry-title\"><a data-id=\"215700\" class=\"\" href=\"https:\/\/goias.gov.br\/seinfra\/chamamento-publico-para-aquisicao-de-anteprojetos-de-obras-do-fundeinfra\/\">Chamamento p\u00fablico para aquisi\u00e7\u00e3o de anteprojetos de obras do Fundeinfra<\/a><\/h3><\/div><\/div><\/div><\/div><\/div><div class=\"rt-col-md-12 rt-col-sm-12 rt-col-xs-12 even-grid-item rt-grid-item\" data-id=\"215129\"><div class=\"rt-holder\"><div class=\"rt-row\"><div class='rt-col-xs-12'><div class='rt-detail'><h3 class=\"entry-title\"><a data-id=\"215129\" class=\"\" href=\"https:\/\/goias.gov.br\/seinfra\/governo-de-goias-retoma-duplicacao-da-go-210-em-rio-verde\/\">Governo de Goi\u00e1s retoma duplica\u00e7\u00e3o da GO-210, em Rio Verde<\/a><\/h3><\/div><\/div><\/div><\/div><\/div><\/div><\/div><\/div>\n\t\t\t\t\t\t<\/div>\n\t\t\t\t<\/div>\n\t\t<div class=\"elementor-element elementor-element-196f2aa e-con-full e-flex e-con e-child\" data-id=\"196f2aa\" data-element_type=\"container\" data-e-type=\"container\">\n\t\t\t\t<div class=\"elementor-element elementor-element-25dad95 elementor-widget elementor-widget-text-editor\" data-id=\"25dad95\" data-element_type=\"widget\" data-e-type=\"widget\" data-widget_type=\"text-editor.default\">\n\t\t\t\t\t\t\t\t\t<p style=\"text-align: right;\"><a href=\"https:\/\/goias.gov.br\/seinfra\/tags\/fundeinfra\/\">Veja mais not\u00edcias &gt;<\/a><\/p>\t\t\t\t\t\t\t\t<\/div>\n\t\t\t\t<\/div>\n\t\t\t\t<\/div>\n\t\t\t\t\t<\/div>\n\t\t\t\t<\/div>\n\t\t\t\t<\/div>\n\t\t","protected":false},"excerpt":{"rendered":"<p>Normas Legisla\u00e7\u00e3o Termos de Compromisso Termos de Colabora\u00e7\u00e3o Conselho Gestor Composi\u00e7\u00e3o do Conselho Gestor Convoca\u00e7\u00f5es e pautas do Conselho Gestor Atas e resolu\u00e7\u00f5es do Conselho Gestor Conselho Fiscal Composi\u00e7\u00e3o do Conselho Fiscal Relat\u00f3rios trimestrais de arrecada\u00e7\u00e3o e aplica\u00e7\u00f5es dos recursos Convoca\u00e7\u00f5es e pautas do Conselho Fiscal Atas e resolu\u00e7\u00f5es do Conselho Fiscal Relat\u00f3rios de gest\u00e3o [&hellip;]<\/p>\n","protected":false},"author":7,"featured_media":0,"parent":0,"menu_order":0,"comment_status":"closed","ping_status":"closed","template":"","meta":{"footnotes":""},"class_list":["post-200666","page","type-page","status-publish","hentry"],"rttpg_featured_image_url":null,"rttpg_author":{"display_name":"gustavogoncalves","author_link":"https:\/\/goias.gov.br\/seinfra\/author\/gustavogoncalves\/"},"rttpg_comment":0,"rttpg_category":"","rttpg_excerpt":"Normas Legisla\u00e7\u00e3o Termos de Compromisso Termos de Colabora\u00e7\u00e3o Conselho Gestor Composi\u00e7\u00e3o do Conselho Gestor Convoca\u00e7\u00f5es e pautas do Conselho Gestor Atas e resolu\u00e7\u00f5es do Conselho Gestor Conselho Fiscal Composi\u00e7\u00e3o do Conselho Fiscal Relat\u00f3rios trimestrais de arrecada\u00e7\u00e3o e aplica\u00e7\u00f5es dos recursos Convoca\u00e7\u00f5es e pautas do Conselho Fiscal Atas e resolu\u00e7\u00f5es do Conselho Fiscal Relat\u00f3rios de gest\u00e3o&hellip;","_links":{"self":[{"href":"https:\/\/goias.gov.br\/seinfra\/wp-json\/wp\/v2\/pages\/200666","targetHints":{"allow":["GET"]}}],"collection":[{"href":"https:\/\/goias.gov.br\/seinfra\/wp-json\/wp\/v2\/pages"}],"about":[{"href":"https:\/\/goias.gov.br\/seinfra\/wp-json\/wp\/v2\/types\/page"}],"author":[{"embeddable":true,"href":"https:\/\/goias.gov.br\/seinfra\/wp-json\/wp\/v2\/users\/7"}],"replies":[{"embeddable":true,"href":"https:\/\/goias.gov.br\/seinfra\/wp-json\/wp\/v2\/comments?post=200666"}],"version-history":[{"count":2,"href":"https:\/\/goias.gov.br\/seinfra\/wp-json\/wp\/v2\/pages\/200666\/revisions"}],"predecessor-version":[{"id":250173,"href":"https:\/\/goias.gov.br\/seinfra\/wp-json\/wp\/v2\/pages\/200666\/revisions\/250173"}],"wp:attachment":[{"href":"https:\/\/goias.gov.br\/seinfra\/wp-json\/wp\/v2\/media?parent=200666"}],"curies":[{"name":"wp","href":"https:\/\/api.w.org\/{rel}","templated":true}]}}