

{"id":987,"date":"2010-11-23T12:15:05","date_gmt":"2010-11-23T14:15:05","guid":{"rendered":"http:\/\/intranet.ssp-go.net"},"modified":"2026-04-01T15:38:59","modified_gmt":"2026-04-01T18:38:59","slug":"cargos-e-seus-ocupantes","status":"publish","type":"page","link":"https:\/\/goias.gov.br\/seguranca\/acesso-a-informacao\/cargos-e-seus-ocupantes\/","title":{"rendered":"Cargos e seus Ocupantes"},"content":{"rendered":"<style><span data-mce-type=\"bookmark\" style=\"width: 0px;overflow: hidden;line-height: 0\" class=\"mce_SELRES_start\">\ufeff<\/span><span data-mce-type=\"bookmark\" style=\"width: 0px;overflow: hidden;line-height: 0\" class=\"mce_SELRES_start\">\ufeff<\/span><br \/>h4 {text-transform: uppercase !important;}<br \/><\/style>\n<h3>1. SECRETARIA DE ESTADO DA SEGURAN\u00c7A P\u00daBLICA<\/h3>\n<p><strong>GABINETE DO SECRET\u00c1RIO<\/strong><\/p>\n<p>Secret\u00e1rio: RENATO BRUM DOS SANTOS<br \/>\nEndere\u00e7o: Avenida Anhanguera, n\u00ba 7.364<br \/>\nSetor Aerovi\u00e1rio, Goi\u00e2nia\/GO \u2013 CEP: 74435-300<br \/>\nE-mail: segurancapublica.ssp@goias.gov.br<br \/>\nTelefones: (62) 3201-1049 \/ (62) 3201-1050<br \/>\nUnidade SEI: 02880<\/p>\n<h4>Gabinete do Subsecret\u00e1rio<\/h4>\n<p>Subsecret\u00e1rio:\u00a0GUSTAVO CARLOS FERREIRA<br \/>\nEndere\u00e7o: Avenida Anhanguera, n\u00ba 7.364, Setor Aerovi\u00e1rio<br \/>\nGoi\u00e2nia-GO \u2013 CEP: 74435-300<br \/>\nE-mail: gab.subsecretario.ssp@goias.gov.br<br \/>\nTelefones: (62) 3201-1049 \/ 3201-1050<br \/>\nUnidade SEI: 18385<\/p>\n<h4>Escrit\u00f3rio de Projetos Setorial<\/h4>\n<p>Chefe: CARLOS BORGES DOS SANTOS<br \/>\nEndere\u00e7o: Avenida Anhanguera, n\u00ba 7.364, Setor Aerovi\u00e1rio<br \/>\nGoi\u00e2nia-GO \u2013 CEP: 74435-300<br \/>\nE-mail: eps.ssp@goias.gov.br<br \/>\nTelefone: (62) 3201.2039<br \/>\nUnidade SEI: 22142<\/p>\n<h4>Chefia de Gabinete<\/h4>\n<p>Chefe de Gabinete:\u00a0PATR\u00cdCIA ARLE HATSUGAI<br \/>\nEndere\u00e7o: Avenida Anhanguera, n\u00ba 7.364, Setor Aerovi\u00e1rio<br \/>\nGoi\u00e2nia-GO \u2013 CEP: 74435-300<br \/>\nE-mail: segurancapublica.ssp@goias.gov.br<br \/>\nTelefones: (62) 3201-1049 \/ 3201-1050<br \/>\nUnidade SEI: 06314<\/p>\n<h4>Procuradoria Setorial<\/h4>\n<p>Procurador: PAULO ANDR\u00c9 TEIXEIRA HURBANO<br \/>\nEndere\u00e7o: Avenida Anhanguera, n\u00ba 7.364, Setor Aerovi\u00e1rio<br \/>\nGoi\u00e2nia-GO \u2013 CEP: 74435-300<br \/>\nE-mail: procuradoriasetorial.ssp@goias.gov.br<br \/>\nTelefones: (62) 3201-1017 \/ 3201-1415 \/ 4840<br \/>\nUnidade SEI: 06323<\/p>\n<h4>Ger\u00eancia de Processos Administrativos e do Contencioso<\/h4>\n<p>Gerente: FILIPE SPENSER DOWSLEY<br \/>\nEndere\u00e7o: Avenida Anhanguera, n\u00ba 7.364, Setor Aerovi\u00e1rio<br \/>\nGoi\u00e2nia-GO \u2013 CEP: 74435-300<br \/>\nE-mail: procuradoriasetorial.ssp@goias.gov.br<br \/>\nTelefones: (62) 3201-4840 \/ 1415 \/ 1014<br \/>\nUnidade SEI: 15364<\/p>\n<h4>Ger\u00eancia Jur\u00eddica de Defesa do Consumidor<\/h4>\n<p>Gerente:\u00a0DAVID TARGINO FALC\u00c3O FARIAS<br \/>\nEndere\u00e7o: Rua 08, n\u00ba 242, Qd. 05, Lt. 36, Setor Central<br \/>\nGoi\u00e2nia-GO \u2013 CEP: 74.013-030<br \/>\nE-mail: pge.procon@goias.gov.br<br \/>\nTelefones: (62) 3201-7156 \/ 3201-7143<br \/>\nUnidade SEI: 15365<\/p>\n<h4>Comunica\u00e7\u00e3o Setorial<\/h4>\n<p>Chefe:\u00a0LUIZ MAGNO SILVA LE\u00c3O<br \/>\nEndere\u00e7o: Avenida Anhanguera, n\u00ba 7.364, Setor Aerovi\u00e1rio<br \/>\nGoi\u00e2nia-GO \u2013 CEP: 74435-300<br \/>\nE-mail: imprensa.ssp@goias.gov.br<br \/>\nTelefone: (62) 3201-1404<br \/>\nUnidade SEI: 02893<\/p>\n<h4>Ouvidoria Setorial\/SSP<\/h4>\n<p>Gerente:\u00a0ITALUZY TOLEDO NASCIMENTO<br \/>\nEndere\u00e7o: Rua 17, n\u00ba 188, casa 04, Setor Aerovi\u00e1rio<br \/>\nGoi\u00e2nia-GO \u2013 CEP: 74.435-250<br \/>\nE-mail: ouvidoria.ssp@goias.gov.br<br \/>\nTelefones: (62) 3201-1208 \/ 3201-1211 \/ 3201-1212<br \/>\nUnidade SEI: 06329<\/p>\n<h4>Ger\u00eancia da Secretaria-Geral<\/h4>\n<p>Gerente: BEATRIZ DE ASSIS FERNANDES RORIZ<br \/>\nEndere\u00e7o: Avenida Anhanguera, n\u00ba 7.364, Setor Aerovi\u00e1rio<br \/>\nGoi\u00e2nia-GO \u2013 CEP: 74435-300<br \/>\nE-mail: segurancapublica.ssp@goias.gov.br<br \/>\nTelefones: (62) 3201-1002<br \/>\nUnidade SEI: 02896<\/p>\n<h4>Ger\u00eancia de Seguran\u00e7a<\/h4>\n<p>Gerente: KARLA RESIO HAMU<br \/>\nEndere\u00e7o: Avenida Anhanguera, n\u00ba 7.364, Setor Aerovi\u00e1rio<br \/>\nGoi\u00e2nia-GO \u2013 CEP: 74435-300<br \/>\nE-mail: gerenciadeseguranca.ssp@goias.gov.br<br \/>\nTelefones: (62) 3201-1498 \/ 3201-4830<br \/>\nUnidade SEI: 15356<\/p>\n<h4>Corregedoria Setorial<\/h4>\n<p>Corregedor Setorial:\u00a0REINALDO KOSHIYAMA DE ALMEIDA<br \/>\nEndere\u00e7o: Avenida Anhanguera, n\u00ba 7.364, Setor Aerovi\u00e1rio<br \/>\nGoi\u00e2nia-GO \u2013 CEP: 74435-300<br \/>\nE-mail: corregedoriasetorial.ssp@goias.gov.br<br \/>\nTelefones: (62) 3201-1094<br \/>\nUnidade SEI: 02886<\/p>\n<h4>Ger\u00eancia do Observat\u00f3rio de Seguran\u00e7a P\u00fablica<\/h4>\n<p>Gerente:\u00a0TENISON MACHADO DUR\u00d5ES<br \/>\nEndere\u00e7o: Avenida Anhanguera, n\u00ba 7.364, Setor Aerovi\u00e1rio<br \/>\nGoi\u00e2nia-GO \u2013 CEP: 74435-300<br \/>\nE-mail: observatorio.ssp@goias.gov.br<br \/>\nTelefones: (62) 3201-1197 \/ 1037<br \/>\nUnidade SEI: 14477<\/p>\n<h4>Superintend\u00eancia de Gest\u00e3o Integrada<\/h4>\n<p>Superintendente: ANDRESA TOKUMI FRANCO YAMAMOTO<br \/>\nEndere\u00e7o: Avenida Anhanguera, n\u00ba 7.364, Setor Aerovi\u00e1rio<br \/>\nGoi\u00e2nia-GO \u2013 CEP: 74435-300<br \/>\nE-mail: agenda.sgi@ssp.go.gov.br<br \/>\nTelefones: (62) 3201-1062 \/ 3201-1483 \/ 1434<br \/>\nUnidade SEI: 02888<\/p>\n<h4>Ger\u00eancia de Conv\u00eanios<\/h4>\n<p>Gerente: RENATA LORENA NEITZL DOS SANTOS<br \/>\nEndere\u00e7o: Avenida Anhanguera, n\u00ba 7.364, Setor Aerovi\u00e1rio<br \/>\nGoi\u00e2nia-GO \u2013 CEP: 74435-300<br \/>\nE-mail: convenios.ssp@goias.gov.br<br \/>\nTelefones: (62) 3201-1041 \/ 1089<br \/>\nUnidade SEI: 14123<\/p>\n<h4>Ger\u00eancia de Execu\u00e7\u00e3o Or\u00e7ament\u00e1ria e Financeira<\/h4>\n<p>Gerente: HEYDSON LOPES CARDOSO<br \/>\nEndere\u00e7o: Avenida Anhanguera, n\u00ba 7.364, Setor Aerovi\u00e1rio<br \/>\nGoi\u00e2nia-GO \u2013 CEP: 74435-300<br \/>\nE-mail: geof.ssp@goias.gov.br<br \/>\nTelefones: (62) 3201-1018 \/ 3201-1036 \/ 1016<br \/>\nUnidade SEI: 02899<\/p>\n<h4>Ger\u00eancia de Planejamento Institucional<\/h4>\n<p>Gerente:\u00a0PRISCILLA DE FREITAS ANDRADE<br \/>\nEndere\u00e7o: Avenida Anhanguera, n\u00ba 7.364, Setor Aerovi\u00e1rio<br \/>\nGoi\u00e2nia-GO \u2013 CEP: 74435-300<br \/>\nE-mail: planejamento.ssp@goias.gov.br<br \/>\nTelefone: (62) 3201-1051<br \/>\nUnidade SEI: 06324<\/p>\n<h4>Ger\u00eancia de Compras Governamentais<\/h4>\n<p>Gerente:\u00a0THIAGO DE LUCENA GONDIM<br \/>\nEndere\u00e7o: Avenida Anhanguera, n\u00ba 7.364, Setor Aerovi\u00e1rio<br \/>\nGoi\u00e2nia-GO \u2013 CEP: 74435-300<br \/>\nE-mail: licitacao.ssp@goias.gov.br<br \/>\nTelefones: (62) 3201-1029 \/ 3201-1440 \/ 1065 \/ 1025<br \/>\nUnidade SEI: 02902<\/p>\n<h4>Ger\u00eancia de Gest\u00e3o e Desenvolvimento de Pessoas<\/h4>\n<p>Gerente: PAULO JOS\u00c9 ALVES DE OLIVEIRA<br \/>\nEndere\u00e7o: Rua 17, Qd 01, Lt 01, Setor Aerovi\u00e1rio<br \/>\nGoi\u00e2nia-GO \u2013 CEP: 74435-300<br \/>\nE-mail: ggdp.ssp@goias.gov.br<br \/>\nTelefones: (62) 3201-1487 \/ 3201-4728<br \/>\nUnidade SEI: 02898<\/p>\n<h4>Ger\u00eancia de Arquitetura, Engenharia e Servi\u00e7os Gerais<\/h4>\n<p>Gerente: ITALO FERREIRA SILVA<br \/>\nEndere\u00e7o: Avenida Anhanguera, n\u00ba 7.364, Setor Aerovi\u00e1rio<br \/>\nGoi\u00e2nia-GO \u2013 CEP: 74435-300<br \/>\nE-mail: gaesg.ssp@goias.gov.br<br \/>\nTelefones: (62) 3201-1033 \/ 3201-1034 \/ 1462 \/ 1083<br \/>\nUnidade SEI: 02900<\/p>\n<h4>Ger\u00eancia de Transportes<\/h4>\n<p>Gerente:\u00a0VALTER BOMFIM OLIVEIRA J\u00daNIOR<br \/>\nEndere\u00e7o: Rua 17, n\u00ba 188, casa 04, Setor Aerovi\u00e1rio<br \/>\nGoi\u00e2nia-GO \u2013 CEP: 74435-300<br \/>\nE-mail: getran.ssp@goias.gov.br<br \/>\nTelefones: (62) 3201-1035 \/ 3201-1086<br \/>\nUnidade SEI: 02901<\/p>\n<h4>Ger\u00eancia Administrativa<\/h4>\n<p>Gerente:\u00a0NAYARA FERNANDES DE MENEZES<br \/>\nEndere\u00e7o: Avenida Anhanguera, n\u00ba 7.364, Setor Aerovi\u00e1rio<br \/>\nGoi\u00e2nia-GO \u2013 CEP: 74435-300<br \/>\nE-mail: ger.administrativa.ssp@goias.gov.br<br \/>\nTelefones: (62) 3201-1071 \/ 3201-1076 \/ 3201-1472<br \/>\nUnidade SEI: 18387<\/p>\n<h4>Ger\u00eancia de Contabilidade<\/h4>\n<p>Gerente:\u00a0GEAN CARLO LEMES<br \/>\nEndere\u00e7o: Avenida Anhanguera, n\u00ba 7.364, Setor Aerovi\u00e1rio<br \/>\nGoi\u00e2nia-GO \u2013 CEP: 74435-300<br \/>\nE-mail: gerenciadecontabilidade.ssp@goias.gov.br<br \/>\nTelefones: (62) 3201-1030 \/ 1494<br \/>\nUnidade SEI: 18388<\/p>\n<h4>Ger\u00eancia de Projetos e Capta\u00e7\u00e3o de Recursos<\/h4>\n<p>Gerente:\u00a0DIOGO ARANTES ARAUJO E SILVA<br \/>\nEndere\u00e7o: Avenida Anhanguera, n\u00ba 7.364, Setor Aerovi\u00e1rio<br \/>\nGoi\u00e2nia-GO \u2013 CEP: 74435-300<br \/>\nE-mail: gecare.ssp@goias.gov.br<br \/>\nTelefones: (62) 3201-1012 \/ 3201-1064 \/ 3201-1141<br \/>\nUnidade SEI: 18386<\/p>\n<h4>Ger\u00eancia de Gest\u00e3o de Ativos<\/h4>\n<p>Gerente:\u00a0ALEX DIVINO PEREIRA<br \/>\nEndere\u00e7o: Rua 17, 188, Setor Aerovi\u00e1rio<br \/>\nGoi\u00e2nia-GO \u2013 CEP: 74435-250<br \/>\nE-mail: comissaoleilao.sspgo.10@gmail.com<br \/>\nTelefones: (62) 3201-1019 \/ 3201-1425<br \/>\nUnidade SEI: 21202<\/p>\n<h4>Superintend\u00eancia de Prote\u00e7\u00e3o aos Direitos do Consumidor<\/h4>\n<p>Superintendente: MARCO AUR\u00c9LIO DE SENE PALMERSTON XAVIER<br \/>\nEndere\u00e7o: Rua 08, n\u00ba 242, Edif\u00edcio Torres, 1\u00ba andar, Setor Central<br \/>\nGoi\u00e2nia-GO \u2013 CEP: 74.013-030<br \/>\nE-mail: superintendencia.procon@goias.gov.br<br \/>\nTelefone: (62) 3201-7112<br \/>\nUnidade SEI: 09666<\/p>\n<h4>Ger\u00eancia de Fiscaliza\u00e7\u00e3o<\/h4>\n<p>Gerente: ANTON\u00cdSIO ROSA TEIXEIRA<br \/>\nEndere\u00e7o: Rua 08, n\u00ba 242, Edif\u00edcio Torres, 3\u00ba andar, Setor Central<br \/>\nGoi\u00e2nia-GO \u2013 CEP: 74.013-030<br \/>\nE-mail: fiscalizacao.procon@goias.gov.br<br \/>\nTelefone: (62) 3201-7138<br \/>\nUnidade SEI: 09714<\/p>\n<h4>Ger\u00eancia de Pesquisa e C\u00e1lculo<\/h4>\n<p>Gerente: JOS\u00c9 FLORINDO J\u00daNIOR<br \/>\nEndere\u00e7o: Rua 08, n\u00ba 242, Edif\u00edcio Torres, 3\u00ba andar, Setor Central<br \/>\nGoi\u00e2nia-GO \u2013 CEP: 74.013-030<br \/>\nE-mail: gepec.procon@goias.gov.br<br \/>\nTelefones: (62) 3201-7139 \/ 3201-7140<br \/>\nUnidade SEI: 09715<\/p>\n<h4>Ger\u00eancia de Atendimento ao Consumidor<\/h4>\n<p>Gerente: MARCOS SENA D&#8217;ABREU CORDEIRO<br \/>\nEndere\u00e7o: Rua 08, n\u00ba 242, Edif\u00edcio Torres, mezanino, Setor Central<br \/>\nGoi\u00e2nia-GO \u2013 CEP: 74.013-030<br \/>\nE-mail: atendimento.procon@goias.gov.br<br \/>\nTelefone: (62) 3201-2890<br \/>\nUnidade SEI: 09717<\/p>\n<h4>Ger\u00eancia de Gest\u00e3o de Cr\u00e9ditos<\/h4>\n<p>Gerente:\u00a0WANDERSON C\u00c9SAR DE MORAIS<br \/>\nEndere\u00e7o: Rua 08, n\u00ba 242, Edif\u00edcio Torres, 1\u00ba andar, Setor Central<br \/>\nGoi\u00e2nia-GO \u2013 CEP: 74.013-030<br \/>\nE-mail: ggc.procon@goias.gov.br<br \/>\nTelefones: (62) 3201-7158 \/ 7150<br \/>\nUnidade SEI: 10605<\/p>\n<h4>Ger\u00eancia de Contencioso Administrativo<\/h4>\n<p>Gerente: Let\u00edcia Ara\u00fajo dos Santos<br \/>\nEndere\u00e7o: Rua 08, n\u00ba 242, Edif\u00edcio Torres, 4\u00ba andar, Setor Central<br \/>\nGoi\u00e2nia-GO \u2013 CEP: 74.013-030<br \/>\nE-mail: contencioso.procon@goias.gov.br<br \/>\nTelefones: (62) 3201-7143 \/ 7156<br \/>\nUnidade SEI: 14497<\/p>\n<h4>Superintend\u00eancia de Intelig\u00eancia Integrada<\/h4>\n<p>Superintendente: JONEVAL GOMES DE CARVALHO J\u00daNIOR<br \/>\nEndere\u00e7o: Avenida Anhanguera, n\u00ba 7.364, Setor Aerovi\u00e1rio<br \/>\nGoi\u00e2nia-GO \u2013 CEP: 74435-300<br \/>\nE-mail: sii.ssp@goias.gov.br<br \/>\nTelefones: (62) 3201-1068 \/ 3201-1430<br \/>\nUnidade SEI: 02890<\/p>\n<h4>Ger\u00eancia de Intelig\u00eancia Estrat\u00e9gica<\/h4>\n<p>Gerente:\u00a0DOUGLAS FREIRE SANTANA<br \/>\nEndere\u00e7o: Avenida Anhanguera, n\u00ba 7.364, Setor Aerovi\u00e1rio<br \/>\nGoi\u00e2nia-GO \u2013 CEP: 74435-300<br \/>\nE-mail: gie.ssp@goias.gov.br<br \/>\nTelefone: (62) 3201-1476<br \/>\nUnidade SEI: 03421<\/p>\n<h4>Ger\u00eancia de Contraintelig\u00eancia Estrat\u00e9gica<\/h4>\n<p>Gerente: VORIGUES MESSIAS DE CASTRO J\u00daNIOR<br \/>\nEndere\u00e7o: Avenida Anhanguera, n\u00ba 7.364, Setor Aerovi\u00e1rio<br \/>\nGoi\u00e2nia-GO \u2013 CEP: 74435-300<br \/>\nE-mail: gce.ssp@goias.gov.br<br \/>\nTelefone: (62) 3201-1084<br \/>\nUnidade SEI: 15360<\/p>\n<h4>Ger\u00eancia de Opera\u00e7\u00f5es de Intelig\u00eancia da Pol\u00edcia Militar<\/h4>\n<p>Gerente:\u00a0FRITZ AGAPITO FIGUEREDO<br \/>\nEndere\u00e7o: Avenida Anhanguera, n\u00ba 7.364, Setor Aerovi\u00e1rio<br \/>\nGoi\u00e2nia-GO \u2013 CEP: 74435-300<br \/>\nE-mail: goipm.ssp@goias.gov.br<br \/>\nTelefone: (62) 3201-1069<br \/>\nUnidade SEI: 09603<\/p>\n<h4>Ger\u00eancia de Opera\u00e7\u00f5es de Intelig\u00eancia do Corpo de Bombeiros Militar<\/h4>\n<p>Gerente:\u00a0ANDERSON GON\u00c7ALVES DE SIQUEIRA MOURA<br \/>\nEndere\u00e7o: Avenida Anhanguera, n\u00ba 7.364, Setor Aerovi\u00e1rio<br \/>\nGoi\u00e2nia-GO \u2013 CEP: 74435-300<br \/>\nE-mail: goibm.ssp@goias.gov.br<br \/>\nTelefones: (62) 3201-1422 \/ 3201-1413<br \/>\nUnidade SEI: 15361<\/p>\n<h4>Ger\u00eancia de Opera\u00e7\u00f5es de Intelig\u00eancia de Administra\u00e7\u00e3o Penitenci\u00e1ria<\/h4>\n<p>Gerente:\u00a0LAYS FELIPE BERNARDES<br \/>\nEndere\u00e7o: Avenida Anhanguera, n\u00ba 7.364, Setor Aerovi\u00e1rio<br \/>\nGoi\u00e2nia-GO \u2013 CEP: 74435-300<br \/>\nE-mail: goipp.ssp@goias.gov.br<br \/>\nTelefone: (62) 3201- 1430<br \/>\nUnidade SEI: 15359<\/p>\n<h4>Superintend\u00eancia de Pol\u00edcia T\u00e9cnico-Cient\u00edfica<\/h4>\n<p>Superintendente:\u00a0RICARDO MATOS DA SILVA<br \/>\nEndere\u00e7o: Avenida At\u00edlio Correia Lima, n\u00ba 1.223, Pr\u00e9dio do IC, 2\u00ba andar, Cidade Jardim<br \/>\nGoi\u00e2nia-GO \u2013 CEP: 74.425-030<br \/>\nE-mail: policiacientifica@goias.gov.br<br \/>\nTelefone: (62) 3201-9545<br \/>\nUnidade SEI: 02891<\/p>\n<h4>Ger\u00eancia de Criminal\u00edstica<\/h4>\n<p>Gerente:\u00a0FABRICIO ODA E SILVA<br \/>\nEndere\u00e7o: Avenida At\u00edlio Correia Lima, n\u00ba 1.223, Pr\u00e9dio do IC, 1\u00ba andar, Cidade Jardim<br \/>\nGoi\u00e2nia-GO \u2013 CEP: 74.425-030<br \/>\nE-mail: gerencia-ic@policiacientifica.go.gov.br<br \/>\nTelefones: (62) 3201-9518 \/ 1249<br \/>\nUnidade SEI: 03001<\/p>\n<h4>Ger\u00eancia de Medicina Legal<\/h4>\n<p>Gerente: RAFAELLA MARQUES BARBOSA<br \/>\nEndere\u00e7o: Avenida At\u00edlio Correia Lima, n\u00ba 1.223, Pr\u00e9dio do IML, Cidade Jardim<br \/>\nGoi\u00e2nia-GO \u2013 CEP: 74.425-030<br \/>\nE-mail: gerencia.iml@goias.gov.br<br \/>\nTelefones: (62) 3201-1155 \/ 3201-1273<br \/>\nUnidade SEI: 03002<\/p>\n<h4>Ger\u00eancia de Suporte Operacional<\/h4>\n<p>Gerente: AURELIA LUISA DE SOUZA GON\u00c7ALVES<br \/>\nEndere\u00e7o: Avenida Anhanguera, n\u00ba 7.364, Setor Aerovi\u00e1rio<br \/>\nGoi\u00e2nia-GO \u2013 CEP: 74435-300<br \/>\nE-mail: gesop.sptc@goias.gov.br<br \/>\nTelefones: (62) 3201-9581 \/ 3201-9578 \/ 3201-9533<br \/>\nUnidade SEI: 18389<\/p>\n<h4>Coordena\u00e7\u00e3o Geral de Regionais de Pol\u00edcia T\u00e9cnico-Cient\u00edfica<\/h4>\n<p>Coordenadora Regional: N\u00daBIA MIRANDA VIEIRA<br \/>\nEndere\u00e7o: Avenida At\u00edlio Correia Lima, n\u00ba 1.223, Pr\u00e9dio do IC, 2\u00ba andar, Cidade Jardim<br \/>\nGoi\u00e2nia-GO \u2013 CEP: 74.425-030<br \/>\nE-mail: cgrptc@goias.gov.br<br \/>\nTelefones: (62) 3201-9575<br \/>\nUnidade SEI: 18712<\/p>\n<h4>Superintend\u00eancia de Combate \u00e0 Corrup\u00e7\u00e3o e ao Crime Organizado<\/h4>\n<p>Superintendente:\u00a0DAVI FREIRE REZENDE<br \/>\nEndere\u00e7o: Avenida Anhanguera, n\u00ba 7.364, Setor Aerovi\u00e1rio<br \/>\nGoi\u00e2nia-GO \u2013 CEP: 74435-300<br \/>\nE-mail: sccco.ssp@goias.gov.br<br \/>\nTelefones: (62) 3201-4769 \/ 3201-4869<br \/>\nUnidade SEI: 18391<\/p>\n<h4>Ger\u00eancia de An\u00e1lise Estrat\u00e9gica<\/h4>\n<p>Gerente:\u00a0ANDERSON ROCHA MESQUITA<br \/>\nEndere\u00e7o: Avenida Anhanguera, n\u00ba 7.364, Setor Aerovi\u00e1rio<br \/>\nGoi\u00e2nia-GO \u2013 CEP: 74435-300<br \/>\nE-mail: segurancapublica.ssp@goias.gov.br<br \/>\nTelefone: (62) 3201-4869<br \/>\nUnidade SEI: 18392<\/p>\n<h4>Ger\u00eancia de Articula\u00e7\u00e3o e Integra\u00e7\u00e3o para Combate \u00e0 Corrup\u00e7\u00e3o e ao Crime Organizado<\/h4>\n<p>Gerente:\u00a0KELLY VIEIRA DE SIQUEIRA<br \/>\nEndere\u00e7o: Avenida Anhanguera, n\u00ba 7.364, Setor Aerovi\u00e1rio<br \/>\nGoi\u00e2nia-GO \u2013 CEP: 74435-300<br \/>\nE-mail: geaic@goias.gov.br<br \/>\nTelefone: (62) 3201-4869<br \/>\nUnidade SEI: 18391<\/p>\n<h4>Ger\u00eancia de Opera\u00e7\u00f5es de Intelig\u00eancia<\/h4>\n<p>Gerente: EDUARDO BALDUINO LOPES BELO<br \/>\nEndere\u00e7o: Avenida Anhanguera, n\u00ba 7.364, Setor Aerovi\u00e1rio<br \/>\nGoi\u00e2nia-GO \u2013 CEP: 74435-300<br \/>\nE-mail: geop.inteligencia.ssp@goias.gov.br<br \/>\nTelefone: (62) 3201-4869<br \/>\nUnidade SEI: 18394<\/p>\n<h4>Superintend\u00eancia de A\u00e7\u00f5es e Opera\u00e7\u00f5es Integradas \u2013 SAOI<\/h4>\n<p>Superintendente: GEYSON ALVES BORBA<br \/>\nEndere\u00e7o: Avenida Anhanguera, n\u00ba 7.364, Setor Aerovi\u00e1rio<br \/>\nGoi\u00e2nia-GO \u2013 CEP: 74435-300<br \/>\nE-mail: saoi.ssp@goias.gov.br<br \/>\nTelefones: (62) 3201-4836 \/ 3201-4871<br \/>\nUnidade SEI: 18399<\/p>\n<h4>Ger\u00eancia de Opera\u00e7\u00f5es Integradas<\/h4>\n<p>Gerente: GERALDO PASCOAL SOARES NETO<br \/>\nEndere\u00e7o: Avenida Anhanguera, n\u00ba 7.364, Setor Aerovi\u00e1rio<br \/>\nGoi\u00e2nia-GO \u2013 CEP: 74435-300<br \/>\nE-mail: geoi@goias.gov.br<br \/>\nTelefone: (62) 3201-1435<br \/>\nUnidade SEI: 15355<\/p>\n<h4>Ger\u00eancia de Comunica\u00e7\u00e3o Integrada<\/h4>\n<p>Gerente: VINICIUS VEIGA FLEURY<br \/>\nEndere\u00e7o: Avenida Anhanguera, n\u00ba 7.364, Setor Aerovi\u00e1rio<br \/>\nGoi\u00e2nia-GO \u2013 CEP: 74435-300<br \/>\nE-mail: gci.ssp@goias.gov.br<br \/>\nTelefones: (62) 3201-4836 \/ 3201-1866<br \/>\nUnidade SEI: 15358<\/p>\n<h4>Ger\u00eancia de Articula\u00e7\u00e3o e A\u00e7\u00f5es Integradas de Preven\u00e7\u00e3o \u00e0 Viol\u00eancia<\/h4>\n<p>Gerente: LUCIANO LEVY LEITE SANTOS<br \/>\nEndere\u00e7o: Avenida Anhanguera, n\u00ba 7.364, Setor Aerovi\u00e1rio<br \/>\nGoi\u00e2nia-GO \u2013 CEP: 74435-300<br \/>\nE-mail: gart.ssp@goias.gov.br<br \/>\nTelefones: (62) 3201-1008 \/ 1496<br \/>\nUnidade SEI: 18395<\/p>\n<h4>Superintend\u00eancia Integrada de Tecnologias em Seguran\u00e7a P\u00fablica<\/h4>\n<p>Superintendente: SEBASTI\u00c3O NOLASCO RIBEIRO<br \/>\nEndere\u00e7o: Avenida Anhanguera, n\u00ba 7.364, Setor Aerovi\u00e1rio<br \/>\nGoi\u00e2nia-GO \u2013 CEP: 74435-300<br \/>\nE-mail: sitsp@goias.gov.br<br \/>\nTelefones: (62) 3201-1032 \/ 3201-4785<br \/>\nUnidade SEI: 18396<\/p>\n<h4>Ger\u00eancia de Telecomunica\u00e7\u00f5es<\/h4>\n<p>Gerente:\u00a0JANISON CALIXTO DOS SANTOS<br \/>\nEndere\u00e7o: Avenida Anhanguera, n\u00ba 7.364, Setor Aerovi\u00e1rio<br \/>\nGoi\u00e2nia-GO \u2013 CEP: 74435-300<br \/>\nE-mail: janison.calixto@goias.gov.br<br \/>\nTelefone: (62) 3201-1095<br \/>\nUnidade SEI: 02885<\/p>\n<h4>Ger\u00eancia de Inova\u00e7\u00e3o<\/h4>\n<p>Gerente:\u00a0DIEGO ANDR\u00c9 MOTA DA SILVA<br \/>\nEndere\u00e7o: Avenida Anhanguera, n\u00ba 7.364, Setor Aerovi\u00e1rio<br \/>\nGoi\u00e2nia-GO \u2013 CEP: 74435-300<br \/>\nE-mail: gein.ssp@goias.gov.br<br \/>\nTelefone: (62) 3201-1032<br \/>\nUnidade SEI: 18397<\/p>\n<h4>Ger\u00eancia de Intelig\u00eancia de Neg\u00f3cios<\/h4>\n<p>Gerente:\u00a0BRUNO DE SOUSA VIDAL<br \/>\nEndere\u00e7o: Avenida Anhanguera, n\u00ba 7.364, Setor Aerovi\u00e1rio<br \/>\nGoi\u00e2nia-GO \u2013 CEP: 74435-300<br \/>\nE-mail: administracao.gin.ssp@goias.gov.br<br \/>\nTelefone: (62) 3201-1082<br \/>\nUnidade SEI: 18398<\/p>\n<h4>Coordenadoria de Ensino (COE \u2013 SSP)<\/h4>\n<p>Coordena\u00e7\u00e3o-Geral: \u00a0L\u00cdGIA FERREIRA PEDROSO MIRANDA<br \/>\nEndere\u00e7o: Avenida Anhanguera, n\u00ba 7.364, Setor Aerovi\u00e1rio<br \/>\nE-mails: ensino.ssp@goias.gov.br<br \/>\nGoi\u00e2nia-GO \u2013 CEP: 74435-300<br \/>\nTelefones: (62) 3201-1057 \/ 1045<br \/>\nCoordena\u00e7\u00e3o-Geral: (62) 3201-1985<br \/>\nCoord. de Ensino Presencial e Pesquisa: (62) 3201-1045<br \/>\nCoord. de Ensino a Dist\u00e2ncia e Extens\u00e3o: (62) 3201-1057<br \/>\nCoord. Administrativa\/COE-SSP: (62) 3201-1986<br \/>\nCoord. Pedag\u00f3gica\/COE-SSP: (62) 3201-1987<br \/>\nAtendimento ao P\u00fablico: (62) 3201-1988<br \/>\nUnidade SEI: 18482<\/p>\n<h4>Coordena\u00e7\u00e3o do Servi\u00e7o Estadual de Prote\u00e7\u00e3o ao Depoente Especial &#8211; SEPDE<\/h4>\n<p>Coordenador: ANDR\u00c9 LUIZ FERREIRA DE MORAES<br \/>\nEndere\u00e7o: Avenida Anhanguera, n\u00ba 7.364, Setor Aerovi\u00e1rio<br \/>\nGoi\u00e2nia-GO \u2013 CEP: 74435-300<br \/>\nE-mail: sepde.ssp.go@gmail.com \/ andre.fmoraes@goias.gov.br<br \/>\nTelefones: (62) 99450-7171 \/ 9 2002-7158<br \/>\nUnidade SEI: 14963<\/p>\n<h3>2. CONSELHOS<\/h3>\n<h4>Conselho Estadual de Tr\u00e2nsito \u2013 CETRAN<\/h4>\n<p>Presidente:\u00a0NAYARA BARROS COIMBRA<br \/>\nEndere\u00e7o: Rodovia GO-020, Km 04, Parque Lozandes, Aut\u00f3dromo de Goi\u00e2nia<br \/>\nGoi\u00e2nia-GO \u2013 CEP: 74.899-899<br \/>\nE-mail: cetran@detran.go.gov.br<br \/>\nTelefone: (62) 3282-3908<br \/>\nUnidade SEI: 5401<\/p>\n<h4>Conselho Estadual de Seguran\u00e7a P\u00fablica<\/h4>\n<p>Presidente:\u00a0RENATO BRUM DOS SANTOS<br \/>\nEndere\u00e7o: Avenida Anhanguera, n\u00ba 7.364, Setor Aerovi\u00e1rio<br \/>\nGoi\u00e2nia-GO \u2013 CEP: 74435-300<br \/>\nE-mail: segurancapublica.ssp@goias.gov.br<br \/>\nTelefones: (62) 3201-1049 \/ 3201-1050<br \/>\nUnidade SEI: 02880<\/p>\n<h4>Conselho Estadual de Seguran\u00e7a P\u00fablica<\/h4>\n<p>Vice-Presidente:\u00a0GUSTAVO CARLOS FERREIRA<br \/>\nEndere\u00e7o: Avenida Anhanguera, n\u00ba 7.364, Setor Aerovi\u00e1rio<br \/>\nGoi\u00e2nia-GO \u2013 CEP: 74435-300<br \/>\nE-mail: supexgoias@gmail.com<br \/>\nTelefones: (62) 3201-1049 \/ 3201-1050<br \/>\nUnidade SEI: 18385<\/p>\n<h4>Conselho Estadual de Prote\u00e7\u00e3o a V\u00edtimas e Testemunhas Amea\u00e7adas no Estado de Goi\u00e1s \u2013 CONDEL\/PROVITA<\/h4>\n<p>Presidente: Cargo Vago desde 17\/11\/2010<br \/>\nEndere\u00e7o: Avenida Anhanguera, n\u00ba 7.364, Setor Aerovi\u00e1rio<br \/>\nGoi\u00e2nia-GO \u2013 CEP: 74435-300<br \/>\nE-mail: segurancapublica.ssp@goias.gov.br<br \/>\nTelefones: (62)\u00a03201\u00a0&#8211;\u00a01002<\/p>\n","protected":false},"excerpt":{"rendered":"<p>Estrutura Organizacional da SSPAP<\/p>\n","protected":false},"author":3,"featured_media":0,"parent":11666,"menu_order":0,"comment_status":"closed","ping_status":"closed","template":"","meta":{"footnotes":"","_links_to":"","_links_to_target":""},"class_list":["post-987","page","type-page","status-publish","hentry"],"rttpg_featured_image_url":null,"rttpg_author":{"display_name":"joanaredator","author_link":"https:\/\/goias.gov.br\/seguranca\/author\/joanaredator\/"},"rttpg_comment":0,"rttpg_category":null,"rttpg_excerpt":"Estrutura Organizacional da SSPAP","_links":{"self":[{"href":"https:\/\/goias.gov.br\/seguranca\/wp-json\/wp\/v2\/pages\/987","targetHints":{"allow":["GET"]}}],"collection":[{"href":"https:\/\/goias.gov.br\/seguranca\/wp-json\/wp\/v2\/pages"}],"about":[{"href":"https:\/\/goias.gov.br\/seguranca\/wp-json\/wp\/v2\/types\/page"}],"author":[{"embeddable":true,"href":"https:\/\/goias.gov.br\/seguranca\/wp-json\/wp\/v2\/users\/3"}],"replies":[{"embeddable":true,"href":"https:\/\/goias.gov.br\/seguranca\/wp-json\/wp\/v2\/comments?post=987"}],"version-history":[{"count":5,"href":"https:\/\/goias.gov.br\/seguranca\/wp-json\/wp\/v2\/pages\/987\/revisions"}],"predecessor-version":[{"id":297597,"href":"https:\/\/goias.gov.br\/seguranca\/wp-json\/wp\/v2\/pages\/987\/revisions\/297597"}],"up":[{"embeddable":true,"href":"https:\/\/goias.gov.br\/seguranca\/wp-json\/wp\/v2\/pages\/11666"}],"wp:attachment":[{"href":"https:\/\/goias.gov.br\/seguranca\/wp-json\/wp\/v2\/media?parent=987"}],"curies":[{"name":"wp","href":"https:\/\/api.w.org\/{rel}","templated":true}]}}