

{"id":9120,"date":"2014-03-11T11:14:59","date_gmt":"2014-03-11T14:14:59","guid":{"rendered":"http:\/\/www.ssp.go.gov.br\/?page_id=9120"},"modified":"2014-03-11T11:14:59","modified_gmt":"2014-03-11T14:14:59","slug":"pddqd","status":"publish","type":"page","link":"https:\/\/goias.gov.br\/seguranca\/pddqd\/","title":{"rendered":"Programa Dinheiro Direto nos Quarteis e Delegacias &#8211; PDDQD"},"content":{"rendered":"<div class=\"mceTemp\"><\/div>\n<p style=\"text-align: justify\">Fica institu\u00eddo, no \u00e2mbito da Secretaria da Seguran\u00e7a P\u00fablica, o Programa Estadual Dinheiro Direto nos Quart\u00e9is e Delegacias (PDDQD), com o objetivo de prestar assist\u00eancia financeira, em car\u00e1ter suplementar, \u00e0s Delegacias de Pol\u00edcia Civil, Unidades da Pol\u00edcia Militar e do Corpo de Bombeiros Militar e Unidades da Pol\u00edcia T\u00e9cnico-Cient\u00edfica, bem como \u00e0s respectivas regionais, mediante repasses para\u00a0manuten\u00e7\u00e3o e pequenos investimentos,\u00a0destinados \u00e0 cobertura de despesas correntes e de capital,\u00a0para constru\u00e7\u00e3o, reforma e amplia\u00e7\u00e3o das Unidades, e\u00a0\u00e0s Academias, visando ao desenvolvimento de projetos de ensino e pesquisa.<\/p>\n<p style=\"text-align: justify\">O programa ser\u00e1 executado atrav\u00e9s da Unidade Executora Pr\u00f3pria (UEx) a ser criado em cada unidade na forma do Conselho Comunit\u00e1rio de Seguran\u00e7a da Unidade, nos termos da <strong><a href=\"https:\/\/www.gabinetecivil.go.gov.br\/leis_ordinarias\/2013\/lei_18303.htm\" target=\"_blank\" rel=\"noopener\">Lei Estadual n\u00ba 18.303\/2013<\/a><\/strong>\u00a0e do <strong><a href=\"https:\/\/www.gabinetecivil.goias.gov.br\/decretos\/numerados\/2014\/decreto_8082.htm\" target=\"_blank\" rel=\"noopener\">Decreto Estadual n\u00ba 8.082\/2014<\/a><\/strong>, seguindo os procedimentos explicitados no Manual de Orienta\u00e7\u00e3o para Constitui\u00e7\u00e3o de Unidade Executora Pr\u00f3pria.<\/p>\n<p><strong><a title=\"Lei Estadual n\u00ba 18.303\/2013\" href=\"https:\/\/goias.gov.br\/seguranca\/wp-content\/uploads\/sites\/56\/2014\/03\/lei-no-18-303.pdf\" target=\"_blank\" rel=\"noopener\">Lei Estadual n\u00ba 18.303\/2013 em PDF<\/a><\/strong><br \/>\n<strong><a title=\"Decreto Estadual n\u00ba 8.082\/2014\" href=\"https:\/\/goias.gov.br\/seguranca\/wp-content\/uploads\/sites\/56\/2014\/03\/decreto-8-082-pddqd.pdf\">Decreto Estadual n\u00ba 8.082\/2014 em PDF<\/a><\/strong><br \/>\n<strong><a href=\"https:\/\/goias.gov.br\/seguranca\/wp-content\/uploads\/sites\/56\/2014\/03\/manual-de-orientacao-para-constituicao-de-unidade-executora.pdf\" target=\"_blank\" rel=\"noopener\">Manual de Orienta\u00e7\u00e3o para Constitui\u00e7\u00e3o de Unidade Executora Pr\u00f3pria em PDF<\/a><br \/>\n<a href=\"https:\/\/goias.gov.br\/seguranca\/wp-content\/uploads\/sites\/56\/2014\/03\/modelo-estatuto-ata-e-edital2.rar\" target=\"_blank\" rel=\"noopener\">Modelo de Estatuto, Edital e&#8217; Ata de Constitui\u00e7\u00e3o<\/a><\/strong> (Modelo de Estatuto previamente aprovado no 2\u00ba Cart\u00f3rio de Notas e Registros, sito \u00e0 rua 6, n\u00ba 225, Centro, Goi\u00e2nia.)<br \/>\n<strong><a href=\"https:\/\/goias.gov.br\/seguranca\/wp-content\/uploads\/sites\/56\/2014\/03\/modelo-de-cnpj.pdf\" target=\"_blank\" rel=\"noopener\">Modelo de Preenchimento do Cart\u00e3o CNPJ<\/a><\/strong><\/p>\n<p>MODELO PARA CRIA\u00c7\u00c3O DOS E-MAIL DAS UEX: uex.(unidade e \u00f3rg\u00e3o).(munic\u00edpio)@gmail.com (exemplo: uex.1bpm.goiania@gmail.com)<\/p>\n<blockquote><p>Para visualizar arquivos em PDF, use ou instale o\u00a0<strong><a title=\"Adobe Reader\" href=\"https:\/\/www.adobe.com\/go\/getreader\/\" target=\"_blank\" rel=\"noopener\">Adobe Reader<\/a><\/strong><\/p><\/blockquote>\n<p style=\"text-align: left\">\u00a0<img fetchpriority=\"high\" decoding=\"async\" class=\"size-full wp-image-12587\" src=\"https:\/\/goias.gov.br\/seguranca\/wp-content\/uploads\/sites\/56\/2014\/03\/organograma-criacao1.png\" alt=\"organograma-criacao\" width=\"620\" height=\"496\" \/><\/p>\n<p style=\"text-align: justify\">A operacionaliza\u00e7\u00e3o do Programa se dar\u00e1 atrav\u00e9s da apresenta\u00e7\u00e3o de um Plano de Aplica\u00e7\u00e3o Financeiro que passar\u00e1 pela aprova\u00e7\u00e3o da Chefia do \u00d3rg\u00e3o a que pertence a Unidade Benefici\u00e1ria, parecer t\u00e9cnico da Coordena\u00e7\u00e3o do Programa e por fim homologa\u00e7\u00e3o pelo Secret\u00e1rio de Seguran\u00e7a P\u00fablica. A elabora\u00e7\u00e3o do Plano de Aplica\u00e7\u00e3o Financeiro, bem como as normas para empregos dos repasses est\u00e3o detalhadamente descritas no,\u00a0Manual de Orienta\u00e7\u00e3o para Operacionaliza\u00e7\u00e3o da Unidade Executora Pr\u00f3pria.<\/p>\n<p style=\"text-align: justify\"><a href=\"https:\/\/goias.gov.br\/seguranca\/wp-content\/uploads\/sites\/56\/2014\/03\/manual-de-orientacao-para-operacionalizacao-da-unidade-executora-propria-_revisado_.pdf\" target=\"_blank\" rel=\"noopener\"><strong>Manual de Orienta\u00e7\u00e3o para Operacionaliza\u00e7\u00e3o da Unidade Executora Pr\u00f3pria em PDF<\/strong><\/a><\/p>\n<p style=\"text-align: justify\"><strong><a href=\"https:\/\/goias.gov.br\/seguranca\/wp-content\/uploads\/sites\/56\/2014\/03\/modelos-editaveis11.rar\" target=\"_blank\" rel=\"noopener\">Modelos Edit\u00e1veis para Operacionaliza\u00e7\u00e3o<\/a><\/strong>\u00a0(incluindo o modelo de placa de obra)<br \/>\n<strong><a href=\"https:\/\/goias.gov.br\/seguranca\/wp-content\/uploads\/sites\/56\/2014\/03\/modelo-de-placa-de-inauguracao.zip\" target=\"_blank\" rel=\"noopener\">Modelo de Placa de Inaugura\u00e7\u00e3o de Obras Custeadas pelo PDDQD e UP<\/a><\/strong><br \/>\n<strong><a href=\"https:\/\/goias.gov.br\/seguranca\/wp-content\/uploads\/sites\/56\/2014\/03\/portaria-001-cria-comissao-de-licitacao-modelo.doc\" target=\"_blank\" rel=\"noopener\">Modelo de PORTARIA DE NOMEA\u00c7\u00c3O DA COMISS\u00c3O DE LICITA\u00c7\u00c3O<\/a><\/strong> <em>(Obs.: todos os membros da Comiss\u00e3o de Licita\u00e7\u00e3o dever\u00e3o, obrigatoriamente, serem nomeados entre os pr\u00f3prios membros da UEx, efetivos ou suplentes)<\/em><\/p>\n<p><strong>LICITA\u00c7\u00c3O<\/strong><\/p>\n<ul>\n<li><strong><a href=\"https:\/\/goias.gov.br\/seguranca\/wp-content\/uploads\/sites\/56\/2014\/03\/edital-obras-final1.docx\" target=\"_blank\" rel=\"noopener\">EDITAL DE OBRAS<\/a><\/strong><\/li>\n<li><strong><a href=\"https:\/\/goias.gov.br\/seguranca\/wp-content\/uploads\/sites\/56\/2014\/03\/edital-materiais.doc\" target=\"_blank\" rel=\"noopener\">EDITAL DE MATERIAIS<\/a><\/strong><\/li>\n<li><strong><a href=\"https:\/\/goias.gov.br\/seguranca\/wp-content\/uploads\/sites\/56\/2014\/03\/check-list-de-documentos-para-habilitacao-novo.docx\" target=\"_blank\" rel=\"noopener\">CHECK LIST DE DOCUMENTOS PARA HABILITA\u00c7\u00c3O DE CONCORRENTES<\/a><\/strong><\/li>\n<li><strong><a href=\"https:\/\/goias.gov.br\/seguranca\/wp-content\/uploads\/sites\/56\/2014\/03\/declaracoes-para-empresas-concorrentes.docx\" target=\"_blank\" rel=\"noopener\">DECLARA\u00c7\u00d5ES PARA EMPRESAS CONCORRENTES<\/a><\/strong><\/li>\n<li><strong><a href=\"https:\/\/goias.gov.br\/seguranca\/wp-content\/uploads\/sites\/56\/2014\/03\/relatorio-e-parecer.docx\" target=\"_blank\" rel=\"noopener\">MODELO DE RELAT\u00d3RIO DO CONSELHO FISCAL<\/a><\/strong><\/li>\n<li><strong><a href=\"https:\/\/goias.gov.br\/seguranca\/wp-content\/uploads\/sites\/56\/2014\/03\/minuta-de-termo-aditivo.docx\" target=\"_blank\" rel=\"noopener\">MO<\/a><a href=\"https:\/\/goias.gov.br\/seguranca\/wp-content\/uploads\/sites\/56\/2014\/03\/minuta-de-termo-aditivo.docx\" target=\"_blank\" rel=\"noopener\">DELO DE TERMO ADITIVO DE CONTRATO<\/a><\/strong><\/li>\n<li><strong><a href=\"https:\/\/goias.gov.br\/seguranca\/wp-content\/uploads\/sites\/56\/2014\/03\/modelos-de-publicacao-em-diario-oficial.rar\" target=\"_blank\" rel=\"noopener\">MODELOS DE PUBLICA\u00c7\u00c3O EM DI\u00c1RIO OFICIAL<\/a><\/strong><\/li>\n<\/ul>\n<p style=\"text-align: justify\"><strong><a href=\"https:\/\/goias.gov.br\/seguranca\/wp-content\/uploads\/sites\/56\/2014\/03\/portaria-1933-14.pdf\" target=\"_blank\" rel=\"noopener\">Portaria n\u00ba 1.933\/2014<\/a><\/strong> da Secretaria de Seguran\u00e7a P\u00fablica que versa sobre a obrigatoriedade da publica\u00e7\u00e3o do Convite em Di\u00e1rio Oficial do Estado de Goi\u00e1s e\/ou jornal de grande circula\u00e7\u00e3o no Estado a fim de assegurar a adjudica\u00e7\u00e3o do procedimento licitat\u00f3rio na primeira convoca\u00e7\u00e3o, caso haja pelo menos uma proposta v\u00e1lida de licitante habilitado.<\/p>\n<p><strong><a href=\"https:\/\/goias.gov.br\/seguranca\/wp-content\/uploads\/sites\/56\/2014\/03\/tabela-de-classificacao-das-despesas-natureza-despesa.pdf\" target=\"_blank\" rel=\"noopener\">Tabela de Classifica\u00e7\u00e3o de Despesas<\/a><\/strong><br \/>\n<strong><a href=\"https:\/\/www.agetop.go.gov.br\/pagina\/ver\/9124\/tabela-de-precos\" target=\"_blank\" rel=\"noopener\">Tabela de Pre\u00e7os da AGETOP<\/a><\/strong><br \/>\n<strong><a href=\"https:\/\/goias.gov.br\/seguranca\/wp-content\/uploads\/sites\/56\/2014\/03\/elaboracao-termo-de-referencia.rar\" target=\"_blank\" rel=\"noopener\">Elabora\u00e7\u00e3o do Termo de Refer\u00eancia<\/a><\/strong><br \/>\n<strong><a title=\"Exemplo de Projeto B\u00e1sico\" href=\"https:\/\/goias.gov.br\/seguranca\/wp-content\/uploads\/sites\/56\/2014\/03\/projeto-basico-pdf.pdf\" target=\"_blank\" rel=\"noopener\">EXEMPLO DE PROJETO B\u00c1SICO<\/a><\/strong><\/p>\n<p><strong>PRESTA\u00c7\u00c3O DE CONTAS<\/strong><\/p>\n<ul>\n<li><strong><a href=\"https:\/\/goias.gov.br\/seguranca\/wp-content\/uploads\/sites\/56\/2014\/03\/roteiro-prestacao-de-contas.docx\" target=\"_blank\" rel=\"noopener\">ROTEIRO PARA PRESTA\u00c7\u00c3O DE CONTAS A SER ENVIADA PARA A SSP<\/a><\/strong><\/li>\n<li><strong><a href=\"https:\/\/goias.gov.br\/seguranca\/wp-content\/uploads\/sites\/56\/2014\/03\/prestacao-de-contas-a-ser-aquivada-na-unidade1.docx\" target=\"_blank\" rel=\"noopener\">ROTEIRO PARA PRESTA\u00c7\u00c3O DE CONTAS A SER ARQUIVADA NA UEx<\/a><\/strong><\/li>\n<\/ul>\n<p><strong><a href=\"https:\/\/goias.gov.br\/seguranca\/wp-content\/uploads\/sites\/56\/2014\/03\/prestacao-de-contas1.rar\" target=\"_blank\" rel=\"noopener\">Passo-a-passo da montagem das Presta\u00e7\u00f5es de contas<\/a><\/strong><br \/>\n<strong><a href=\"https:\/\/goias.gov.br\/seguranca\/wp-content\/uploads\/sites\/56\/2014\/03\/modelo-de-nota-explicativa.docx\" target=\"_blank\" rel=\"noopener\">Modelo de Nota Explicativa Cont\u00e1bil<\/a><\/strong><br \/>\n<strong><a href=\"https:\/\/goias.gov.br\/seguranca\/wp-content\/uploads\/sites\/56\/2014\/03\/normas-brasileiras-de-contabilidade-itg-2002-entidades-sem-finalidade-de-lucro.pdf\" target=\"_blank\" rel=\"noopener\">Normas Brasileiras de Contabilidade ITG 2002 &#8211; Entidades sem Finalidade de Lucro<\/a><\/strong><\/p>\n<p><strong>SUBSTITUI\u00c7\u00c3O DE MEMBROS<\/strong><\/p>\n<p><strong><a href=\"https:\/\/goias.gov.br\/seguranca\/wp-content\/uploads\/sites\/56\/2014\/03\/roteiro-de-substituicao-dos-presidentes-das-unidades-executoras-proprias1.pdf\" target=\"_blank\" rel=\"noopener\">Roteiro Passo-a-Passo para substitui\u00e7\u00e3o do Presidente da UEx<\/a><\/strong>\u00a0(Obs.: Encaminhar \u00e0 Coordena\u00e7\u00e3o do PDDQD c\u00f3pia dos documentos produzidos, bem como c\u00f3pia dos documentos do novo presidente da UEx)<br \/>\n<strong><a href=\"https:\/\/goias.gov.br\/seguranca\/wp-content\/uploads\/sites\/56\/2014\/03\/termo-de-renuncia-de-cargo1.doc\" target=\"_blank\" rel=\"noopener\">MODELO DE TERMO DE RENUNCIA PRA SUBSTITUI\u00c7\u00c3O DE MEMBRO DA UEx<\/a><\/strong><br \/>\n<strong><a href=\"https:\/\/goias.gov.br\/seguranca\/wp-content\/uploads\/sites\/56\/2014\/03\/modelo-ata-substituicao-de-membro-novo.doc\" target=\"_blank\" rel=\"noopener\">MODELO DE ATA DE SUBSTITUI\u00c7\u00c3O<\/a><\/strong><\/p>\n<blockquote><p>Para visualizar arquivos em PDF, use ou instale o <strong><a title=\"Adobe Reader\" href=\"https:\/\/www.adobe.com\/go\/getreader\/\" target=\"_blank\" rel=\"noopener\">Adobe Reader<\/a><\/strong><\/p><\/blockquote>\n<p><img decoding=\"async\" class=\"alignnone size-full wp-image-12588\" src=\"https:\/\/goias.gov.br\/seguranca\/wp-content\/uploads\/sites\/56\/2014\/03\/organograma-operacionalizacao1.png\" alt=\"organograma-operacionalizacao\" width=\"620\" height=\"775\" \/><br \/>\nGER\u00caNCIA DE RECURSOS DESCENTRALIZADOS<br \/>\n<a href=\"mailto:pddqd.go@gmail.com\">pddqd.go@gmail.com<\/a><br \/>\nFone: (62) 3201-1064<\/p>\n<hr \/>\n<p>CONTROLADORIA GERAL DO ESTADO \u2013 CGE<br \/>\n<a href=\"https:\/\/www.controladoria.go.gov.br\/cge\/\" target=\"_blank\" rel=\"noopener\">https:\/\/www.controladoria.go.gov.br\/cge\/<\/a><br \/>\nFone: (62) 3201-5377<\/p>\n<hr \/>\n<p>TRIBUNAL DE CONTAS DO ESTADO &#8211; TCE<br \/>\n<a href=\"https:\/\/www.tce.go.gov.br\/\" target=\"_blank\" rel=\"noopener\">https:\/\/www.tce.go.gov.br\/<\/a><br \/>\nFone: (62) 3201-9000<\/p>\n<hr \/>\n<p>CASA CIVIL<br \/>\n<a href=\"https:\/\/www.casacivil.go.gov.br\/\" target=\"_blank\" rel=\"noopener\">https:\/\/www.casacivil.go.gov.br\/<\/a><br \/>\nFones: (62) 3201-5800 ou\u00a0\u00a0(62) 3201-5888<\/p>\n<hr \/>\n<p>Coordena\u00e7\u00e3o do Programa Dinheiro Direto nos Quarteis e Delegacias<br \/>\nCoordenador: Ten Cel BM Kanitz<br \/>\nAuxiliares:\u00a0Escriv\u00e3o de Pol\u00edcia de Classe Especial Tiago Lima Pereira<br \/>\nE-mail: <a href=\"mailto:pddqd.go@gmail.com\" target=\"_blank\" rel=\"noopener\">pddqd.go@gmail.com<\/a><br \/>\nFone: (62) 3201-1064 ou 3201-1141<\/p>\n","protected":false},"excerpt":{"rendered":"<p>Fica institu\u00eddo, no \u00e2mbito da Secretaria da Seguran\u00e7a P\u00fablica, o Programa Estadual Dinheiro Direto nos Quart\u00e9is e Delegacias (PDDQD), com o objetivo de prestar assist\u00eancia financeira, em car\u00e1ter suplementar, \u00e0s Delegacias de Pol\u00edcia Civil, Unidades da Pol\u00edcia Militar e do Corpo de Bombeiros Militar e Unidades da Pol\u00edcia T\u00e9cnico-Cient\u00edfica, bem como \u00e0s respectivas regionais, mediante [&hellip;]<\/p>\n","protected":false},"author":3,"featured_media":12588,"parent":0,"menu_order":0,"comment_status":"closed","ping_status":"closed","template":"","meta":{"footnotes":"","_links_to":"","_links_to_target":""},"class_list":["post-9120","page","type-page","status-publish","has-post-thumbnail","hentry"],"rttpg_featured_image_url":null,"rttpg_author":{"display_name":"joanaredator","author_link":"https:\/\/goias.gov.br\/seguranca\/author\/joanaredator\/"},"rttpg_comment":0,"rttpg_category":null,"rttpg_excerpt":"Fica institu\u00eddo, no \u00e2mbito da Secretaria da Seguran\u00e7a P\u00fablica, o Programa Estadual Dinheiro Direto nos Quart\u00e9is e Delegacias (PDDQD), com o objetivo de prestar assist\u00eancia financeira, em car\u00e1ter suplementar, \u00e0s Delegacias de Pol\u00edcia Civil, Unidades da Pol\u00edcia Militar e do Corpo de Bombeiros Militar e Unidades da Pol\u00edcia T\u00e9cnico-Cient\u00edfica, bem como \u00e0s respectivas regionais, mediante&hellip;","_links":{"self":[{"href":"https:\/\/goias.gov.br\/seguranca\/wp-json\/wp\/v2\/pages\/9120","targetHints":{"allow":["GET"]}}],"collection":[{"href":"https:\/\/goias.gov.br\/seguranca\/wp-json\/wp\/v2\/pages"}],"about":[{"href":"https:\/\/goias.gov.br\/seguranca\/wp-json\/wp\/v2\/types\/page"}],"author":[{"embeddable":true,"href":"https:\/\/goias.gov.br\/seguranca\/wp-json\/wp\/v2\/users\/3"}],"replies":[{"embeddable":true,"href":"https:\/\/goias.gov.br\/seguranca\/wp-json\/wp\/v2\/comments?post=9120"}],"version-history":[{"count":0,"href":"https:\/\/goias.gov.br\/seguranca\/wp-json\/wp\/v2\/pages\/9120\/revisions"}],"wp:featuredmedia":[{"embeddable":true,"href":"https:\/\/goias.gov.br\/seguranca\/wp-json\/"}],"wp:attachment":[{"href":"https:\/\/goias.gov.br\/seguranca\/wp-json\/wp\/v2\/media?parent=9120"}],"curies":[{"name":"wp","href":"https:\/\/api.w.org\/{rel}","templated":true}]}}