

{"id":86682,"date":"2023-08-04T10:33:48","date_gmt":"2023-08-04T13:33:48","guid":{"rendered":"https:\/\/www.seguranca.go.gov.br\/?page_id=86682"},"modified":"2026-03-25T09:38:01","modified_gmt":"2026-03-25T12:38:01","slug":"relacao-de-terceirizados","status":"publish","type":"page","link":"https:\/\/goias.gov.br\/seguranca\/acesso-a-informacao\/relacao-de-terceirizados\/","title":{"rendered":"Rela\u00e7\u00e3o de Terceirizados"},"content":{"rendered":"<p><em>\u203a <\/em><a href=\"https:\/\/goias.gov.br\/seguranca\/acesso-a-informacao\/relacao-de-terceirizados\/guarda-vigilancia-armada-vippim-patrimonial\/\">Vigil\u00e2ncia Armada Vippim Patrimonial<\/a> <em>(In\u00edcio da vig\u00eancia: 01\/01\/2026 &#8211; T\u00e9rmino da vig\u00eancia: 31\/12\/2030)<\/em><br \/>\n\u203a <a href=\"https:\/\/goias.gov.br\/seguranca\/acesso-a-informacao\/relacao-de-terceirizados\/auxiliar-de-servicos-gerais-copeiro-encarregado-de-limpeza-porteiro-real-confianca\">Auxiliar de Servi\u00e7os Gerais, Copeiro, Encarregado de Limpeza, Porteiro &#8211; Real Confian\u00e7a<\/a><em> (In\u00edcio da vig\u00eancia: 01\/06\/2022 &#8211; T\u00e9rmino da vig\u00eancia: 13\/04\/2026)<\/em><br \/>\n\u203a <a href=\"https:\/\/goias.gov.br\/seguranca\/acesso-a-informacao\/relacao-de-terceirizados\/guarda-vigilancia-armada\">Guarda &#8211; Vigil\u00e2ncia Armada &#8211; Garra Forte<\/a><em> (In\u00edcio da vig\u00eancia: 11\/03\/2020 &#8211; T\u00e9rmino da vig\u00eancia: 11\/03\/2026)<\/em><br \/>\n\u203a <a href=\"https:\/\/goias.gov.br\/seguranca\/acesso-a-informacao\/relacao-de-terceirizados\/profissionais-de-tecnologia-da-informacao\">Profissionais de Tecnologia da Informa\u00e7\u00e3o &#8211; Memora Processos Inovadores<\/a><em> (In\u00edcio da vig\u00eancia: 04\/07\/2022 &#8211; T\u00e9rmino da vig\u00eancia: 04\/07\/2026)<\/em><br \/>\n\u203a <a href=\"https:\/\/goias.gov.br\/seguranca\/acesso-a-informacao\/relacao-de-terceirizados\/servicos-gerais-e-limpeza\">Servi\u00e7os Gerais e Limpeza &#8211; Genesis Prestadora de Servi\u00e7os Eireli<\/a><em> (In\u00edcio da vig\u00eancia: 20\/12\/2022 &#8211; T\u00e9rmino da vig\u00eancia: 20\/12\/2026)<\/em><br \/>\n\u203a <a href=\"https:\/\/goias.gov.br\/seguranca\/acesso-a-informacao\/relacao-de-terceirizados\/teleoperador-de-call-center\">Teleoperador de Call Center &#8211; ADFEGO<\/a> <em>(In\u00edcio da vig\u00eancia: 04\/10\/2021 &#8211; T\u00e9rmino da vig\u00eancia: 03\/09\/2026)<br \/>\n\u203a <a href=\"https:\/\/goias.gov.br\/seguranca\/acesso-a-informacao\/relacao-de-terceirizados\/auxiliar-de-servicos-gerais-copeiro-encarregado-de-limpeza-porteiro-buriti-servicos\">Auxiliar de Servi\u00e7os Gerais, Copeiro, Encarregado de Limpeza, Porteiro &#8211; Buriti Servi\u00e7os<\/a> (In\u00edcio da vig\u00eancia: 04\/05\/2015 &#8211; T\u00e9rmino da vig\u00eancia: 30\/05\/2023)<br \/>\n\u203a <a href=\"https:\/\/goias.gov.br\/seguranca\/acesso-a-informacao\/relacao-de-terceirizados\/santinni-terceirizacao-de-servicos-eireli\">Santinni Terceiriza\u00e7\u00e3o de Servi\u00e7os Eireli<\/a> (In\u00edcio da vig\u00eancia: 18\/08\/2017 &#8211; T\u00e9rmino da vig\u00eancia: 17\/08\/2023)<br \/>\n<\/em><\/p>\n","protected":false},"excerpt":{"rendered":"<p>\u203a Vigil\u00e2ncia Armada Vippim Patrimonial (In\u00edcio da vig\u00eancia: 01\/01\/2026 &#8211; T\u00e9rmino da vig\u00eancia: 31\/12\/2030) \u203a Auxiliar de Servi\u00e7os Gerais, Copeiro, Encarregado de Limpeza, Porteiro &#8211; Real Confian\u00e7a (In\u00edcio da vig\u00eancia: 01\/06\/2022 &#8211; T\u00e9rmino da vig\u00eancia: 13\/04\/2026) \u203a Guarda &#8211; Vigil\u00e2ncia Armada &#8211; Garra Forte (In\u00edcio da vig\u00eancia: 11\/03\/2020 &#8211; T\u00e9rmino da vig\u00eancia: 11\/03\/2026) \u203a Profissionais [&hellip;]<\/p>\n","protected":false},"author":3,"featured_media":0,"parent":11666,"menu_order":0,"comment_status":"closed","ping_status":"closed","template":"","meta":{"footnotes":"","_links_to":"","_links_to_target":""},"class_list":["post-86682","page","type-page","status-publish","hentry"],"rttpg_featured_image_url":null,"rttpg_author":{"display_name":"joanaredator","author_link":"https:\/\/goias.gov.br\/seguranca\/author\/joanaredator\/"},"rttpg_comment":0,"rttpg_category":null,"rttpg_excerpt":"\u203a Vigil\u00e2ncia Armada Vippim Patrimonial (In\u00edcio da vig\u00eancia: 01\/01\/2026 &#8211; T\u00e9rmino da vig\u00eancia: 31\/12\/2030) \u203a Auxiliar de Servi\u00e7os Gerais, Copeiro, Encarregado de Limpeza, Porteiro &#8211; Real Confian\u00e7a (In\u00edcio da vig\u00eancia: 01\/06\/2022 &#8211; T\u00e9rmino da vig\u00eancia: 13\/04\/2026) \u203a Guarda &#8211; Vigil\u00e2ncia Armada &#8211; Garra Forte (In\u00edcio da vig\u00eancia: 11\/03\/2020 &#8211; T\u00e9rmino da vig\u00eancia: 11\/03\/2026) \u203a Profissionais&hellip;","_links":{"self":[{"href":"https:\/\/goias.gov.br\/seguranca\/wp-json\/wp\/v2\/pages\/86682","targetHints":{"allow":["GET"]}}],"collection":[{"href":"https:\/\/goias.gov.br\/seguranca\/wp-json\/wp\/v2\/pages"}],"about":[{"href":"https:\/\/goias.gov.br\/seguranca\/wp-json\/wp\/v2\/types\/page"}],"author":[{"embeddable":true,"href":"https:\/\/goias.gov.br\/seguranca\/wp-json\/wp\/v2\/users\/3"}],"replies":[{"embeddable":true,"href":"https:\/\/goias.gov.br\/seguranca\/wp-json\/wp\/v2\/comments?post=86682"}],"version-history":[{"count":3,"href":"https:\/\/goias.gov.br\/seguranca\/wp-json\/wp\/v2\/pages\/86682\/revisions"}],"predecessor-version":[{"id":290087,"href":"https:\/\/goias.gov.br\/seguranca\/wp-json\/wp\/v2\/pages\/86682\/revisions\/290087"}],"up":[{"embeddable":true,"href":"https:\/\/goias.gov.br\/seguranca\/wp-json\/wp\/v2\/pages\/11666"}],"wp:attachment":[{"href":"https:\/\/goias.gov.br\/seguranca\/wp-json\/wp\/v2\/media?parent=86682"}],"curies":[{"name":"wp","href":"https:\/\/api.w.org\/{rel}","templated":true}]}}