

{"id":86475,"date":"2023-08-01T16:08:21","date_gmt":"2023-08-01T19:08:21","guid":{"rendered":"https:\/\/www.seguranca.go.gov.br\/?page_id=86475"},"modified":"2026-04-01T15:01:49","modified_gmt":"2026-04-01T18:01:49","slug":"legislacoes","status":"publish","type":"page","link":"https:\/\/goias.gov.br\/seguranca\/legislacao-aplicavel\/legislacoes\/","title":{"rendered":"Legisla\u00e7\u00f5es"},"content":{"rendered":"<p>\n    <form method=\"get\" style=\"background-color: #f9f9f9; border-radius: 4px; padding: 20px; margin-bottom: 10px;\">\n        <div>\n            <input type=\"text\" name=\"search\" placeholder=\"Digite o n\u00famero do documento, t\u00edtulo, assunto ou descri\u00e7\u00e3o ...\" style=\"margin-right:5px;width:50%;background-color: #ffffff;\">\n\n            <select name=\"category_filter\" id=\"category_filter\" style=\"height:35px;margin-right:5px;background-color: #ffffff;\">\n                <option value=\"all\">Tipo de documento<\/option>\n                <option value=\"19\">Decretos Estaduais<\/option><option value=\"2067\">Emendas<\/option><option value=\"1986\">Instru\u00e7\u00f5es Normativas<\/option><option value=\"18\">Leis Estaduais<\/option><option value=\"12\">Portarias<\/option>            <\/select>\n\n            <select name=\"year_filter\" id=\"year_filter\" style=\"height:35px;margin-right:5px;background-color: #ffffff;\">\n                <option value=\"all\">Ano<\/option>\n                <option value=\"2025\" >2025<\/option> \n                <option value=\"2024\" >2024<\/option> \n                <option value=\"2023\" >2023<\/option> \n                <option value=\"2022\" >2022<\/option>\n                <option value=\"2021\" >2021<\/option>\n                <option value=\"2020\" >2020<\/option>\n                <option value=\"2019\" >2019<\/option>\n                <option value=\"2018\" >2018<\/option>\n                <option value=\"2017\" >2017<\/option>\n                <option value=\"2016\" >2016<\/option>\n                <option value=\"2015\" >2015<\/option>\n                <option value=\"2014\" >2014<\/option>\n                <option value=\"2013\" >2013<\/option>\n                <option value=\"2012\" >2012<\/option>\n                <option value=\"2011\" >2011<\/option>\n                <option value=\"2010\" >2010<\/option>\n                <option value=\"2009\" >2009<\/option>\n                <option value=\"2008\" >2008<\/option>\n                <option value=\"2006\" >2006<\/option>\n                <option value=\"2005\" >2005<\/option>\n                <option value=\"2004\" >2004<\/option>\n                <option value=\"2002\" >2002<\/option>\n                <option value=\"2001\" >2001<\/option>\n                <option value=\"1999\" >1999<\/option>\n                <option value=\"1993\" >1993<\/option>\n                <option value=\"1961\" >1961<\/option>   \n            <\/select>\n\n            <button type=\"submit\" id=\"searchsubmit\" style=\"height: 35px;margin-right:20px;\"><i class=\"fas fa-check\"><\/i> Filtrar<\/button> <a href=\"https:\/\/goias.gov.br\/seguranca\/legislacao-aplicavel\/legislacoes\"><i class=\"fas fa-redo-alt\"><\/i> Resetar filtro<\/a>\n        <\/div>\n    <\/form>\n<br \/>\n<table><thead><tr>\n                <th style=\"width:15%\">Tipo de Documento<\/th><th style=\"width:30%\"><i class=\"fas fa-sort\"><\/i> <a href=\"?orderby=title&order=ASC\">T\u00edtulo<\/a><\/th><th>Assunto ou Descri\u00e7\u00e3o<\/th><th style=\"width:5%\"><i class=\"fas fa-sort\"><\/i> <a href=\"?orderby=year&order=ASC\">Ano<\/a><\/th><\/tr><\/thead><tbody><tr><td><b><a href=\"https:\/\/goias.gov.br\/seguranca\/extrato-da-portaria-no-20-454-24-de-junho-de-2025-pm-76159386\/\">Portarias<\/a><\/b><\/td><td><b><a href=\"https:\/\/goias.gov.br\/seguranca\/extrato-da-portaria-no-20-454-24-de-junho-de-2025-pm-76159386\/\">EXTRATO DA PORTARIA N\u00ba 20.454, 24 de junho de 2025 &#8211; PM (76159386)<\/a><\/b><\/td><td style=\"font-size:14px;\">EXTRATO DA PORTARIA N\u00ba 20 454  24 de junho de 2025   8211  PM  76159386  Dispensa e designa gestores dos contratos p\u00fablico n\u00ba 46 2022  000036224099  e 47 2022  000036224131   Processo SEI n\u00ba 202100002090192  Objeto do Contrato  Contrato n\u00ba 46 2022   ...<\/td><td>2025<\/td><\/tr><tr><td><b><a href=\"https:\/\/goias.gov.br\/seguranca\/instrucao-normativa-no-1-2025\/\">Instru\u00e7\u00f5es Normativas<\/a><\/b><\/td><td><b><a href=\"https:\/\/goias.gov.br\/seguranca\/instrucao-normativa-no-1-2025\/\">Instru\u00e7\u00e3o Normativa n\u00ba 1\/2025<\/a><\/b><\/td><td style=\"font-size:14px;\">Institui a Pol\u00edtica de Privacidade e Prote\u00e7\u00e3o de Dados Pessoais no \u00e2mbito da Secretaria de Estado da Seguran\u00e7a P\u00fablica de Goi\u00e1s  nbsp ...<\/td><td>2025<\/td><\/tr><tr><td><b><a href=\"https:\/\/legisla.casacivil.go.gov.br\/pesquisa_legislacao\/109450\/lei-22978\">Leis Estaduais<\/a><\/b><\/td><td><b><a href=\"https:\/\/legisla.casacivil.go.gov.br\/pesquisa_legislacao\/109450\/lei-22978\">Lei Ordin\u00e1ria n\u00ba 22.978\/2024 \u2013 Estabelece a Pol\u00edtica Estadual de Seguran\u00e7a P\u00fablica de Preven\u00e7\u00e3o e Combate ao Inc\u00eandio Criminoso no Estado de Goi\u00e1s<\/a><\/b><\/td><td style=\"font-size:14px;\">Institui a Pol\u00edtica Estadual de Seguran\u00e7a P\u00fablica de Preven\u00e7\u00e3o e Combate ao Inc\u00eandio Criminoso no Estado de Goi\u00e1s e cria o tipo penal que especifica ...<\/td><td>2025<\/td><\/tr><tr><td><b><a href=\"https:\/\/legisla.casacivil.go.gov.br\/pesquisa_legislacao\/110661\/decreto-10689\">Decretos Estaduais<\/a><\/b><\/td><td><b><a href=\"https:\/\/legisla.casacivil.go.gov.br\/pesquisa_legislacao\/110661\/decreto-10689\">Decreto n\u00ba 10.689\/2025 \u2013 Disp\u00f5e sobre a cria\u00e7\u00e3o de batalh\u00f5es espec\u00edficos na Pol\u00edcia Militar do Estado de Goi\u00e1s<\/a><\/b><\/td><td style=\"font-size:14px;\">Disp\u00f5e sobre a cria\u00e7\u00e3o  na Pol\u00edcia Militar do Estado de Goi\u00e1s  dos batalh\u00f5es que especifica ...<\/td><td>2025<\/td><\/tr><tr><td><b><a href=\"https:\/\/legisla.casacivil.go.gov.br\/pesquisa_legislacao\/110514\/lei-23288\">Leis Estaduais<\/a><\/b><\/td><td><b><a href=\"https:\/\/legisla.casacivil.go.gov.br\/pesquisa_legislacao\/110514\/lei-23288\">Lei Ordin\u00e1ria n\u00ba 23.288\/2025 \u2013 Cria o Fundo Estadual de Combate ao Tr\u00e1fico de Drogas e ao Crime Organizado<\/a><\/b><\/td><td style=\"font-size:14px;\">Destina os bens que especifica e cria o Fundo Estadual de Combate ao Tr\u00e1fico de Drogas e ao Crime Organizado ...<\/td><td>2025<\/td><\/tr><tr><td><b><a href=\"https:\/\/goias.gov.br\/seguranca\/portaria-no-290-25-licenca-para-capacitacao-maiulle-teixeira-pacheco\/\">Portarias<\/a><\/b><\/td><td><b><a href=\"https:\/\/goias.gov.br\/seguranca\/portaria-no-290-25-licenca-para-capacitacao-maiulle-teixeira-pacheco\/\">PORTARIA N\u00ba 290-25 &#8211; Licen\u00e7a para Capacita\u00e7\u00e3o &#8211; MAIULLE TEIXEIRA PACHECO<\/a><\/b><\/td><td style=\"font-size:14px;\">PORTARIA N\u00ba 290  DE 20 DE MAR\u00c7O DE 2025 https   legisla casacivil go gov br pesquisa ato infralegal 8709 portaria 290...<\/td><td>2025<\/td><\/tr><tr><td><b><a href=\"https:\/\/goias.gov.br\/seguranca\/portaria-no-286-25-licenca-premio-andre-montanini-alves\/\">Portarias<\/a><\/b><\/td><td><b><a href=\"https:\/\/goias.gov.br\/seguranca\/portaria-no-286-25-licenca-premio-andre-montanini-alves\/\">PORTARIA N\u00ba 286-25 &#8211; Licen\u00e7a-Pr\u00eamio &#8211; ANDR\u00c9 MONTANINI ALVES<\/a><\/b><\/td><td style=\"font-size:14px;\">PORTARIA N\u00ba 286  DE 19 DE MAR\u00c7O DE 2025 https   legisla casacivil go gov br pesquisa ato infralegal 8700 portaria 286...<\/td><td>2025<\/td><\/tr><tr><td><b><a href=\"https:\/\/goias.gov.br\/seguranca\/portaria-no-279-25-licenca-para-capacitacao-thatiany-castro-lobo-pereira\/\">Portarias<\/a><\/b><\/td><td><b><a href=\"https:\/\/goias.gov.br\/seguranca\/portaria-no-279-25-licenca-para-capacitacao-thatiany-castro-lobo-pereira\/\">PORTARIA N\u00ba 279-25 &#8211; Licen\u00e7a para Capacita\u00e7\u00e3o &#8211; THATIANY CASTRO LOBO PEREIRA<\/a><\/b><\/td><td style=\"font-size:14px;\">PORTARIA N\u00ba 279  DE 19 DE MAR\u00c7O DE 2025\u00a0 https   legisla casacivil go gov br pesquisa ato infralegal 8699 portaria 279...<\/td><td>2025<\/td><\/tr><tr><td><b><a href=\"https:\/\/goias.gov.br\/seguranca\/portaria-no-278-25-licenca-para-capacitacao-sebastiao-ferreira-de-lima\/\">Portarias<\/a><\/b><\/td><td><b><a href=\"https:\/\/goias.gov.br\/seguranca\/portaria-no-278-25-licenca-para-capacitacao-sebastiao-ferreira-de-lima\/\">PORTARIA N\u00ba 278-25 &#8211; Licen\u00e7a para Capacita\u00e7\u00e3o &#8211; SEBASTI\u00c3O FERREIRA DE LIMA<\/a><\/b><\/td><td style=\"font-size:14px;\">PORTARIA N\u00ba 278  DE 19 DE MAR\u00c7O DE 2025 https   legisla casacivil go gov br pesquisa ato infralegal 8698 portaria 278  nbsp ...<\/td><td>2025<\/td><\/tr><tr><td><b><a href=\"https:\/\/goias.gov.br\/seguranca\/portaria-no-276-25-licenca-para-capacitacao-mariana-rosa-da-costa-souza\/\">Portarias<\/a><\/b><\/td><td><b><a href=\"https:\/\/goias.gov.br\/seguranca\/portaria-no-276-25-licenca-para-capacitacao-mariana-rosa-da-costa-souza\/\">PORTARIA N\u00ba 276-25 &#8211; Licen\u00e7a para Capacita\u00e7\u00e3o &#8211; MARIANA ROSA DA COSTA SOUZA<\/a><\/b><\/td><td style=\"font-size:14px;\">PORTARIA N\u00ba 276  DE 19 DE MAR\u00c7O DE 2025 https   legisla casacivil go gov br pesquisa ato infralegal 8697 portaria 276...<\/td><td>2025<\/td><\/tr><tr><td><b><a href=\"https:\/\/goias.gov.br\/seguranca\/portaria-no-277-25-licenca-para-capacitacao-alex-rodrigues-dos-santos\/\">Portarias<\/a><\/b><\/td><td><b><a href=\"https:\/\/goias.gov.br\/seguranca\/portaria-no-277-25-licenca-para-capacitacao-alex-rodrigues-dos-santos\/\">PORTARIA N\u00ba 277-25 &#8211; Licen\u00e7a para Capacita\u00e7\u00e3o &#8211; ALEX RODRIGUES DOS SANTOS<\/a><\/b><\/td><td style=\"font-size:14px;\">PORTARIA N\u00ba 277  DE 19 DE MAR\u00c7O DE 2025 https   legisla casacivil go gov br pesquisa ato infralegal 8704 portaria 277...<\/td><td>2025<\/td><\/tr><tr><td><b><a href=\"https:\/\/goias.gov.br\/seguranca\/portaria-no-282-25-dispensa-do-ponto-2025-wellington-rodrigues-da-silva\/\">Portarias<\/a><\/b><\/td><td><b><a href=\"https:\/\/goias.gov.br\/seguranca\/portaria-no-282-25-dispensa-do-ponto-2025-wellington-rodrigues-da-silva\/\">PORTARIA N\u00ba 282-25 &#8211; Dispensa do ponto 2025 &#8211; Wellington Rodrigues da Silva<\/a><\/b><\/td><td style=\"font-size:14px;\">PORTARIA N\u00ba 282  DE 19 DE MAR\u00c7O DE 2025\u00a0 https   legisla casacivil go gov br pesquisa ato infralegal 8703 portaria 282...<\/td><td>2025<\/td><\/tr><tr><td><b><a href=\"https:\/\/goias.gov.br\/seguranca\/portaria-no-265-25-convoca-pm-da-reserva-para-servico-ativo-capitao-pm-emidio-gomes-ferreira-da-silva\/\">Portarias<\/a><\/b><\/td><td><b><a href=\"https:\/\/goias.gov.br\/seguranca\/portaria-no-265-25-convoca-pm-da-reserva-para-servico-ativo-capitao-pm-emidio-gomes-ferreira-da-silva\/\">PORTARIA N\u00ba 265-25 &#8211; Convoca PM da Reserva para servi\u00e7o ativo &#8211; Capit\u00e3o PM EM\u00cdDIO GOMES FERREIRA DA SILVA<\/a><\/b><\/td><td style=\"font-size:14px;\">PORTARIA N\u00ba 265  DE 18 DE MAR\u00c7O DE 2025\u00a0 https   legisla casacivil go gov br pesquisa ato infralegal 8708 portaria 265...<\/td><td>2025<\/td><\/tr><tr><td><b><a href=\"https:\/\/goias.gov.br\/seguranca\/portaria-no-269-25-convoca-pm-da-reserva-para-servico-ativo-subtenente-pm-agnaldo-alves-nascimento\/\">Portarias<\/a><\/b><\/td><td><b><a href=\"https:\/\/goias.gov.br\/seguranca\/portaria-no-269-25-convoca-pm-da-reserva-para-servico-ativo-subtenente-pm-agnaldo-alves-nascimento\/\">PORTARIA N\u00ba 269-25 &#8211; Convoca PM da Reserva para servi\u00e7o ativo &#8211; Subtenente PM AGNALDO ALVES NASCIMENTO<\/a><\/b><\/td><td style=\"font-size:14px;\">PORTARIA N\u00ba 269  DE 19 DE MAR\u00c7O DE 2025 https   admin legisla casacivil go gov br atos infralegais 8706 visualizar conteudo...<\/td><td>2025<\/td><\/tr><tr><td><b><a href=\"https:\/\/goias.gov.br\/seguranca\/portaria-no-275-25-licenca-para-capacitacao-walter-ludwig-armin-schroff\/\">Portarias<\/a><\/b><\/td><td><b><a href=\"https:\/\/goias.gov.br\/seguranca\/portaria-no-275-25-licenca-para-capacitacao-walter-ludwig-armin-schroff\/\">PORTARIA N\u00ba 275-25 &#8211; Licen\u00e7a para Capacita\u00e7\u00e3o &#8211; WALTER LUDWIG ARMIN SCHROFF<\/a><\/b><\/td><td style=\"font-size:14px;\">PORTARIA N\u00ba 275  DE 19 DE MAR\u00c7O DE 2025 https   legisla casacivil go gov br pesquisa ato infralegal 8696 portaria 275...<\/td><td>2025<\/td><\/tr><tr><td><b><a href=\"https:\/\/goias.gov.br\/seguranca\/portaria-no-274-25-licenca-para-capacitacao-denise-vaz-de-almeida\/\">Portarias<\/a><\/b><\/td><td><b><a href=\"https:\/\/goias.gov.br\/seguranca\/portaria-no-274-25-licenca-para-capacitacao-denise-vaz-de-almeida\/\">PORTARIA N\u00ba 274-25 &#8211; Licen\u00e7a para Capacita\u00e7\u00e3o &#8211; DENISE VAZ DE ALMEIDA<\/a><\/b><\/td><td style=\"font-size:14px;\">PORTARIA N\u00ba 274  DE 19 DE MAR\u00c7O DE 2025 https   legisla casacivil go gov br pesquisa ato infralegal 8695 portaria 274...<\/td><td>2025<\/td><\/tr><tr><td><b><a href=\"https:\/\/goias.gov.br\/seguranca\/portaria-no-270-25-dispensa-do-ponto-2025-walson-pereira-de-souza\/\">Portarias<\/a><\/b><\/td><td><b><a href=\"https:\/\/goias.gov.br\/seguranca\/portaria-no-270-25-dispensa-do-ponto-2025-walson-pereira-de-souza\/\">PORTARIA N\u00ba 270-25 &#8211; Dispensa do ponto 2025 &#8211; WALSON PEREIRA DE SOUZA<\/a><\/b><\/td><td style=\"font-size:14px;\">PORTARIA N\u00ba 270  DE 19 DE MAR\u00c7O DE 2025 https   legisla casacivil go gov br pesquisa ato infralegal 8694 portaria 270  nbsp ...<\/td><td>2025<\/td><\/tr><tr><td><b><a href=\"https:\/\/goias.gov.br\/seguranca\/portaria-no-272-25-disposicao-de-servidor-bm-a-ssp-major-italo-ferreira-silva\/\">Portarias<\/a><\/b><\/td><td><b><a href=\"https:\/\/goias.gov.br\/seguranca\/portaria-no-272-25-disposicao-de-servidor-bm-a-ssp-major-italo-ferreira-silva\/\">PORTARIA N\u00ba 272-25 &#8211; Disposi\u00e7\u00e3o de Servidor BM \u00e0 SSP &#8211; Major \u00cdTALO FERREIRA SILVA<\/a><\/b><\/td><td style=\"font-size:14px;\">PORTARIA N\u00ba 272  DE 19 DE MAR\u00c7O DE 2025 https   legisla casacivil go gov br pesquisa ato infralegal 8693 portaria 272...<\/td><td>2025<\/td><\/tr><tr><td><b><a href=\"https:\/\/goias.gov.br\/seguranca\/portaria-no-271-25-encerramento-de-disposicao-bm-a-ssp-cap-andre-luiz-silva-matos\/\">Portarias<\/a><\/b><\/td><td><b><a href=\"https:\/\/goias.gov.br\/seguranca\/portaria-no-271-25-encerramento-de-disposicao-bm-a-ssp-cap-andre-luiz-silva-matos\/\">PORTARIA N\u00ba 271-25 &#8211; Encerramento de disposi\u00e7\u00e3o BM \u00e0 SSP &#8211; CAP ANDR\u00c9 LUIZ SILVA MATOS<\/a><\/b><\/td><td style=\"font-size:14px;\">PORTARIA N\u00ba 271  DE 19 DE MAR\u00c7O DE 2025 https   legisla casacivil go gov br pesquisa ato infralegal 8692 portaria 271  nbsp ...<\/td><td>2025<\/td><\/tr><tr><td><b><a href=\"https:\/\/goias.gov.br\/seguranca\/portaria-no-267-25-encerramento-de-disposicao-dgpp-a-ssp-harison-de-almeida-sousa\/\">Portarias<\/a><\/b><\/td><td><b><a href=\"https:\/\/goias.gov.br\/seguranca\/portaria-no-267-25-encerramento-de-disposicao-dgpp-a-ssp-harison-de-almeida-sousa\/\">PORTARIA N\u00ba 267-25 &#8211; Encerramento de disposi\u00e7\u00e3o DGPP \u00e0 SSP &#8211; HARISON DE ALMEIDA SOUSA<\/a><\/b><\/td><td style=\"font-size:14px;\">PORTARIA N\u00ba 267  DE 19 DE MAR\u00c7O DE 2025 Link de Publica\u00e7\u00e3o https   legisla casacivil go gov br pesquisa ato infralegal 8691 portaria 267  nbsp ...<\/td><td>2025<\/td><\/tr><\/tbody><\/table><div class=\"pagination\"><span aria-current=\"page\" class=\"page-numbers current\">1<\/span>\n<a class=\"page-numbers\" href=\"https:\/\/goias.gov.br\/seguranca\/wp-json\/wp\/v2\/pages\/86475\/page\/2\/\">2<\/a>\n<a class=\"page-numbers\" href=\"https:\/\/goias.gov.br\/seguranca\/wp-json\/wp\/v2\/pages\/86475\/page\/3\/\">3<\/a>\n<span class=\"page-numbers dots\">&hellip;<\/span>\n<a class=\"page-numbers\" href=\"https:\/\/goias.gov.br\/seguranca\/wp-json\/wp\/v2\/pages\/86475\/page\/329\/\">329<\/a>\n<a class=\"next page-numbers\" href=\"https:\/\/goias.gov.br\/seguranca\/wp-json\/wp\/v2\/pages\/86475\/page\/2\/\">Pr\u00f3ximo &raquo;<\/a><\/div><\/p>\n","protected":false},"excerpt":{"rendered":"","protected":false},"author":3,"featured_media":0,"parent":70608,"menu_order":0,"comment_status":"closed","ping_status":"closed","template":"","meta":{"footnotes":"","_links_to":"","_links_to_target":""},"class_list":["post-86475","page","type-page","status-publish","hentry"],"rttpg_featured_image_url":null,"rttpg_author":{"display_name":"joanaredator","author_link":"https:\/\/goias.gov.br\/seguranca\/author\/joanaredator\/"},"rttpg_comment":0,"rttpg_category":"","rttpg_excerpt":null,"_links":{"self":[{"href":"https:\/\/goias.gov.br\/seguranca\/wp-json\/wp\/v2\/pages\/86475","targetHints":{"allow":["GET"]}}],"collection":[{"href":"https:\/\/goias.gov.br\/seguranca\/wp-json\/wp\/v2\/pages"}],"about":[{"href":"https:\/\/goias.gov.br\/seguranca\/wp-json\/wp\/v2\/types\/page"}],"author":[{"embeddable":true,"href":"https:\/\/goias.gov.br\/seguranca\/wp-json\/wp\/v2\/users\/3"}],"replies":[{"embeddable":true,"href":"https:\/\/goias.gov.br\/seguranca\/wp-json\/wp\/v2\/comments?post=86475"}],"version-history":[{"count":2,"href":"https:\/\/goias.gov.br\/seguranca\/wp-json\/wp\/v2\/pages\/86475\/revisions"}],"predecessor-version":[{"id":255555,"href":"https:\/\/goias.gov.br\/seguranca\/wp-json\/wp\/v2\/pages\/86475\/revisions\/255555"}],"up":[{"embeddable":true,"href":"https:\/\/goias.gov.br\/seguranca\/wp-json\/wp\/v2\/pages\/70608"}],"wp:attachment":[{"href":"https:\/\/goias.gov.br\/seguranca\/wp-json\/wp\/v2\/media?parent=86475"}],"curies":[{"name":"wp","href":"https:\/\/api.w.org\/{rel}","templated":true}]}}