

{"id":86303,"date":"2023-07-28T11:20:18","date_gmt":"2023-07-28T14:20:18","guid":{"rendered":"https:\/\/www.seguranca.go.gov.br\/?page_id=86303"},"modified":"2025-06-24T10:13:38","modified_gmt":"2025-06-24T13:13:38","slug":"projetos-de-participacao-social","status":"publish","type":"page","link":"https:\/\/goias.gov.br\/seguranca\/acesso-a-informacao\/projetos-de-participacao-social\/","title":{"rendered":"Projetos de Participa\u00e7\u00e3o Social"},"content":{"rendered":"<p>A Secretaria de Estado da Seguran\u00e7a P\u00fablica do Estado de Goi\u00e1s (SSP GO) fortalece a participa\u00e7\u00e3o social no controle das pol\u00edticas p\u00fablicas, incentivando a cria\u00e7\u00e3o dos Conselhos Comunit\u00e1rios de Seguran\u00e7a nos diversos munic\u00edpios das Regi\u00f5es Integradas de Seguran\u00e7a P\u00fablica (RISPs) do Estado de Goi\u00e1s.<\/p>\n<p>Mais informa\u00e7\u00f5es em: <a class=\"external\" href=\"https:\/\/conseg.ssp.go.gov.br\/\">https:\/\/conseg.ssp.go.gov.br<\/a>\u00a0e\u00a0<a class=\"external\" href=\"https:\/\/goias.gov.br\/seguranca\/acesso-a-informacao\/sobre-o-conseg\">https:\/\/goias.gov.br\/seguranca\/acesso-a-informacao\/sobre-o-conseg<\/a>.<\/p>\n<p>Os projetos desenvolvidos que incentivam a participa\u00e7\u00e3o e inclus\u00e3o cidad\u00e3 est\u00e3o nos relat\u00f3rios anuais em:\u00a0<a class=\"external\" href=\"https:\/\/conseg.ssp.go.gov.br\/relatorios\/\">https:\/\/conseg.ssp.go.gov.br\/relatorios<\/a>.<\/p>\n","protected":false},"excerpt":{"rendered":"<p>A Secretaria de Estado da Seguran\u00e7a P\u00fablica do Estado de Goi\u00e1s (SSP GO) fortalece a participa\u00e7\u00e3o social no controle das pol\u00edticas p\u00fablicas, incentivando a cria\u00e7\u00e3o dos Conselhos Comunit\u00e1rios de Seguran\u00e7a nos diversos munic\u00edpios das Regi\u00f5es Integradas de Seguran\u00e7a P\u00fablica (RISPs) do Estado de Goi\u00e1s. Mais informa\u00e7\u00f5es em: https:\/\/conseg.ssp.go.gov.br\u00a0e\u00a0https:\/\/goias.gov.br\/seguranca\/acesso-a-informacao\/sobre-o-conseg. Os projetos desenvolvidos que incentivam a participa\u00e7\u00e3o [&hellip;]<\/p>\n","protected":false},"author":3,"featured_media":0,"parent":11666,"menu_order":0,"comment_status":"closed","ping_status":"closed","template":"","meta":{"footnotes":"","_links_to":"","_links_to_target":""},"class_list":["post-86303","page","type-page","status-publish","hentry"],"rttpg_featured_image_url":null,"rttpg_author":{"display_name":"joanaredator","author_link":"https:\/\/goias.gov.br\/seguranca\/author\/joanaredator\/"},"rttpg_comment":0,"rttpg_category":null,"rttpg_excerpt":"A Secretaria de Estado da Seguran\u00e7a P\u00fablica do Estado de Goi\u00e1s (SSP GO) fortalece a participa\u00e7\u00e3o social no controle das pol\u00edticas p\u00fablicas, incentivando a cria\u00e7\u00e3o dos Conselhos Comunit\u00e1rios de Seguran\u00e7a nos diversos munic\u00edpios das Regi\u00f5es Integradas de Seguran\u00e7a P\u00fablica (RISPs) do Estado de Goi\u00e1s. Mais informa\u00e7\u00f5es em: https:\/\/conseg.ssp.go.gov.br\u00a0e\u00a0https:\/\/goias.gov.br\/seguranca\/acesso-a-informacao\/sobre-o-conseg. Os projetos desenvolvidos que incentivam a participa\u00e7\u00e3o&hellip;","_links":{"self":[{"href":"https:\/\/goias.gov.br\/seguranca\/wp-json\/wp\/v2\/pages\/86303","targetHints":{"allow":["GET"]}}],"collection":[{"href":"https:\/\/goias.gov.br\/seguranca\/wp-json\/wp\/v2\/pages"}],"about":[{"href":"https:\/\/goias.gov.br\/seguranca\/wp-json\/wp\/v2\/types\/page"}],"author":[{"embeddable":true,"href":"https:\/\/goias.gov.br\/seguranca\/wp-json\/wp\/v2\/users\/3"}],"replies":[{"embeddable":true,"href":"https:\/\/goias.gov.br\/seguranca\/wp-json\/wp\/v2\/comments?post=86303"}],"version-history":[{"count":2,"href":"https:\/\/goias.gov.br\/seguranca\/wp-json\/wp\/v2\/pages\/86303\/revisions"}],"predecessor-version":[{"id":251305,"href":"https:\/\/goias.gov.br\/seguranca\/wp-json\/wp\/v2\/pages\/86303\/revisions\/251305"}],"up":[{"embeddable":true,"href":"https:\/\/goias.gov.br\/seguranca\/wp-json\/wp\/v2\/pages\/11666"}],"wp:attachment":[{"href":"https:\/\/goias.gov.br\/seguranca\/wp-json\/wp\/v2\/media?parent=86303"}],"curies":[{"name":"wp","href":"https:\/\/api.w.org\/{rel}","templated":true}]}}