

{"id":86255,"date":"2023-07-28T10:05:55","date_gmt":"2023-07-28T13:05:55","guid":{"rendered":"https:\/\/www.seguranca.go.gov.br\/?page_id=86255"},"modified":"2025-06-16T10:56:18","modified_gmt":"2025-06-16T13:56:18","slug":"conselhos","status":"publish","type":"page","link":"https:\/\/goias.gov.br\/seguranca\/acesso-a-informacao\/conselhos\/","title":{"rendered":"Conselhos"},"content":{"rendered":"<p>\u203a <strong><a href=\"https:\/\/goias.gov.br\/seguranca\/acesso-a-informacao\/conselhos\/conselho-estadual-de-seguranca-publica-cesp\">Conselho Estadual de Seguran\u00e7a P\u00fablica &#8211; CESP<\/a><\/strong><br \/>\n\u203a <strong><a href=\"https:\/\/goias.gov.br\/seguranca\/acesso-a-informacao\/conselhos\/conselho-estadual-de-transito-cetran\">Conselho Estadual de Tr\u00e2nsito &#8211; CETRAN<\/a><\/strong><br \/>\n\u203a <strong><a href=\"https:\/\/goias.gov.br\/seguranca\/acesso-a-informacao\/conselhos\/conselho-estadual-de-protecao-a-vitimas-e-testemunhas-ameacadas-no-estado-de-goias-condel-provita\">Conselho Estadual de Prote\u00e7\u00e3o a V\u00edtimas e Testemunhas Amea\u00e7adas no Estado de Goi\u00e1s &#8211; CONDEL\/PROVITA<\/a><\/strong><\/p>\n","protected":false},"excerpt":{"rendered":"<p>\u203a Conselho Estadual de Seguran\u00e7a P\u00fablica &#8211; CESP \u203a Conselho Estadual de Tr\u00e2nsito &#8211; CETRAN \u203a Conselho Estadual de Prote\u00e7\u00e3o a V\u00edtimas e Testemunhas Amea\u00e7adas no Estado de Goi\u00e1s &#8211; CONDEL\/PROVITA<\/p>\n","protected":false},"author":3,"featured_media":0,"parent":11666,"menu_order":0,"comment_status":"closed","ping_status":"closed","template":"","meta":{"footnotes":"","_links_to":"","_links_to_target":""},"class_list":["post-86255","page","type-page","status-publish","hentry"],"rttpg_featured_image_url":null,"rttpg_author":{"display_name":"joanaredator","author_link":"https:\/\/goias.gov.br\/seguranca\/author\/joanaredator\/"},"rttpg_comment":0,"rttpg_category":null,"rttpg_excerpt":"\u203a Conselho Estadual de Seguran\u00e7a P\u00fablica &#8211; CESP \u203a Conselho Estadual de Tr\u00e2nsito &#8211; CETRAN \u203a Conselho Estadual de Prote\u00e7\u00e3o a V\u00edtimas e Testemunhas Amea\u00e7adas no Estado de Goi\u00e1s &#8211; CONDEL\/PROVITA","_links":{"self":[{"href":"https:\/\/goias.gov.br\/seguranca\/wp-json\/wp\/v2\/pages\/86255","targetHints":{"allow":["GET"]}}],"collection":[{"href":"https:\/\/goias.gov.br\/seguranca\/wp-json\/wp\/v2\/pages"}],"about":[{"href":"https:\/\/goias.gov.br\/seguranca\/wp-json\/wp\/v2\/types\/page"}],"author":[{"embeddable":true,"href":"https:\/\/goias.gov.br\/seguranca\/wp-json\/wp\/v2\/users\/3"}],"replies":[{"embeddable":true,"href":"https:\/\/goias.gov.br\/seguranca\/wp-json\/wp\/v2\/comments?post=86255"}],"version-history":[{"count":2,"href":"https:\/\/goias.gov.br\/seguranca\/wp-json\/wp\/v2\/pages\/86255\/revisions"}],"predecessor-version":[{"id":251134,"href":"https:\/\/goias.gov.br\/seguranca\/wp-json\/wp\/v2\/pages\/86255\/revisions\/251134"}],"up":[{"embeddable":true,"href":"https:\/\/goias.gov.br\/seguranca\/wp-json\/wp\/v2\/pages\/11666"}],"wp:attachment":[{"href":"https:\/\/goias.gov.br\/seguranca\/wp-json\/wp\/v2\/media?parent=86255"}],"curies":[{"name":"wp","href":"https:\/\/api.w.org\/{rel}","templated":true}]}}