

{"id":86177,"date":"2023-07-27T09:43:43","date_gmt":"2023-07-27T12:43:43","guid":{"rendered":"https:\/\/www.seguranca.go.gov.br\/?page_id=86177"},"modified":"2025-06-09T11:30:25","modified_gmt":"2025-06-09T14:30:25","slug":"relatorio-de-gestao-ou-atividades","status":"publish","type":"page","link":"https:\/\/goias.gov.br\/seguranca\/acesso-a-informacao\/relatorio-de-gestao-ou-atividades\/","title":{"rendered":"Relat\u00f3rio de Gest\u00e3o ou Atividades"},"content":{"rendered":"<p>&#8211; <strong><a href=\"https:\/\/goias.gov.br\/seguranca\/wp-content\/uploads\/sites\/56\/2025\/06\/Relatorio-de-Gestao-ou-Atividades-de-2024.pdf\" target=\"_blank\" rel=\"noopener\">Relat\u00f3rio de Gest\u00e3o ou Atividades de 2024<\/a><\/strong><br \/>\n&#8211; <strong><a href=\"https:\/\/goias.gov.br\/seguranca\/wp-content\/uploads\/sites\/56\/2024\/08\/Relatorio_de_Gestao_SSP____2023___Atualizado.pdf\" target=\"_blank\" rel=\"noopener\">Relat\u00f3rio de Gest\u00e3o ou Atividades de 2023<\/a><\/strong><br \/>\n&#8211; <strong><a href=\"https:\/\/goias.gov.br\/seguranca\/wp-content\/uploads\/sites\/56\/2023\/07\/relatorio-de-gestao-ou-atividades-de-2022.pdf\">Relat\u00f3rio de Gest\u00e3o ou Atividades de 2022<\/a><\/strong><br \/>\n&#8211; <strong><a href=\"https:\/\/goias.gov.br\/seguranca\/wp-content\/uploads\/sites\/56\/2023\/07\/relatorio-de-gestao-ou-atividades-de-2021.pdf\">Relat\u00f3rio de Gest\u00e3o ou Atividades de 2021<\/a><\/strong><br \/>\n&#8211; <strong><a href=\"https:\/\/goias.gov.br\/seguranca\/wp-content\/uploads\/sites\/56\/2023\/07\/relatorio-de-gestao-ou-atividades-de-2020.pdf\">Relat\u00f3rio de Gest\u00e3o ou Atividades de 2020<\/a><\/strong><\/p>\n","protected":false},"excerpt":{"rendered":"<p>&#8211; Relat\u00f3rio de Gest\u00e3o ou Atividades de 2024 &#8211; Relat\u00f3rio de Gest\u00e3o ou Atividades de 2023 &#8211; Relat\u00f3rio de Gest\u00e3o ou Atividades de 2022 &#8211; Relat\u00f3rio de Gest\u00e3o ou Atividades de 2021 &#8211; Relat\u00f3rio de Gest\u00e3o ou Atividades de 2020<\/p>\n","protected":false},"author":3,"featured_media":0,"parent":11666,"menu_order":0,"comment_status":"closed","ping_status":"closed","template":"","meta":{"footnotes":"","_links_to":"","_links_to_target":""},"class_list":["post-86177","page","type-page","status-publish","hentry"],"rttpg_featured_image_url":null,"rttpg_author":{"display_name":"joanaredator","author_link":"https:\/\/goias.gov.br\/seguranca\/author\/joanaredator\/"},"rttpg_comment":0,"rttpg_category":null,"rttpg_excerpt":"&#8211; Relat\u00f3rio de Gest\u00e3o ou Atividades de 2024 &#8211; Relat\u00f3rio de Gest\u00e3o ou Atividades de 2023 &#8211; Relat\u00f3rio de Gest\u00e3o ou Atividades de 2022 &#8211; Relat\u00f3rio de Gest\u00e3o ou Atividades de 2021 &#8211; Relat\u00f3rio de Gest\u00e3o ou Atividades de 2020","_links":{"self":[{"href":"https:\/\/goias.gov.br\/seguranca\/wp-json\/wp\/v2\/pages\/86177","targetHints":{"allow":["GET"]}}],"collection":[{"href":"https:\/\/goias.gov.br\/seguranca\/wp-json\/wp\/v2\/pages"}],"about":[{"href":"https:\/\/goias.gov.br\/seguranca\/wp-json\/wp\/v2\/types\/page"}],"author":[{"embeddable":true,"href":"https:\/\/goias.gov.br\/seguranca\/wp-json\/wp\/v2\/users\/3"}],"replies":[{"embeddable":true,"href":"https:\/\/goias.gov.br\/seguranca\/wp-json\/wp\/v2\/comments?post=86177"}],"version-history":[{"count":2,"href":"https:\/\/goias.gov.br\/seguranca\/wp-json\/wp\/v2\/pages\/86177\/revisions"}],"predecessor-version":[{"id":274382,"href":"https:\/\/goias.gov.br\/seguranca\/wp-json\/wp\/v2\/pages\/86177\/revisions\/274382"}],"up":[{"embeddable":true,"href":"https:\/\/goias.gov.br\/seguranca\/wp-json\/wp\/v2\/pages\/11666"}],"wp:attachment":[{"href":"https:\/\/goias.gov.br\/seguranca\/wp-json\/wp\/v2\/media?parent=86177"}],"curies":[{"name":"wp","href":"https:\/\/api.w.org\/{rel}","templated":true}]}}