

{"id":85669,"date":"2023-07-14T14:43:28","date_gmt":"2023-07-14T17:43:28","guid":{"rendered":"https:\/\/www.seguranca.go.gov.br\/?page_id=85669"},"modified":"2025-12-08T10:45:01","modified_gmt":"2025-12-08T13:45:01","slug":"sobre-o-conseg","status":"publish","type":"page","link":"https:\/\/goias.gov.br\/seguranca\/acesso-a-informacao\/sobre-o-conseg\/","title":{"rendered":"Sobre o CONSEG"},"content":{"rendered":"<p class=\"Texto_Justificado\"><b>1 &#8211;\u00a0<\/b><b>O que \u00e9, e qual o significado da abrevia\u00e7\u00e3o CONSEG?<\/b><\/p>\n<p class=\"Texto_Justificado\">\u00c9 entidade auxiliar do sistema de seguran\u00e7a p\u00fablica, na solu\u00e7\u00e3o de problemas relacionados com a viol\u00eancia, a criminalidade e a defesa social da popula\u00e7\u00e3o. CONSEG \u00e9 a abrevia\u00e7\u00e3o da nomenclatura Conselho Comunit\u00e1rio de Seguran\u00e7a e Defesa Social.<\/p>\n<p class=\"Texto_Justificado\"><b>2 &#8211;\u00a0<\/b><b>Quais s\u00e3o as finalidades do CONSEG?<\/b><\/p>\n<p class=\"Texto_Justificado\">Suas finalidades est\u00e3o descritas na Portaria n\u00ba 0622\/2024 &#8211; SSP, <a class=\"external\" href=\"https:\/\/conseg.ssp.go.gov.br\/atos-normativos\">https:\/\/conseg.ssp.go.gov.br\/atos-normativos<\/a>, artigo 4\u00ba, podendo destacar entre v\u00e1rias, a finalidade de constituir-se num canal de comunica\u00e7\u00e3o entre a SSP e a sociedade, propiciar uma boa rela\u00e7\u00e3o entre a comunidade e os \u00f3rg\u00e3os respons\u00e1veis pela seguran\u00e7a p\u00fablica, bem como auxiliar as autoridades a identificar e definir prioridades e fatores de risco no \u00e2mbito de suas atua\u00e7\u00f5es, visando \u00e0 melhoria do servi\u00e7o prestado, entre outras.<\/p>\n<p class=\"Texto_Justificado\"><b>3 &#8211;\u00a0<\/b><b>Qual norma regulamenta o CONSEG.<\/b><\/p>\n<p>O CONSEG \u00e9 regulamentado pelo Decreto n.\u00ba 10.431, de 29 de Mar\u00e7o de 2024, pela Portaria n\u00ba 0622\/2024 &#8211; SSP e poder\u00e1 ainda elaborar regimentos internos, que dever\u00e3o observar o decreto e a portaria supracitados.<\/p>\n<p class=\"Texto_Justificado\"><b>4 &#8211;\u00a0<\/b><b>Quais locais de atua\u00e7\u00e3o do CONSEG?<\/b><\/p>\n<p class=\"Texto_Justificado\">Seus locais de atua\u00e7\u00e3o normalmente correspondem ao local de atua\u00e7\u00e3o do Distrito Policial ou da Unidade de Pol\u00edcia Militar respons\u00e1veis pela regi\u00e3o, podendo ainda ser a \u00e1rea do respectivo Munic\u00edpio, ou outra \u00e1rea que de acordo com a comunidade demande uma aten\u00e7\u00e3o especial por parte da SSP.<\/p>\n<p class=\"Texto_Justificado\"><b>5 &#8211;\u00a0<\/b><b>Quem poder\u00e1 ser membro de um CONSEG?<\/b><\/p>\n<p class=\"Texto_Justificado\">Qualquer pessoa com idade igual ou superior a de 16 anos, que resida, trabalhe ou estude na \u00e1rea de atua\u00e7\u00e3o de uma CONSEG, ou \u00e1rea de atua\u00e7\u00e3o vizinha, sem condena\u00e7\u00e3o por crime doloso nos \u00faltimos 10 anos com reputa\u00e7\u00e3o ilibada perante a comunidade, e por fim que atenda as exig\u00eancias previstas na Portaria n\u00ba 0622\/2024 &#8211; SSP, <a class=\"external\" href=\"https:\/\/conseg.ssp.go.gov.br\/atos-normativos\">https:\/\/conseg.ssp.go.gov.br\/atos-normativos<\/a>.<\/p>\n<p class=\"Texto_Justificado\"><b>6 &#8211;\u00a0<\/b><b>Qual o prazo do exerc\u00edcio da fun\u00e7\u00e3o de um membro do CONSEG?<\/b><\/p>\n<p class=\"Texto_Justificado\">O Membro de um CONSEG, exercer\u00e1 um mandato de 3 anos, podendo ser reconduzido para sua fun\u00e7\u00e3o.<\/p>\n<p class=\"Texto_Justificado\"><b>7 &#8211;\u00a0<\/b><b>O membro da CONSEG \u00e9 remunerado?<\/b><\/p>\n<p class=\"Texto_Justificado\">N\u00e3o. Trata-se de um trabalho volunt\u00e1rio que visa promover o esp\u00edrito c\u00edvico e comunit\u00e1rio na \u00e1rea do respectivo CONSEG.<\/p>\n<p class=\"Texto_Justificado\"><b>8)\u00a0<\/b><b>Quais membros formam um CONSEG?<\/b><\/p>\n<p class=\"Texto_Justificado\">O CONSEG ser\u00e1 formado pelo presidente, vice-presidente, secret\u00e1rio, tesoureiro, 1\u00ba 2\u00ba e 3\u00ba conselheiros, 1\u00ba 2\u00ba e 3\u00ba suplentes e seus colaboradores compostos por n\u00famero ilimitado.<\/p>\n<p class=\"Texto_Justificado\"><b>9 &#8211;\u00a0<\/b><b>Como funcionar\u00e3o as reuni\u00f5es do\u00a0<\/b><b>CONSEG?<\/b><\/p>\n<p class=\"Texto_Justificado\">As reuni\u00f5es do CONSEG ter\u00e3o cunho p\u00fablico e ser\u00e3o abertas, devendo ser realizadas em local de f\u00e1cil acesso \u00e0 comunidade.<\/p>\n<p class=\"Texto_Justificado\"><b>10 &#8211;\u00a0<\/b><b>Qual tema ser\u00e1 debatido nas reuni\u00f5es do\u00a0<\/b><b>CONSEG?<\/b><\/p>\n<p class=\"Texto_Justificado\">O tema principal ser\u00e1, direta ou indiretamente, a Seguran\u00e7a P\u00fablica.<\/p>\n<p class=\"Texto_Justificado\"><b>11 &#8211;\u00a0<\/b><b>Qual o site do\u00a0<\/b><b>CONSEG?<\/b><\/p>\n<p class=\"Texto_Justificado\">O site do CONSEG \u00e9 o\u00a0<a href=\"https:\/\/conseg.ssp.go.gov.br\/\" target=\"_blank\" rel=\"noopener\">https:\/\/conseg.ssp.go.gov.br<\/a><\/p>\n<p class=\"Texto_Justificado\"><b>12 &#8211;\u00a0<\/b><strong>Qual o endere\u00e7o, telefone e e-mail do setor\/\u00e1rea respons\u00e1vel pelo<\/strong><b>\u00a0<\/b><b>CONSEG?<\/b><\/p>\n<p class=\"Texto_Justificado\"><strong>Ger\u00eancia de Articula\u00e7\u00e3o e A\u00e7\u00f5es Integradas de Preven\u00e7\u00e3o \u00e0 Viol\u00eancia<\/strong><br \/>\nGerente: Luciano Levy Leite Santos<br \/>\nEndere\u00e7o: Avenida Anhanguera, n\u00ba 7.364, Setor Aerovi\u00e1rio<br \/>\nGoi\u00e2nia-GO \u2013 CEP: 74435-300<br \/>\nE-mail: gart.ssp@goias.gov.br<br \/>\nTelefones: (62) 3201-1008 \/ 1496<br \/>\nUnidade SEI: 18395<\/p>\n","protected":false},"excerpt":{"rendered":"<p>1 &#8211;\u00a0O que \u00e9, e qual o significado da abrevia\u00e7\u00e3o CONSEG? \u00c9 entidade auxiliar do sistema de seguran\u00e7a p\u00fablica, na solu\u00e7\u00e3o de problemas relacionados com a viol\u00eancia, a criminalidade e a defesa social da popula\u00e7\u00e3o. CONSEG \u00e9 a abrevia\u00e7\u00e3o da nomenclatura Conselho Comunit\u00e1rio de Seguran\u00e7a e Defesa Social. 2 &#8211;\u00a0Quais s\u00e3o as finalidades do CONSEG? [&hellip;]<\/p>\n","protected":false},"author":3,"featured_media":0,"parent":11666,"menu_order":0,"comment_status":"closed","ping_status":"closed","template":"","meta":{"footnotes":"","_links_to":"","_links_to_target":""},"class_list":["post-85669","page","type-page","status-publish","hentry"],"rttpg_featured_image_url":null,"rttpg_author":{"display_name":"joanaredator","author_link":"https:\/\/goias.gov.br\/seguranca\/author\/joanaredator\/"},"rttpg_comment":0,"rttpg_category":null,"rttpg_excerpt":"1 &#8211;\u00a0O que \u00e9, e qual o significado da abrevia\u00e7\u00e3o CONSEG? \u00c9 entidade auxiliar do sistema de seguran\u00e7a p\u00fablica, na solu\u00e7\u00e3o de problemas relacionados com a viol\u00eancia, a criminalidade e a defesa social da popula\u00e7\u00e3o. CONSEG \u00e9 a abrevia\u00e7\u00e3o da nomenclatura Conselho Comunit\u00e1rio de Seguran\u00e7a e Defesa Social. 2 &#8211;\u00a0Quais s\u00e3o as finalidades do CONSEG?&hellip;","_links":{"self":[{"href":"https:\/\/goias.gov.br\/seguranca\/wp-json\/wp\/v2\/pages\/85669","targetHints":{"allow":["GET"]}}],"collection":[{"href":"https:\/\/goias.gov.br\/seguranca\/wp-json\/wp\/v2\/pages"}],"about":[{"href":"https:\/\/goias.gov.br\/seguranca\/wp-json\/wp\/v2\/types\/page"}],"author":[{"embeddable":true,"href":"https:\/\/goias.gov.br\/seguranca\/wp-json\/wp\/v2\/users\/3"}],"replies":[{"embeddable":true,"href":"https:\/\/goias.gov.br\/seguranca\/wp-json\/wp\/v2\/comments?post=85669"}],"version-history":[{"count":3,"href":"https:\/\/goias.gov.br\/seguranca\/wp-json\/wp\/v2\/pages\/85669\/revisions"}],"predecessor-version":[{"id":285156,"href":"https:\/\/goias.gov.br\/seguranca\/wp-json\/wp\/v2\/pages\/85669\/revisions\/285156"}],"up":[{"embeddable":true,"href":"https:\/\/goias.gov.br\/seguranca\/wp-json\/wp\/v2\/pages\/11666"}],"wp:attachment":[{"href":"https:\/\/goias.gov.br\/seguranca\/wp-json\/wp\/v2\/media?parent=85669"}],"curies":[{"name":"wp","href":"https:\/\/api.w.org\/{rel}","templated":true}]}}