

{"id":83044,"date":"2023-05-16T11:34:49","date_gmt":"2023-05-16T14:34:49","guid":{"rendered":"https:\/\/www.seguranca.go.gov.br\/?page_id=83044"},"modified":"2025-12-19T10:34:09","modified_gmt":"2025-12-19T13:34:09","slug":"mulher-segura","status":"publish","type":"page","link":"https:\/\/goias.gov.br\/seguranca\/mulher-segura\/","title":{"rendered":"Mulher Segura"},"content":{"rendered":"<p><strong>O que \u00e9?<\/strong><\/p>\n<p><strong>O Estado de Goi\u00e1s em defesa da seguran\u00e7a da Mulher!<\/strong><\/p>\n<p>O aplicativo Mulher Segura permite \u00e0 cidad\u00e3 goiana acesso direto aos servi\u00e7os do Estado de Goi\u00e1s para comunicar casos de viol\u00eancia, acionar a Pol\u00edcia Militar em casos de emerg\u00eancia e ter \u00e0 m\u00e3o a localiza\u00e7\u00e3o dos batalh\u00f5es e das delegacias pr\u00f3ximas.<\/p>\n<p><strong>Como usar?<\/strong><\/p>\n<p>Ap\u00f3s instala\u00e7\u00e3o e cadastro voc\u00ea poder\u00e1 abrir um chat diretamente com um Policial Militar e solicitar um atendimento de emerg\u00eancia para situa\u00e7\u00f5es de risco, visualizar a localiza\u00e7\u00e3o dos batalh\u00f5es e delegacias pr\u00f3ximas ou registrar uma ocorr\u00eancia junto \u00e0 Seguran\u00e7a P\u00fablica do Estado de Goi\u00e1s.<\/p>\n<p><strong>Download do Aplicativo<\/strong><\/p>\n<p id=\"titulo-1\"><strong>Baixe gratuitamente na Apple Store para IOS ou Google Play para Android.<\/strong><\/p>\n<p><a href=\"https:\/\/play.google.com\/store\/apps\/details?id=com.go.ssp.mulhersegura\"><img decoding=\"async\" src=\"https:\/\/goias.gov.br\/seguranca\/wp-content\/uploads\/sites\/56\/2023\/05\/btn-android.png\" alt=\"\" width=\"200\" height=\"59\" \/><\/a> <a href=\"https:\/\/apps.apple.com\/br\/app\/mulher-segura\/id6446634473\"><img decoding=\"async\" src=\"https:\/\/goias.gov.br\/seguranca\/wp-content\/uploads\/sites\/56\/2023\/05\/btn-ios.png\" alt=\"\" width=\"200\" height=\"59\" \/><\/a><\/p>\n<p><strong>Banners<\/strong><\/p>\n<p>Banner Mulher Segura 245\u00d7100<br \/>\n<a href=\"https:\/\/goias.gov.br\/seguranca\/mulher-segura\" target=\"_blank\" rel=\"noopener\"><img decoding=\"async\" title=\"Mulher Segura\" src=\"https:\/\/goias.gov.br\/seguranca\/wp-content\/uploads\/sites\/56\/2023\/05\/bn-245x100-mulher-segura.png\" width=\"245\" height=\"100\" \/><\/a><\/p>\n<pre><code>&lt;a href=\"https:\/\/goias.gov.br\/seguranca\/mulher-segura\" target=\"_blank\" rel=\"noopener\"&gt;&lt;img title=\"Mulher Segura\" src=\"https:\/\/goias.gov.br\/seguranca\/wp-content\/uploads\/sites\/56\/2023\/05\/bn-245x100-mulher-segura.png\" width=\"245\" height=\"100\" \/&gt;&lt;\/a&gt;<\/code><\/pre>\n<p><a href=\"#\"> Copiar C\u00f3digo<\/a><\/p>\n<hr \/>\n<p>Banner Mulher Segura 425\u00d7100<br \/>\n<a href=\"https:\/\/goias.gov.br\/seguranca\/mulher-segura\" target=\"_blank\" rel=\"noopener\"><img loading=\"lazy\" decoding=\"async\" title=\"Mulher Segura\" src=\"https:\/\/goias.gov.br\/seguranca\/wp-content\/uploads\/sites\/56\/2023\/05\/bn-425x100-mulher-segura.png\" width=\"425\" height=\"100\" \/><\/a><\/p>\n<pre><code>&lt;a href=\"https:\/\/goias.gov.br\/seguranca\/mulher-segura\" target=\"_blank\" rel=\"noopener\"&gt;&lt;img title=\"Mulher Segura\" src=\"https:\/\/goias.gov.br\/seguranca\/wp-content\/uploads\/sites\/56\/2023\/05\/bn-425x100-mulher-segura.png\" width=\"425\" height=\"250\" \/&gt;&lt;\/a&gt;<\/code><\/pre>\n<p><a href=\"#\"> Copiar C\u00f3digo<\/a><\/p>\n<hr \/>\n<p>Banner Mulher Segura 1080\u00d7100<br \/>\n<a href=\"https:\/\/goias.gov.br\/seguranca\/mulher-segura\" target=\"_blank\" rel=\"noopener\"><img loading=\"lazy\" decoding=\"async\" title=\"Mulher Segura\" src=\"https:\/\/goias.gov.br\/seguranca\/wp-content\/uploads\/sites\/56\/2023\/05\/bn-1280x250-mulher-segura.png\" width=\"1080\" height=\"250\" \/><\/a><\/p>\n<pre><code>&lt;a href=\"https:\/\/goias.gov.br\/seguranca\/mulher-segura\" target=\"_blank\" rel=\"noopener\"&gt;&lt;img title=\"Mulher Segura\" src=\"https:\/\/goias.gov.br\/seguranca\/wp-content\/uploads\/sites\/56\/2023\/05\/bn-1280x250-mulher-segura.png\" width=\"1080\" height=\"250\" \/&gt;&lt;\/a&gt;<\/code><\/pre>\n<p><a href=\"#\"> Copiar C\u00f3digo<\/a><\/p>\n","protected":false},"excerpt":{"rendered":"<p>O que \u00e9? O Estado de Goi\u00e1s em defesa da seguran\u00e7a da Mulher! O aplicativo Mulher Segura permite \u00e0 cidad\u00e3 goiana acesso direto aos servi\u00e7os do Estado de Goi\u00e1s para comunicar casos de viol\u00eancia, acionar a Pol\u00edcia Militar em casos de emerg\u00eancia e ter \u00e0 m\u00e3o a localiza\u00e7\u00e3o dos batalh\u00f5es e das delegacias pr\u00f3ximas. Como [&hellip;]<\/p>\n","protected":false},"author":3,"featured_media":0,"parent":0,"menu_order":0,"comment_status":"closed","ping_status":"closed","template":"","meta":{"footnotes":"","_links_to":"","_links_to_target":""},"class_list":["post-83044","page","type-page","status-publish","hentry"],"rttpg_featured_image_url":null,"rttpg_author":{"display_name":"joanaredator","author_link":"https:\/\/goias.gov.br\/seguranca\/author\/joanaredator\/"},"rttpg_comment":0,"rttpg_category":null,"rttpg_excerpt":"O que \u00e9? O Estado de Goi\u00e1s em defesa da seguran\u00e7a da Mulher! O aplicativo Mulher Segura permite \u00e0 cidad\u00e3 goiana acesso direto aos servi\u00e7os do Estado de Goi\u00e1s para comunicar casos de viol\u00eancia, acionar a Pol\u00edcia Militar em casos de emerg\u00eancia e ter \u00e0 m\u00e3o a localiza\u00e7\u00e3o dos batalh\u00f5es e das delegacias pr\u00f3ximas. Como&hellip;","_links":{"self":[{"href":"https:\/\/goias.gov.br\/seguranca\/wp-json\/wp\/v2\/pages\/83044","targetHints":{"allow":["GET"]}}],"collection":[{"href":"https:\/\/goias.gov.br\/seguranca\/wp-json\/wp\/v2\/pages"}],"about":[{"href":"https:\/\/goias.gov.br\/seguranca\/wp-json\/wp\/v2\/types\/page"}],"author":[{"embeddable":true,"href":"https:\/\/goias.gov.br\/seguranca\/wp-json\/wp\/v2\/users\/3"}],"replies":[{"embeddable":true,"href":"https:\/\/goias.gov.br\/seguranca\/wp-json\/wp\/v2\/comments?post=83044"}],"version-history":[{"count":2,"href":"https:\/\/goias.gov.br\/seguranca\/wp-json\/wp\/v2\/pages\/83044\/revisions"}],"predecessor-version":[{"id":252415,"href":"https:\/\/goias.gov.br\/seguranca\/wp-json\/wp\/v2\/pages\/83044\/revisions\/252415"}],"wp:attachment":[{"href":"https:\/\/goias.gov.br\/seguranca\/wp-json\/wp\/v2\/media?parent=83044"}],"curies":[{"name":"wp","href":"https:\/\/api.w.org\/{rel}","templated":true}]}}