

{"id":78548,"date":"2023-01-25T09:49:38","date_gmt":"2023-01-25T12:49:38","guid":{"rendered":"https:\/\/www.seguranca.go.gov.br\/?page_id=78548"},"modified":"2025-12-08T10:48:07","modified_gmt":"2025-12-08T13:48:07","slug":"lgpd","status":"publish","type":"page","link":"https:\/\/goias.gov.br\/seguranca\/acesso-a-informacao\/lgpd\/","title":{"rendered":"Encarregado pelo Tratamento dos Dados Pessoais"},"content":{"rendered":"<p align=\"justify\">O Encarregado \u00e9 a pessoa indicada pelo controlador e operador para atuar como canal de comunica\u00e7\u00e3o entre o controlador, os titulares dos dados e a Autoridade Nacional de Prote\u00e7\u00e3o de Dados (ANPD) (<strong><a href=\"http:\/\/www.planalto.gov.br\/ccivil_03\/_ato2015-2018\/2018\/lei\/l13709.htm\"><u>art. 5\u00b0, VIII, Lei n\u00ba 13.709\/2018 &#8211; LGPD<\/u><\/a><\/strong>).<\/p>\n<p><strong>Encarregado pelo Tratamento de Dados Pessoais da Secretaria de Seguran\u00e7a P\u00fablica do Estado de Goi\u00e1s<br \/>\n<\/strong>Capit\u00e3o PM VORIGUES MESSIAS DE CASTRO J\u00daNIOR<br \/>\n<strong><a href=\"https:\/\/goias.gov.br\/seguranca\/wp-content\/uploads\/sites\/56\/2025\/06\/PORTARIA-No-514-DE-14-DE-MAIO-DE-2025.pdf\" target=\"_blank\" rel=\"noopener\">PORTARIA N\u00ba 514, DE 14 DE MAIO DE 2025<\/a><\/strong><\/p>\n<p><strong>Lota\u00e7\u00e3o<\/strong>: Superintend\u00eancia de Intelig\u00eancia Integrada\/SSP<br \/>\n<strong>Telefone<\/strong>: (62) 3201-1084 \/ (62) 3201-1068 \/ 3201-1430<br \/>\n<strong>E-mail<\/strong>: <a href=\"mailto:gce.ssp@goias.gov.br\">gce.ssp@goias.gov.br<\/a><\/p>\n<p>Este e-mail n\u00e3o substitui os demais canais de atendimento regulares do Governo de Goi\u00e1s e n\u00e3o deve ser utilizado para o exerc\u00edcio de Direitos dos Titulares, os quais est\u00e3o acess\u00edveis pelo\u00a0<strong><a href=\"https:\/\/www.go.gov.br\/servicos-digitais\/cge\/nova-ouvidoria\/pedido-informacao-publica\"><u>Portal Expresso<\/u><\/a><\/strong>.<\/p>\n<p><strong>Endere\u00e7o<br \/>\n<\/strong>Secretaria de Seguran\u00e7a P\u00fablica do Estado de Goi\u00e1s<br \/>\nAvenida Anhanguera, n. 7364, Setor Aerovi\u00e1rio<br \/>\nGoi\u00e2nia \u2013 Goi\u00e1s<br \/>\nCEP: 74435-300<\/p>\n<p><strong>Previs\u00e3o legal<\/strong><\/p>\n<p>Artigo 41, \u00a71\u00ba, LGPD<\/p>\n<p>&#8220;<em>A identidade e as informa\u00e7\u00f5es de contato do encarregado dever\u00e3o ser divulgadas publicamente, de forma clara e objetiva, preferencialmente no s\u00edtio eletr\u00f4nico do controlador.&#8221;<\/em><\/p>\n<p align=\"justify\"><strong>Atribui\u00e7\u00f5es<\/strong><\/p>\n<p align=\"justify\">Artigo 41, \u00a72\u00ba, LGPD<\/p>\n<p>&#8211; aceitar reclama\u00e7\u00f5es e comunica\u00e7\u00f5es dos titulares, prestar esclarecimentos e adotar provid\u00eancias;<br \/>\n&#8211; receber comunica\u00e7\u00f5es da autoridade nacional e adotar provid\u00eancias;<br \/>\n&#8211; orientar os funcion\u00e1rios e os contratados da entidade a respeito das pr\u00e1ticas a serem tomadas em rela\u00e7\u00e3o \u00e0 prote\u00e7\u00e3o de dados pessoais; e<br \/>\n&#8211; executar as demais atribui\u00e7\u00f5es determinadas pelo controlador ou estabelecidas em normas complementares.<\/p>\n","protected":false},"excerpt":{"rendered":"<p>O Encarregado \u00e9 a pessoa indicada pelo controlador e operador para atuar como canal de comunica\u00e7\u00e3o entre o controlador, os titulares dos dados e a Autoridade Nacional de Prote\u00e7\u00e3o de Dados (ANPD) (art. 5\u00b0, VIII, Lei n\u00ba 13.709\/2018 &#8211; LGPD). Encarregado pelo Tratamento de Dados Pessoais da Secretaria de Seguran\u00e7a P\u00fablica do Estado de Goi\u00e1s [&hellip;]<\/p>\n","protected":false},"author":3,"featured_media":0,"parent":11666,"menu_order":0,"comment_status":"closed","ping_status":"closed","template":"","meta":{"footnotes":"","_links_to":"","_links_to_target":""},"class_list":["post-78548","page","type-page","status-publish","hentry"],"rttpg_featured_image_url":null,"rttpg_author":{"display_name":"joanaredator","author_link":"https:\/\/goias.gov.br\/seguranca\/author\/joanaredator\/"},"rttpg_comment":0,"rttpg_category":null,"rttpg_excerpt":"O Encarregado \u00e9 a pessoa indicada pelo controlador e operador para atuar como canal de comunica\u00e7\u00e3o entre o controlador, os titulares dos dados e a Autoridade Nacional de Prote\u00e7\u00e3o de Dados (ANPD) (art. 5\u00b0, VIII, Lei n\u00ba 13.709\/2018 &#8211; LGPD). Encarregado pelo Tratamento de Dados Pessoais da Secretaria de Seguran\u00e7a P\u00fablica do Estado de Goi\u00e1s&hellip;","_links":{"self":[{"href":"https:\/\/goias.gov.br\/seguranca\/wp-json\/wp\/v2\/pages\/78548","targetHints":{"allow":["GET"]}}],"collection":[{"href":"https:\/\/goias.gov.br\/seguranca\/wp-json\/wp\/v2\/pages"}],"about":[{"href":"https:\/\/goias.gov.br\/seguranca\/wp-json\/wp\/v2\/types\/page"}],"author":[{"embeddable":true,"href":"https:\/\/goias.gov.br\/seguranca\/wp-json\/wp\/v2\/users\/3"}],"replies":[{"embeddable":true,"href":"https:\/\/goias.gov.br\/seguranca\/wp-json\/wp\/v2\/comments?post=78548"}],"version-history":[{"count":3,"href":"https:\/\/goias.gov.br\/seguranca\/wp-json\/wp\/v2\/pages\/78548\/revisions"}],"predecessor-version":[{"id":285190,"href":"https:\/\/goias.gov.br\/seguranca\/wp-json\/wp\/v2\/pages\/78548\/revisions\/285190"}],"up":[{"embeddable":true,"href":"https:\/\/goias.gov.br\/seguranca\/wp-json\/wp\/v2\/pages\/11666"}],"wp:attachment":[{"href":"https:\/\/goias.gov.br\/seguranca\/wp-json\/wp\/v2\/media?parent=78548"}],"curies":[{"name":"wp","href":"https:\/\/api.w.org\/{rel}","templated":true}]}}