

{"id":70961,"date":"2012-05-16T09:16:34","date_gmt":"2012-05-16T12:16:34","guid":{"rendered":"https:\/\/www.seguranca.go.gov.br\/?page_id=70961"},"modified":"2025-06-09T10:43:27","modified_gmt":"2025-06-09T13:43:27","slug":"competencias","status":"publish","type":"page","link":"https:\/\/goias.gov.br\/seguranca\/acesso-a-informacao\/competencias\/","title":{"rendered":"Compet\u00eancias"},"content":{"rendered":"<p><strong>Art. 35. \u00c0 SSP competem:<\/strong><\/p>\n<p>I \u2013 a formula\u00e7\u00e3o da pol\u00edtica estadual de seguran\u00e7a p\u00fablica, para a preserva\u00e7\u00e3o da ordem p\u00fablica, bem como da incolumidade das pessoas e do patrim\u00f4nio;<br \/>\nII \u2013 a formula\u00e7\u00e3o da pol\u00edtica estadual penitenci\u00e1ria;<br \/>\nIII \u2013 a execu\u00e7\u00e3o das atividades da defesa do meio ambiente e da seguran\u00e7a tanto do tr\u00e2nsito urbano quanto em rodovias, ferrovias e aquavias estaduais; e<br \/>\nIV \u2013 a execu\u00e7\u00e3o, pelos \u00f3rg\u00e3os a ela subordinados, das seguintes fun\u00e7\u00f5es:<\/p>\n<p>a) pela Pol\u00edcia Civil: atividades de identifica\u00e7\u00e3o civil, de pol\u00edcia judici\u00e1ria e a apura\u00e7\u00e3o das infra\u00e7\u00f5es penais, exceto as militares;<br \/>\nb) pela Pol\u00edcia Militar: policiamento ostensivo e preserva\u00e7\u00e3o da ordem p\u00fablica;<br \/>\nc) pelo Corpo de Bombeiros Militar: atividades de defesa civil e exerc\u00edcio do poder de pol\u00edcia sobre instala\u00e7\u00f5es, para a prote\u00e7\u00e3o contra inc\u00eandio e p\u00e2nico; e<br \/>\nd) pela Diretoria-Geral de Pol\u00edcia Penal \u2013 DGPP: <a href=\"https:\/\/legisla.casacivil.go.gov.br\/pesquisa_legislacao\/108218\/lei-22457\" target=\"_blank\" rel=\"noopener\">Reda\u00e7\u00e3o dada pela Lei n\u00ba 22.457, de 12-12-2023<\/a><\/p>\n<p>1. as atividades voltadas para o acompanhamento e a fiscaliza\u00e7\u00e3o do cumprimento de penas privativas de liberdade em regime de pris\u00e3o;<br \/>\n2. a administra\u00e7\u00e3o, a coordena\u00e7\u00e3o, a inspe\u00e7\u00e3o e a fiscaliza\u00e7\u00e3o dos pres\u00eddios e das demais instala\u00e7\u00f5es para reclus\u00e3o;<br \/>\n3. a qualifica\u00e7\u00e3o e a profissionaliza\u00e7\u00e3o dos sentenciados; e<br \/>\n4. a socializa\u00e7\u00e3o e a reintegra\u00e7\u00e3o dos reeducandos.<\/p>\n<p><strong>Art. 36. Integram a estrutura b\u00e1sica da SSP, como \u00f3rg\u00e3os aut\u00f4nomos:<\/strong><\/p>\n<p>I \u2013 a Delegacia\u2013 Geral da Pol\u00edcia Civil \u2013 DGPC;<br \/>\nII \u2013 a Pol\u00edcia Militar \u2013 PM;<br \/>\nIII \u2013 o Corpo de Bombeiros Militar \u2013 CBM; e<br \/>\nIV \u2013 a Diretoria\u2013 Geral de Pol\u00edcia Penal \u2013 DGPP. <a href=\"https:\/\/legisla.casacivil.go.gov.br\/pesquisa_legislacao\/108218\/lei-22457\" target=\"_blank\" rel=\"noopener\">Reda\u00e7\u00e3o dada pela Lei n\u00ba 22.457, de 12-12-2023<\/a><\/p>\n<p><strong>Art. 37. Integram ainda a SSP, como \u00f3rg\u00e3os colegiados:<\/strong><\/p>\n<p>I \u2013 o Conselho Estadual de Seguran\u00e7a P\u00fablica;<br \/>\nII \u2013 o Conselho Estadual de Tr\u00e2nsito;<br \/>\nIII \u2013 o Conselho Estadual de Prote\u00e7\u00e3o a V\u00edtimas e Testemunhas Amea\u00e7adas no Estado de Goi\u00e1s \u2013 CONDEL\/PROVITA\u2013 GO;<br \/>\nIV \u2013 o Conselho Superior da Pol\u00edcia Civil, da DGPC; e<br \/>\nV \u2013 o Conselho Penitenci\u00e1rio, da DGPP. <a href=\"https:\/\/legisla.casacivil.go.gov.br\/pesquisa_legislacao\/108218\/lei-22457\" target=\"_blank\" rel=\"noopener\">Reda\u00e7\u00e3o dada pela Lei n\u00ba 22.457, de 12-12-2023<\/a><\/p>\n<p class=\"Texto_Justificado_Recuo_Primeira_Linha_Esp15\"><strong>Refer\u00eancia:\u00a0<\/strong><a href=\"https:\/\/legisla.casacivil.go.gov.br\/pesquisa_legislacao\/106749\/lei-21792\" target=\"_blank\" rel=\"noopener\">Lei n\u00ba 21.792, de 16 de fevereiro de 2023<\/a><\/p>\n<p class=\"Texto_Justificado_Recuo_Primeira_Linha_Esp15\"><strong>Vig\u00eancia: 16 de fevereiro de 2023,\u00a0<\/strong>publicado\u00a0<a href=\"https:\/\/diariooficial.abc.go.gov.br\/portal\/edicoes\/download\/5532\" target=\"_blank\" rel=\"noopener\">no D.O de 16\/02\/2023<\/a><\/p>\n<p class=\"Texto_Justificado_Recuo_Primeira_Linha_Esp15\"><strong>Regulamento:\u00a0<\/strong><a href=\"https:\/\/legisla.casacivil.go.gov.br\/pesquisa_legislacao\/103258\/decreto-9690\">Decreto n\u00ba 9.690, de 06 de julho de 2020<\/a><b><br \/>\n<\/b><strong>Vig\u00eancia: 07 de julho de 2020,\u00a0<\/strong>publicado <strong><a href=\"https:\/\/goias.gov.br\/seguranca\/wp-content\/uploads\/sites\/56\/2023\/08\/no-d.o-de-07-07-2020.pdf\">no D.O de\u00a007\/07\/2020<\/a><\/strong><\/p>\n","protected":false},"excerpt":{"rendered":"<p>Art. 35. \u00c0 SSP competem: I \u2013 a formula\u00e7\u00e3o da pol\u00edtica estadual de seguran\u00e7a p\u00fablica, para a preserva\u00e7\u00e3o da ordem p\u00fablica, bem como da incolumidade das pessoas e do patrim\u00f4nio; II \u2013 a formula\u00e7\u00e3o da pol\u00edtica estadual penitenci\u00e1ria; III \u2013 a execu\u00e7\u00e3o das atividades da defesa do meio ambiente e da seguran\u00e7a tanto do tr\u00e2nsito [&hellip;]<\/p>\n","protected":false},"author":3,"featured_media":0,"parent":11666,"menu_order":0,"comment_status":"closed","ping_status":"closed","template":"","meta":{"footnotes":"","_links_to":"","_links_to_target":""},"class_list":["post-70961","page","type-page","status-publish","hentry"],"rttpg_featured_image_url":null,"rttpg_author":{"display_name":"joanaredator","author_link":"https:\/\/goias.gov.br\/seguranca\/author\/joanaredator\/"},"rttpg_comment":0,"rttpg_category":null,"rttpg_excerpt":"Art. 35. \u00c0 SSP competem: I \u2013 a formula\u00e7\u00e3o da pol\u00edtica estadual de seguran\u00e7a p\u00fablica, para a preserva\u00e7\u00e3o da ordem p\u00fablica, bem como da incolumidade das pessoas e do patrim\u00f4nio; II \u2013 a formula\u00e7\u00e3o da pol\u00edtica estadual penitenci\u00e1ria; III \u2013 a execu\u00e7\u00e3o das atividades da defesa do meio ambiente e da seguran\u00e7a tanto do tr\u00e2nsito&hellip;","_links":{"self":[{"href":"https:\/\/goias.gov.br\/seguranca\/wp-json\/wp\/v2\/pages\/70961","targetHints":{"allow":["GET"]}}],"collection":[{"href":"https:\/\/goias.gov.br\/seguranca\/wp-json\/wp\/v2\/pages"}],"about":[{"href":"https:\/\/goias.gov.br\/seguranca\/wp-json\/wp\/v2\/types\/page"}],"author":[{"embeddable":true,"href":"https:\/\/goias.gov.br\/seguranca\/wp-json\/wp\/v2\/users\/3"}],"replies":[{"embeddable":true,"href":"https:\/\/goias.gov.br\/seguranca\/wp-json\/wp\/v2\/comments?post=70961"}],"version-history":[{"count":2,"href":"https:\/\/goias.gov.br\/seguranca\/wp-json\/wp\/v2\/pages\/70961\/revisions"}],"predecessor-version":[{"id":250650,"href":"https:\/\/goias.gov.br\/seguranca\/wp-json\/wp\/v2\/pages\/70961\/revisions\/250650"}],"up":[{"embeddable":true,"href":"https:\/\/goias.gov.br\/seguranca\/wp-json\/wp\/v2\/pages\/11666"}],"wp:attachment":[{"href":"https:\/\/goias.gov.br\/seguranca\/wp-json\/wp\/v2\/media?parent=70961"}],"curies":[{"name":"wp","href":"https:\/\/api.w.org\/{rel}","templated":true}]}}