

{"id":70608,"date":"2022-05-07T09:45:35","date_gmt":"2022-05-07T12:45:35","guid":{"rendered":"https:\/\/www.seguranca.go.gov.br\/?page_id=70608"},"modified":"2026-04-01T15:02:06","modified_gmt":"2026-04-01T18:02:06","slug":"legislacao-aplicavel","status":"publish","type":"page","link":"https:\/\/goias.gov.br\/seguranca\/legislacao-aplicavel\/","title":{"rendered":"Legisla\u00e7\u00e3o Aplic\u00e1vel"},"content":{"rendered":"<p><strong>Secretaria de Estado da Seguran\u00e7a P\u00fablica<\/strong><\/p>\n<p>\u203a <a href=\"https:\/\/goias.gov.br\/seguranca\/legislacao-aplicavel\/legislacoes\/?search=&amp;category_filter=19\">Decretos Estaduais<\/a><br \/>\n\u203a <a href=\"https:\/\/goias.gov.br\/seguranca\/legislacao-aplicavel\/legislacoes\/?search=&amp;category_filter=2067\">Emendas<\/a><br \/>\n\u203a <a href=\"https:\/\/goias.gov.br\/seguranca\/legislacao-aplicavel\/legislacoes\/?search=&amp;category_filter=1986\">Instru\u00e7\u00f5es Normativas<\/a><br \/>\n\u203a <a href=\"https:\/\/goias.gov.br\/seguranca\/legislacao-aplicavel\/legislacoes\/?search=&amp;category_filter=18\">Leis Estaduais<\/a><br \/>\n\u203a <a href=\"https:\/\/goias.gov.br\/seguranca\/legislacao-aplicavel\/legislacoes\/?search=&amp;category_filter=12\">Portarias<\/a><br \/>\n\u203a <a href=\"https:\/\/legisla.casacivil.go.gov.br\/pesquisa_ato_infralegal?orgao_emissor=15&amp;ano=2025&amp;pagina=1&amp;busca_avancada=1\" target=\"_blank\" rel=\"noopener\">Portarias de 2025 (Site Legisla Goi\u00e1s)<\/a><\/p>\n<p><strong>DADOS GERAIS<\/strong><\/p>\n<p><strong>Titular:\u00a0Renato Brum dos Santos<\/strong><br \/>\n<strong>CNPJ:<\/strong>\u00a001.409.606\/0001-48<br \/>\n<strong>Classifica\u00e7\u00e3o:<\/strong>\u00a0\u00d3rg\u00e3o da Administra\u00e7\u00e3o Direta.<br \/>\n<strong>Endere\u00e7o \/ Sede:\u00a0Av. Anhanguera, n\u00ba 7364, Setor Aerovi\u00e1rio, CEP 74435-300<\/strong><br \/>\n<strong>Contato:\u00a0(62) 3201-1000 \/ 3201-1049<\/strong><\/p>\n","protected":false},"excerpt":{"rendered":"<p>Secretaria de Estado da Seguran\u00e7a P\u00fablica \u203a Decretos Estaduais \u203a Emendas \u203a Instru\u00e7\u00f5es Normativas \u203a Leis Estaduais \u203a Portarias \u203a Portarias de 2025 (Site Legisla Goi\u00e1s) DADOS GERAIS Titular:\u00a0Renato Brum dos Santos CNPJ:\u00a001.409.606\/0001-48 Classifica\u00e7\u00e3o:\u00a0\u00d3rg\u00e3o da Administra\u00e7\u00e3o Direta. Endere\u00e7o \/ Sede:\u00a0Av. Anhanguera, n\u00ba 7364, Setor Aerovi\u00e1rio, CEP 74435-300 Contato:\u00a0(62) 3201-1000 \/ 3201-1049<\/p>\n","protected":false},"author":3,"featured_media":0,"parent":0,"menu_order":0,"comment_status":"closed","ping_status":"closed","template":"","meta":{"footnotes":"","_links_to":"","_links_to_target":""},"class_list":["post-70608","page","type-page","status-publish","hentry"],"rttpg_featured_image_url":null,"rttpg_author":{"display_name":"joanaredator","author_link":"https:\/\/goias.gov.br\/seguranca\/author\/joanaredator\/"},"rttpg_comment":0,"rttpg_category":null,"rttpg_excerpt":"Secretaria de Estado da Seguran\u00e7a P\u00fablica \u203a Decretos Estaduais \u203a Emendas \u203a Instru\u00e7\u00f5es Normativas \u203a Leis Estaduais \u203a Portarias \u203a Portarias de 2025 (Site Legisla Goi\u00e1s) DADOS GERAIS Titular:\u00a0Renato Brum dos Santos CNPJ:\u00a001.409.606\/0001-48 Classifica\u00e7\u00e3o:\u00a0\u00d3rg\u00e3o da Administra\u00e7\u00e3o Direta. Endere\u00e7o \/ Sede:\u00a0Av. Anhanguera, n\u00ba 7364, Setor Aerovi\u00e1rio, CEP 74435-300 Contato:\u00a0(62) 3201-1000 \/ 3201-1049","_links":{"self":[{"href":"https:\/\/goias.gov.br\/seguranca\/wp-json\/wp\/v2\/pages\/70608","targetHints":{"allow":["GET"]}}],"collection":[{"href":"https:\/\/goias.gov.br\/seguranca\/wp-json\/wp\/v2\/pages"}],"about":[{"href":"https:\/\/goias.gov.br\/seguranca\/wp-json\/wp\/v2\/types\/page"}],"author":[{"embeddable":true,"href":"https:\/\/goias.gov.br\/seguranca\/wp-json\/wp\/v2\/users\/3"}],"replies":[{"embeddable":true,"href":"https:\/\/goias.gov.br\/seguranca\/wp-json\/wp\/v2\/comments?post=70608"}],"version-history":[{"count":3,"href":"https:\/\/goias.gov.br\/seguranca\/wp-json\/wp\/v2\/pages\/70608\/revisions"}],"predecessor-version":[{"id":274372,"href":"https:\/\/goias.gov.br\/seguranca\/wp-json\/wp\/v2\/pages\/70608\/revisions\/274372"}],"wp:attachment":[{"href":"https:\/\/goias.gov.br\/seguranca\/wp-json\/wp\/v2\/media?parent=70608"}],"curies":[{"name":"wp","href":"https:\/\/api.w.org\/{rel}","templated":true}]}}