

{"id":60970,"date":"2021-07-08T19:50:33","date_gmt":"2021-07-08T22:50:33","guid":{"rendered":"https:\/\/www.seguranca.go.gov.br\/?page_id=60970"},"modified":"2026-04-17T17:26:17","modified_gmt":"2026-04-17T20:26:17","slug":"estatisticas","status":"publish","type":"page","link":"https:\/\/goias.gov.br\/seguranca\/estatisticas\/","title":{"rendered":"Estat\u00edsticas"},"content":{"rendered":"<p class=\"vc_custom_heading vc_custom_1589413735817\"><strong><img fetchpriority=\"high\" decoding=\"async\" class=\"alignnone wp-image-60994 size-full\" src=\"https:\/\/goias.gov.br\/seguranca\/wp-content\/uploads\/sites\/56\/2021\/07\/slider02-e1625786336833.jpg\" alt=\"Estat\u00edsticas\" width=\"1500\" height=\"393\" \/><\/strong><\/p>\n<h3 class=\"vc_custom_heading vc_custom_1589413735817\">Indicadores Criminais:<\/h3>\n<div class=\"wpb_text_column wpb_content_element \">\n<div class=\"wpb_wrapper\">\n<p>Os \u00edndices de criminalidade consolidados pela Secretaria de Seguran\u00e7a P\u00fablica do Estado de Goi\u00e1s s\u00e3o divulgados por meio do site institucional e em atendimento \u00e0 Lei de Acesso da Informa\u00e7\u00e3o.<\/p>\n<p>Os dados estar\u00e3o dispon\u00edveis no site mensalmente, com um atraso de pelo menos 60 dias, para que a cr\u00edtica e devidos encaminhamentos sejam realizados pela equipe t\u00e9cnica do Observat\u00f3rio de Seguran\u00e7a P\u00fablica.<\/p>\n<p>Atualmente a divulga\u00e7\u00e3o das estat\u00edsticas \u00e9 realizada a partir dos dados provenientes do Sistema RAI (Registro de Atendimento Integrado) utilizado por todas as For\u00e7as de Seguran\u00e7a P\u00fablica de acordo com o andamento das investiga\u00e7\u00f5es.<\/p>\n<p><img decoding=\"async\" class=\"alignnone size-full wp-image-60973\" src=\"https:\/\/goias.gov.br\/seguranca\/wp-content\/uploads\/sites\/56\/2021\/07\/estatisticas-ssp.png\" alt=\"\" width=\"1260\" height=\"659\" \/><\/p>\n<\/div>\n<\/div>\n<p>A integra\u00e7\u00e3o com a Secretaria Nacional de Seguran\u00e7a P\u00fablica \u2013 Minist\u00e9rio da Justi\u00e7a e Seguran\u00e7a P\u00fablica (SENASP\/MJSP) tamb\u00e9m \u00e9 realizada a partir do sistema RAI. A defasagem na publica\u00e7\u00e3o estat\u00edstica se justifica como um per\u00edodo m\u00ednimo de revis\u00e3o entre os registros de natureza tempor\u00e1ria e consolida\u00e7\u00e3o dos indicadores criminais.<\/p>\n<p>Esclarecemos n\u00e3o se tratar de erros, mas sim, as mudan\u00e7as decorrentes de uma investiga\u00e7\u00e3o, por exemplo, o caso de um homic\u00eddio que foi verificado como latroc\u00ednio.<\/p>\n<p><em>Estamos \u00e0 disposi\u00e7\u00e3o para quaisquer outros esclarecimentos.<\/em><\/p>\n<p>Email: <a href=\"mailto:observatorio.ssp@goias.gov.br\">observatorio.ssp@goias.gov.br<\/a><\/p>\n<table style=\"width: 100%; height: 299px;\" border=\"0\" width=\"100%\" cellspacing=\"0\" cellpadding=\"0\">\n<tbody>\n<tr style=\"height: 46px;\">\n<td style=\"width: 22.7623%; height: 46px;\" width=\"26%\" height=\"37\"><strong>Ocorr\u00eancias de Tr\u00e2nsito<\/strong><\/td>\n<td style=\"width: 32.1398%; height: 46px;\" width=\"42%\"><strong>Estat\u00edsticas Criminais e Produtividade<\/strong><\/td>\n<td style=\"width: 45.0979%; height: 46px;\" width=\"32%\"><strong>Morte por Interven\u00e7\u00e3o Legal de Agente do Estado<\/strong><\/td>\n<\/tr>\n<tr style=\"height: 46px;\">\n<td style=\"width: 22.7623%; height: 46px;\"><span style=\"width: 50%;\">\u203a Geral <strong>(Em manuten\u00e7\u00e3o)<\/strong><\/span><\/td>\n<td style=\"width: 32.1398%; height: 46px;\"><span style=\"width: 50%;\">\u203a <a href=\"https:\/\/goias.gov.br\/seguranca\/wp-content\/uploads\/sites\/56\/2026\/04\/Estatisticas-de-2025.pdf\" target=\"_blank\" rel=\"noopener\"><strong>Estat\u00edsticas de 2025<\/strong><\/a>\u00a0<a href=\"https:\/\/goias.gov.br\/seguranca\/wp-content\/uploads\/sites\/56\/2023\/08\/novo.png\"><img decoding=\"async\" class=\"alignnone size-full wp-image-86642\" src=\"https:\/\/goias.gov.br\/seguranca\/wp-content\/uploads\/sites\/56\/2023\/08\/novo.png\" alt=\"\" width=\"40\" height=\"13\" \/><\/a><br \/>\n<\/span><\/td>\n<td style=\"width: 45.0979%; height: 46px;\"><span style=\"width: 50%;\">\u203a <strong><a class=\"vc_general vc_btn3 vc_btn3-size-md vc_btn3-shape-rounded vc_btn3-style-modern vc_btn3-icon-left vc_btn3-color-grey\" title=\"\" href=\"https:\/\/goias.gov.br\/seguranca\/wp-content\/uploads\/sites\/56\/2026\/04\/Estatisticas-de-2019-2020-2021-2022-2023-e-2024.pdf\" target=\"_blank\" rel=\"noopener\">Estat\u00edsticas de 2019, 2020, 2021, 2022, 2023 e 2024<\/a><\/strong><\/span><\/td>\n<\/tr>\n<tr style=\"height: 46px;\">\n<td style=\"width: 22.7623%; height: 46px;\"><span style=\"width: 50%;\">\u203a Ambiente <strong>(Em manuten\u00e7\u00e3o)<\/strong><\/span><\/td>\n<td style=\"width: 32.1398%; height: 46px;\"><span style=\"width: 50%;\">\u203a <a href=\"https:\/\/goias.gov.br\/seguranca\/wp-content\/uploads\/sites\/56\/2026\/02\/estatisticas_2024.pdf\" target=\"_blank\" rel=\"noopener\">Estat\u00edsticas de 2024<\/a><\/span><\/td>\n<td style=\"width: 45.0979%; height: 46px;\"><\/td>\n<\/tr>\n<tr style=\"height: 46px;\">\n<td style=\"width: 22.7623%; height: 46px;\"><span style=\"width: 50%;\">\u203a Pessoas <strong>(Em manuten\u00e7\u00e3o)<\/strong><\/span><\/td>\n<td style=\"width: 32.1398%; height: 46px;\"><span style=\"width: 50%;\">\u203a <a href=\"https:\/\/goias.gov.br\/seguranca\/wp-content\/uploads\/sites\/56\/2026\/02\/estatisticas_2023.pdf\" target=\"_blank\" rel=\"noopener\">Estat\u00edsticas de 2023<\/a><\/span><\/td>\n<td style=\"width: 45.0979%; height: 46px;\"><\/td>\n<\/tr>\n<tr style=\"height: 46px;\">\n<td style=\"width: 22.7623%; height: 46px;\"><span style=\"width: 50%;\">\u203a Ve\u00edculos <strong>(Em manuten\u00e7\u00e3o)<\/strong><\/span><\/td>\n<td style=\"width: 32.1398%; height: 46px;\"><span style=\"width: 50%;\">\u203a <a class=\"vc_general vc_btn3 vc_btn3-size-md vc_btn3-shape-rounded vc_btn3-style-modern vc_btn3-icon-left vc_btn3-color-grey\" title=\"\" href=\"https:\/\/goias.gov.br\/seguranca\/wp-content\/uploads\/sites\/56\/2026\/02\/estatisticas_2022.pdf\" target=\"_blank\" rel=\"noopener\">Estat\u00edsticas de 2022<\/a><\/span><\/td>\n<td style=\"width: 45.0979%; height: 46px;\"><\/td>\n<\/tr>\n<tr style=\"height: 23px;\">\n<td style=\"width: 22.7623%; height: 23px;\"><\/td>\n<td style=\"width: 32.1398%; height: 23px;\"><span style=\"width: 50%;\">\u203a <a class=\"vc_general vc_btn3 vc_btn3-size-md vc_btn3-shape-rounded vc_btn3-style-modern vc_btn3-icon-left vc_btn3-color-grey\" title=\"\" href=\"https:\/\/goias.gov.br\/seguranca\/wp-content\/uploads\/sites\/56\/2026\/02\/estatisticas_2021.pdf\" target=\"_blank\" rel=\"noopener\">Estat\u00edsticas de 2021<\/a><\/span><\/td>\n<td style=\"width: 45.0979%; height: 23px;\"><\/td>\n<\/tr>\n<tr style=\"height: 23px;\">\n<td style=\"width: 22.7623%; height: 23px;\"><\/td>\n<td style=\"width: 32.1398%; height: 23px;\"><span style=\"width: 50%;\">\u203a <a class=\"vc_general vc_btn3 vc_btn3-size-md vc_btn3-shape-rounded vc_btn3-style-modern vc_btn3-icon-left vc_btn3-color-grey\" title=\"\" href=\"https:\/\/goias.gov.br\/seguranca\/wp-content\/uploads\/sites\/56\/2026\/02\/estatisticas_2020.pdf\" target=\"_blank\" rel=\"noopener\">Estat\u00edsticas de 2020<\/a><\/span><\/td>\n<td style=\"width: 45.0979%; height: 23px;\"><\/td>\n<\/tr>\n<tr style=\"height: 23px;\">\n<td style=\"width: 22.7623%; height: 23px;\"><\/td>\n<td style=\"width: 32.1398%; height: 23px;\"><span style=\"width: 50%;\">\u203a <a class=\"vc_general vc_btn3 vc_btn3-size-md vc_btn3-shape-rounded vc_btn3-style-modern vc_btn3-icon-left vc_btn3-color-grey\" title=\"\" href=\"https:\/\/goias.gov.br\/seguranca\/wp-content\/uploads\/sites\/56\/2026\/02\/estatisticas_2019.pdf\" target=\"_blank\" rel=\"noopener\">Estat\u00edsticas de 2019<\/a><\/span><\/td>\n<td style=\"width: 45.0979%; height: 23px;\"><\/td>\n<\/tr>\n<tr>\n<td style=\"width: 22.7623%;\"><\/td>\n<td style=\"width: 32.1398%;\"><span style=\"width: 50%;\">\u203a <a class=\"vc_general vc_btn3 vc_btn3-size-md vc_btn3-shape-rounded vc_btn3-style-modern vc_btn3-icon-left vc_btn3-color-grey\" title=\"\" href=\"https:\/\/goias.gov.br\/seguranca\/wp-content\/uploads\/sites\/56\/2026\/02\/estatisticas_2018.pdf\" target=\"_blank\" rel=\"noopener\">Estat\u00edsticas de 2018<\/a><\/span><\/td>\n<td style=\"width: 45.0979%;\"><\/td>\n<\/tr>\n<\/tbody>\n<\/table>\n","protected":false},"excerpt":{"rendered":"<p>Indicadores Criminais: Os \u00edndices de criminalidade consolidados pela Secretaria de Seguran\u00e7a P\u00fablica do Estado de Goi\u00e1s s\u00e3o divulgados por meio do site institucional e em atendimento \u00e0 Lei de Acesso da Informa\u00e7\u00e3o. Os dados estar\u00e3o dispon\u00edveis no site mensalmente, com um atraso de pelo menos 60 dias, para que a cr\u00edtica e devidos encaminhamentos sejam [&hellip;]<\/p>\n","protected":false},"author":3,"featured_media":61000,"parent":0,"menu_order":0,"comment_status":"closed","ping_status":"closed","template":"","meta":{"footnotes":"","_links_to":"","_links_to_target":""},"class_list":["post-60970","page","type-page","status-publish","has-post-thumbnail","hentry"],"rttpg_featured_image_url":null,"rttpg_author":{"display_name":"joanaredator","author_link":"https:\/\/goias.gov.br\/seguranca\/author\/joanaredator\/"},"rttpg_comment":0,"rttpg_category":null,"rttpg_excerpt":"Indicadores Criminais: Os \u00edndices de criminalidade consolidados pela Secretaria de Seguran\u00e7a P\u00fablica do Estado de Goi\u00e1s s\u00e3o divulgados por meio do site institucional e em atendimento \u00e0 Lei de Acesso da Informa\u00e7\u00e3o. Os dados estar\u00e3o dispon\u00edveis no site mensalmente, com um atraso de pelo menos 60 dias, para que a cr\u00edtica e devidos encaminhamentos sejam&hellip;","_links":{"self":[{"href":"https:\/\/goias.gov.br\/seguranca\/wp-json\/wp\/v2\/pages\/60970","targetHints":{"allow":["GET"]}}],"collection":[{"href":"https:\/\/goias.gov.br\/seguranca\/wp-json\/wp\/v2\/pages"}],"about":[{"href":"https:\/\/goias.gov.br\/seguranca\/wp-json\/wp\/v2\/types\/page"}],"author":[{"embeddable":true,"href":"https:\/\/goias.gov.br\/seguranca\/wp-json\/wp\/v2\/users\/3"}],"replies":[{"embeddable":true,"href":"https:\/\/goias.gov.br\/seguranca\/wp-json\/wp\/v2\/comments?post=60970"}],"version-history":[{"count":3,"href":"https:\/\/goias.gov.br\/seguranca\/wp-json\/wp\/v2\/pages\/60970\/revisions"}],"predecessor-version":[{"id":304254,"href":"https:\/\/goias.gov.br\/seguranca\/wp-json\/wp\/v2\/pages\/60970\/revisions\/304254"}],"wp:featuredmedia":[{"embeddable":true,"href":"https:\/\/goias.gov.br\/seguranca\/wp-json\/"}],"wp:attachment":[{"href":"https:\/\/goias.gov.br\/seguranca\/wp-json\/wp\/v2\/media?parent=60970"}],"curies":[{"name":"wp","href":"https:\/\/api.w.org\/{rel}","templated":true}]}}