

{"id":58767,"date":"2021-06-10T14:58:02","date_gmt":"2021-06-10T17:58:02","guid":{"rendered":"https:\/\/www.seguranca.go.gov.br\/?page_id=58767"},"modified":"2025-06-18T11:20:44","modified_gmt":"2025-06-18T14:20:44","slug":"contratos-de-locacao-de-imoveis","status":"publish","type":"page","link":"https:\/\/goias.gov.br\/seguranca\/acesso-a-informacao\/contratos-de-locacao-de-imoveis\/","title":{"rendered":"Contratos de loca\u00e7\u00e3o de imo\u0301veis"},"content":{"rendered":"<table class=\"planilhaview display\" style=\"width:100%\"><thead><tr><th>ITEM<\/th><th> REQUISITANTE<\/th><th>QUALIFICA\u00c7\u00c3O DAS PARTES<\/th><th> ENDERE\u00c7O DO IM\u00d3VEL <\/th><th>DESCRI\u00c7\u00c3O DO IM\u00d3VEL <\/th><th>FINALIDADE <\/th><th>PROCESSO<\/th><th>OBJETO<\/th><th>VALOR MENSAL<\/th><th>PRAZO<\/th><th>IN\u00cdCIO<\/th><th>FINAL<\/th><th>N\u00ba CONTRATO \/ NUMERO TERMO ADITIVO \/ EXTRATOS (EVENTOS)<\/th><th>REAJUSTE<\/th><\/tr><tr><th><input type=\"text\" placeholder=\"Filtrar ITEM\"><\/th><th><input type=\"text\" placeholder=\"Filtrar  REQUISITANTE\"><\/th><th><input type=\"text\" placeholder=\"Filtrar QUALIFICA\u00c7\u00c3O DAS PARTES\"><\/th><th><input type=\"text\" placeholder=\"Filtrar  ENDERE\u00c7O DO IM\u00d3VEL \"><\/th><th><input type=\"text\" placeholder=\"Filtrar DESCRI\u00c7\u00c3O DO IM\u00d3VEL \"><\/th><th><input type=\"text\" placeholder=\"Filtrar FINALIDADE \"><\/th><th><input type=\"text\" placeholder=\"Filtrar PROCESSO\"><\/th><th><input type=\"text\" placeholder=\"Filtrar OBJETO\"><\/th><th><input type=\"text\" placeholder=\"Filtrar VALOR MENSAL\"><\/th><th><input type=\"text\" placeholder=\"Filtrar PRAZO\"><\/th><th><input type=\"text\" placeholder=\"Filtrar IN\u00cdCIO\"><\/th><th><input type=\"text\" placeholder=\"Filtrar FINAL\"><\/th><th><input type=\"text\" placeholder=\"Filtrar N\u00ba CONTRATO \/ NUMERO TERMO ADITIVO \/ EXTRATOS (EVENTOS)\"><\/th><th><input type=\"text\" placeholder=\"Filtrar REAJUSTE\"><\/th><\/tr><\/thead><tbody><tr><td style=\"color: #000000; background-color: #FFFFFF;\">1<\/td><td style=\"color: #000000; background-color: #FFFFFF;\">SUPERINTEND\u00caNCIA DE POL\u00cdCIA T\u00c9CNICO - CIENT\u00cdFICA<\/td><td style=\"color: #000000; background-color: #FFFFFF;\">Secretaria de Estado da Seguran\u00e7a P\u00fablica - SSP\/GO. inscrita no CNPJ\/MF sob o n\u00ba 01.409.606\/0001-48, com endere\u00e7o \u00e0 Av. Anhanguera, n\u00ba 7.364, Setor Aerovi\u00e1rio, Goi\u00e2nia-GO, doravante denominada LOCAT\u00c1RIA e Marry Delatorre Costa, brasileira, solteira, CPF n\u00ba 029.877.031-80, RG 5299708 SSP-GO, residente \u00e0 Rua 15 de Novembro, n\u00ba 42, Qd. 11, Lt. 19, Bairro Bandeirantes, Caldas Novas-GO, inventariante do esp\u00f3lio de Wilson Ferreira da Costa, CPF n\u00ba XXX.244.916-XX propriet\u00e1rio do im\u00f3vel localizado \u00e0 Rua U, Qd. 48, Lt. 09, Setor Nova Vila Caldas Novas-GO, doravante denominada LOCADORA.<\/td><td style=\"color: #000000; background-color: #FFFFFF;\">Rua U, quadra 48, lote 09, Setor Nova Vila, Caldas Novas - GO<\/td><td style=\"color: #000000; background-color: #FFFFFF;\">Possuindo as seguintes caracter\u00edsticas: \nEstrutura em concreto armado; \nAmbientes divididos por alvenaria; \nForro em gesso em alguns locais; \nPiso cer\u00e2mico internamente; \nPortas de madeira, a\u00e7o e de vidro temperado; \nJanelas de correr e basculante em alum\u00ednio com vidro temperado; \nCARACTER\u00cdSTICAS DAS EDIFICA\u00c7\u00d5ES E BENFEITORIAS \u00c1rea equivalente (m\u00b2): 248,22 \nPadr\u00e3o construtivo: normal; \nEstado de Conserva\u00e7\u00e3o: reparos simples; \nIdade Aparente: 10 anos; \nParedes revestidas em cer\u00e2mica nos banheiros (toda parede);\nO im\u00f3vel avaliando tem \u00e1rea constru\u00edda de 225,80 m\u00b2 e um terreno com\n\u00e1rea de 450,00 m\u00b2.<\/td><td style=\"color: #000000; background-color: #FFFFFF;\">Continuidade do funcionamento do Posto de Atendimento de Pol\u00edcia T\u00e9cnico Cient\u00edfica de Caldas Novas-GO<\/td><td style=\"color: #000000; background-color: #FFFFFF;\">SEI - 202400016018806 \/ SISLOG: 105614<\/td><td style=\"color: #000000; background-color: #FFFFFF;\">Contrato de loca\u00e7\u00e3o de im\u00f3vel para sediar o Posto de Atendimento de Policia T\u00e9cnico-Cient\u00edfica de Caldas Novas - GO<\/td><td style=\"color: #000000; background-color: #FFFFFF;\">R$ 1.627,51<\/td><td style=\"color: #000000; background-color: #FFFFFF;\">48 MESES<\/td><td style=\"color: #000000; background-color: #FFFFFF;\">24\/06\/2024<\/td><td style=\"color: #000000; background-color: #FFFFFF;\">14\/06\/2028<\/td><td style=\"color: #000000; background-color: #FFFFFF;\">Contrato N \u00ba 046\/2025 \u2013 SEI - 60943037 <\/td><td style=\"color: #000000; background-color: #FFFFFF;\">IPCA<\/td><\/tr><tr><td style=\"color: #000000; background-color: #FFFFFF;\">2<\/td><td style=\"color: #000000; background-color: #FFFFFF;\">SUPERINTEND\u00caNCIA DE POL\u00cdCIA T\u00c9CNICO - CIENT\u00cdFICA<\/td><td style=\"color: #000000; background-color: #FFFFFF;\">Secretaria de Estado da Seguran\u00e7a P\u00fablica - SSP\/GO. inscrita no CNPJ\/MF sob o n\u00ba 01.409.606\/0001-48, com endere\u00e7o \u00e0 Av. Anhanguera, n\u00ba 7.364, Setor Aerovi\u00e1rio, Goi\u00e2nia-GO, doravante denominada LOCAT\u00c1RIA E Maria Elizete de Azevedo Fayad, brasileira, vi\u00fava, portadora da c\u00e9dula de identidade RG n\u00ba. 531759-1047132 expedida por SSP\/GO, e inscrita no CPF\/MF sob o n\u00ba. XXX.228.341-XX, residente e domiciliada na Avenida T-13, n\u00ba 796, Ed. Cora Alto Bueno, , Apartamento 1404, Setor Bueno, na cidade de Goi\u00e2nia, estado de Goi\u00e1s, doravante denominada LOCADORA.<\/td><td style=\"color: #000000; background-color: #FFFFFF;\">Avenida Deusdeth Ferreira de Moura, lotes 10, 11 e 12, Centro, Cidade de Goi\u00e1s - GO<\/td><td style=\"color: #000000; background-color: #FFFFFF;\">Tr\u00eas pavimentos: Na parte t\u00e9rreo, contendo 4 (quatro) apartamentos com banheiros cobertos de telhas colonial, madeiramento serrado, paredes de alvenaria, piso de cer\u00e2mica, com uma porta para os fundos; No primeiro andar: contendo dois apartamentos com banheiros, uma sacada e uma sala al\u00e9m do banheiro social, No segundo andar: contendo um apartamento com banheiro, cozinha e sala de caf\u00e9, al\u00e9m da sacada, de frente cont\u00e9m duas janelas no 1\u00ba andar, tr\u00eas janelas no 2\u00ba andar e uma porta, na lateral direita, uma janela no t\u00e9rreo, uma no primeiro andar e uma no segundo andar, na lateral esquerda uma janela no t\u00e9rreo, uma no primeiro andar e duas janelas no segundo andar com instala\u00e7\u00f5es el\u00e9tricas e hidr\u00e1ulicas e sanit\u00e1rias, edificada em uma \u00e1rea de 341,04 metros quadrados e o respectivo terreno para constru\u00e7\u00e3o urbana com \u00e1rea de 428,70m2.<\/td><td style=\"color: #000000; background-color: #FFFFFF;\">Instala\u00e7\u00e3o da 2\u00ba Coordena\u00e7\u00e3o Regional de Pol\u00edcia T\u00e9cnico - Cient\u00edfica do Estado de Goi\u00e1s<\/td><td style=\"color: #000000; background-color: #FFFFFF;\">201300016002680<\/td><td style=\"color: #000000; background-color: #FFFFFF;\">Contrato de loca\u00e7\u00e3o de im\u00f3vel para sediar o N\u00facleo Regional de Pol\u00edcia T\u00e9cnico-Cient\u00edfica da Cidade de Goi\u00e1s - GO<\/td><td style=\"color: #000000; background-color: #FFFFFF;\">R$ 5.957,43<\/td><td style=\"color: #000000; background-color: #FFFFFF;\">12 MESES<\/td><td style=\"color: #000000; background-color: #FFFFFF;\">16\/11\/2024<\/td><td style=\"color: #000000; background-color: #FFFFFF;\">16\/11\/2025<\/td><td style=\"color: #000000; background-color: #FFFFFF;\">Contrato N \u00ba 014\/2014 \u2013 SEI - 3671165 1\u00ba Termo Aditivo \u2013 SEI - 251472 2\u00ba Termo Aditivo \u2013 SEI - 2667294 3\u00ba Termo Aditivo \u2013 SEI(8453786) 4\u00ba Termo Aditivo \u2013 SEI - 9688084 5\u00ba Termo Aditivo \u2013 SEI (000018421295) 6\u00ba Termo Aditivo \u2013 SEI - 22377606 7\u00ba Termo Aditivo \u2013 SEI (000031583351)8\u00ba Termo Aditivo \u2014 SEI  51580964 9\u00ba Termo Aditivo \u2014 SEI (70310021)<\/td><td style=\"color: #000000; background-color: #FFFFFF;\">IPCA<\/td><\/tr><tr><td style=\"color: #000000; background-color: #FFFFFF;\">3<\/td><td style=\"color: #000000; background-color: #FFFFFF;\">SUPERINTEND\u00caNCIA DE PROTE\u00c7\u00c3O AOS DIREITOS DO CONSUMIDOR - PROCON<\/td><td style=\"color: #000000; background-color: #FFFFFF;\">Secretaria de Estado da Seguran\u00e7a P\u00fablica - SSP\/GO. inscrita no CNPJ\/MF sob o n\u00ba 01.409.606\/0001-48, com endere\u00e7o \u00e0 Av. Anhanguera, n\u00ba 7.364, Setor Aerovi\u00e1rio, Goi\u00e2nia-GO, doravante denominada LOCAT\u00c1RIA e Iron Guilhermino da Costa, brasileiro, casado, portador da c\u00e9dula de identidade RG n\u00ba 387917, 2\u00aa via, expedida por DGPC\/GO e inscrito no CPF\/MF sob o n \u00ba XXX.522.811-XX, residente e domiciliado nesta capital - estado de Goi\u00e1s, doravante denominado LOCADOR.<\/td><td style=\"color: #000000; background-color: #FFFFFF;\">Rua 8, N.\u00ba 242, Qd. 5, Lt. 36\n, Setor Central, Goi\u00e2nia-GO<\/td><td style=\"color: #000000; background-color: #FFFFFF;\">Padr\u00e3o construtivo: normal;\nEstado de Conservas\u00e3o: entre reparos simples e importantes;\nIdade Aparente: 40 anos;\nEstrutura: concreto armado;\nParedes: em alvenaria emassadas com pintura PVA\/L\u00e1tex com ambientes\ndivididos por divis\u00f3rias do tipo naval e gesso acartonado; nas \u00e1reas\nmolhadas, revestidas em cer\u00e2mica do n\u00edvel do piso ao teto;\nPisos: em porcelanato e cer\u00e2mico;\nForro: gesso acartonado e PVC;\nEsquadrias: janelas de vidro e metal; portas externas em vidro e internas\nem madeira;\nPossui um elevador.\n01 pavimento t\u00e9rreo com 349,41 m\u00b2,\nmezanino de 247,17 m\u00b2, 1\u00ba pavimento com 336,59 m\u00b2, pavimento tipo (x4)\ncom 214,24 m\u00b2 e casa de m\u00e1quina com 63,95 m\u00b2, totalizando 1.854,08 m\u00b2\nde \u00e1rea constru\u00edda e 1.822,11 m\u00b2.<\/td><td style=\"color: #000000; background-color: #FFFFFF;\">Instala\u00e7\u00e3o da sede do PROCON\/GO<\/td><td style=\"color: #000000; background-color: #FFFFFF;\">SEI - 202500016009182 \/ SISLOG: 108746<\/td><td style=\"color: #000000; background-color: #FFFFFF;\">Contrato de loca\u00e7\u00e3o de im\u00f3vel para sediar o PROCON-GO<\/td><td style=\"color: #000000; background-color: #FFFFFF;\">R$ 41.525,89<\/td><td style=\"color: #000000; background-color: #FFFFFF;\">15 MESES<\/td><td style=\"color: #000000; background-color: #FFFFFF;\">25\/03\/2025<\/td><td style=\"color: #000000; background-color: #FFFFFF;\">25\/06\/2026<\/td><td style=\"color: #000000; background-color: #FFFFFF;\">Contrato n\u00ba 030\/2025 - SEI - 72194538<\/td><td style=\"color: #000000; background-color: #FFFFFF;\">IPCA<\/td><\/tr><\/tbody><\/table><div class=\"wp-block-file\"><a href=\"https:\/\/goias.gov.br\/seguranca\/wp-content\/uploads\/sites\/56\/2025\/06\/Contratos-de-locacao-de-imoveis.xlsx\">Contratos-de-locacao-de-imoveis.xlsx&nbsp; <span class=\"wp-block-file__button wp-element-button\">Baixar<\/span><\/a><\/div>\n","protected":false},"excerpt":{"rendered":"","protected":false},"author":3,"featured_media":0,"parent":11666,"menu_order":0,"comment_status":"closed","ping_status":"closed","template":"","meta":{"footnotes":"","_links_to":"","_links_to_target":""},"class_list":["post-58767","page","type-page","status-publish","hentry"],"rttpg_featured_image_url":null,"rttpg_author":{"display_name":"joanaredator","author_link":"https:\/\/goias.gov.br\/seguranca\/author\/joanaredator\/"},"rttpg_comment":0,"rttpg_category":null,"rttpg_excerpt":null,"_links":{"self":[{"href":"https:\/\/goias.gov.br\/seguranca\/wp-json\/wp\/v2\/pages\/58767","targetHints":{"allow":["GET"]}}],"collection":[{"href":"https:\/\/goias.gov.br\/seguranca\/wp-json\/wp\/v2\/pages"}],"about":[{"href":"https:\/\/goias.gov.br\/seguranca\/wp-json\/wp\/v2\/types\/page"}],"author":[{"embeddable":true,"href":"https:\/\/goias.gov.br\/seguranca\/wp-json\/wp\/v2\/users\/3"}],"replies":[{"embeddable":true,"href":"https:\/\/goias.gov.br\/seguranca\/wp-json\/wp\/v2\/comments?post=58767"}],"version-history":[{"count":2,"href":"https:\/\/goias.gov.br\/seguranca\/wp-json\/wp\/v2\/pages\/58767\/revisions"}],"predecessor-version":[{"id":274990,"href":"https:\/\/goias.gov.br\/seguranca\/wp-json\/wp\/v2\/pages\/58767\/revisions\/274990"}],"up":[{"embeddable":true,"href":"https:\/\/goias.gov.br\/seguranca\/wp-json\/wp\/v2\/pages\/11666"}],"wp:attachment":[{"href":"https:\/\/goias.gov.br\/seguranca\/wp-json\/wp\/v2\/media?parent=58767"}],"curies":[{"name":"wp","href":"https:\/\/api.w.org\/{rel}","templated":true}]}}