

{"id":57098,"date":"2021-06-06T18:18:07","date_gmt":"2021-06-06T21:18:07","guid":{"rendered":"https:\/\/www.seguranca.go.gov.br\/?page_id=57098"},"modified":"2025-09-25T08:34:16","modified_gmt":"2025-09-25T11:34:16","slug":"disque-combate-a-corrupcao-181","status":"publish","type":"page","link":"https:\/\/goias.gov.br\/seguranca\/disque-combate-a-corrupcao-181\/","title":{"rendered":"Disque Combate \u00e0 Corrup\u00e7\u00e3o \u2013 181"},"content":{"rendered":"<p>A ferramenta foi criada em novembro de 2019 e tem como objetivo envolver a popula\u00e7\u00e3o no trabalho de combate \u00e0 corrup\u00e7\u00e3o. Por meio do <strong>telefone 181<\/strong> de <strong>segunda-feira a sexta-feira<\/strong>, <strong>hor\u00e1rio das 6:00 \u00e0s 00:00hs<\/strong>, qualquer cidad\u00e3o que tiver informa\u00e7\u00f5es de ind\u00edcios do chamado \u201ccrime de colarinho branco\u201d pode fazer sua den\u00fancia de forma an\u00f4nima.<\/p>\n<p>As <span style=\"color: #cc0000;\"><strong><a style=\"color: #cc0000;\" href=\"https:\/\/www.go.gov.br\/servicos-digitais\/cge\/nova-ouvidoria\/nova-manifestacao?orgao=46\" target=\"_blank\" rel=\"noopener\">den\u00fancias<\/a><\/strong><\/span> sobre os atos de corrup\u00e7\u00e3o podem ser feitas entre 6h e meia-noite, de segunda a sexta-feira. A identidade do denunciante \u00e9 absolutamente preservada.<\/p>\n<p>O Disque Combate \u00e0 Corrup\u00e7\u00e3o \u2013 181, implantado em Goi\u00e1s, foi pioneiro em todo pa\u00eds. Serviu como inspira\u00e7\u00e3o para outros Estados, tendo precedido tamb\u00e9m a mesma iniciativa lan\u00e7ada pelo Minist\u00e9rio da Justi\u00e7a e Seguran\u00e7a P\u00fablica.<\/p>\n<hr \/>\n<h3 class=\"widget-title\">Endere\u00e7o e Hor\u00e1rio de Atendimento<\/h3>\n<p><strong>Ouvidor Setorial: Italuzy Toledo Nascimento<\/strong><br \/>\nRua 17, n. 188, Casa 4, Setor Aerovi\u00e1rio, CEP 74435.250, Goi\u00e2nia-GO<br \/>\nFones: (62) 3201-1211 \/ (62) 3201-1208 \/ Fax: (62) 3201-1211<br \/>\nHor\u00e1rio de Atendimento: Das 8:00 \u00e0s 18:00<br \/>\n<span data-raofz=\"14\"><strong>Disque Den\u00fancia \u2013 Disque Ouvidoria: 181 \u2013 Liga\u00e7\u00e3o Gratuita<\/strong><\/span><br \/>\nE-mail: <a href=\"mailto:ouvidoria.ssp@goias.gov.br\">ouvidoria.ssp@goias.gov.br<\/a><\/p>\n","protected":false},"excerpt":{"rendered":"<p>A ferramenta foi criada em novembro de 2019 e tem como objetivo envolver a popula\u00e7\u00e3o no trabalho de combate \u00e0 corrup\u00e7\u00e3o. Por meio do telefone 181 de segunda-feira a sexta-feira, hor\u00e1rio das 6:00 \u00e0s 00:00hs, qualquer cidad\u00e3o que tiver informa\u00e7\u00f5es de ind\u00edcios do chamado \u201ccrime de colarinho branco\u201d pode fazer sua den\u00fancia de forma an\u00f4nima. [&hellip;]<\/p>\n","protected":false},"author":3,"featured_media":0,"parent":0,"menu_order":0,"comment_status":"closed","ping_status":"closed","template":"","meta":{"footnotes":"","_links_to":"","_links_to_target":""},"class_list":["post-57098","page","type-page","status-publish","hentry"],"rttpg_featured_image_url":null,"rttpg_author":{"display_name":"joanaredator","author_link":"https:\/\/goias.gov.br\/seguranca\/author\/joanaredator\/"},"rttpg_comment":0,"rttpg_category":null,"rttpg_excerpt":"A ferramenta foi criada em novembro de 2019 e tem como objetivo envolver a popula\u00e7\u00e3o no trabalho de combate \u00e0 corrup\u00e7\u00e3o. Por meio do telefone 181 de segunda-feira a sexta-feira, hor\u00e1rio das 6:00 \u00e0s 00:00hs, qualquer cidad\u00e3o que tiver informa\u00e7\u00f5es de ind\u00edcios do chamado \u201ccrime de colarinho branco\u201d pode fazer sua den\u00fancia de forma an\u00f4nima.&hellip;","_links":{"self":[{"href":"https:\/\/goias.gov.br\/seguranca\/wp-json\/wp\/v2\/pages\/57098","targetHints":{"allow":["GET"]}}],"collection":[{"href":"https:\/\/goias.gov.br\/seguranca\/wp-json\/wp\/v2\/pages"}],"about":[{"href":"https:\/\/goias.gov.br\/seguranca\/wp-json\/wp\/v2\/types\/page"}],"author":[{"embeddable":true,"href":"https:\/\/goias.gov.br\/seguranca\/wp-json\/wp\/v2\/users\/3"}],"replies":[{"embeddable":true,"href":"https:\/\/goias.gov.br\/seguranca\/wp-json\/wp\/v2\/comments?post=57098"}],"version-history":[{"count":2,"href":"https:\/\/goias.gov.br\/seguranca\/wp-json\/wp\/v2\/pages\/57098\/revisions"}],"predecessor-version":[{"id":282041,"href":"https:\/\/goias.gov.br\/seguranca\/wp-json\/wp\/v2\/pages\/57098\/revisions\/282041"}],"wp:attachment":[{"href":"https:\/\/goias.gov.br\/seguranca\/wp-json\/wp\/v2\/media?parent=57098"}],"curies":[{"name":"wp","href":"https:\/\/api.w.org\/{rel}","templated":true}]}}