

{"id":49925,"date":"2020-10-15T14:01:57","date_gmt":"2020-10-15T17:01:57","guid":{"rendered":"https:\/\/www.seguranca.go.gov.br\/?page_id=49925"},"modified":"2025-11-12T15:35:38","modified_gmt":"2025-11-12T18:35:38","slug":"gestao-por-processos","status":"publish","type":"page","link":"https:\/\/goias.gov.br\/seguranca\/gestao-por-processos\/","title":{"rendered":"Gest\u00e3o por Processos"},"content":{"rendered":"<h3><img fetchpriority=\"high\" decoding=\"async\" class=\"alignnone wp-image-266726 size-full\" src=\"https:\/\/goias.gov.br\/seguranca\/wp-content\/uploads\/sites\/56\/2025\/01\/8-scaled.jpg\" alt=\"\" width=\"2560\" height=\"1440\" srcset=\"https:\/\/goias.gov.br\/seguranca\/wp-content\/uploads\/sites\/56\/2025\/01\/8-scaled.jpg 2560w, https:\/\/goias.gov.br\/seguranca\/wp-content\/uploads\/sites\/56\/2025\/01\/8-300x169.jpg 300w, https:\/\/goias.gov.br\/seguranca\/wp-content\/uploads\/sites\/56\/2025\/01\/8-1024x576.jpg 1024w, https:\/\/goias.gov.br\/seguranca\/wp-content\/uploads\/sites\/56\/2025\/01\/8-768x432.jpg 768w, https:\/\/goias.gov.br\/seguranca\/wp-content\/uploads\/sites\/56\/2025\/01\/8-1536x864.jpg 1536w, https:\/\/goias.gov.br\/seguranca\/wp-content\/uploads\/sites\/56\/2025\/01\/8-2048x1152.jpg 2048w\" sizes=\"(max-width: 2560px) 100vw, 2560px\" \/><\/h3>\n<h3>Gest\u00e3o por Processos na SSP<\/h3>\n<p style=\"text-align: justify\">A Gest\u00e3o por Processos, como disciplina, abarca o conceito de Governan\u00e7a, visando assegurar o desenvolvimento sustent\u00e1vel da organiza\u00e7\u00e3o, a tomada de decis\u00e3o estruturada e alinhada aos objetivos estrat\u00e9gicos da Pasta, e, a gera\u00e7\u00e3o de valor \u00e0 sociedade, que \u00e9 o nosso cliente final.<\/p>\n<p style=\"text-align: justify\">Com o objetivo de implementar a Gest\u00e3o por Processos na Secretaria de Estado da Seguran\u00e7a P\u00fablica (SSP), em 2020, a Superintend\u00eancia de Gest\u00e3o Integrada (SGI), por meio da Ger\u00eancia de Planejamento Institucional (GPI), Unidade Setorial de Processos da Pasta, desenvolveu uma metodologia, materializada no Manual de Gerenciamento Proativo de Processos, para orientar as atividades de melhoria cont\u00ednua de processos, com base em princ\u00edpios e melhores pr\u00e1ticas da disciplina gerencial <em>Business Process Management (BPM)<\/em><em>. C<\/em>omo projeto piloto foi redesenhado o processo do Preg\u00e3o Eletr\u00f4nico da Ger\u00eancia de Compras Governamentais.<\/p>\n<p style=\"text-align: justify\">Em 2021, a aplica\u00e7\u00e3o da metodologia de Gest\u00e3o por Processos foi aliada \u00e0 Gest\u00e3o de Riscos da SSP, com a realiza\u00e7\u00e3o do mapeamento do processo de neg\u00f3cio em seu estado atual (AS-IS), antes da identifica\u00e7\u00e3o dos riscos; e, a an\u00e1lise, proposi\u00e7\u00e3o de melhorias e redesenho do processo (TO-BE), ap\u00f3s o estabelecimento dos controles. A nova din\u00e2mica proporcionou a otimiza\u00e7\u00e3o dos trabalhos e a difus\u00e3o da metodologia para as equipes da \u00e1rea dona do Processo de Neg\u00f3cio.<\/p>\n<p style=\"text-align: justify\">No mesmo ano, a Secretaria de Estado da Administra\u00e7\u00e3o (SEAD), \u00f3rg\u00e3o central de transforma\u00e7\u00e3o do Estado de Goi\u00e1s, por meio da Ger\u00eancia do Escrit\u00f3rio de Processos da Superintend\u00eancia Central de Transforma\u00e7\u00e3o da Gest\u00e3o P\u00fablica da Subsecretaria de Gest\u00e3o P\u00fablica, construiu a Cadeia de Valor Integrada do Estado de Goi\u00e1s (CVI), trazendo a vis\u00e3o de Estado \u00fanico para o cidad\u00e3o \u00fanico, na qual a SSP se insere com seus processos final\u00edsticos, dentro da macrofun\u00e7\u00e3o Seguran\u00e7a P\u00fablica, considerando que os processos gerenciais e de suporte ser\u00e3o validados junto aos \u00f3rg\u00e3os centrais correspondentes a cada \u00e1rea.<\/p>\n<p style=\"text-align: justify\">A SEAD estabeleceu, ainda, as \u201cDiretrizes para a Gest\u00e3o por Processos no Estado de Goi\u00e1s\u201d, \u201corganizadas em um conjunto de Estrat\u00e9gias Recomendadas que se desdobram em pr\u00e1ticas que podem ser executadas na Gest\u00e3o por Processos\u201d.<\/p>\n<p style=\"text-align: justify\">Assim, a metodologia desenvolvida pela SGI\/GPI associada \u00e0s diretrizes da SEAD, \u00e9 instrumento h\u00e1bil a difundir a cultura de BPM e implementar a Gest\u00e3o por Processos na Seguran\u00e7a P\u00fablica, inclusive, com a medi\u00e7\u00e3o de desempenho do processo por meio do indispens\u00e1vel estabelecimento de indicadores.<\/p>\n<p style=\"text-align: justify\">A Orienta\u00e7\u00e3o por Processos e Gera\u00e7\u00e3o de Valor P\u00fablico s\u00e3o tamb\u00e9m exig\u00eancias do Modelo de Governan\u00e7a e Gest\u00e3o P\u00fablica &#8211; Gestaopublica.gov.br, que \u00e9 uma iniciativa do Governo Federal, por interm\u00e9dio do Minist\u00e9rio da Gest\u00e3o e da Inova\u00e7\u00e3o em Servi\u00e7os P\u00fablicos, que tem como objetivo contribuir para o aumento da maturidade de gest\u00e3o e governan\u00e7a dos \u00f3rg\u00e3os que operam recursos federais, e que est\u00e1 sendo implantando, no \u00e2mbito da SSP, pelo Comit\u00ea Interno de Aplica\u00e7\u00e3o. O modelo de melhoria cont\u00ednua do Gest\u00e3o.gov.br consiste em identificar, analisar e melhorar as pr\u00e1ticas de gest\u00e3o e os resultados de uma organiza\u00e7\u00e3o, tendo como refer\u00eancia os fundamentos de excel\u00eancia, dentre os quais se destaca a implementa\u00e7\u00e3o de melhoria e monitoramento.<\/p>\n<p style=\"text-align: justify\">Como parte do conjunto de medidas adotadas pela SSP para consolidar o seu Sistema de Governan\u00e7a, no ano de 2022, foram institu\u00eddos o Plano Estrat\u00e9gico 2022-2031 e o Plano Estadual de Seguran\u00e7a P\u00fablica e Defesa Social.<\/p>\n<p style=\"text-align: justify\">O Plano Estrat\u00e9gico 2022-2031, em vigor a partir da publica\u00e7\u00e3o da Portaria n\u00ba 0271, de 30 de mar\u00e7o de 2022, substitui o plano anterior, cuja vig\u00eancia se encerraria em 2022; e, estabeleceu a Miss\u00e3o, a Vis\u00e3o e os Valores da SSP, definiu os Fatores Cr\u00edticos de Sucesso e as Pol\u00edticas Institucionais que, por sua vez, foram desdobradas em Objetivos sob a perspectiva de Sociedade (1), de Processos Internos (5), de Aprendizado, Crescimento e Inova\u00e7\u00e3o (2) e de Recursos (2), conforme materializado visualmente no seu Mapa Estrat\u00e9gico.<\/p>\n<p style=\"text-align: justify\">Dentro da perspectiva de Processos Internos, os Objetivos Estrat\u00e9gicos s\u00e3o: Adequar-se \u00e0 Pol\u00edtica Nacional de Seguran\u00e7a P\u00fablica; Ampliar a prote\u00e7\u00e3o, valoriza\u00e7\u00e3o, reconhecimento e est\u00edmulo dos profissionais de seguran\u00e7a p\u00fablica; Aperfei\u00e7oar a gest\u00e3o e estrutura organizacional; Fortalecer o Sistema de Governan\u00e7a Institucional; e Otimizar os resultados nas a\u00e7\u00f5es e opera\u00e7\u00f5es por meio da intelig\u00eancia integrada.<\/p>\n<p style=\"text-align: justify\">Dessa forma, esse espa\u00e7o \u00e9 dedicado a disseminar a Cultura de Gest\u00e3o por Processos na Seguran\u00e7a P\u00fablica, por meio da difus\u00e3o da Metodologia de Gerenciamento Proativo de Processos, viabilizando a capilariza\u00e7\u00e3o da Pol\u00edtica de Gest\u00e3o por Processos da Pasta, al\u00e9m de divulgar as iniciativas realizadas, em andamento ou a iniciar, e os resultados alcan\u00e7ados pela SSP relativos aos seus processos de neg\u00f3cio.<\/p>\n<p><strong><a href=\"https:\/\/goias.gov.br\/seguranca\/wp-content\/uploads\/sites\/56\/2025\/01\/Manual-de-Gerenciamento-Proativo-de-Processos-Versao-atualizada-Fev2025.pdf\">Manual de Gerenciamento Proativo de Processos da SSP (vers\u00e3o atualizada)<\/a><\/strong><\/p>\n<p><strong><a href=\"https:\/\/goias.gov.br\/seguranca\/wp-content\/uploads\/sites\/56\/2021\/04\/infografico-gerenciamento-proativo-de-processsos.pdf\">Infogr\u00e1fico do Processo de Gerenciamento Proativo de Processos da SSP<\/a><\/strong><\/p>\n<hr \/>\n<h3>Escrit\u00f3rio Setorial de Processos \u2013 ESP da SSP<\/h3>\n<p style=\"text-align: justify\">Em 30 de agosto de 2024, foi institu\u00eddo o Escrit\u00f3rio Setorial de Processos \u2013 ESP no \u00e2mbito da Secretaria de Estado da Seguran\u00e7a P\u00fablica, com a finalidade de apoiar e operacionalizar a implementa\u00e7\u00e3o da Gest\u00e3o por Processos de forma capilarizada em todas as unidades b\u00e1sicas e complementares da Pasta. O ESP da SSP \u00e9 composto por Coordenadoras, servidoras lotadas na Ger\u00eancia de Planejamento Institucional, e por Membros que integram uma Equipe Multidisciplinar, representando as Superintend\u00eancias e demais unidades subordinadas aos Gabinetes.<\/p>\n<p style=\"text-align: justify\">Com foco no aprimoramento da efici\u00eancia e transpar\u00eancia da gest\u00e3o p\u00fablica, o Escrit\u00f3rio Setorial de Processos \u2013 ESP tem como principais atribui\u00e7\u00f5es: aplicar a metodologia de Gest\u00e3o por Processos na SSP; implementar a\u00e7\u00f5es voltadas \u00e0 promo\u00e7\u00e3o da Gest\u00e3o por Processos na Pasta; difundir e consolidar a metodologia de Gerenciamento Proativo de Processos dentro de cada unidade; ampliar o alcance da Gest\u00e3o por Processos, capilarizando as a\u00e7\u00f5es para todas as unidades da Secretaria; estabelecer estrat\u00e9gias para gest\u00e3o de processos gerenciais, de sustenta\u00e7\u00e3o e final\u00edsticos, alinhados \u00e0 Cadeia de Valor Integrada do Estado de Goi\u00e1s; e propor medidas para fortalecer, fomentar e aperfei\u00e7oar a Gest\u00e3o por Processos no \u00e2mbito da SSP. A atua\u00e7\u00e3o do ESP da SSP est\u00e1 alinhada aos objetivos estrat\u00e9gicos da Pasta, visando a melhoria cont\u00ednua dos processos de neg\u00f3cio e o fortalecimento da governan\u00e7a p\u00fablica.<\/p>\n<p>Principais normativas do Escrit\u00f3rio Setorial de Processos \u2013 ESP da SSP:<\/p>\n<p><b><a href=\"https:\/\/goias.gov.br\/seguranca\/wp-content\/uploads\/sites\/56\/2024\/08\/PORTARIA-No-0880-de-29-de-agosto-de-2024.pdf\">Portaria n\u00ba 0880\/2024 &#8211; SSP<\/a>:<\/b> institui o Escrit\u00f3rio Setorial de Processos da Secretaria de Estado da Seguran\u00e7a P\u00fablica &#8211; ESP da SSP;<br \/>\n<b><a href=\"https:\/\/goias.gov.br\/seguranca\/wp-content\/uploads\/sites\/56\/2024\/08\/PORTARIA-No-0963-DE-30-DE-SETEMBRO-DE-2024.pdf\">Portaria n\u00ba 0963\/2024 &#8211; SSP<\/a>:<\/b> designa a Composi\u00e7\u00e3o do Escrit\u00f3rio Setorial de Processos da Secretaria de Estado da Seguran\u00e7a P\u00fablica &#8211; ESP da SSP; e<br \/>\n<b><a href=\"https:\/\/goias.gov.br\/seguranca\/wp-content\/uploads\/sites\/56\/2025\/04\/Portaria-no-424-2025-Altera-composicao-do-ESP-SSP.pdf\">Portaria n\u00ba 424\/2025 &#8211; SSP<\/a>:<\/b> altera a Composi\u00e7\u00e3o do Escrit\u00f3rio Setorial de Processos da Secretaria de Estado da Seguran\u00e7a P\u00fablica &#8211; ESP da SSP.<\/p>\n<hr \/>\n<h3>CADEIA DE VALOR INTEGRADA DO ESTADO &#8211; CVI<\/h3>\n<p style=\"text-align: justify\">Cadeia de Valor \u00e9 um modelo figurativo que representa o conjunto de macroprocessos de uma organiza\u00e7\u00e3o, que conectados entre si e alinhados \u00e0 estrat\u00e9gia organizacional, entregam valor ao cliente. A Cadeia de Valor tamb\u00e9m traduz a miss\u00e3o da organiza\u00e7\u00e3o em um conjunto de processos respons\u00e1vel pelo alcance da sua vis\u00e3o e pela satisfa\u00e7\u00e3o dos seus clientes. A Cadeia de Valor Integrada fornece uma vis\u00e3o sist\u00eamica de todos os processos de trabalho do Estado de Goi\u00e1s e est\u00e1 organizada em n\u00edveis, conforme segue:<\/p>\n<ul style=\"list-style-type: disc\">\n<li><strong>N\u00edvel 3 &#8211;<\/strong> <strong>Processos de Trabalho:<\/strong> Conjunto de atividades e comportamentos executados por humanos ou m\u00e1quinas para alcan\u00e7ar uma ou mais meta;<\/li>\n<li><strong>N\u00edvel 2 &#8211;<\/strong> <strong>Processos:<\/strong> Conjunto de \u201cprocessos de trabalho\u201d que s\u00e3o agrupados obedecendo \u00e0 l\u00f3gica do ciclo PDCA (Planejar, Executar, Controlar e Agir);<\/li>\n<li><strong>N\u00edvel 1 &#8211;<\/strong> <strong>Macroprocesso:<\/strong> Conjunto de processos respons\u00e1veis pela consecu\u00e7\u00e3o da miss\u00e3o da organiza\u00e7\u00e3o e que entregam valor \u00e0 sociedade; e<\/li>\n<li><strong>N\u00edvel 0 &#8211;<\/strong> <strong>Macrofun\u00e7\u00e3o:<\/strong> Conjunto de macroprocessos final\u00edsticos que representam os principais temas tratados na base legal do Estado.<\/li>\n<\/ul>\n<p>Os Macroprocessos da CVI est\u00e3o classificados em:<\/p>\n<p style=\"text-align: justify\"><strong>1) Macroprocessos Gerenciais:<\/strong> tamb\u00e9m conhecidos como Macroprocessos de Gest\u00e3o ou de Gerenciamento, s\u00e3o respons\u00e1veis por manter os processos final\u00edsticos rodando conforme o planejado e alinhados com a estrat\u00e9gia da Pasta. S\u00e3o todos aqueles voltados para medir, monitorar, acompanhar, controlar e administrar o presente e o futuro do neg\u00f3cio. Os macroprocessos gerenciais t\u00eam como objetivo dar direcionamento ao neg\u00f3cio, controlar a opera\u00e7\u00e3o, garantir que as pol\u00edticas e normas estejam sendo cumpridas, entre outras finalidades e se localizam no in\u00edcio da Cadeia de Valor, sendo representados na cor verde, por estarem relacionados ao olhar de gest\u00e3o sobre os outros processos: controlando, supervisionando e coordenando os macroprocessos final\u00edsticos e de sustenta\u00e7\u00e3o. Os macroprocessos gerenciais do Estado de Goi\u00e1s s\u00e3o:<strong>\u00a0<\/strong><\/p>\n<ul style=\"list-style-type: disc\">\n<li><strong>Gest\u00e3o do Desenvolvimento Organizacional e da Inova\u00e7\u00e3o;<\/strong><\/li>\n<li><strong>Gest\u00e3o da Estrat\u00e9gica Organizacional;<\/strong><\/li>\n<li><strong>Gest\u00e3o da Informa\u00e7\u00e3o Corporativa;<\/strong><\/li>\n<li><strong>Gest\u00e3o de Comunica\u00e7\u00e3o Institucional; <\/strong>e<\/li>\n<li><strong>Gest\u00e3o de Controles Institucionais.<\/strong><\/li>\n<\/ul>\n<p style=\"text-align: justify\"><strong>2) Macroprocessos Final\u00edsticos<\/strong>: tamb\u00e9m conhecidos como\u00a0<em>Core Business<\/em> ou Macroprocessos Prim\u00e1rios, de Neg\u00f3cio ou Essenciais, s\u00e3o representados pela cor amarela na Cadeia de Valor Integrada. Quanto aos macroprocessos final\u00edsticos (N\u00edvel 1), diante do grande n\u00famero de macroprocessos final\u00edsticos de cada Pasta, a SEAD optou por consign\u00e1-los na CVI em forma de <strong>macrofun\u00e7\u00e3o <\/strong>(N\u00edvel 0), ou seja, conforme o <strong>assunto em que a responsabilidade pela entrega de resultado \u00e9 do Estado, tendo como par\u00e2metro a Constitui\u00e7\u00e3o Estadual<\/strong>. Assim, a <strong>macrofun\u00e7\u00e3o de Seguran\u00e7a P\u00fablica cont\u00e9m os processos final\u00edsticos que se referem \u00e0s atividades da SSP<\/strong> e o que a Pasta faz para transformar as entradas em sa\u00eddas, ou seja, transformar mat\u00e9ria-prima ou informa\u00e7\u00f5es em produtos ou servi\u00e7os. \u00c9 tudo aquilo que de fato t\u00eam a ver com a atividade fim da Secretaria de Estado da Seguran\u00e7a P\u00fablica, com a sua miss\u00e3o e o seu prop\u00f3sito de existir. Representam aquilo que a SSP executa para cumprir sua miss\u00e3o. Eles s\u00e3o os macroprocessos relacionados com o cora\u00e7\u00e3o da SSP, sendo eles:<\/p>\n<ul style=\"list-style-type: disc\">\n<li><strong>Gest\u00e3o do Policiamento Ostensivo e Judici\u00e1rio;<\/strong><\/li>\n<li><strong>Gest\u00e3o de Seguran\u00e7a Ostensiva e de Preserva\u00e7\u00e3o da Ordem P\u00fablica;<\/strong><\/li>\n<li><strong>Gest\u00e3o de Seguran\u00e7a Judici\u00e1ria e de Infra\u00e7\u00f5es Penais;<\/strong><\/li>\n<li><strong>Gest\u00e3o dos Servi\u00e7os de Preven\u00e7\u00e3o, Opera\u00e7\u00f5es de Emerg\u00eancia, Defesa Civil e Atividades T\u00e9cnicas; <\/strong>e<\/li>\n<li><strong>Gest\u00e3o de Seguran\u00e7a Penitenci\u00e1ria.<\/strong><\/li>\n<\/ul>\n<p style=\"text-align: justify\"><strong>3) Macroprocessos de Sustenta\u00e7\u00e3o<\/strong>: tamb\u00e9m conhecidos como Macroprocessos Secund\u00e1rios, de Apoio ou de Suporte. Para que os processos final\u00edsticos possam acontecer, \u00e9 necess\u00e1rio que existam os\u00a0processos de sustenta\u00e7\u00e3o, est\u00e3o na base da CVI e est\u00e3o representados pela cor azul. S\u00e3o todos aqueles que\u00a0entregam valor para outros processos, contribuindo para que possam funcionar bem, sejam eles processos prim\u00e1rios ou processos de gerenciamento, como por exemplo, a gest\u00e3o de pessoas, a gest\u00e3o de log\u00edstica p\u00fablica, gest\u00e3o de administra\u00e7\u00e3o financeira, que n\u00e3o geram valor diretamente \u00e0 sociedade, mas tornam poss\u00edvel a execu\u00e7\u00e3o dos processos final\u00edsticos, que geram valor diretamente. Os macroprocessos de sustenta\u00e7\u00e3o aumentam a capacidade de execu\u00e7\u00e3o e possibilitam \u00e0 organiza\u00e7\u00e3o, realizar sua atividade-fim, sendo eles:<\/p>\n<ul style=\"list-style-type: disc\">\n<li><strong>Gest\u00e3o de Pessoas;<\/strong><\/li>\n<li><strong>Gest\u00e3o de Log\u00edstica P\u00fablica;<\/strong><\/li>\n<li><strong>Gest\u00e3o de Patrim\u00f4nio Imobili\u00e1rio;<\/strong><\/li>\n<li><strong>Gest\u00e3o de Transfer\u00eancia de Recursos;<\/strong><\/li>\n<li><strong>Gest\u00e3o de Administra\u00e7\u00e3o Financeira;<\/strong><\/li>\n<li><strong>Gest\u00e3o de Contabilidade P\u00fablica;<\/strong><\/li>\n<li><strong>Gest\u00e3o de Tecnologia da Informa\u00e7\u00e3o; <\/strong>e<\/li>\n<li><strong>Gest\u00e3o de Consultoria Jur\u00eddica Institucional.<\/strong><\/li>\n<\/ul>\n<p>A seguir, a representa\u00e7\u00e3o da <strong>CADEIA DE VALOR DA SSP<\/strong>\u00a0que foi incorporada, ap\u00f3s as atualiza\u00e7\u00f5es, na <strong>CADEIA DE VALOR INTEGRADA DO ESTADO &#8211; CVI<\/strong>:<\/p>\n<figure id=\"attachment_82639\" aria-describedby=\"caption-attachment-82639\" style=\"width: 1080px\" class=\"wp-caption alignnone\"><a href=\"https:\/\/goias.gov.br\/seguranca\/cadeia-valor-ssp\"><img decoding=\"async\" class=\"wp-image-82639 size-full\" src=\"https:\/\/goias.gov.br\/seguranca\/wp-content\/uploads\/sites\/56\/2023\/05\/cadeia-valor.png\" alt=\"CADEIA DE VALOR DA SSP-GO (Substitu\u00edda pela Cadeia de Valor Integrada do Estado de Goi\u00e1s - CVI)\" width=\"1080\" height=\"485\" \/><\/a><figcaption id=\"caption-attachment-82639\" class=\"wp-caption-text\">CADEIA DE VALOR DA SSP-GO (Substitu\u00edda pela Cadeia de Valor Integrada do Estado de Goi\u00e1s &#8211; CVI)<\/figcaption><\/figure>\n<p>Adiante, a figura da <strong>CADEIA DE VALOR INTEGRADA DO ESTADO &#8211; CVI<\/strong>:<\/p>\n<p>Com a ado\u00e7\u00e3o da Cadeia de Valor de Integrada do Estado &#8211; CVI, a Arquitetura de Processos deixou de ser um artefato separado e foi inserida na CVI, representando os n\u00edveis de processos de neg\u00f3cio.<\/p>\n<p><a href=\"https:\/\/app.powerbi.com\/view?r=eyJrIjoiZTg1NmI4NDUtMWYwYS00MDYyLWI2MGItZjJkOGFiOGYyNzczIiwidCI6IjY3ZmQ0MzFjLWIyYWQtNDg2Ny04MWJjLWQ3NTYyMjBiNTZkNCJ9\"><img decoding=\"async\" class=\"alignnone wp-image-271321 size-full\" src=\"https:\/\/goias.gov.br\/seguranca\/wp-content\/uploads\/sites\/56\/2025\/04\/CVI-.png\" alt=\"\" width=\"1377\" height=\"665\" srcset=\"https:\/\/goias.gov.br\/seguranca\/wp-content\/uploads\/sites\/56\/2025\/04\/CVI-.png 1377w, https:\/\/goias.gov.br\/seguranca\/wp-content\/uploads\/sites\/56\/2025\/04\/CVI--300x145.png 300w, https:\/\/goias.gov.br\/seguranca\/wp-content\/uploads\/sites\/56\/2025\/04\/CVI--1024x495.png 1024w, https:\/\/goias.gov.br\/seguranca\/wp-content\/uploads\/sites\/56\/2025\/04\/CVI--768x371.png 768w\" sizes=\"(max-width: 1377px) 100vw, 1377px\" \/><\/a><\/p>\n<hr \/>\n<h3 style=\"text-align: justify\">Qual a import\u00e2ncia da Cadeia de Valor Integrada do Estado &#8211; CVI?<\/h3>\n<p style=\"text-align: justify\"><strong>Permite conhecer melhor os processos de trabalho<\/strong><\/p>\n<p style=\"text-align: justify\">A Cadeia de Valor Integrada do Estado \u00e9 ferramenta que d\u00e1 uma vis\u00e3o geral, em especial dentro da macrofun\u00e7\u00e3o Seguran\u00e7a P\u00fablica, sobre como a SSP entrega valor para a sociedade e como se organiza para atingir sua estrat\u00e9gia, mostrando a rela\u00e7\u00e3o entre os processos ponta a ponta. O conhecimento de todas as atividades que devem ser realizadas dentro da Pasta \u00e9 importante para os gestores, pois assim eles podem saber com precis\u00e3o tudo que acontece e ter um ponto de partida para mudan\u00e7as.<\/p>\n<p style=\"text-align: justify\"><strong>Guia o Plano Estrat\u00e9gico<\/strong><\/p>\n<p style=\"text-align: justify\">A partir do conhecimento de como a SSP funciona e se organiza, \u00e9 poss\u00edvel identificar se h\u00e1 atividades que precisam ser mudadas dentro dos processos, tanto para otimiz\u00e1-los quanto para alinh\u00e1-los com a estrat\u00e9gia.<\/p>\n<p style=\"text-align: justify\"><strong>Contribui para a gest\u00e3o de processos (BPM)<\/strong><\/p>\n<p style=\"text-align: justify\">Manter a Cadeia de Valor Integrada do Estado atualizada, no que compete aos processos de trabalho da SSP, \u00e9 um passo importante na gest\u00e3o de processos de neg\u00f3cio (BPM), uma disciplina gerencial que traz as melhores pr\u00e1ticas para administrar processos. O BPM pode ajudar a Pasta n\u00e3o s\u00f3 a conhecer os seus processos de neg\u00f3cio, mas tamb\u00e9m a mape\u00e1-los, padroniz\u00e1-los e transform\u00e1-los de acordo com a estrat\u00e9gia. Dessa forma, a SSP pode otimizar os custos e o tempo dos processos, estabelecer um padr\u00e3o para garantir a repetibilidade das atividades e a entrega de resultados de qualidade e, principalmente, estar em constante evolu\u00e7\u00e3o.<\/p>\n<p style=\"text-align: justify\"><strong>Transpar\u00eancia nos processos<\/strong><\/p>\n<p style=\"text-align: justify\">Uma Cadeia de Valor bem estruturada, torna os processos mais compreens\u00edveis para todos, melhorando a comunica\u00e7\u00e3o entre os <em>stakeholders<\/em>. Dessa forma, tanto os titulares\/respons\u00e1veis como os executores do processo estar\u00e3o alinhados com os resultados que o processo traz e o que deve ser feito para atingi-los.<\/p>\n<p><strong>Escrit\u00f3rio Setorial de Processo da Secretaria de Estado da Seguran\u00e7a P\u00fablica \/ Ger\u00eancia de Planejamento Institucional<\/strong><br \/>\nSuperintend\u00eancia de Gest\u00e3o Integrada<br \/>\nContato: (62) 3201-1051<\/p>\n<p><em>Atualizado em 30\/04\/2025.<\/em><\/p>\n","protected":false},"excerpt":{"rendered":"<p>Gest\u00e3o por Processos na SSP A Gest\u00e3o por Processos, como disciplina, abarca o conceito de Governan\u00e7a, visando assegurar o desenvolvimento sustent\u00e1vel da organiza\u00e7\u00e3o, a tomada de decis\u00e3o estruturada e alinhada aos objetivos estrat\u00e9gicos da Pasta, e, a gera\u00e7\u00e3o de valor \u00e0 sociedade, que \u00e9 o nosso cliente final. Com o objetivo de implementar a Gest\u00e3o [&hellip;]<\/p>\n","protected":false},"author":3,"featured_media":0,"parent":0,"menu_order":0,"comment_status":"closed","ping_status":"closed","template":"","meta":{"footnotes":"","_links_to":"","_links_to_target":""},"class_list":["post-49925","page","type-page","status-publish","hentry"],"rttpg_featured_image_url":null,"rttpg_author":{"display_name":"joanaredator","author_link":"https:\/\/goias.gov.br\/seguranca\/author\/joanaredator\/"},"rttpg_comment":0,"rttpg_category":null,"rttpg_excerpt":"Gest\u00e3o por Processos na SSP A Gest\u00e3o por Processos, como disciplina, abarca o conceito de Governan\u00e7a, visando assegurar o desenvolvimento sustent\u00e1vel da organiza\u00e7\u00e3o, a tomada de decis\u00e3o estruturada e alinhada aos objetivos estrat\u00e9gicos da Pasta, e, a gera\u00e7\u00e3o de valor \u00e0 sociedade, que \u00e9 o nosso cliente final. Com o objetivo de implementar a Gest\u00e3o&hellip;","_links":{"self":[{"href":"https:\/\/goias.gov.br\/seguranca\/wp-json\/wp\/v2\/pages\/49925","targetHints":{"allow":["GET"]}}],"collection":[{"href":"https:\/\/goias.gov.br\/seguranca\/wp-json\/wp\/v2\/pages"}],"about":[{"href":"https:\/\/goias.gov.br\/seguranca\/wp-json\/wp\/v2\/types\/page"}],"author":[{"embeddable":true,"href":"https:\/\/goias.gov.br\/seguranca\/wp-json\/wp\/v2\/users\/3"}],"replies":[{"embeddable":true,"href":"https:\/\/goias.gov.br\/seguranca\/wp-json\/wp\/v2\/comments?post=49925"}],"version-history":[{"count":2,"href":"https:\/\/goias.gov.br\/seguranca\/wp-json\/wp\/v2\/pages\/49925\/revisions"}],"predecessor-version":[{"id":283846,"href":"https:\/\/goias.gov.br\/seguranca\/wp-json\/wp\/v2\/pages\/49925\/revisions\/283846"}],"wp:attachment":[{"href":"https:\/\/goias.gov.br\/seguranca\/wp-json\/wp\/v2\/media?parent=49925"}],"curies":[{"name":"wp","href":"https:\/\/api.w.org\/{rel}","templated":true}]}}