

{"id":47949,"date":"2020-08-13T17:25:34","date_gmt":"2020-08-13T20:25:34","guid":{"rendered":"https:\/\/www.seguranca.go.gov.br\/?page_id=47949"},"modified":"2025-08-26T16:53:12","modified_gmt":"2025-08-26T19:53:12","slug":"mapa-do-site","status":"publish","type":"page","link":"https:\/\/goias.gov.br\/seguranca\/mapa-do-site\/","title":{"rendered":"Mapa do Site"},"content":{"rendered":"<div id=\"custom-sitemap\" class=\"sitemap-container\"><div class='sitemap-group'><h3>A<\/h3><ul><li><a href='https:\/\/vaptvupt.go.gov.br\/agendamento' target='_blank'>AGENDAMENTO VAPT VUPT<\/a><\/li><li><a href='https:\/\/goias.gov.br\/seguranca\/app-mulher-segura\/' target='_blank'>APP MULHER SEGURA<\/a><\/li><li><a href='https:\/\/play.google.com\/store\/apps\/details?id=com.go.ssp.mulhersegura&hl=pt_BR' target='_blank'>ANDROID<\/a><\/li><li><a href='https:\/\/goias.gov.br\/seguranca\/acesso-a-informacao\/' target='_blank'>ACESSO \u00c0 INFORMA\u00c7\u00c3O<\/a><\/li><li><a href='https:\/\/portal.al.go.leg.br\/' target='_blank'>ASSEMBLEIA LEGISLATIVA DO ESTADO DE GOI\u00c1S<\/a><\/li><li><a href='https:\/\/goias.gov.br\/seguranca\/agenda-de-autoridades\/' target='_blank'>AGENDA DE AUTORIDADES<\/a><\/li><li><a href='https:\/\/goias.gov.br\/seguranca\/acesso-a-informacao\/acordos-sem-transferencia-de-recursos' target='_blank'>ACORDOS SEM TRANSFER\u00caNCIA DE RECURSOS<\/a><\/li><li><a href='https:\/\/goias.gov.br\/seguranca\/acesso-a-informacao\/autoridade-responsavel-pelo-monitoramento-de-acesso-a-informacao' target='_blank'>AUTORIDADE DE MONITORAMENTO DE APLICA\u00c7\u00c3O DA LAI<\/a><\/li><li><a href='https:\/\/goias.gov.br\/seguranca\/acesso-a-informacao\/audiencias-publicas\/' target='_blank'>AUDI\u00caNCIAS P\u00daBLICAS<\/a><\/li><\/ul><\/div><div class='sitemap-group'><h3>B<\/h3><ul><li><a href='https:\/\/goias.gov.br\/seguranca\/acesso-a-informacao\/bens-moveis' target='_blank'>BENS M\u00d3VEIS<\/a><\/li><li><a href='https:\/\/www.transparencia.go.gov.br\/wp-content\/uploads\/sites\/2\/painel\/lai.php?painel=bens_imoveis&orgao=ssp' target='_blank'>BENS IM\u00d3VEIS<\/a><\/li><li><a href='https:\/\/goias.gov.br\/economia\/prestacao-de-contas-de-governo\/' target='_blank'>BALAN\u00c7O GERAL DO ESTADO<\/a><\/li><\/ul><\/div><div class='sitemap-group'><h3>C<\/h3><ul><li><a href='https:\/\/www.go.gov.br\/servicos\/servicos-por-orgao\/secretaria-de-estado-da-seguranca-publica' target='_blank'>CARTA DE SERVI\u00c7OS<\/a><\/li><li><a href='https:\/\/www.bombeiros.go.gov.br\/' target='_blank'>CORPO DE BOMBEIROS MILITAR<\/a><\/li><li><a href='https:\/\/conseg.ssp.go.gov.br\/' target='_blank'>CONSELHO COMUNIT\u00c1RIO DE SEGURAN\u00c7A<\/a><\/li><li><a href='https:\/\/goias.gov.br\/seguranca\/compras-governamentais\/' target='_blank'>COMPRAS GOVERNAMENTAIS<\/a><\/li><li><a href='https:\/\/goias.gov.br\/seguranca\/convenios\/' target='_blank'>CONV\u00caNIOS DA SSP<\/a><\/li><li><a href='https:\/\/goias.gov.br\/seguranca\/categoria\/comissao-especial-de-leilao\/?customize_changeset_uuid=b9d2d193-ec9f-47d2-a552-d4d41c08e7aa&customize_autosaved=on' target='_blank'>COMISS\u00c3O ESPECIAL DE LEIL\u00c3O<\/a><\/li><li><a href='https:\/\/folhapagamento.sistemas.go.gov.br\/folhapagamento\/control?cmd=ConsContraCheque' target='_blank'>CONTRACHEQUE<\/a><\/li><li><a href='https:\/\/goias.gov.br\/seguranca\/disque-combate-a-corrupcao-181\/' target='_blank'>COMBATE \u00c0 CORRUP\u00c7\u00c3O - 181<\/a><\/li><li><a href='https:\/\/legisla.casacivil.go.gov.br\/pesquisa_legislacao\/103904\/decreto-9837' target='_blank'>C\u00d3DIGO DE \u00c9TICA<\/a><\/li><li><a href='https:\/\/goias.gov.br\/controladoria' target='_blank'>CONTROLADORIA-GERAL DO ESTADO DE GOI\u00c1S<\/a><\/li><li><a href='https:\/\/goias.gov.br\/governo\/cadastro-de-autoridade\/' target='_blank'>CADASTRO DE AUTORIDADES<\/a><\/li><li><a href='https:\/\/goias.gov.br\/seguranca\/acesso-a-informacao\/institucional\/' target='_blank'>COMPET\u00caNCIAS<\/a><\/li><li><a href='https:\/\/goias.gov.br\/seguranca\/acesso-a-informacao\/cargos' target='_blank'>CARGOS E SEUS OCUPANTES<\/a><\/li><li><a href='https:\/\/goias.gov.br\/seguranca\/acesso-a-informacao\/conselhos' target='_blank'>CONSELHOS<\/a><\/li><li><a href='https:\/\/goias.gov.br\/seguranca\/acesso-a-informacao\/sobre-a-corregedoria' target='_blank'>CORREGEDORIA SETORIAL<\/a><\/li><li><a href='https:\/\/goias.gov.br\/seguranca\/acesso-a-informacao\/sobre-o-conseg' target='_blank'>CONSELHO COMUNIT\u00c1RIO DE SEGURAN\u00c7A - CONSEG<\/a><\/li><li><a href='https:\/\/goias.gov.br\/seguranca\/acesso-a-informacao\/convenios-recebidos' target='_blank'>CONV\u00caNIOS RECEBIDOS<\/a><\/li><li><a href='https:\/\/goias.gov.br\/seguranca\/acesso-a-informacao\/convenios-concedidos' target='_blank'>CONV\u00caNIOS CONCEDIDOS<\/a><\/li><li><a href='https:\/\/www.comprasnet.go.gov.br\/' target='_blank'>COMPRASNET<\/a><\/li><li><a href='https:\/\/www.transparencia.go.gov.br\/lai.php?painel=contratos_detalhamento&orgao=ssp' target='_blank'>CONTRATOS<\/a><\/li><li><a href='https:\/\/www.transparencia.go.gov.br\/wp-content\/uploads\/sites\/2\/painel\/lai.php?painel=contratos_emergenciais&orgao=ssp' target='_blank'>CONTRATOS EMERGENCIAIS<\/a><\/li><li><a href='https:\/\/goias.gov.br\/seguranca\/acesso-a-informacao\/contratos-de-locacao-de-imoveis' target='_blank'>CONTRATOS DE LOCA\u00c7\u00c3O DE IMO\u0301VEIS<\/a><\/li><li><a href='https:\/\/goias.gov.br\/seguranca\/classificacao-das-informacoes-sigilosas\/' target='_blank'>CLASSIFICA\u00c7\u00c3O DAS INFORMA\u00c7\u00d5ES SIGILOSAS<\/a><\/li><li><a href='https:\/\/goias.gov.br\/seguranca\/acesso-a-informacao\/consultas-publicas\/' target='_blank'>CONSULTAS P\u00daBLICAS<\/a><\/li><\/ul><\/div><div class='sitemap-group'><h3>D<\/h3><ul><li><a href='https:\/\/goias.gov.br\/seguranca\/dados\/' target='_blank'>DADOS<\/a><\/li><li><a href='https:\/\/dadosabertos.go.gov.br\/' target='_blank'>DADOS ABERTOS<\/a><\/li><li><a href='https:\/\/www.go.gov.br\/servicos-digitais\/cge\/nova-ouvidoria\/nova-manifestacao\/tela-negativo?orgao=46' target='_blank'>DEN\u00daNCIAS CONTRA CORRUP\u00c7\u00c3O<\/a><\/li><li><a href='http:\/\/diariooficial.abc.go.gov.br\/' target='_blank'>DI\u00c1RIO OFICIAL<\/a><\/li><li><a href='https:\/\/dadosabertos.go.gov.br\/' target='_blank'>DADOS ABERTOS GOI\u00c1S<\/a><\/li><li><a href='https:\/\/goias.gov.br\/seguranca\/acesso-a-informacao\/doacoes\/' target='_blank'>DOA\u00c7\u00d5ES<\/a><\/li><li><a href='https:\/\/www.transparencia.go.gov.br\/lai.php?painel=diarias&orgao=ssp' target='_blank'>DI\u00c1RIAS<\/a><\/li><\/ul><\/div><div class='sitemap-group'><h3>E<\/h3><ul><li><a href='https:\/\/espc.policiacivil.go.gov.br\/' target='_blank'>ESCOLA SUPERIOR DA POL\u00cdCIA CIVIL<\/a><\/li><li><a href='https:\/\/goias.gov.br\/seguranca\/categoria\/editais-e-licitacoes\/' target='_blank'>EDITAIS E LICITA\u00c7\u00d5ES<\/a><\/li><li><a href='https:\/\/goias.gov.br\/seguranca\/categoria\/editais-pm\/' target='_blank'>EDITAIS DA POL\u00cdCIA MILITAR<\/a><\/li><li><a href='https:\/\/goias.gov.br\/seguranca\/estatisticas\/' target='_blank'>ESTAT\u00cdSTICAS<\/a><\/li><li><a href='https:\/\/www.escoladegoverno.go.gov.br\/' target='_blank'>ESCOLA DE GOVERNO<\/a><\/li><li><a href='https:\/\/www.go.gov.br\/servicos-digitais\/cge\/nova-ouvidoria\/pedido-informacao-publica?orgao=46&tipo_manifestacao=7' target='_blank'>E-SIC<\/a><\/li><li><a href='https:\/\/www.go.gov.br\/' target='_blank'>EXPRESSO GOI\u00c1S<\/a><\/li><li><a href='https:\/\/portal.go.gov.br\/' target='_blank'>EXPRESSO APLICA\u00c7\u00d5ES<\/a><\/li><li><a href='https:\/\/www.go.gov.br\/' target='_blank'>EXPRESSO SERVIDOR<\/a><\/li><li><a href='https:\/\/goias.gov.br\/administracao\/secretaria-de-estado-de-seguranca-publica-e-administracao-penitenc-dados-gerais\/' target='_blank'>ESTRUTURA ORGANIZACIONAL<\/a><\/li><li><a href='https:\/\/goias.gov.br\/seguranca\/acesso-a-informacao\/expediente' target='_blank'>ENDERE\u00c7OS, TELEFONES, E-MAILS E HOR\u00c1RIOS DE ATENDIMENTO DA\u00a0 SSP<\/a><\/li><li><a href='https:\/\/www.procon.go.gov.br\/cargos-e-seus-ocupantes' target='_blank'>ENDERE\u00c7OS, TELEFONES, E-MAILS E HOR\u00c1RIOS DE ATENDIMENTO DA\u00a0 PROCON<\/a><\/li><li><a href='https:\/\/www.policiacientifica.go.gov.br\/enderecos' target='_blank'>ENDERE\u00c7OS, TELEFONES, E-MAILS E HOR\u00c1RIOS DE ATENDIMENTO DA\u00a0 SPTC<\/a><\/li><li><a href='https:\/\/www.transparencia.go.gov.br\/lai.php?painel=empenhos&orgao=ssp' target='_blank'>EMPENHOS E PAGAMENTOS:\r\n SSP<\/a><\/li><li><a href='https:\/\/www.transparencia.go.gov.br\/lai.php?painel=empenhos&orgao=ssp_funesp' target='_blank'>EMPENHOS E PAGAMENTOS:\r\n FUNESP<\/a><\/li><li><a href='https:\/\/www.transparencia.go.gov.br\/lai.php?painel=empenhos&orgao=ssp_fedc' target='_blank'>EMPENHOS E PAGAMENTOS:\r\n FEDC<\/a><\/li><li><a href='https:\/\/www.transparencia.go.gov.br\/lai.php?painel=execucao_orcamentaria_visao_geral&orgao=ssp' target='_blank'>EXECU\u00c7\u00c3O OR\u00c7AMENT\u00c1RIA:\r\n SSP<\/a><\/li><li><a href='https:\/\/www.transparencia.go.gov.br\/lai.php?painel=execucao_orcamentaria_visao_geral&orgao=ssp_funesp' target='_blank'>EXECU\u00c7\u00c3O OR\u00c7AMENT\u00c1RIA:\r\n FUNESP<\/a><\/li><li><a href='https:\/\/www.transparencia.go.gov.br\/lai.php?painel=execucao_orcamentaria_visao_geral&orgao=ssp_fedc' target='_blank'>EXECU\u00c7\u00c3O OR\u00c7AMENT\u00c1RIA:\r\n FEDC<\/a><\/li><li><a href='https:\/\/transparencia.go.gov.br\/emendas-parlamentares-de-goias\/' target='_blank'>EMENDAS PARLAMENTARES ESTADUAIS<\/a><\/li><li><a href='https:\/\/app.powerbi.com\/view?r=eyJrIjoiMWFlODc2MDktMzZmNi00MzU3LTlhNjgtNTMyYjA2M2E4M2ZlIiwidCI6IjY3ZmQ0MzFjLWIyYWQtNDg2Ny04MWJjLWQ3NTYyMjBiNTZkNCJ9' target='_blank'>EMENDAS PARLAMENTARES FEDERAIS<\/a><\/li><li><a href='https:\/\/www.go.gov.br\/servicos-digitais\/cge\/nova-ouvidoria\/nova-manifestacao?orgao=46' target='_blank'>E-SIC ELETR\u00d4NICO<\/a><\/li><li><a href='https:\/\/goias.gov.br\/seguranca\/acesso-a-informacao\/lgpd' target='_blank'>ENCARREGADO PELO TRATAMENTO DOS DADOS PESSOAIS<\/a><\/li><\/ul><\/div><div class='sitemap-group'><h3>F<\/h3><ul><li><a href='https:\/\/goias.gov.br\/seguranca\/fale-conosco-2\/' target='_blank'>FALE CONOSCO<\/a><\/li><li><a href='https:\/\/www.transparencia.go.gov.br\/wp-content\/uploads\/sites\/2\/painel\/lai.php?painel=folha_de_pagamento_salarios_de_servidores_ativos&orgao=ssp' target='_blank'>FOLHA DE PAGAMENTO<\/a><\/li><\/ul><\/div><div class='sitemap-group'><h3>G<\/h3><ul><li><a href='https:\/\/goias.gov.br\/seguranca\/gestao-por-processos\/' target='_blank'>GEST\u00c3O POR PROCESSOS<\/a><\/li><li><a href='https:\/\/www.gov.br\/' target='_blank'>GOVERNO FEDERAL<\/a><\/li><li><a href='https:\/\/transparencia.go.gov.br\/' target='_blank'>GOI\u00c1S TRANSPAR\u00caNCIA<\/a><\/li><li><a href='https:\/\/www.transparencia.go.gov.br\/wp-content\/uploads\/sites\/2\/painel\/lai.php?painel=gastos_governamentais&orgao=ssp' target='_blank'>GASTOS GOVERNAMENTAIS:\r\n SSP<\/a><\/li><li><a href='https:\/\/www.transparencia.go.gov.br\/wp-content\/uploads\/sites\/2\/painel\/lai.php?painel=gastos_governamentais&orgao=ssp_funesp' target='_blank'>GASTOS GOVERNAMENTAIS:\r\n FUNESP<\/a><\/li><li><a href='https:\/\/www.transparencia.go.gov.br\/wp-content\/uploads\/sites\/2\/painel\/lai.php?painel=gastos_governamentais&orgao=ssp_fedc' target='_blank'>GASTOS GOVERNAMENTAIS:\r\n FEDC<\/a><\/li><li><a href='https:\/\/www.transparencia.go.gov.br\/lai.php?painel=publicidade_propaganda&orgao=ssp' target='_blank'>GASTOS EM PUBLICIDADE E PROPAGANDA:\r\n SSP<\/a><\/li><li><a href='https:\/\/www.transparencia.go.gov.br\/lai.php?painel=publicidade_propaganda&orgao=ssp_funesp' target='_blank'>GASTOS EM PUBLICIDADE E PROPAGANDA:\r\n FUNESP<\/a><\/li><li><a href='https:\/\/www.transparencia.go.gov.br\/lai.php?painel=publicidade_propaganda&orgao=ssp_fedc' target='_blank'>GASTOS EM PUBLICIDADE E PROPAGANDA:\r\n FEDC<\/a><\/li><\/ul><\/div><div class='sitemap-group'><h3>I<\/h3><ul><li><a href='https:\/\/goias.gov.br\/seguranca\/institucional\/' target='_blank'>INSTITUCIONAL<\/a><\/li><li><a href='https:\/\/institutodeidentificacao.policiacivil.go.gov.br\/' target='_blank'>INSTITUTO DE IDENTIFICA\u00c7\u00c3O<\/a><\/li><li><a href='https:\/\/apps.apple.com\/br\/app\/mulher-segura\/id6446634473' target='_blank'>IOS<\/a><\/li><li><a href='https:\/\/www.transparencia.go.gov.br\/wp-content\/uploads\/sites\/2\/painel\/lai.php?painel=pda&orgao=ssp' target='_blank'>INVENT\u00c1RIO DE DADOS<\/a><\/li><\/ul><\/div><div class='sitemap-group'><h3>J<\/h3><ul><li><a href='https:\/\/goias.gov.br\/seguranca\/acesso-a-informacao\/julgamento-das-contas-pelo-tce' target='_blank'>JULGAMENTO DAS CONTAS PELO TCE-GO<\/a><\/li><\/ul><\/div><div class='sitemap-group'><h3>L<\/h3><ul><li><a href='https:\/\/goias.gov.br\/seguranca\/acesso-a-informacao\/lgpd\/' target='_blank'>LGPD<\/a><\/li><li><a href='https:\/\/goias.gov.br\/seguranca\/legislacao-aplicavel' target='_blank'>LEGISLA\u00c7\u00c3O APLIC\u00c1VEL<\/a><\/li><li><a href='https:\/\/www.transparencia.go.gov.br\/wp-content\/uploads\/sites\/2\/painel\/lai.php?painel=folha_de_pagamento_salarios_de_estagiarios_ativos&orgao=ssp' target='_blank'>LISTA DE ESTAGI\u00c1RIOS<\/a><\/li><li><a href='https:\/\/www.transparencia.go.gov.br\/lai.php?painel=licitacoes_licitacoes_concluidas&orgao=ssp' target='_blank'>LICITA\u00c7\u00d5ES - COMPRASNET<\/a><\/li><li><a href='https:\/\/www.transparencia.go.gov.br\/wp-content\/uploads\/sites\/2\/painel\/lai.php?painel=licitacoes_concluidas_sislog&orgao=ssp' target='_blank'>LICITA\u00c7\u00d5ES - SISLOG<\/a><\/li><li><a href='https:\/\/goias.gov.br\/seguranca\/wp-content\/uploads\/sites\/56\/2025\/06\/Licitantes-Sancionados-Administrativamente.pdf' target='_blank'>LICITANTES SANCIONADOS ADMINISTRATIVAMENTE<\/a><\/li><li><a href='https:\/\/www.transparencia.go.gov.br\/orcamento-e-planejamento-pecas' target='_blank'>LDO LDO<\/a><\/li><li><a href='https:\/\/www.transparencia.go.gov.br\/orcamento-e-planejamento-pecas' target='_blank'>LDO LOA<\/a><\/li><li><a href='https:\/\/www.planalto.gov.br\/ccivil_03\/leis\/lcp\/lcp101.htm' target='_blank'>LEI DE RESPONSABILIDADE FISCAL - LRF<\/a><\/li><li><a href='https:\/\/legisla.casacivil.go.gov.br\/pesquisa_legislacao\/90142\/lei-18025' target='_blank'>LEI DE ACESSO \u00c0 INFORMA\u00c7\u00c3O ESTADUAL<\/a><\/li><\/ul><\/div><div class='sitemap-group'><h3>M<\/h3><ul><li><a href='https:\/\/www.mpgo.mp.br\/portal\/' target='_blank'>MINIST\u00c9RIO P\u00daBLICO DO ESTADO DE GOI\u00c1S<\/a><\/li><li><a href='https:\/\/goias.gov.br\/seguranca\/wp-content\/uploads\/sites\/56\/2025\/06\/Relatorio_de_Gestao_2024.pdf' target='_blank'>MONITORAMENTO DE PROGRAMAS, PROJETOS, A\u00c7\u00d5ES E ATIVIDADES<\/a><\/li><\/ul><\/div><div class='sitemap-group'><h3>O<\/h3><ul><li><a href='https:\/\/goias.gov.br\/seguranca\/ouvidoria\/' target='_blank'>OUVIDORIA SETORIAL<\/a><\/li><li><a href='https:\/\/www.go.gov.br\/servicos-digitais\/cge\/nova-ouvidoria?orgao=46' target='_blank'>OUVIDORIA<\/a><\/li><li><a href='https:\/\/www.go.gov.br\/servicos-digitais\/cge\/nova-ouvidoria?orgao=46' target='_blank'>OUVIDORIA SETORIAL (EXPRESSO)<\/a><\/li><li><a href='https:\/\/goias.gov.br\/seguranca\/ouvidoria-setorial\/' target='_blank'>OUVIDORIA SETORIAL (PRESENCIAL)<\/a><\/li><li><a href='https:\/\/www.transparencia.go.gov.br\/lai.php?painel=ordem_cronologica_despesas&orgao=ssp' target='_blank'>ORDEM CRONOL\u00d3GICA DE PAGAMENTOS:\r\n SSP<\/a><\/li><li><a href='https:\/\/www.transparencia.go.gov.br\/lai.php?painel=ordem_cronologica_despesas&orgao=ssp_funesp' target='_blank'>ORDEM CRONOL\u00d3GICA DE PAGAMENTOS:\r\n FUNESP<\/a><\/li><li><a href='https:\/\/www.transparencia.go.gov.br\/lai.php?painel=ordem_cronologica_despesas&orgao=ssp_fedc' target='_blank'>ORDEM CRONOL\u00d3GICA DE PAGAMENTOS:\r\n FEDC<\/a><\/li><li><a href='https:\/\/app.powerbi.com\/view?r=eyJrIjoiMzg3MWY0NjItNTA0My00M2NkLWE1OGYtMzk4NDI5ZTc1MTkyIiwidCI6IjY3ZmQ0MzFjLWIyYWQtNDg2Ny04MWJjLWQ3NTYyMjBiNTZkNCJ9&pageName=ReportSectiond755217298c2706b71dc' target='_blank'>OBRAS<\/a><\/li><li><a href='https:\/\/app.powerbi.com\/view?r=eyJrIjoiMzg3MWY0NjItNTA0My00M2NkLWE1OGYtMzk4NDI5ZTc1MTkyIiwidCI6IjY3ZmQ0MzFjLWIyYWQtNDg2Ny04MWJjLWQ3NTYyMjBiNTZkNCJ9&pageName=ReportSection8f435ccde7de8820eb54' target='_blank'>OBRAS PARALISADAS<\/a><\/li><li><a href='https:\/\/goias.gov.br\/seguranca\/wp-content\/uploads\/sites\/56\/2025\/06\/Obras-\u2013-Audiencias-Consultas-Publicas.pdf' target='_blank'>OBRAS - AUDI\u00caNCIAS\/CONSULTAS P\u00daBLICAS<\/a><\/li><li><a href='https:\/\/goias.gov.br\/seguranca\/acesso-a-informacao\/atendimento-presencial-ouvidoria' target='_blank'>OUVIDORIA \u2013 ATENDIMENTO PRESENCIAL<\/a><\/li><\/ul><\/div><div class='sitemap-group'><h3>P<\/h3><ul><li><a href='https:\/\/www.policiacientifica.go.gov.br\/' target='_blank'>POL\u00cdCIA CIENT\u00cdFICA<\/a><\/li><li><a href='https:\/\/www.policiacivil.go.gov.br\/' target='_blank'>POL\u00cdCIA CIVIL<\/a><\/li><li><a href='https:\/\/www.pm.go.gov.br\/' target='_blank'>POL\u00cdCIA MILITAR<\/a><\/li><li><a href='https:\/\/www.policiapenal.go.gov.br\/' target='_blank'>POL\u00cdCIA PENAL<\/a><\/li><li><a href='https:\/\/www.procon.go.gov.br\/' target='_blank'>PROCON GOI\u00c1S<\/a><\/li><li><a href='https:\/\/goias.gov.br\/seguranca\/plano-estrategico\/' target='_blank'>PLANO ESTRAT\u00c9GICO<\/a><\/li><li><a href='https:\/\/goias.gov.br\/seguranca\/pcp\/' target='_blank'>PROGRAMA DE COMPLIANCE P\u00daBLICO \u2013 PCP<\/a><\/li><li><a href='https:\/\/goias.gov.br\/seguranca\/pddqd\/' target='_blank'>PROGRAMA DINHEIRO DIRETO NOS QUARTEIS E DELEGACIAS \u2013 PDDQD<\/a><\/li><li><a href='https:\/\/goias.gov.br\/seguranca\/categoria\/portarias\/' target='_blank'>PORTARIAS<\/a><\/li><li><a href='https:\/\/www.portaldoservidor.go.gov.br\/' target='_blank'>PORTAL DO SERVIDOR<\/a><\/li><li><a href='https:\/\/transparencia.go.gov.br\/' target='_blank'>PORTAL DA TRANSPAR\u00caNCIA<\/a><\/li><li><a href='https:\/\/goias.gov.br\/controladoria\/programa-de-compliance-publico-do-governo-de-goias\/' target='_blank'>PCP<\/a><\/li><li><a href='https:\/\/goias.gov.br\/procuradoria\/' target='_blank'>PROCURADORIA-GERAL DO ESTADO DE GOI\u00c1S<\/a><\/li><li><a href='https:\/\/goias.gov.br\/seguranca\/pcp\/' target='_blank'>PROGRAMA DE COMPLIANCE P\u00daBLICO - PCP<\/a><\/li><li><a href='https:\/\/www.transparencia.go.gov.br\/lai.php?painel=folha_de_pagamento_salarios_de_servidores_inativos&orgao=ssp' target='_blank'>PENSIONISTAS \/ APOSENTADOS (INATIVOS)<\/a><\/li><li><a href='https:\/\/sislog.go.gov.br\/Pca' target='_blank'>PCA \u2013 PLANO DE CONTRATA\u00c7\u00d5ES ANUAL<\/a><\/li><li><a href='https:\/\/www.gov.br\/pncp\/pt-br\/acesso-a-informacao\/painel-pncp-em-numeros\/pncp-em-numeros-contratacoes\/pncp-em-numeros-municipio' target='_blank'>PNCP<\/a><\/li><li><a href='https:\/\/goias.gov.br\/seguranca\/wp-content\/uploads\/sites\/56\/2025\/06\/Parcerias-com-OSCs.pdf' target='_blank'>PARCERIAS COM OSCS<\/a><\/li><li><a href='https:\/\/goias.gov.br\/seguranca\/wp-content\/uploads\/sites\/56\/2025\/11\/Plano-Estrategico-Institucional.pdf' target='_blank'>PLANO ESTRAT\u00c9GICO INSTITUCIONAL<\/a><\/li><li><a href='https:\/\/ppa.go.gov.br\/' target='_blank'>PPA<\/a><\/li><li><a href='https:\/\/goias.gov.br\/seguranca\/acesso-a-informacao\/politica-de-privacidade-e-protecao-de-dados\/' target='_blank'>POL\u00cdTICA DE PRIVACIDADE E PROTE\u00c7\u00c3O DE DADOS<\/a><\/li><li><a href='https:\/\/app.powerbi.com\/view?r=eyJrIjoiNmRhN2MzZmYtMWZkMi00ODdmLWJhNGQtYTJkODcwNDJlMTU4IiwidCI6IjY3ZmQ0MzFjLWIyYWQtNDg2Ny04MWJjLWQ3NTYyMjBiNTZkNCJ9' target='_blank'>PESQUISAS DE SATISFA\u00c7\u00c3O<\/a><\/li><li><a href='https:\/\/www.transparencia.go.gov.br\/' target='_blank'>PORTAL GOI\u00c1S TRANSPARENTE<\/a><\/li><li><a href='https:\/\/goias.gov.br\/seguranca\/acesso-a-informacao\/projetos-de-participacao-social' target='_blank'>PROJETOS DE PARTICIPA\u00c7\u00c3O SOCIAL<\/a><\/li><li><a href='https:\/\/goias.gov.br\/seguranca\/acesso-a-informacao\/projetos-de-inovacao-no-servico-publico' target='_blank'>PROJETOS DE INOVA\u00c7\u00c3O NO SERVI\u00c7O P\u00daBLICO<\/a><\/li><\/ul><\/div><div class='sitemap-group'><h3>Q<\/h3><ul><li><a href='https:\/\/www.transparencia.go.gov.br\/lai.php?painel=folha_de_pagamento_cargos_por_orgaos&orgao=ssp' target='_blank'>QUANTITATIVO DE CARGOS<\/a><\/li><\/ul><\/div><div class='sitemap-group'><h3>R<\/h3><ul><li><a href='https:\/\/radardatransparencia.atricon.org.br\/' target='_blank'>RADAR DA TRANSPAR\u00caNCIA:<\/a><\/li><li><a href='https:\/\/www.transparencia.go.gov.br\/lai.php?painel=receitas_estaduais&orgao=ssp' target='_blank'>RECEITA ESTADUAL:\r\n SSP<\/a><\/li><li><a href='https:\/\/www.transparencia.go.gov.br\/lai.php?painel=receitas_estaduais&orgao=ssp_funesp' target='_blank'>RECEITA ESTADUAL:\r\n FUNESP<\/a><\/li><li><a href='https:\/\/www.transparencia.go.gov.br\/lai.php?painel=receitas_estaduais&orgao=ssp_fedc' target='_blank'>RECEITA ESTADUAL:\r\n FEDC<\/a><\/li><li><a href='https:\/\/www.transparencia.go.gov.br\/lai.php?painel=execucao_orcamentaria_restos_a_pagar&orgao=ssp' target='_blank'>RESTOS \u00c0 PAGAR:\r\n SSP<\/a><\/li><li><a href='https:\/\/www.transparencia.go.gov.br\/lai.php?painel=execucao_orcamentaria_restos_a_pagar&orgao=ssp_funesp' target='_blank'>RESTOS \u00c0 PAGAR:\r\n FUNESP<\/a><\/li><li><a href='https:\/\/www.transparencia.go.gov.br\/lai.php?painel=execucao_orcamentaria_restos_a_pagar&orgao=ssp_fedc' target='_blank'>RESTOS \u00c0 PAGAR:\r\n FEDC<\/a><\/li><li><a href='https:\/\/goias.gov.br\/seguranca\/acesso-a-informacao\/relacao-de-terceirizados' target='_blank'>RELA\u00c7\u00c3O DE TERCEIRIZADOS<\/a><\/li><li><a href='https:\/\/www.transparencia.go.gov.br\/wp-content\/uploads\/sites\/2\/painel\/lai.php?painel=contratos_fiscais_e_gestores&orgao=ssp' target='_blank'>RELA\u00c7\u00c3O DOS FISCAIS DOS CONTRATOS<\/a><\/li><li><a href='https:\/\/goias.gov.br\/seguranca\/acesso-a-informacao\/relacao-de-veiculos' target='_blank'>RELA\u00c7\u00c3O DE VE\u00cdCULOS<\/a><\/li><li><a href='https:\/\/goias.gov.br\/seguranca\/acesso-a-informacao\/relatorio-de-gestao-ou-atividades' target='_blank'>RELAT\u00d3RIO DE GEST\u00c3O OU ATIVIDADES<\/a><\/li><li><a href='https:\/\/transparencia.go.gov.br\/gestao-fiscal-e-governamental-rgf\/' target='_blank'>RGF<\/a><\/li><li><a href='https:\/\/transparencia.go.gov.br\/rreo\/' target='_blank'>RREO<\/a><\/li><li><a href='https:\/\/www.ouvidoriageral.go.gov.br\/api\/relatorio_gestao.php?tipo=7&orgao=46' target='_blank'>RELAT\u00d3RIO DE PEDIDOS DE ACESSO \u00c0 INFORMA\u00c7\u00c3O<\/a><\/li><li><a href='https:\/\/goias.gov.br\/seguranca\/wp-content\/uploads\/sites\/56\/2026\/02\/Relatorio_de_Gestao_Anual__2025-1.pdf' target='_blank'>RELAT\u00d3RIO DE GEST\u00c3O DE OUVIDORIA<\/a><\/li><li><a href='https:\/\/goias.gov.br\/seguranca\/acesso-a-informacao\/pedidos-de-acesso-a-informacoes-recebidos-atendidos-e-indeferidos' target='_blank'>RELAT\u00d3RIOS ESTAT\u00cdSTICOS DE PEDIDOS DE ACESSO A INFORMA\u00c7\u00d5ES<\/a><\/li><\/ul><\/div><div class='sitemap-group'><h3>S<\/h3><ul><li><a href='https:\/\/goias.gov.br\/seguranca\/sesmt\/' target='_blank'>SESMT<\/a><\/li><li><a href='https:\/\/goias.gov.br\/administracao\/siga-eng\/' target='_blank'>SIGA<\/a><\/li><li><a href='https:\/\/www.go.gov.br\/unidadesvaptvupt' target='_blank'>SIC - SERVI\u00c7O DE INFORMA\u00c7\u00c3O AO CIDAD\u00c3O<\/a><\/li><li><a href='https:\/\/sei.go.gov.br\/sei\/modulos\/goias\/login-sei\/MdGoiasLoginSEI.php?acao=md_goias_login_SEI&sigla_orgao_sistema=GOVERNADORIA&sigla_sistema=SEI&infra_url=L3NlaS8=' target='_blank'>SEI GOVERNADORIA<\/a><\/li><li><a href='https:\/\/goias.gov.br\/seguranca\/acesso-a-informacao\/sobre-a-ssp' target='_blank'>SECRETARIA DE SEGURAN\u00c7A P\u00daBLICA<\/a><\/li><li><a href='https:\/\/sislog.go.gov.br\/' target='_blank'>SISLOG<\/a><\/li><li><a href='https:\/\/vaptvupt.go.gov.br\/unidades' target='_blank'>SIC F\u00cdSICO \u2013 UNIDADES DO VAPT VUPT<\/a><\/li><\/ul><\/div><div class='sitemap-group'><h3>T<\/h3><ul><li><a href='https:\/\/dare.ssp.go.gov.br\/' target='_blank'>TAXAS (FUNESP)<\/a><\/li><li><a href='https:\/\/goias.gov.br\/seguranca\/telefones-uteis\/' target='_blank'>TELEFONES \u00daTEIS<\/a><\/li><li><a href='https:\/\/www.tjgo.jus.br\/' target='_blank'>TRIBUNAL DE JUSTI\u00c7A DO ESTADO DE GOI\u00c1S<\/a><\/li><\/ul><\/div><div class='sitemap-group'><h3>W<\/h3><ul><li><a href='https:\/\/webmail.ssp.go.gov.br\/' target='_blank'>WEBMAIL<\/a><\/li><\/ul><\/div><\/div>\n","protected":false},"excerpt":{"rendered":"","protected":false},"author":3,"featured_media":0,"parent":0,"menu_order":0,"comment_status":"closed","ping_status":"closed","template":"","meta":{"footnotes":"","_links_to":"","_links_to_target":""},"class_list":["post-47949","page","type-page","status-publish","hentry"],"rttpg_featured_image_url":null,"rttpg_author":{"display_name":"joanaredator","author_link":"https:\/\/goias.gov.br\/seguranca\/author\/joanaredator\/"},"rttpg_comment":0,"rttpg_category":null,"rttpg_excerpt":null,"_links":{"self":[{"href":"https:\/\/goias.gov.br\/seguranca\/wp-json\/wp\/v2\/pages\/47949","targetHints":{"allow":["GET"]}}],"collection":[{"href":"https:\/\/goias.gov.br\/seguranca\/wp-json\/wp\/v2\/pages"}],"about":[{"href":"https:\/\/goias.gov.br\/seguranca\/wp-json\/wp\/v2\/types\/page"}],"author":[{"embeddable":true,"href":"https:\/\/goias.gov.br\/seguranca\/wp-json\/wp\/v2\/users\/3"}],"replies":[{"embeddable":true,"href":"https:\/\/goias.gov.br\/seguranca\/wp-json\/wp\/v2\/comments?post=47949"}],"version-history":[{"count":2,"href":"https:\/\/goias.gov.br\/seguranca\/wp-json\/wp\/v2\/pages\/47949\/revisions"}],"predecessor-version":[{"id":281089,"href":"https:\/\/goias.gov.br\/seguranca\/wp-json\/wp\/v2\/pages\/47949\/revisions\/281089"}],"wp:attachment":[{"href":"https:\/\/goias.gov.br\/seguranca\/wp-json\/wp\/v2\/media?parent=47949"}],"curies":[{"name":"wp","href":"https:\/\/api.w.org\/{rel}","templated":true}]}}