

{"id":41444,"date":"2019-09-03T15:30:48","date_gmt":"2019-09-03T18:30:48","guid":{"rendered":"https:\/\/www.seguranca.go.gov.br\/?page_id=41444"},"modified":"2026-03-25T09:53:28","modified_gmt":"2026-03-25T12:53:28","slug":"expediente","status":"publish","type":"page","link":"https:\/\/goias.gov.br\/seguranca\/acesso-a-informacao\/expediente\/","title":{"rendered":"Endere\u00e7os, Telefones, E-mails e Hor\u00e1rios de Atendimento"},"content":{"rendered":"<h2><i class=\"fa fa-map-marker\"><\/i> DENTRO DA SSP<\/h2>\n<hr \/>\n<p><strong>SECRETARIA DE ESTADO DA SEGURAN\u00c7A P\u00daBLICA<\/strong><br \/>\nEndere\u00e7o: Avenida Anhanguera, n\u00ba 7.364, Setor Aerovi\u00e1rio<br \/>\nGoi\u00e2nia-GO \u2013 CEP: 74435-300<br \/>\nTelefone: (62) 3201-1000<br \/>\nE-mail: segurancapublica.ssp@goias.gov.br<br \/>\nHor\u00e1rios de Atendimento: Das 8:00 \u00e0s 12:00 e das 14:00 \u00e0s 18:00h<\/p>\n<hr \/>\n<p><strong>GABINETE DO SECRET\u00c1RIO<\/strong><br \/>\nEndere\u00e7o: Avenida Anhanguera, n\u00ba 7.364, Setor Aerovi\u00e1rio<br \/>\nGoi\u00e2nia-GO \u2013 CEP: 74435-300<br \/>\nTelefones: (62) 3201-1049 \/ 3201-1050<br \/>\nE-mail: segurancapublica.ssp@goias.gov.br<br \/>\nHor\u00e1rios de Atendimento Atendimento: Das 8:00 \u00e0s 12:00 e das 14:00 \u00e0s 18:00h<\/p>\n<hr \/>\n<p><strong>CONSELHO ESTADUAL DE SEGURAN\u00c7A P\u00daBLICA<\/strong><br \/>\nEndere\u00e7o: Avenida Anhanguera, n\u00ba 7.364, Setor Aerovi\u00e1rio<br \/>\nGoi\u00e2nia-GO \u2013 CEP: 74435-300<br \/>\nTelefones: (62) 3201-1049 \/ 3201-1050<br \/>\nE-mail: segurancapublica.ssp@goias.gov.br<br \/>\nHor\u00e1rios de Atendimento: Das 8:00 \u00e0s 12:00 e das 14:00 \u00e0s 18:00h<\/p>\n<hr \/>\n<p><strong>GABINETE DO SUBSECRET\u00c1RIO<\/strong><br \/>\nEndere\u00e7o: Avenida Anhanguera, n\u00ba 7.364, Setor Aerovi\u00e1rio<br \/>\nGoi\u00e2nia-GO \u2013 CEP: 74435-300<br \/>\nTelefones: (62) 3201-1049 \/ 3201-1050<br \/>\nE-mail: gab.subsecretario.ssp@goias.gov.br<br \/>\nHor\u00e1rios de Atendimento: Das 8:00 \u00e0s 12:00 e das 14:00 \u00e0s 18:00h<\/p>\n<hr \/>\n<p><strong>CHEFIA DE GABINETE<\/strong><br \/>\nEndere\u00e7o: Avenida Anhanguera, n\u00ba 7.364, Setor Aerovi\u00e1rio<br \/>\nGoi\u00e2nia-GO \u2013 CEP: 74435-300<br \/>\nTelefones: (62) 3201-1049 \/ 3201-1050<br \/>\nE-mail: segurancapublica.ssp@goias.gov.br<br \/>\nHor\u00e1rios de Atendimento: Das 8:00 \u00e0s 12:00 e das 14:00 \u00e0s 18:00h<\/p>\n<hr \/>\n<p><strong>PROCURADORIA SETORIAL<\/strong><br \/>\nEndere\u00e7o: Avenida Anhanguera, n\u00ba 7.364, Setor Aerovi\u00e1rio<br \/>\nGoi\u00e2nia-GO \u2013 CEP: 74435-300<br \/>\nTelefones: (62) 3201-1415 \/ 3201-4840<br \/>\nE-mail: procuradoriasetorial.ssp@goias.gov.br<br \/>\nHor\u00e1rios de Atendimento: Das 8:00 \u00e0s 12:00 e das 14:00 \u00e0s 18:00h<\/p>\n<hr \/>\n<p><strong>GER\u00caNCIA DE PROCESSOS ADMINISTRATIVOS E DO CONTENCIOSO<\/strong><br \/>\nEndere\u00e7o: Avenida Anhanguera, n\u00ba 7.364, Setor Aerovi\u00e1rio<br \/>\nGoi\u00e2nia-GO \u2013 CEP: 74435-300<br \/>\nTelefones: (62) 3201-4840 \/ 1415<br \/>\nE-mail: procuradoriasetorial.ssp@goias.gov.br<br \/>\nHor\u00e1rios de Atendimento: Das 8:00 \u00e0s 12:00 e das 14:00 \u00e0s 18:00h<\/p>\n<hr \/>\n<p><strong>COMUNICA\u00c7\u00c3O SETORIAL<\/strong><br \/>\nEndere\u00e7o: Avenida Anhanguera, n\u00ba 7.364, Setor Aerovi\u00e1rio<br \/>\nGoi\u00e2nia-GO \u2013 CEP: 74435-300<br \/>\nTelefone: (62) 3201-1404<br \/>\nE-mail: imprensa.ssp@goias.gov.br<br \/>\nHor\u00e1rios de Atendimento: Das 8:00 \u00e0s 12:00 e das 14:00 \u00e0s 18:00h<\/p>\n<hr \/>\n<p><strong>GER\u00caNCIA DA SECRETARIA-GERAL<\/strong><br \/>\nEndere\u00e7o: Avenida Anhanguera, n\u00ba 7.364, Setor Aerovi\u00e1rio<br \/>\nGoi\u00e2nia-GO \u2013 CEP: 74435-300<br \/>\nTelefones: (62) 3201-1447 \/ 3201-1063 \/ 3201-1002<br \/>\nE-mail: segurancapublica.ssp@goias.gov.br<br \/>\nHor\u00e1rios de Atendimento: Das 8:00 \u00e0s 12:00 e das 14:00 \u00e0s 18:00h<\/p>\n<hr \/>\n<p><strong>PROTOCOLO SETORIAL<\/strong><br \/>\nEndere\u00e7o: Avenida Anhanguera, n\u00ba 7.364, Setor Aerovi\u00e1rio<br \/>\nGoi\u00e2nia-GO \u2013 CEP: 74435-300<br \/>\nTelefones: <a href=\"https:\/\/wa.me\/+556232011024?text=Ol%C3%A1%2C%20como%20podemos%20ajudar%3F\" target=\"_blank\" rel=\"noopener\">(62) 3201-1024 (WhatsApp)<\/a> \/ 3201-2051<br \/>\nE-mail: segurancapublica.ssp@goias.gov.br<br \/>\nHor\u00e1rios de Atendimento: Das 7:00 \u00e0s 12:00 e das 14:00 \u00e0s 18:00h<\/p>\n<hr \/>\n<p><strong>GER\u00caNCIA DE SEGURAN\u00c7A<\/strong><br \/>\nEndere\u00e7o: Avenida Anhanguera, n\u00ba 7.364, Setor Aerovi\u00e1rio<br \/>\nGoi\u00e2nia-GO \u2013 CEP: 74435-300<br \/>\nTelefones: (62) 3201-1498 \/ 3201-4830<br \/>\nE-mail: gerenciadeseguranca.ssp@goias.gov.br<br \/>\nHor\u00e1rios de Atendimento: Das 8:00 \u00e0s 12:00 e das 14:00 \u00e0s 18:00h<\/p>\n<hr \/>\n<p><strong>CORREGEDORIA SETORIAL<\/strong><br \/>\nEndere\u00e7o: Avenida Anhanguera, n\u00ba 7.364, Setor Aerovi\u00e1rio<br \/>\nGoi\u00e2nia-GO \u2013 CEP: 74435-300<br \/>\nTelefones: (62) 3201-1094<br \/>\nE-mail: corregedoriasetorial.ssp@goias.gov.br<br \/>\nHor\u00e1rios de Atendimento: Das 8:00 \u00e0s 12:00 e das 14:00 \u00e0s 18:00h<\/p>\n<hr \/>\n<p><strong>GER\u00caNCIA DO OBSERVAT\u00d3RIO DE SEGURAN\u00c7A P\u00daBLICA<\/strong><br \/>\nEndere\u00e7o: Avenida Anhanguera, n\u00ba 7.364, Setor Aerovi\u00e1rio<br \/>\nGoi\u00e2nia-GO \u2013 CEP: 74435-300<br \/>\nTelefones: (62) 3201-1197 \/ 3201-1196 \/ 3201-1037<br \/>\nE-mail: observatorio.ssp@goias.gov.br<br \/>\nHor\u00e1rios de Atendimento: Das 8:00 \u00e0s 12:00 e das 14:00 \u00e0s 18:00h<\/p>\n<hr \/>\n<p><strong>GER\u00caNCIA DE PROJETOS E CAPTA\u00c7\u00c3O DE RECURSOS<\/strong><br \/>\nEndere\u00e7o: Avenida Anhanguera, n\u00ba 7.364, Setor Aerovi\u00e1rio<br \/>\nGoi\u00e2nia-GO \u2013 CEP: 74435-300<br \/>\nTelefones: (62)\u00a0 3201-1012 \/ 3201-1064 \/ 3201-1141<br \/>\nE-mails: gecare.ssp@goias.gov.br<br \/>\nHor\u00e1rios de Atendimento: Das 8:00 \u00e0s 12:00 e das 14:00 \u00e0s 18:00h<\/p>\n<hr \/>\n<p><strong>GER\u00caNCIA DE GEST\u00c3O DE ATIVOS<\/strong><br \/>\nEndere\u00e7o: Avenida Anhanguera, n\u00ba 7.364, Setor Aerovi\u00e1rio<br \/>\nGoi\u00e2nia-GO \u2013 CEP: 74435-300<br \/>\nTelefones: (62) 3201-1019 \/ 3201-1425<br \/>\nE-mail: comissaoleilao.sspgo.10@gmail.com<br \/>\nHor\u00e1rios de Atendimento: Das 8:00 \u00e0s 12:00 e das 14:00 \u00e0s 18:00h<\/p>\n<hr \/>\n<p><strong>SUPERINTEND\u00caNCIA DE GEST\u00c3O INTEGRADA<\/strong><br \/>\nEndere\u00e7o: Avenida Anhanguera, n\u00ba 7.364, Setor Aerovi\u00e1rio<br \/>\nGoi\u00e2nia-GO \u2013 CEP: 74435-300<br \/>\nTelefones: (62) 3201-1062 \/ 3201-1483 \/ 3201-1434<br \/>\nE-mail: agenda.sgi@ssp.go.gov.br<br \/>\nHor\u00e1rios de Atendimento: Das 8:00 \u00e0s 12:00 e das 14:00 \u00e0s 18:00h<\/p>\n<hr \/>\n<p><strong>GER\u00caNCIA DE CONV\u00caNIOS<\/strong><br \/>\nEndere\u00e7o: Avenida Anhanguera, n\u00ba 7.364, Setor Aerovi\u00e1rio<br \/>\nGoi\u00e2nia-GO \u2013 CEP: 74435-300<br \/>\nTelefones: (62) 3201-1041 \/ 3201-1089<br \/>\nE-mail: convenios.ssp@goias.gov.br<br \/>\nHor\u00e1rios de Atendimento: Das 8:00 \u00e0s 12:00 e das 14:00 \u00e0s 18:00h<\/p>\n<hr \/>\n<p><strong>GER\u00caNCIA DE EXECU\u00c7\u00c3O OR\u00c7AMENT\u00c1RIA E FINANCEIRA<\/strong><br \/>\nEndere\u00e7o: Avenida Anhanguera, n\u00ba 7.364, Setor Aerovi\u00e1rio<br \/>\nGoi\u00e2nia-GO \u2013 CEP: 74435-300<br \/>\nTelefones: (62) 3201-1018 \/ 3201-1036<br \/>\nE-mail: geof.ssp@goias.gov.br<br \/>\nHor\u00e1rios de Atendimento: Das 8:00 \u00e0s 12:00 e das 14:00 \u00e0s 18:00h<\/p>\n<hr \/>\n<p><strong>GER\u00caNCIA DE PLANEJAMENTO INSTITUCIONAL<\/strong><br \/>\nEndere\u00e7o: Avenida Anhanguera, n\u00ba 7.364, Setor Aerovi\u00e1rio<br \/>\nGoi\u00e2nia-GO \u2013 CEP: 74435-300<br \/>\nTelefone: (62) 3201-1051<br \/>\nE-mails: planejamento.ssp@goias.gov.br<br \/>\nHor\u00e1rios de Atendimento: Das 8:00 \u00e0s 12:00 e das 14:00 \u00e0s 18:00h<\/p>\n<hr \/>\n<p><strong>GER\u00caNCIA DE COMPRAS GOVERNAMENTAIS<\/strong><br \/>\nEndere\u00e7o: Avenida Anhanguera, n\u00ba 7.364, Setor Aerovi\u00e1rio<br \/>\nGoi\u00e2nia-GO \u2013 CEP: 74435-300<br \/>\nTelefones: (62) 3201-1029 \/ 3201-1440 \/ 3201-1047<br \/>\nE-mail: licitacao.ssp@goias.gov.br<br \/>\nHor\u00e1rios de Atendimento: Das 8:00 \u00e0s 12:00 e das 14:00 \u00e0s 18:00h<\/p>\n<hr \/>\n<p><strong>GER\u00caNCIA DE ARQUITETURA, ENGENHARIA E SERVI\u00c7OS GERAIS<\/strong><br \/>\nEndere\u00e7o: Avenida Anhanguera, n\u00ba 7.364, Setor Aerovi\u00e1rio<br \/>\nGoi\u00e2nia-GO \u2013 CEP: 74435-300<br \/>\nTelefones: (62) 3201-1033 \/ 3201-1034<br \/>\nE-mail: gaesg.ssp@goias.gov.br<br \/>\nHor\u00e1rios de Atendimento: Das 8:00 \u00e0s 12:00 e das 14:00 \u00e0s 18:00h<\/p>\n<hr \/>\n<p><strong>GER\u00caNCIA ADMINISTRATIVA<\/strong><br \/>\nEndere\u00e7o: Avenida Anhanguera, n\u00ba 7.364, Setor Aerovi\u00e1rio<br \/>\nGoi\u00e2nia-GO \u2013 CEP: 74435-300<br \/>\nTelefones: (62) 3201-1071 \/ 3201-1076 \/ 3201-1472<br \/>\nE-mails: ger.administrativa.ssp@goias.gov.br<br \/>\nHor\u00e1rios de Atendimento: Das 8:00 \u00e0s 12:00 e das 14:00 \u00e0s 18:00h<\/p>\n<hr \/>\n<p><strong>GER\u00caNCIA DE CONTABILIDADE<\/strong><br \/>\nEndere\u00e7o: Avenida Anhanguera, n\u00ba 7.364, Setor Aerovi\u00e1rio<br \/>\nGoi\u00e2nia-GO \u2013 CEP: 74435-300<br \/>\nTelefones: (62) 3201-1030 \/ 3201-1494<br \/>\nE-mails: gerenciadecontabilidade.ssp@goias.gov.br<br \/>\nHor\u00e1rios de Atendimento: Das 8:00 \u00e0s 12:00 e das 14:00 \u00e0s 18:00h<\/p>\n<hr \/>\n<p><strong>SUPERINTEND\u00caNCIA DE INTELIG\u00caNCIA INTEGRADA<\/strong><br \/>\nEndere\u00e7o: Avenida Anhanguera, n\u00ba 7.364, Setor Aerovi\u00e1rio<br \/>\nGoi\u00e2nia-GO \u2013 CEP: 74435-300<br \/>\nTelefones: (62) 3201-1068 \/ 3201-1430<br \/>\nE-mail: sii.ssp@goias.gov.br<br \/>\nHor\u00e1rios de Atendimento: Das 8:00 \u00e0s 12:00 e das 14:00 \u00e0s 18:00h<\/p>\n<hr \/>\n<p><strong>GER\u00caNCIA DE INTELIG\u00caNCIA ESTRAT\u00c9GICA<\/strong><br \/>\nEndere\u00e7o: Avenida Anhanguera, n\u00ba 7.364, Setor Aerovi\u00e1rio<br \/>\nGoi\u00e2nia-GO \u2013 CEP: 74435-300<br \/>\nTelefones: (62) 3201-1476 \/ 3201-1430<br \/>\nE-mail: gie.ssp@goias.gov.br<br \/>\nHor\u00e1rios de Atendimento: Das 8:00 \u00e0s 12:00 e das 14:00 \u00e0s 18:00h<\/p>\n<hr \/>\n<p><strong>GER\u00caNCIA DE CONTRAINTELIG\u00caNCIA ESTRAT\u00c9GICA<\/strong><br \/>\nEndere\u00e7o: Avenida Anhanguera, n\u00ba 7.364, Setor Aerovi\u00e1rio<br \/>\nGoi\u00e2nia-GO \u2013 CEP: 74435-300<br \/>\nTelefone: (62) 3201-1084<br \/>\nE-mail: gce.ssp@goias.gov.br<br \/>\nHor\u00e1rios de Atendimento: Das 8:00 \u00e0s 12:00 e das 14:00 \u00e0s 18:00h<\/p>\n<hr \/>\n<p><strong>GER\u00caNCIA DE OPERA\u00c7\u00d5ES DE INTELIG\u00caNCIA DA POL\u00cdCIA MILITAR<\/strong><br \/>\nEndere\u00e7o: Avenida Anhanguera, n\u00ba 7.364, Setor Aerovi\u00e1rio<br \/>\nGoi\u00e2nia-GO \u2013 CEP: 74435-300<br \/>\nTelefones: (62) 3201-1430 \/ 3201-1069 \/ 3201-1038<br \/>\nE-mail: goipm.ssp@goias.gov.br<br \/>\nHor\u00e1rios de Atendimento: Das 8:00 \u00e0s 12:00 e das 14:00 \u00e0s 18:00h<\/p>\n<hr \/>\n<p><strong>GER\u00caNCIA DE OPERA\u00c7\u00d5ES DE INTELIG\u00caNCIA DO CORPO DE BOMBEIROS MILITAR<\/strong><br \/>\nEndere\u00e7o: Avenida Anhanguera, n\u00ba 7.364, Setor Aerovi\u00e1rio<br \/>\nGoi\u00e2nia-GO \u2013 CEP: 74435-300<br \/>\nTelefones: (62) 3201-1430 \/ 3201-1413<br \/>\nE-mails: goibm.ssp@goias.gov.br<br \/>\nHor\u00e1rios de Atendimento: Das 8:00 \u00e0s 12:00 e das 14:00 \u00e0s 18:00h<\/p>\n<hr \/>\n<p><strong>GER\u00caNCIA DE OPERA\u00c7\u00d5ES DE INTELIG\u00caNCIA DE ADMINISTRA\u00c7\u00c3O PENITENCI\u00c1RIA<\/strong><br \/>\nEndere\u00e7o: Avenida Anhanguera, n\u00ba 7.364, Setor Aerovi\u00e1rio<br \/>\nGoi\u00e2nia-GO \u2013 CEP: 74435-300<br \/>\nTelefone: (62) 3201- 1430<br \/>\nE-mail: goipp.ssp@goias.gov.br<br \/>\nHor\u00e1rios de Atendimento: Das 8:00 \u00e0s 12:00 e das 14:00 \u00e0s 18:00h<\/p>\n<hr \/>\n<p><strong>SUPERINTEND\u00caNCIA DE COMBATE \u00c0 CORRUP\u00c7\u00c3O E AO CRIME ORGANIZADO<\/strong><br \/>\nEndere\u00e7o: Avenida Anhanguera, n\u00ba 7.364, Setor Aerovi\u00e1rio<br \/>\nGoi\u00e2nia-GO \u2013 CEP: 74435-300<br \/>\nTelefones: (62) 3201-4769 \/ 3201-4869<br \/>\nE-mail: sccco.ssp@goias.gov.br<br \/>\nHor\u00e1rios de Atendimento: Das 8:00 \u00e0s 12:00 e das 14:00 \u00e0s 18:00h<\/p>\n<hr \/>\n<p><strong>GER\u00caNCIA DE AN\u00c1LISE ESTRAT\u00c9GICA<\/strong><br \/>\nEndere\u00e7o: Avenida Anhanguera, n\u00ba 7.364, Setor Aerovi\u00e1rio<br \/>\nGoi\u00e2nia-GO \u2013 CEP: 74435-300<br \/>\nTelefones: (62) 3201-4769 \/ 3201-4869<br \/>\nE-mail: geae.ssp@goias.gov.br<br \/>\nHor\u00e1rios de Atendimento: Das 8:00 \u00e0s 12:00 e das 14:00 \u00e0s 18:00h<\/p>\n<hr \/>\n<p><strong>GER\u00caNCIA DE ARTICULA\u00c7\u00c3O E INTEGRA\u00c7\u00c3O PARA COMBATE \u00c0 CORRUP\u00c7\u00c3O E AO CRIME ORGANIZADO<\/strong><br \/>\nEndere\u00e7o: Avenida Anhanguera, n\u00ba 7.364, Setor Aerovi\u00e1rio<br \/>\nGoi\u00e2nia-GO \u2013 CEP: 74435-300<br \/>\nTelefone: (62) 3201-4869<br \/>\nE-mail: geaic@goias.gov.br<br \/>\nHor\u00e1rios de Atendimento: Das 8:00 \u00e0s 12:00 e das 14:00 \u00e0s 18:00h<\/p>\n<hr \/>\n<p><strong>GER\u00caNCIA DE OPERA\u00c7\u00d5ES DE INTELIG\u00caNCIA<\/strong><br \/>\nEndere\u00e7o: Avenida Anhanguera, n\u00ba 7.364, Setor Aerovi\u00e1rio<br \/>\nGoi\u00e2nia-GO \u2013 CEP: 74435-300<br \/>\nTelefone: (62) 3201-4869<br \/>\nE-mail: geop.inteligencia.ssp@goias.gov.br<br \/>\nHor\u00e1rios de Atendimento: Das 8:00 \u00e0s 12:00 e das 14:00 \u00e0s 18:00h<\/p>\n<hr \/>\n<p><strong>SUPERINTEND\u00caNCIA DE A\u00c7\u00d5ES E OPERA\u00c7\u00d5ES INTEGRADAS<\/strong><br \/>\nEndere\u00e7o: Avenida Anhanguera, n\u00ba 7.364, Setor Aerovi\u00e1rio<br \/>\nGoi\u00e2nia-GO \u2013 CEP: 74435-300<br \/>\nTelefones: (62) 3201-1866 \/ 3201-4836<br \/>\nE-mail: saoi.ssp@goias.gov.br<br \/>\nHor\u00e1rios de Atendimento: Das 8:00 \u00e0s 12:00 e das 14:00 \u00e0s 18:00h<\/p>\n<hr \/>\n<p><strong>GER\u00caNCIA DE OPERA\u00c7\u00d5ES INTEGRADAS<\/strong><br \/>\nEndere\u00e7o: Avenida Anhanguera, n\u00ba 7.364, Setor Aerovi\u00e1rio<br \/>\nGoi\u00e2nia-GO \u2013 CEP: 74435-300<br \/>\nTelefone: (62) 3201-1435<br \/>\nE-mail: geoi@goias.gov.br<br \/>\nHor\u00e1rios de Atendimento: Das 8:00 \u00e0s 12:00 e das 14:00 \u00e0s 18:00h<\/p>\n<hr \/>\n<p><strong>GER\u00caNCIA DE COMUNICA\u00c7\u00c3O INTEGRADA<\/strong><br \/>\nEndere\u00e7o: Avenida Anhanguera, n\u00ba 7.364, Setor Aerovi\u00e1rio<br \/>\nGoi\u00e2nia-GO \u2013 CEP: 74435-300<br \/>\nTelefones: (62) 3201-4836 \/ 3201-1866<br \/>\nE-mail: gci.ssp@goias.gov.br<br \/>\nHor\u00e1rios de Atendimento: Das 8:00 \u00e0s 12:00 e das 14:00 \u00e0s 18:00h<\/p>\n<hr \/>\n<p><strong>GER\u00caNCIA DE ARTICULA\u00c7\u00c3O E A\u00c7\u00d5ES INTEGRADAS DE PREVEN\u00c7\u00c3O \u00c0 VIOL\u00caNCIA<\/strong><br \/>\nEndere\u00e7o: Avenida Anhanguera, n\u00ba 7.364, Setor Aerovi\u00e1rio<br \/>\nGoi\u00e2nia-GO \u2013 CEP: 74435-300<br \/>\nTelefones: (62) 3201-1008 \/ 3201\/1486<br \/>\nE-mail: gart.ssp@goias.gov.br<br \/>\nHor\u00e1rios de Atendimento: Das 8:00 \u00e0s 12:00 e das 14:00 \u00e0s 18:00h<\/p>\n<hr \/>\n<p><strong>SUPERINTEND\u00caNCIA INTEGRADA DE TECNOLOGIAS EM SEGURAN\u00c7A P\u00daBLICA<\/strong><br \/>\nEndere\u00e7o: Avenida Anhanguera, n\u00ba 7.364, Setor Aerovi\u00e1rio<br \/>\nGoi\u00e2nia-GO \u2013 CEP: 74435-300<br \/>\nTelefones: (62) 3201-4785 \/ 3201-1032<br \/>\nE-mail: sitsp@goias.gov.br<br \/>\nHor\u00e1rios de Atendimento: Das 8:00 \u00e0s 12:00 e das 14:00 \u00e0s 18:00h<\/p>\n<hr \/>\n<p><strong>GER\u00caNCIA DE TELECOMUNICA\u00c7\u00d5ES<\/strong><br \/>\nEndere\u00e7o: Avenida Anhanguera, n\u00ba 7.364, Setor Aerovi\u00e1rio<br \/>\nGoi\u00e2nia-GO \u2013 CEP: 74435-300<br \/>\nTelefones: (62) 3201-1095 \/ 3201-1032<br \/>\nE-mail: janison.calixto@goias.gov.br<br \/>\nHor\u00e1rios de Atendimento: Das 8:00 \u00e0s 12:00 e das 14:00 \u00e0s 18:00h<\/p>\n<hr \/>\n<p><strong>GER\u00caNCIA DE INOVA\u00c7\u00c3O<\/strong><br \/>\nEndere\u00e7o: Avenida Anhanguera, n\u00ba 7.364, Setor Aerovi\u00e1rio<br \/>\nGoi\u00e2nia-GO \u2013 CEP: 74435-300<br \/>\nTelefones: (62) 3201-1087 \/ 3201-1032<br \/>\nE-mail: gein.ssp@goias.gov.br<br \/>\nHor\u00e1rios de Atendimento: Das 8:00 \u00e0s 12:00 e das 14:00 \u00e0s 18:00h<\/p>\n<hr \/>\n<p><strong>GER\u00caNCIA DE INTELIG\u00caNCIA DE NEG\u00d3CIOS<\/strong><br \/>\nEndere\u00e7o: Avenida Anhanguera, n\u00ba 7.364, Setor Aerovi\u00e1rio<br \/>\nGoi\u00e2nia-GO \u2013 CEP: 74435-300<br \/>\nTelefones: (62) 3201-1082 \/ 3201-1072<br \/>\nE-mail: administracao.gin.ssp@goias.gov.br<br \/>\nHor\u00e1rios de Atendimento: Das 8:00 \u00e0s 12:00 e das 14:00 \u00e0s 18:00h<\/p>\n<hr \/>\n<p><strong>COORDENADORIA DE ENSINO (ANTIGA SAESP)<\/strong><br \/>\nEndere\u00e7o: Avenida Anhanguera, n\u00ba 7.364, Setor Aerovi\u00e1rio<br \/>\nGoi\u00e2nia-GO \u2013 CEP: 74435-300<br \/>\nTelefones: (62) 3201-1057 \/ 3201-1045<br \/>\nE-mails: ensino.ssp@goias.gov.br<br \/>\nHor\u00e1rios de Atendimento: Das 8:00 \u00e0s 12:00 e das 14:00 \u00e0s 18:00h<\/p>\n<hr \/>\n<p><strong>CONSELHO ESTADUAL DE PROTE\u00c7\u00c3O A V\u00cdTIMAS E TESTEMUNHAS AMEA\u00c7ADAS NO ESTADO DE GOI\u00c1S \u2013 CONDEL\/PROVITA<\/strong><br \/>\nEndere\u00e7o: Avenida Anhanguera, n\u00ba 7.364, Setor Aerovi\u00e1rio<br \/>\nGoi\u00e2nia-GO \u2013 CEP: 74435-300<br \/>\nE-mail: sepde.ssp.go@gmail.com \/ andre.fmoraes@goias.go.gov.br<br \/>\nTelefones: (62) 99450-7171 \/ 9 2002-7158<br \/>\nHor\u00e1rios de Atendimento: Das 8:00 \u00e0s 12:00 e das 14:00 \u00e0s 18:00h<\/p>\n<hr \/>\n<h2><i class=\"fa fa-map-marker\"><\/i> FORA DA SSP<\/h2>\n<hr \/>\n<p><strong>CONSELHO ESTADUAL DE TR\u00c2NSITO \u2013 CETRAN<\/strong><br \/>\nEndere\u00e7o: Rodovia GO-020, Km 04, Parque Lozandes, Aut\u00f3dromo de Goi\u00e2nia<br \/>\nGoi\u00e2nia-GO \u2013 CEP: 74.899-899<br \/>\nTelefone: (62) 3282-3908<br \/>\nE-mail: cetran@detran.go.gov.br<br \/>\nHor\u00e1rios de Atendimento: Das 8:00 \u00e0s 12:00 e das 14:00 \u00e0s 18:00h<\/p>\n<hr \/>\n<p><strong>GER\u00caNCIA JUR\u00cdDICA DE DEFESA DO CONSUMIDOR<\/strong><br \/>\nEndere\u00e7o: Rua 08, n\u00ba 242, Qd. 05, Lt. 36, Setor Central<br \/>\nGoi\u00e2nia-GO \u2013 CEP: 74.013-030<br \/>\nTelefones: (62) 3201-7113 \/ 3201-7114<br \/>\nE-mail: pge.procon@goias.gov.br<br \/>\nHor\u00e1rios de Atendimento: Das 8:00 \u00e0s 12:00 e das 14:00 \u00e0s 18:00h<\/p>\n<hr \/>\n<p><strong>OUVIDORIA SETORIAL<\/strong><br \/>\nEndere\u00e7o: Rua 17, n\u00ba 188, casa 04, Setor Aerovi\u00e1rio<br \/>\nGoi\u00e2nia-GO \u2013 CEP: 74.435-250<br \/>\nTelefones: (62) 3201-1208 \/ 3201-1211 \/ 3201-1212<br \/>\nE-mail: ouvidoria.ssp@goias.gov.br<br \/>\nHor\u00e1rios de Atendimento: Das 8:00 \u00e0s 12:00 e das 14:00 \u00e0s 18:00h<\/p>\n<hr \/>\n<p><strong>GER\u00caNCIA DE GEST\u00c3O E DESENVOLVIMENTO DE PESSOAS<\/strong><br \/>\nEndere\u00e7o: Rua 17, QD. 01, LT. 01, Setor Aerovi\u00e1rio<br \/>\nGoi\u00e2nia-GO \u2013 CEP: 74435-300<br \/>\nTelefones: (62) 3201-1487 \/ 3201-1268<br \/>\nE-mail: ggdp.ssp@goias.gov.br<br \/>\nHor\u00e1rios de Atendimento: Das 8:00 \u00e0s 12:00 e das 14:00 \u00e0s 18:00h<\/p>\n<hr \/>\n<p><strong>GER\u00caNCIA DE TRANSPORTES<\/strong><br \/>\nEndere\u00e7o: Rua 17, n\u00ba 188, casa 04, Setor Aerovi\u00e1rio<br \/>\nGoi\u00e2nia-GO \u2013 CEP: 74435-300<br \/>\nTelefones: (62) 3201-1035 \/ 3201-1086<br \/>\nE-mail: getran.ssp@goias.gov.br<br \/>\nHor\u00e1rios de Atendimento: Das 8:00 \u00e0s 12:00 e das 14:00 \u00e0s 18:00h<\/p>\n<hr \/>\n<p><strong>SUPERINTEND\u00caNCIA DE PROTE\u00c7\u00c3O AOS DIREITOS DO CONSUMIDOR<\/strong><br \/>\nEndere\u00e7o: Rua 08, n\u00ba 242, Edif\u00edcio Torres, 1\u00ba andar, Setor Central<br \/>\nGoi\u00e2nia-GO \u2013 CEP: 74.013-030<br \/>\nTelefone: (62) 3201-7112<br \/>\nE-mail: superintendencia.procon@goias.gov.br<br \/>\nHor\u00e1rios de Atendimento: Das 8:00 \u00e0s 12:00 e das 14:00 \u00e0s 18:00h<\/p>\n<hr \/>\n<p><strong>GER\u00caNCIA DE FISCALIZA\u00c7\u00c3O<\/strong><br \/>\nEndere\u00e7o: Rua 08, n\u00ba 242, Edif\u00edcio Torres, 3\u00ba andar, Setor Central<br \/>\nGoi\u00e2nia-GO \u2013 CEP: 74.013-030<br \/>\nTelefone: (62) 3201-7138<br \/>\nE-mail: fiscalizacao.procon@goias.gov.br<br \/>\nHor\u00e1rios de Atendimento: Das 8:00 \u00e0s 12:00 e das 14:00 \u00e0s 18:00h<\/p>\n<hr \/>\n<p><strong>GER\u00caNCIA DE PESQUISA E C\u00c1LCULO<\/strong><br \/>\nEndere\u00e7o: Rua 08, n\u00ba 242, Edif\u00edcio Torres, 3\u00ba andar, Setor Central<br \/>\nGoi\u00e2nia-GO \u2013 CEP: 74.013-030<br \/>\nTelefones: (62) 3201-7139 \/ 3201-7140<br \/>\nE-mail: gepec.procon@goias.gov.br<br \/>\nHor\u00e1rios de Atendimento: Das 8:00 \u00e0s 12:00 e das 14:00 \u00e0s 18:00h<\/p>\n<hr \/>\n<p><strong>GER\u00caNCIA DE ATENDIMENTO AO CONSUMIDOR<\/strong><br \/>\nEndere\u00e7o: Rua 08, n\u00ba 242, Edif\u00edcio Torres, mezanino, Setor Central<br \/>\nGoi\u00e2nia-GO \u2013 CEP: 74.013-030<br \/>\nTelefone: (62) 3201-2890<br \/>\nE-mail: atendimento.procon@goias.gov.br<br \/>\nHor\u00e1rios de Atendimento: Das 8:00 \u00e0s 12:00 e das 14:00 \u00e0s 18:00h<\/p>\n<hr \/>\n<p><strong>GER\u00caNCIA DE GEST\u00c3O DE CR\u00c9DITOS<\/strong><br \/>\nEndere\u00e7o: Rua 08, n\u00ba 242, Edif\u00edcio Torres, 1\u00ba andar, Setor Central<br \/>\nGoi\u00e2nia-GO \u2013 CEP: 74.013-030<br \/>\nTelefones: (62) 3201-7158 \/ 3201-7150<br \/>\nE-mail: ggc.procon@goias.gov.br<br \/>\nHor\u00e1rios de Atendimento: Das 8:00 \u00e0s 12:00 e das 14:00 \u00e0s 18:00h<\/p>\n<hr \/>\n<p><strong>GER\u00caNCIA DE CONTENCIOSO ADMINISTRATIVO<\/strong><br \/>\nEndere\u00e7o: Rua 08, n\u00ba 242, Edif\u00edcio Torres, 4\u00ba andar, Setor Central<br \/>\nGoi\u00e2nia-GO \u2013 CEP: 74.013-030<br \/>\nTelefones: (62) 3201-7143 \/ 3201-7156<br \/>\nE-mail: contencioso.procon@goias.gov.br<br \/>\nHor\u00e1rios de Atendimento: Das 8:00 \u00e0s 12:00 e das 14:00 \u00e0s 18:00h<\/p>\n<hr \/>\n<p><strong>SUPERINTEND\u00caNCIA DE POL\u00cdCIA T\u00c9CNICO-CIENT\u00cdFICA<\/strong><br \/>\nEndere\u00e7o: Avenida At\u00edlio Correia Lima, n\u00ba 1.223, Pr\u00e9dio do IC, 2\u00ba andar, Cidade Jardim<br \/>\nGoi\u00e2nia-GO \u2013 CEP: 74.425-030<br \/>\nTelefones: (62) 3201-9545 \/ 3201-9578<br \/>\nE-mail: policiacientifica@goias.gov.br<br \/>\nHor\u00e1rios de Atendimento: Das 8:00 \u00e0s 12:00 e das 14:00 \u00e0s 18:00h<\/p>\n<hr \/>\n<p><strong>GER\u00caNCIA DE SUPORTE OPERACIONAL<\/strong><br \/>\nEndere\u00e7o: Avenida At\u00edlio Correia Lima, n\u00ba 1.223, Pr\u00e9dio do IC, 2\u00ba andar, Cidade Jardim<br \/>\nGoi\u00e2nia-GO \u2013 CEP: 74.435-300<br \/>\nTelefones: (62) 3201-9578 \/ 3201-9581<br \/>\nE-mail: gesop.sptc@goias.gov.br<br \/>\nHor\u00e1rios de Atendimento: Das 8:00 \u00e0s 12:00 e das 14:00 \u00e0s 18:00h<\/p>\n<hr \/>\n<p><strong>GER\u00caNCIA DE CRIMINAL\u00cdSTICA<\/strong><br \/>\nEndere\u00e7o: Avenida At\u00edlio Correia Lima, n\u00ba 1.223, Pr\u00e9dio do IC, 1\u00ba andar, Cidade Jardim<br \/>\nGoi\u00e2nia-GO \u2013 CEP: 74.425-030<br \/>\nTelefones: (62) 3201-9518 \/ 3201-1249 \/ 3201-9546<br \/>\nE-mail: gerencia-ic@policiacientifica.go.gov.br<br \/>\nHor\u00e1rios de Atendimento: Das 8:00 \u00e0s 12:00 e das 14:00 \u00e0s 18:00h<\/p>\n<hr \/>\n<p><strong>GER\u00caNCIA DE MEDICINA LEGAL<\/strong><br \/>\nEndere\u00e7o: Avenida At\u00edlio Correia Lima, n\u00ba 1.223, Pr\u00e9dio do IML, Cidade Jardim<br \/>\nGoi\u00e2nia-GO \u2013 CEP: 74.425-030<br \/>\nTelefones: (62) 3201-1155 \/ 3201-1273<br \/>\nE-mail: gerencia.iml@goias.gov.br<br \/>\nHor\u00e1rios de Atendimento: Das 8:00 \u00e0s 12:00 e das 14:00 \u00e0s 18:00h<\/p>\n","protected":false},"excerpt":{"rendered":"<p>DENTRO DA SSP SECRETARIA DE ESTADO DA SEGURAN\u00c7A P\u00daBLICA Endere\u00e7o: Avenida Anhanguera, n\u00ba 7.364, Setor Aerovi\u00e1rio Goi\u00e2nia-GO \u2013 CEP: 74435-300 Telefone: (62) 3201-1000 E-mail: segurancapublica.ssp@goias.gov.br Hor\u00e1rios de Atendimento: Das 8:00 \u00e0s 12:00 e das 14:00 \u00e0s 18:00h GABINETE DO SECRET\u00c1RIO Endere\u00e7o: Avenida Anhanguera, n\u00ba 7.364, Setor Aerovi\u00e1rio Goi\u00e2nia-GO \u2013 CEP: 74435-300 Telefones: (62) 3201-1049 \/ [&hellip;]<\/p>\n","protected":false},"author":3,"featured_media":0,"parent":11666,"menu_order":0,"comment_status":"closed","ping_status":"closed","template":"","meta":{"footnotes":"","_links_to":"","_links_to_target":""},"class_list":["post-41444","page","type-page","status-publish","hentry"],"rttpg_featured_image_url":null,"rttpg_author":{"display_name":"joanaredator","author_link":"https:\/\/goias.gov.br\/seguranca\/author\/joanaredator\/"},"rttpg_comment":0,"rttpg_category":null,"rttpg_excerpt":"DENTRO DA SSP SECRETARIA DE ESTADO DA SEGURAN\u00c7A P\u00daBLICA Endere\u00e7o: Avenida Anhanguera, n\u00ba 7.364, Setor Aerovi\u00e1rio Goi\u00e2nia-GO \u2013 CEP: 74435-300 Telefone: (62) 3201-1000 E-mail: segurancapublica.ssp@goias.gov.br Hor\u00e1rios de Atendimento: Das 8:00 \u00e0s 12:00 e das 14:00 \u00e0s 18:00h GABINETE DO SECRET\u00c1RIO Endere\u00e7o: Avenida Anhanguera, n\u00ba 7.364, Setor Aerovi\u00e1rio Goi\u00e2nia-GO \u2013 CEP: 74435-300 Telefones: (62) 3201-1049 \/&hellip;","_links":{"self":[{"href":"https:\/\/goias.gov.br\/seguranca\/wp-json\/wp\/v2\/pages\/41444","targetHints":{"allow":["GET"]}}],"collection":[{"href":"https:\/\/goias.gov.br\/seguranca\/wp-json\/wp\/v2\/pages"}],"about":[{"href":"https:\/\/goias.gov.br\/seguranca\/wp-json\/wp\/v2\/types\/page"}],"author":[{"embeddable":true,"href":"https:\/\/goias.gov.br\/seguranca\/wp-json\/wp\/v2\/users\/3"}],"replies":[{"embeddable":true,"href":"https:\/\/goias.gov.br\/seguranca\/wp-json\/wp\/v2\/comments?post=41444"}],"version-history":[{"count":3,"href":"https:\/\/goias.gov.br\/seguranca\/wp-json\/wp\/v2\/pages\/41444\/revisions"}],"predecessor-version":[{"id":293391,"href":"https:\/\/goias.gov.br\/seguranca\/wp-json\/wp\/v2\/pages\/41444\/revisions\/293391"}],"up":[{"embeddable":true,"href":"https:\/\/goias.gov.br\/seguranca\/wp-json\/wp\/v2\/pages\/11666"}],"wp:attachment":[{"href":"https:\/\/goias.gov.br\/seguranca\/wp-json\/wp\/v2\/media?parent=41444"}],"curies":[{"name":"wp","href":"https:\/\/api.w.org\/{rel}","templated":true}]}}