

{"id":32062,"date":"2018-06-05T11:23:20","date_gmt":"2018-06-05T14:23:20","guid":{"rendered":"http:\/\/www.ssp.go.gov.br\/?page_id=32062"},"modified":"2018-06-05T11:23:20","modified_gmt":"2018-06-05T14:23:20","slug":"goias-seguro","status":"publish","type":"page","link":"https:\/\/goias.gov.br\/seguranca\/goias-seguro\/","title":{"rendered":"Goi\u00e1s Seguro"},"content":{"rendered":"<p>O que \u00e9?<br \/>\nComo usar?<br \/>\nDownload do Aplicativo<br \/>\nTermo de uso<br \/>\nO que \u00e9?<\/p>\n<p>O aplicativo Goi\u00e1s Mais Seguro permite ao cidad\u00e3o goiano acesso direto a servi\u00e7os voltados a seguran\u00e7a p\u00fablica do estado de Goi\u00e1s.<\/p>\n<p>Disponibiliza o telefone da viatura mais pr\u00f3xima, registra den\u00fancias an\u00f4nimas, permite o registro de ocorr\u00eancias que envolva a pol\u00edcia militar e o corpo de bombeiros militar atrav\u00e9s da comunica\u00e7\u00e3o com o atendente e viatura via chat. Al\u00e9m dessas funcionalidades citadas a ferramenta oferece acesso a servi\u00e7os que aproximam o Governo do cidad\u00e3o.<\/p>\n<p>Como usar?<\/p>\n<p>Ap\u00f3s instala\u00e7\u00e3o e cadastro voc\u00ea poder\u00e1 registrar ocorr\u00eancia de acordo com os \u00edcones dispon\u00edveis (com foto, voz e v\u00eddeo) enviando em tempo real \u00e0 viatura mais pr\u00f3xima para que possa atender de prontid\u00e3o.<\/p>\n<p>No momento que a viatura \u00e9 acionada o usu\u00e1rio tamb\u00e9m poder\u00e1 acompanh\u00e1-la at\u00e9 a chegada ao local ampliando assim as formas de seguran\u00e7a \u00e0 disposi\u00e7\u00e3o do cidad\u00e3o.<\/p>\n<p>Download do Aplicativo<\/p>\n<p id=\"titulo-1\"><strong>Baixe gratuitamente na Apple Store para IOS ou Google Play para Android.<\/strong><\/p>\n<p><a href=\"https:\/\/play.google.com\/store\/apps\/details?id=com.ssp.go.maisseguranca\" target=\"_blank\" rel=\"noopener\"><img decoding=\"async\" title=\"Play Store Android\" src=\"https:\/\/goias.gov.br\/seguranca\/wp-content\/uploads\/sites\/56\/2014\/07\/bt-app-android.png\" alt=\"Play Store\" width=\"214\" height=\"62\" \/><\/a>\u00a0 \u00a0<a href=\"https:\/\/itunes.apple.com\/us\/app\/goi%C3%A1s-mais-seguro\/id1394315875?l=pt&amp;ls=1&amp;mt=8\" target=\"_blank\" rel=\"noopener\"><img decoding=\"async\" title=\"Link indispon\u00edvel\" src=\"https:\/\/goias.gov.br\/seguranca\/wp-content\/uploads\/sites\/56\/2014\/07\/bt-app-store.png\" alt=\"App Store\" width=\"214\" height=\"62\" \/><\/a><\/p>\n<p>Termo de uso<\/p>\n<h3>I \u2013 DO OBJETO<\/h3>\n<p>1. O objeto do presente instrumento consiste em estabelecer a pol\u00edtica e regulamento para acesso de USU\u00c1RIOS ao aplicativo que viabiliza o contato aos servi\u00e7os do 190, 193 e 197 da Secretaria da Seguran\u00e7a P\u00fablica do Estado de Goi\u00e1s, usando a tecnologia de celular, GPS e internet.<\/p>\n<p>2. Para fins deste Termo, entende \u2013 por:<\/p>\n<p>i \u2013 \u201cUSU\u00c1RIO\u201d: qualquer usu\u00e1rio do aplicativo que possui aparelho celular tipo smartphone com pacote de dados ativado;<br \/>\nii \u2013 \u201cATENDENTE\u201d: respons\u00e1vel pelo atendimento do chat e despacho da viatura;<br \/>\niii \u2013 \u201cVIATURA\u201d: servidor respons\u00e1vel pelo atendimento da ocorr\u00eancia.<\/p>\n<p>3. O aplicativo tem como objetivo a otimiza\u00e7\u00e3o do acionamento dos servi\u00e7os da Pol\u00edcia Militar, Pol\u00edcia Civil e Bombeiro Militar. Por meio do aplicativo \u00e9 poss\u00edvel realizar a abertura de ocorr\u00eancias, conversar com o atendente e viatura, via chat, verificar a localiza\u00e7\u00e3o da viatura, se a mesma for rastre\u00e1vel e gerar den\u00fancias an\u00f4nimas.<\/p>\n<h3>II \u2013 DO CADASTRAMENTO<\/h3>\n<p>4. Para o uso dos servi\u00e7os, o USU\u00c1RIO dever\u00e1 fazer o login utilizando uma conta do Facebook, ou uma conta do Google, ou criar uma nova conta pelo pr\u00f3prio aplicativo e aceitar as condi\u00e7\u00f5es deste termo para cadastramento.<\/p>\n<p>5. Se for verificada inconsist\u00eancia nos dados informados pelo USU\u00c1RIO, a solicita\u00e7\u00e3o da ocorr\u00eancia ser\u00e1 desconsiderada pela Central de Atendimento;<\/p>\n<p>6. \u00c9 do USU\u00c1RIO a responsabilidade pela prote\u00e7\u00e3o de senhas ou permiss\u00f5es de acesso ao aplicativo e de controlar o uso e acesso \u00e0 sua conta registrada;<\/p>\n<p>7. Caso o USU\u00c1RIO n\u00e3o lembre da senha, o aplicativo disponibilizar\u00e1 uma nova senha no email cadastrado;<\/p>\n<h3>III \u2013 DO FUNCIONAMENTO DOS SERVI\u00c7OS<\/h3>\n<p>8. Para que o servi\u00e7o seja efetivado \u00e9 necess\u00e1rio:<\/p>\n<h4>Usu\u00e1rio<\/h4>\n<p>i \u2013 Baixar e instalar o aplicativo em seu aparelho celular tipo smartphone com pacote de dados ativado, na Play Store (Google) ou AppStore (Apple);<br \/>\nii \u2013 Realizar o cadastro\/login conforme indicado na sess\u00e3o anterior;<br \/>\niii \u2013 Selecionar o tipo de natureza para qual deseja o atendimento, atrav\u00e9s do aplicativo;<br \/>\niv \u2013 Aguardar gerar a ocorr\u00eancia e a confirma\u00e7\u00e3o da Central de Atendimento;<br \/>\nv \u2013 Atrav\u00e9s do Chat, passar informa\u00e7\u00f5es importantes ao ATENDENTE e a VIATURA (se houver empenho) sobre o problema;<br \/>\nvi \u2013 Se houver VIATURA empenhada para o atendimento, visualizar a localiza\u00e7\u00e3o da mesma;<br \/>\nvii \u2013 Finalizar e avaliar o atendimento;<br \/>\nviii \u2013 Caso selecione a natureza \u201cDen\u00fancia\u201d, o atendimento ser\u00e1 automatizado e preservar\u00e1 o anonimato.<\/p>\n<h4>Atendente<\/h4>\n<p>i \u2013 Confirma veracidade das informa\u00e7\u00f5es obtidas pelo USU\u00c1RIO, atrav\u00e9s do Chat e prossegue com o atendimento ;<br \/>\nii \u2013 Se houver necessidade, empenha VIATURA para atendimento;<br \/>\niii \u2013 No caso da natureza \u201cDen\u00fancia\u201d, ser\u00e1 encaminhado para o \u00f3rg\u00e3o competente para averigua\u00e7\u00e3o dos fatos.<\/p>\n<h4>Viatura<\/h4>\n<p>i \u2013 Desloca para atendimento da ocorr\u00eancia.<br \/>\n9. Localiza\u00e7\u00e3o \u2013 \u00c9 poss\u00edvel verificar a posi\u00e7\u00e3o da VIATURA que foi empenhada, desde que a mesma possua a funcionalidade do GPS integrada, caso n\u00e3o tenha ser\u00e1 mostrada a posi\u00e7\u00e3o apenas do USU\u00c1RIO. Para a natureza \u201cDen\u00fancia\u201d, n\u00e3o ser\u00e1 mostrada a localiza\u00e7\u00e3o, preservando o anonimato.<\/p>\n<h3>IV \u2013 POL\u00cdTICA DE PRIVACIDADE<\/h3>\n<p>10. O USU\u00c1RIO concorda que a utiliza\u00e7\u00e3o do aplicativo se far\u00e1 de maneira respons\u00e1vel e est\u00e1 em plena conformidade com este Termo de Uso;<\/p>\n<p>11. Sempre que o USU\u00c1RIO utilizar o aplicativo, o sistema ir\u00e1 coletar a localiza\u00e7\u00e3o do dispositivo na forma de sinais de GPS e outras informa\u00e7\u00f5es enviadas do dispositivo no qual o aplicativo est\u00e1 instalado, sendo que o aplicativo continuar\u00e1 coletando os dados quando ativo e em segundo plano, salvo o caso da natureza \u201cDen\u00fancia\u201d, preservando o anonimato.<\/p>\n<p>12. A Secretaria de Seguran\u00e7a P\u00fablica n\u00e3o ser\u00e1 respons\u00e1vel por erros ou inconsist\u00eancias no fornecimento de informa\u00e7\u00f5es por outros websites independentes, especializados na presta\u00e7\u00e3o de servi\u00e7os de GPS e descri\u00e7\u00e3o de mapas ou semelhantes. Caso haja necessidade, o ATENDENTE confirmar\u00e1 a localiza\u00e7\u00e3o com o USU\u00c1RIO.<\/p>\n<p>13. \u00c9 obrigat\u00f3ria a avalia\u00e7\u00e3o do atendimento por parte do USU\u00c1RIO, atribuindo notas de 0 a 10 para o atendimento, sendo facultativo fazer coment\u00e1rios sobre o atendimento prestado, exceto para a natureza \u201cDen\u00fancia\u201d.<\/p>\n","protected":false},"excerpt":{"rendered":"<p>O que \u00e9? Como usar? Download do Aplicativo Termo de uso O que \u00e9? O aplicativo Goi\u00e1s Mais Seguro permite ao cidad\u00e3o goiano acesso direto a servi\u00e7os voltados a seguran\u00e7a p\u00fablica do estado de Goi\u00e1s. Disponibiliza o telefone da viatura mais pr\u00f3xima, registra den\u00fancias an\u00f4nimas, permite o registro de ocorr\u00eancias que envolva a pol\u00edcia militar [&hellip;]<\/p>\n","protected":false},"author":3,"featured_media":0,"parent":0,"menu_order":0,"comment_status":"closed","ping_status":"closed","template":"","meta":{"footnotes":"","_links_to":"","_links_to_target":""},"class_list":["post-32062","page","type-page","status-publish","hentry"],"rttpg_featured_image_url":null,"rttpg_author":{"display_name":"joanaredator","author_link":"https:\/\/goias.gov.br\/seguranca\/author\/joanaredator\/"},"rttpg_comment":0,"rttpg_category":null,"rttpg_excerpt":"O que \u00e9? Como usar? Download do Aplicativo Termo de uso O que \u00e9? O aplicativo Goi\u00e1s Mais Seguro permite ao cidad\u00e3o goiano acesso direto a servi\u00e7os voltados a seguran\u00e7a p\u00fablica do estado de Goi\u00e1s. Disponibiliza o telefone da viatura mais pr\u00f3xima, registra den\u00fancias an\u00f4nimas, permite o registro de ocorr\u00eancias que envolva a pol\u00edcia militar&hellip;","_links":{"self":[{"href":"https:\/\/goias.gov.br\/seguranca\/wp-json\/wp\/v2\/pages\/32062","targetHints":{"allow":["GET"]}}],"collection":[{"href":"https:\/\/goias.gov.br\/seguranca\/wp-json\/wp\/v2\/pages"}],"about":[{"href":"https:\/\/goias.gov.br\/seguranca\/wp-json\/wp\/v2\/types\/page"}],"author":[{"embeddable":true,"href":"https:\/\/goias.gov.br\/seguranca\/wp-json\/wp\/v2\/users\/3"}],"replies":[{"embeddable":true,"href":"https:\/\/goias.gov.br\/seguranca\/wp-json\/wp\/v2\/comments?post=32062"}],"version-history":[{"count":0,"href":"https:\/\/goias.gov.br\/seguranca\/wp-json\/wp\/v2\/pages\/32062\/revisions"}],"wp:attachment":[{"href":"https:\/\/goias.gov.br\/seguranca\/wp-json\/wp\/v2\/media?parent=32062"}],"curies":[{"name":"wp","href":"https:\/\/api.w.org\/{rel}","templated":true}]}}