

{"id":30008,"date":"2018-02-28T14:27:39","date_gmt":"2018-02-28T17:27:39","guid":{"rendered":"http:\/\/www.ssp.go.gov.br\/?page_id=30008"},"modified":"2025-07-04T14:54:36","modified_gmt":"2025-07-04T17:54:36","slug":"sobre-a-ssp","status":"publish","type":"page","link":"https:\/\/goias.gov.br\/seguranca\/acesso-a-informacao\/sobre-a-ssp\/","title":{"rendered":"Sobre a SSP"},"content":{"rendered":"<div class=\"wppb-row-parent wppb-row-1699899142686 \">\n<div class=\"wppb-container wppb-container-full wppb-contaner-no-gutter\">\n<div class=\"wppb-row\">\n<div class=\"wppb-column-parent wppb-column-parent-view wppb-col-1699899142687 \">\n<div class=\"wppb-column\">\n<div class=\"wppb-builder-addons\">\n<div class=\"wppb-builder-addon wppb-widget-1699445404272 wppb-addon-1699445404272\" data-addon-id=\"1699445404272\">\n<div class=\"wppb-widget\">\n<div class=\"insert-page insert-page-7 \" data-post-id=\"7\">\n<p><strong>1 &#8211; O que \u00e9 a Secretaria de Estado da Seguran\u00e7a P\u00fablica?<\/strong><\/p>\n<p>A Secretaria de Estado da Seguran\u00e7a P\u00fablica (SSP) foi criada pela\u00a0<a href=\"https:\/\/legisla.casacivil.go.gov.br\/api\/v1\/arquivos\/6680\">Lei n\u00ba 3.999, de 14 de novembro de 1961<\/a>, que teve suas compet\u00eancias e unidades administrativas definidas pela\u00a0Lei n\u00ba 17.257, de 26 de janeiro de 2011, \u00a0revogada pela\u00a0Lei n\u00ba 20.491, de 25 de junho de 2019, que por sua vez foi revogada pela lei que esta vigente,\u00a0<a href=\"https:\/\/legisla.casacivil.go.gov.br\/pesquisa_legislacao\/106749\/lei-21792\">Lei n\u00ba 21.792, de 16 de fevereiro de 2023<\/a>, <a href=\"https:\/\/legisla.casacivil.go.gov.br\/pesquisa_legislacao\/111000\/decreto-10715\" target=\"_blank\" rel=\"noopener\">Decreto n\u00ba 10.715, de 25 de junho de 2025<\/a>:<\/p>\n<p><strong>Sobre a SSP<\/strong><\/p>\n<p class=\"artigo\"><strong>Art. 3\u00ba Integram a estrutura b\u00e1sica da SSP, como \u00f3rg\u00e3os aut\u00f4nomos:<\/strong><\/p>\n<p class=\"inciso\">I \u2013 a Delegacia-Geral da Pol\u00edcia Civil \u2013 DGPC;<br \/>\nII \u2013 a PM;<br \/>\nIII \u2013 o CBM; e<br \/>\nIV \u2013 a DGPP, com seu regulamento definido em ato normativo pr\u00f3prio.<\/p>\n<p class=\"artigo\"><strong>Art. 4\u00ba Integram ainda a SSP, como \u00f3rg\u00e3os colegiados:<\/strong><\/p>\n<p class=\"inciso\">I \u2013 o Conselho Estadual de Seguran\u00e7a P\u00fablica;<br \/>\nII \u2013 o Conselho Estadual de Prote\u00e7\u00e3o a V\u00edtimas e Testemunhas Amea\u00e7adas no Estado de Goi\u00e1s \u2013 CONDEL\/PROVITA-GO;<br \/>\nIII \u2013 o Conselho Estadual de Tr\u00e2nsito;<br \/>\nIV \u2013 o Conselho Superior da Pol\u00edcia Civil, da DGPC; e<br \/>\nV \u2013 o Conselho Penitenci\u00e1rio, da DGPP.<\/p>\n<\/div>\n<\/div>\n<\/div>\n<\/div>\n<\/div>\n<\/div>\n<\/div>\n<\/div>\n<\/div>\n<div class=\"wppb-row-parent wppb-row-1699899142689 \">\n<div class=\"wppb-container wppb-container-full wppb-contaner-no-gutter\">\n<div class=\"wppb-row\">\n<div class=\"wppb-column-parent wppb-column-parent-view wppb-col-1699899142690 \">\n<div class=\"wppb-column\">\n<div class=\"wppb-builder-addons\">\n<div class=\"wppb-builder-addon wppb-widget-1699445524064 wppb-addon-1699445524064\" data-addon-id=\"1699445524064\">\n<div class=\"wppb-widget\">\n<div class=\"insert-page insert-page-36 \" data-post-id=\"36\">\n<h1 class=\"insert-page-title\">Compet\u00eancias<\/h1>\n<p>Art. 2\u00ba Competem \u00e0 SSP:<\/p>\n<p>I \u2013 a formula\u00e7\u00e3o da pol\u00edtica estadual de seguran\u00e7a p\u00fablica para a preserva\u00e7\u00e3o da ordem p\u00fablica e da incolumidade das pessoas e do patrim\u00f4nio;<br \/>\nII \u2013 a formula\u00e7\u00e3o da pol\u00edtica estadual penitenci\u00e1ria;<br \/>\nIII \u2013 a execu\u00e7\u00e3o das atividades da defesa do meio ambiente e da seguran\u00e7a no tr\u00e2nsito urbano, bem como nas rodovias, nas ferrovias e nas aquavias estaduais; e<br \/>\nIV \u2013 a execu\u00e7\u00e3o, pelos \u00f3rg\u00e3os a ela subordinados, das seguintes fun\u00e7\u00f5es:<\/p>\n<p>a) Pol\u00edcia Civil: atividades de identifica\u00e7\u00e3o civil, de pol\u00edcia judici\u00e1ria e de apura\u00e7\u00e3o das infra\u00e7\u00f5es penais, exceto as militares;<br \/>\nb) Pol\u00edcia Militar \u2013 PM: policiamento ostensivo e da preserva\u00e7\u00e3o da ordem p\u00fablica;<br \/>\nc) Corpo de Bombeiros Militar \u2013 CBM: atividades de defesa civil e do exerc\u00edcio do poder de pol\u00edcia sobre instala\u00e7\u00f5es, para a prote\u00e7\u00e3o contra inc\u00eandio e p\u00e2nico; e<br \/>\nd) Diretoria-Geral de Pol\u00edcia Penal \u2013 DGPP:<\/p>\n<p>1. atividades voltadas para o acompanhamento e a fiscaliza\u00e7\u00e3o do cumprimento de penas privativas de liberdade em regime de pris\u00e3o;<br \/>\n2. administra\u00e7\u00e3o, coordena\u00e7\u00e3o, inspe\u00e7\u00e3o e fiscaliza\u00e7\u00e3o dos pres\u00eddios e das demais instala\u00e7\u00f5es para reclus\u00e3o;<br \/>\n3. qualifica\u00e7\u00e3o e profissionaliza\u00e7\u00e3o dos sentenciados; e<br \/>\n4. socializa\u00e7\u00e3o e reintegra\u00e7\u00e3o dos reeducandos.<\/p>\n<\/div>\n<\/div>\n<\/div>\n<\/div>\n<\/div>\n<\/div>\n<\/div>\n<\/div>\n<\/div>\n<p><em>A Pasta est\u00e1 sediada na Avenida Anhanguera, n\u00ba 7.364, Setor Aerovi\u00e1rio, CEP: 74.435-300, Goi\u00e2nia-GO. Telefones: 3201-1000\/3201-1024, e-mails <\/em><a href=\"mailto:protocolo.ssp@sspj.go.gov.br\">protocolo.ssp@sspj.go.gov.br<\/a><em> , Atendimento: Das 8:00 \u00e0s 12:00 e das 14:00 \u00e0s 18:00h.<\/em><\/p>\n<p><strong>2 &#8211; Quais \u00d3rg\u00e3os comp\u00f5em o Sistema de Seguran\u00e7a P\u00fablica Estadual?<\/strong><\/p>\n<p><a href=\"https:\/\/www.policiacivil.go.gov.br\">Pol\u00edcia Civil<\/a>, respons\u00e1vel pelas atividades de identifica\u00e7\u00e3o civil, de pol\u00edcia judici\u00e1ria e apura\u00e7\u00e3o das infra\u00e7\u00f5es penais, exceto os militares.\u00a0<a href=\"https:\/\/www.pm.go.gov.br\/\">Pol\u00edcia Militar<\/a>, respons\u00e1vel pelo policiamento ostensivo e preserva\u00e7\u00e3o da ordem p\u00fablica.\u00a0<a href=\"https:\/\/www.bombeiros.go.gov.br\/\">Corpo de Bombeiros Militar<\/a>, respons\u00e1vel pelas atividades de defesa civil e exerc\u00edcio do poder de pol\u00edcia sobre instala\u00e7\u00f5es, visando \u00e0 prote\u00e7\u00e3o contra inc\u00eandio e p\u00e2nico.\u00a0<a href=\"https:\/\/www.policiapenal.go.gov.br\/\">Diretoria-Geral de Administra\u00e7\u00e3o Penitenci\u00e1ria<\/a>, respons\u00e1vel pelas atividades voltadas para o acompanhamento e fiscaliza\u00e7\u00e3o do cumprimento de penas privativas de liberdade em regime de pris\u00e3o; a administra\u00e7\u00e3o, coordena\u00e7\u00e3o, inspe\u00e7\u00e3o e fiscaliza\u00e7\u00e3o dos pres\u00eddios e demais instala\u00e7\u00f5es para reclus\u00e3o; a qualifica\u00e7\u00e3o e profissionaliza\u00e7\u00e3o dos sentenciados e a socializa\u00e7\u00e3o e reintegra\u00e7\u00e3o dos reeducandos para a pr\u00e1tica plena da cidadania.<\/p>\n<p><strong>3 &#8211; Qual a Miss\u00e3o da SSP?<\/strong><\/p>\n<p>Promover a gest\u00e3o da seguran\u00e7a p\u00fablica e defesa social, de forma planejada, integrada e inteligente, para contribuir com a paz social e o bem-estar da popula\u00e7\u00e3o no Estado de Goi\u00e1s.<\/p>\n<p><strong>4 &#8211; Qual a Vis\u00e3o da SSP?<\/strong><\/p>\n<p>Ser refer\u00eancia nacional na gest\u00e3o integrada, sist\u00eamica e efetiva da seguran\u00e7a p\u00fablica e na manuten\u00e7\u00e3o da ordem social, com \u00eanfase na redu\u00e7\u00e3o da criminalidade, visando alcan\u00e7ar o menor \u00edndice do Brasil.<\/p>\n<p><strong>5 &#8211; Quais os Valores da SSP?<\/strong><\/p>\n<p>5.1 &#8211;\u00a0<strong>Profissionalismo<\/strong>: excel\u00eancia na execu\u00e7\u00e3o das atividades;<br \/>\n5.2 &#8211;\u00a0<strong>Legalidade<\/strong>: aten\u00e7\u00e3o e cumprimento dos preceitos legais;<br \/>\n5.3 &#8211;\u00a0<strong>Respeito \u00e0 vida<\/strong>: a\u00e7\u00e3o voltada para a preserva\u00e7\u00e3o da vida;<br \/>\n5.4 &#8211;\u00a0<strong>Transpar\u00eancia<\/strong>: cont\u00ednua e adequada presta\u00e7\u00e3o de informa\u00e7\u00f5es de interesse p\u00fablico;<br \/>\n5.5 &#8211;\u00a0<strong>\u00c9tica<\/strong>: regras e preceitos de ordem valorativa e moral do servidor, sem v\u00edcio, voltada para o interesse p\u00fablico, e destinada a atender aos anseios da popula\u00e7\u00e3o;<br \/>\n5.6 &#8211;\u00a0<strong>Responsabilidade Social<\/strong>: gest\u00e3o participativa, na constante busca de processos educativos, tornando a institui\u00e7\u00e3o parceira da sociedade organizada.<\/p>\n<p><strong>6 &#8211; Quais os Servi\u00e7os da SSP que s\u00e3o oferecidos na Internet?<\/strong><\/p>\n<p>6.1 \u2013 Registro de Ocorr\u00eancias<br \/>\n<a href=\"https:\/\/raivirtual.ssp.go.gov.br\/#\/\">https:\/\/raivirtual.ssp.go.gov.br\/#\/<\/a><\/p>\n<p>6.2 \u2013 Emiss\u00e3o de Atestado de Antecedentes<br \/>\n<a href=\"https:\/\/iivirtual.ssp.go.gov.br\/#\/ac\">https:\/\/iivirtual.ssp.go.gov.br\/#\/ac<\/a><\/p>\n<p>6.3 \u2013 Agendamento\/Consulta da Solicita\u00e7\u00e3o da Carteira de Identidade<br \/>\n<a href=\"https:\/\/iivirtual.ssp.go.gov.br\/#\/\">https:\/\/iivirtual.ssp.go.gov.br\/#\/<\/a><\/p>\n<p>6.4 \u2013 Consulta a Objetos e Ve\u00edculos Recuperados<br \/>\n<a href=\"https:\/\/consulta.ssp.go.gov.br\/#\/\">https:\/\/consulta.ssp.go.gov.br\/#\/<\/a><\/p>\n<p>6.5 \u2013 Den\u00fancias, Reclama\u00e7\u00f5es, C\u00e1lculos e Bloqueio de Telemarketing \u2013 PROCONWeb<br \/>\n<a href=\"https:\/\/proconweb.ssp.go.gov.br\/#\/\">https:\/\/proconweb.ssp.go.gov.br\/#\/<\/a><\/p>\n<p>6.6 \u2013 Acompanhe as Estat\u00edsticas da SSP<br \/>\n<a href=\"https:\/\/goias.gov.br\/seguranca\/estatisticas\">https:\/\/goias.gov.br\/seguranca\/estatisticas<\/a><\/p>\n<p><strong>6.7 &#8211; O que \u00e9 e como funciona o Programa Dinheiro Direto nos Quart\u00e9is e Delegacias?<\/strong><br \/>\n<a href=\"https:\/\/goias.gov.br\/seguranca\/pddqd\">https:\/\/goias.gov.br\/seguranca\/pddqd<\/a><\/p>\n<p><strong>6.8 &#8211; Sobre o Aplicativo Goi\u00e1s Mais Seguro<\/strong><br \/>\n<a href=\"https:\/\/goias.gov.br\/seguranca\/goias-seguro\">https:\/\/goias.gov.br\/seguranca\/goias-seguro<\/a><\/p>\n<p><strong>7 &#8211; Sobre o Aplicativo Mulher Segura.<\/strong><\/p>\n<p><strong>O que \u00e9?<\/strong><\/p>\n<p>O Estado de Goi\u00e1s em defesa da seguran\u00e7a da Mulher!<\/p>\n<p>O aplicativo Mulher Segura permite \u00e0 cidad\u00e3 goiana acesso direto aos servi\u00e7os do Estado de Goi\u00e1s para comunicar casos de viol\u00eancia, acionar a Pol\u00edcia Militar em casos de emerg\u00eancia e ter \u00e0 m\u00e3o a localiza\u00e7\u00e3o dos batalh\u00f5es e das delegacias pr\u00f3ximas.<\/p>\n<p><strong>Como usar?<\/strong><\/p>\n<p>Ap\u00f3s instala\u00e7\u00e3o (Baixe gratuitamente na <a href=\"https:\/\/apps.apple.com\/br\/app\/mulher-segura\/id6446634473\">Apple Store para IOS<\/a> ou <a href=\"https:\/\/play.google.com\/store\/apps\/details?id=com.go.ssp.mulhersegura\">Google Play para Android<\/a>)\u00a0e cadastro voc\u00ea poder\u00e1 abrir um chat diretamente com um Policial Militar e solicitar um atendimento de emerg\u00eancia para situa\u00e7\u00f5es de risco, visualizar a localiza\u00e7\u00e3o dos batalh\u00f5es e delegacias pr\u00f3ximas ou registrar uma ocorr\u00eancia junto \u00e0 Seguran\u00e7a P\u00fablica do Estado de Goi\u00e1s.<\/p>\n<p class=\"Texto_Justificado\"><strong>Download do Aplicativo<\/strong><\/p>\n<p id=\"titulo-1\"><strong>Baixe gratuitamente na Apple Store para IOS ou Google Play para Android.<\/strong><\/p>\n<p><a href=\"https:\/\/play.google.com\/store\/apps\/details?id=com.go.ssp.mulhersegura\"><img decoding=\"async\" class=\"alignnone wp-image-83053\" src=\"https:\/\/goias.gov.br\/seguranca\/wp-content\/uploads\/sites\/56\/2023\/05\/btn-android.png\" alt=\"\" width=\"200\" height=\"59\" \/><\/a>\u00a0<a href=\"https:\/\/apps.apple.com\/br\/app\/mulher-segura\/id6446634473\"><img decoding=\"async\" class=\"alignnone wp-image-83054\" src=\"https:\/\/goias.gov.br\/seguranca\/wp-content\/uploads\/sites\/56\/2023\/05\/btn-ios.png\" alt=\"\" width=\"200\" height=\"59\" \/><\/a><\/p>\n","protected":false},"excerpt":{"rendered":"<p>1 &#8211; O que \u00e9 a Secretaria de Estado da Seguran\u00e7a P\u00fablica? A Secretaria de Estado da Seguran\u00e7a P\u00fablica (SSP) foi criada pela\u00a0Lei n\u00ba 3.999, de 14 de novembro de 1961, que teve suas compet\u00eancias e unidades administrativas definidas pela\u00a0Lei n\u00ba 17.257, de 26 de janeiro de 2011, \u00a0revogada pela\u00a0Lei n\u00ba 20.491, de 25 de [&hellip;]<\/p>\n","protected":false},"author":3,"featured_media":0,"parent":11666,"menu_order":0,"comment_status":"closed","ping_status":"closed","template":"","meta":{"footnotes":"","_links_to":"","_links_to_target":""},"class_list":["post-30008","page","type-page","status-publish","hentry"],"rttpg_featured_image_url":null,"rttpg_author":{"display_name":"joanaredator","author_link":"https:\/\/goias.gov.br\/seguranca\/author\/joanaredator\/"},"rttpg_comment":0,"rttpg_category":null,"rttpg_excerpt":"1 &#8211; O que \u00e9 a Secretaria de Estado da Seguran\u00e7a P\u00fablica? A Secretaria de Estado da Seguran\u00e7a P\u00fablica (SSP) foi criada pela\u00a0Lei n\u00ba 3.999, de 14 de novembro de 1961, que teve suas compet\u00eancias e unidades administrativas definidas pela\u00a0Lei n\u00ba 17.257, de 26 de janeiro de 2011, \u00a0revogada pela\u00a0Lei n\u00ba 20.491, de 25 de&hellip;","_links":{"self":[{"href":"https:\/\/goias.gov.br\/seguranca\/wp-json\/wp\/v2\/pages\/30008","targetHints":{"allow":["GET"]}}],"collection":[{"href":"https:\/\/goias.gov.br\/seguranca\/wp-json\/wp\/v2\/pages"}],"about":[{"href":"https:\/\/goias.gov.br\/seguranca\/wp-json\/wp\/v2\/types\/page"}],"author":[{"embeddable":true,"href":"https:\/\/goias.gov.br\/seguranca\/wp-json\/wp\/v2\/users\/3"}],"replies":[{"embeddable":true,"href":"https:\/\/goias.gov.br\/seguranca\/wp-json\/wp\/v2\/comments?post=30008"}],"version-history":[{"count":3,"href":"https:\/\/goias.gov.br\/seguranca\/wp-json\/wp\/v2\/pages\/30008\/revisions"}],"predecessor-version":[{"id":276853,"href":"https:\/\/goias.gov.br\/seguranca\/wp-json\/wp\/v2\/pages\/30008\/revisions\/276853"}],"up":[{"embeddable":true,"href":"https:\/\/goias.gov.br\/seguranca\/wp-json\/wp\/v2\/pages\/11666"}],"wp:attachment":[{"href":"https:\/\/goias.gov.br\/seguranca\/wp-json\/wp\/v2\/media?parent=30008"}],"curies":[{"name":"wp","href":"https:\/\/api.w.org\/{rel}","templated":true}]}}