

{"id":29938,"date":"2018-02-26T17:03:47","date_gmt":"2018-02-26T20:03:47","guid":{"rendered":"http:\/\/www.ssp.go.gov.br\/?page_id=29938"},"modified":"2025-07-07T16:22:58","modified_gmt":"2025-07-07T19:22:58","slug":"classificacao-das-informacoes-sigilosas","status":"publish","type":"page","link":"https:\/\/goias.gov.br\/seguranca\/classificacao-das-informacoes-sigilosas\/","title":{"rendered":"Classifica\u00e7\u00e3o das Informa\u00e7\u00f5es Sigilosas"},"content":{"rendered":"<ul>\n<li><a href=\"\/seguranca\/informacoes-desclassificadas\/\">Informa\u00e7\u00f5es Desclassificadas<\/a><\/li>\n<li><a href=\"\/seguranca\/informacoes-classificadas\/\">Informa\u00e7\u00f5es Classificadas<\/a><\/li>\n<li><a href=\"https:\/\/legisla.casacivil.go.gov.br\/pesquisa_ato_infralegal\/11887\/portaria-736\" target=\"_blank\" rel=\"noopener\">Portaria n\u00ba 736-2025<\/a> (Institui Grupo de Trabalho, para revisar e atualizar a Portaria n\u00ba 0750, de 30 de junho de 2016.)<\/li>\n<li><a href=\"https:\/\/goias.gov.br\/seguranca\/wp-content\/uploads\/sites\/56\/2021\/07\/portaria-n.-0461-2020.pdf\">Portaria n\u00ba 0461-2020<\/a> (Institui\u00e7\u00e3o da Comiss\u00e3o Permanente de Avalia\u00e7\u00e3o de Documentos Sigilosos \u2013 CPADS)<\/li>\n<li><a href=\"https:\/\/goias.gov.br\/seguranca\/wp-content\/uploads\/sites\/56\/2021\/07\/portaria-n.-0750-2016.pdf\">Portaria n\u00ba 0750-2016<\/a><\/li>\n<li><a href=\"https:\/\/goias.gov.br\/seguranca\/wp-content\/uploads\/sites\/56\/2018\/02\/portaria-no-1523-2016-ssp.pdf\">Portaria n\u00ba 1523-2016<\/a><\/li>\n<\/ul>\n","protected":false},"excerpt":{"rendered":"<p>Informa\u00e7\u00f5es Desclassificadas Informa\u00e7\u00f5es Classificadas Portaria n\u00ba 736-2025 (Institui Grupo de Trabalho, para revisar e atualizar a Portaria n\u00ba 0750, de 30 de junho de 2016.) Portaria n\u00ba 0461-2020 (Institui\u00e7\u00e3o da Comiss\u00e3o Permanente de Avalia\u00e7\u00e3o de Documentos Sigilosos \u2013 CPADS) Portaria n\u00ba 0750-2016 Portaria n\u00ba 1523-2016<\/p>\n","protected":false},"author":3,"featured_media":0,"parent":0,"menu_order":0,"comment_status":"closed","ping_status":"closed","template":"","meta":{"footnotes":"","_links_to":"","_links_to_target":""},"class_list":["post-29938","page","type-page","status-publish","hentry"],"rttpg_featured_image_url":null,"rttpg_author":{"display_name":"joanaredator","author_link":"https:\/\/goias.gov.br\/seguranca\/author\/joanaredator\/"},"rttpg_comment":0,"rttpg_category":null,"rttpg_excerpt":"Informa\u00e7\u00f5es Desclassificadas Informa\u00e7\u00f5es Classificadas Portaria n\u00ba 736-2025 (Institui Grupo de Trabalho, para revisar e atualizar a Portaria n\u00ba 0750, de 30 de junho de 2016.) Portaria n\u00ba 0461-2020 (Institui\u00e7\u00e3o da Comiss\u00e3o Permanente de Avalia\u00e7\u00e3o de Documentos Sigilosos \u2013 CPADS) Portaria n\u00ba 0750-2016 Portaria n\u00ba 1523-2016","_links":{"self":[{"href":"https:\/\/goias.gov.br\/seguranca\/wp-json\/wp\/v2\/pages\/29938","targetHints":{"allow":["GET"]}}],"collection":[{"href":"https:\/\/goias.gov.br\/seguranca\/wp-json\/wp\/v2\/pages"}],"about":[{"href":"https:\/\/goias.gov.br\/seguranca\/wp-json\/wp\/v2\/types\/page"}],"author":[{"embeddable":true,"href":"https:\/\/goias.gov.br\/seguranca\/wp-json\/wp\/v2\/users\/3"}],"replies":[{"embeddable":true,"href":"https:\/\/goias.gov.br\/seguranca\/wp-json\/wp\/v2\/comments?post=29938"}],"version-history":[{"count":3,"href":"https:\/\/goias.gov.br\/seguranca\/wp-json\/wp\/v2\/pages\/29938\/revisions"}],"predecessor-version":[{"id":276877,"href":"https:\/\/goias.gov.br\/seguranca\/wp-json\/wp\/v2\/pages\/29938\/revisions\/276877"}],"wp:attachment":[{"href":"https:\/\/goias.gov.br\/seguranca\/wp-json\/wp\/v2\/media?parent=29938"}],"curies":[{"name":"wp","href":"https:\/\/api.w.org\/{rel}","templated":true}]}}