

{"id":275124,"date":"2025-06-24T10:59:25","date_gmt":"2025-06-24T13:59:25","guid":{"rendered":"https:\/\/goias.gov.br\/seguranca\/?page_id=275124"},"modified":"2025-10-31T07:57:40","modified_gmt":"2025-10-31T10:57:40","slug":"institucional","status":"publish","type":"page","link":"https:\/\/goias.gov.br\/seguranca\/institucional\/","title":{"rendered":"Institucional"},"content":{"rendered":"<div class=\"wppb-row-parent wppb-row-1699899142686 \">\n<div class=\"wppb-container wppb-container-full wppb-contaner-no-gutter\">\n<div class=\"wppb-row\">\n<div class=\"wppb-column-parent wppb-column-parent-view wppb-col-1699899142687 \">\n<div class=\"wppb-column\">\n<div class=\"wppb-builder-addons\">\n<div class=\"wppb-builder-addon wppb-widget-1699445404272 wppb-addon-1699445404272\" data-addon-id=\"1699445404272\">\n<div class=\"wppb-widget\">\n<div class=\"insert-page insert-page-7 \" data-post-id=\"7\">\n<h1 class=\"insert-page-title\">A Secretaria<\/h1>\n<p><strong>O que \u00e9 a Secretaria de Estado da Seguran\u00e7a P\u00fablica?<\/strong><\/p>\n<p>A Secretaria de Estado da Seguran\u00e7a P\u00fablica (SSP) foi criada pela\u00a0<a href=\"https:\/\/legisla.casacivil.go.gov.br\/api\/v1\/arquivos\/6680\">Lei n\u00ba 3.999, de 14 de novembro de 1961<\/a>, que teve suas compet\u00eancias e unidades administrativas definidas pela\u00a0Lei n\u00ba 17.257, de 26 de janeiro de 2011, \u00a0revogada pela\u00a0Lei n\u00ba 20.491, de 25 de junho de 2019, que por sua vez foi revogada pela lei que esta vigente,\u00a0<a href=\"https:\/\/legisla.casacivil.go.gov.br\/pesquisa_legislacao\/106749\/lei-21792\">Lei n\u00ba 21.792, de 16 de fevereiro de 2023<\/a>, <a href=\"https:\/\/legisla.casacivil.go.gov.br\/pesquisa_legislacao\/111000\/decreto-10715\" target=\"_blank\" rel=\"noopener\">Decreto n\u00ba 10.715, de 25 de junho de 2025<\/a>:<\/p>\n<p><strong>Sobre a SSP<\/strong><\/p>\n<p class=\"artigo\"><strong>Art. 3\u00ba Integram a estrutura b\u00e1sica da SSP, como \u00f3rg\u00e3os aut\u00f4nomos:<\/strong><\/p>\n<p class=\"inciso\">I \u2013 a Delegacia-Geral da Pol\u00edcia Civil \u2013 DGPC;<br \/>\nII \u2013 a PM;<br \/>\nIII \u2013 o CBM; e<br \/>\nIV \u2013 a DGPP, com seu regulamento definido em ato normativo pr\u00f3prio.<\/p>\n<p class=\"artigo\"><strong>Art. 4\u00ba Integram ainda a SSP, como \u00f3rg\u00e3os colegiados:<\/strong><\/p>\n<p class=\"inciso\">I \u2013 o Conselho Estadual de Seguran\u00e7a P\u00fablica;<br \/>\nII \u2013 o Conselho Estadual de Prote\u00e7\u00e3o a V\u00edtimas e Testemunhas Amea\u00e7adas no Estado de Goi\u00e1s \u2013 CONDEL\/PROVITA-GO;<br \/>\nIII \u2013 o Conselho Estadual de Tr\u00e2nsito;<br \/>\nIV \u2013 o Conselho Superior da Pol\u00edcia Civil, da DGPC; e<br \/>\nV \u2013 o Conselho Penitenci\u00e1rio, da DGPP.<\/p>\n<\/div>\n<\/div>\n<\/div>\n<\/div>\n<\/div>\n<\/div>\n<\/div>\n<\/div>\n<\/div>\n<div class=\"wppb-row-parent wppb-row-1699899142689 \">\n<div class=\"wppb-container wppb-container-full wppb-contaner-no-gutter\">\n<div class=\"wppb-row\">\n<div class=\"wppb-column-parent wppb-column-parent-view wppb-col-1699899142690 \">\n<div class=\"wppb-column\">\n<div class=\"wppb-builder-addons\">\n<div class=\"wppb-builder-addon wppb-widget-1699445524064 wppb-addon-1699445524064\" data-addon-id=\"1699445524064\">\n<div class=\"wppb-widget\">\n<div class=\"insert-page insert-page-36 \" data-post-id=\"36\">\n<h1 class=\"insert-page-title\">Compet\u00eancias<\/h1>\n<p>Art. 2\u00ba Competem \u00e0 SSP:<\/p>\n<p>I \u2013 a formula\u00e7\u00e3o da pol\u00edtica estadual de seguran\u00e7a p\u00fablica para a preserva\u00e7\u00e3o da ordem p\u00fablica e da incolumidade das pessoas e do patrim\u00f4nio;<br \/>\nII \u2013 a formula\u00e7\u00e3o da pol\u00edtica estadual penitenci\u00e1ria;<br \/>\nIII \u2013 a execu\u00e7\u00e3o das atividades da defesa do meio ambiente e da seguran\u00e7a no tr\u00e2nsito urbano, bem como nas rodovias, nas ferrovias e nas aquavias estaduais; e<br \/>\nIV \u2013 a execu\u00e7\u00e3o, pelos \u00f3rg\u00e3os a ela subordinados, das seguintes fun\u00e7\u00f5es:<\/p>\n<p>a) Pol\u00edcia Civil: atividades de identifica\u00e7\u00e3o civil, de pol\u00edcia judici\u00e1ria e de apura\u00e7\u00e3o das infra\u00e7\u00f5es penais, exceto as militares;<br \/>\nb) Pol\u00edcia Militar \u2013 PM: policiamento ostensivo e da preserva\u00e7\u00e3o da ordem p\u00fablica;<br \/>\nc) Corpo de Bombeiros Militar \u2013 CBM: atividades de defesa civil e do exerc\u00edcio do poder de pol\u00edcia sobre instala\u00e7\u00f5es, para a prote\u00e7\u00e3o contra inc\u00eandio e p\u00e2nico; e<br \/>\nd) Diretoria-Geral de Pol\u00edcia Penal \u2013 DGPP:<\/p>\n<p>1. atividades voltadas para o acompanhamento e a fiscaliza\u00e7\u00e3o do cumprimento de penas privativas de liberdade em regime de pris\u00e3o;<br \/>\n2. administra\u00e7\u00e3o, coordena\u00e7\u00e3o, inspe\u00e7\u00e3o e fiscaliza\u00e7\u00e3o dos pres\u00eddios e das demais instala\u00e7\u00f5es para reclus\u00e3o;<br \/>\n3. qualifica\u00e7\u00e3o e profissionaliza\u00e7\u00e3o dos sentenciados; e<br \/>\n4. socializa\u00e7\u00e3o e reintegra\u00e7\u00e3o dos reeducandos.<\/p>\n<p>Refer\u00eancia: Lei n\u00ba 21.792, de 16 de fevereiro de 2023<br \/>\nRegulamento: Decreto n\u00ba 10.715, de 25 de junho de 2025 &#8211; Regulamento da Secretaria de Estado da Seguran\u00e7a P\u00fablica &#8211; SSP.<br \/>\nVig\u00eancia: 26 de junho de 2025, publicado no D.O de 24.561<\/p>\n<p class=\"Texto_Justificado_Recuo_Primeira_Linha_Esp15\"><strong>Refer\u00eancia:\u00a0<\/strong><a href=\"https:\/\/legisla.casacivil.go.gov.br\/pesquisa_legislacao\/106749\/lei-21792\" target=\"_blank\" rel=\"noopener\">Lei n\u00ba 21.792, de 16 de fevereiro de 2023<\/a><\/p>\n<p><strong>Regulamento:\u00a0<\/strong><a href=\"https:\/\/legisla.casacivil.go.gov.br\/pesquisa_legislacao\/111000\/decreto-10715\" target=\"_blank\" rel=\"noopener\">Decreto n\u00ba 10.715, de 25 de junho de 2025<\/a><\/p>\n<p class=\"Texto_Justificado_Recuo_Primeira_Linha_Esp15\">Vig\u00eancia: 26 de junho de 2025, publicado no <strong><a href=\"https:\/\/diariooficial.abc.go.gov.br\/portal\/visualizacoes\/pdf\/6714#\/p:2\/e:6714?find=10.715\" target=\"_blank\" rel=\"noopener\">D.O de 24.561<\/a><\/strong><\/p>\n<\/div>\n<\/div>\n<\/div>\n<div class=\"wppb-builder-addon wppb-widget-1699445698214 wppb-addon-1699445698214\" data-addon-id=\"1699445698214\">\n<div class=\"wppb-widget\">\n<div class=\"insert-page insert-page-26 \" data-post-id=\"26\">\n<h1 class=\"insert-page-title\">Canais de Atendimento<\/h1>\n<p class=\"nomargintop\"><strong>Atendimento presencial<\/strong><\/p>\n<p>Endere\u00e7o: Avenida Anhanguera, n. 7364 Setor Aerovi\u00e1rio<br \/>\nGoi\u00e2nia \u2013 Goi\u00e1s \u2013 CEP: 74435-300<br \/>\nTelefone: (62) 3201-1000<br \/>\nE-mail: segurancapublica.ssp@goias.gov.br<br \/>\nHor\u00e1rios de Atendimento: Das 8:00 \u00e0s 12:00 e das 14:00 \u00e0s 18:00h<br \/>\nHome:\u00a0<a title=\"SSPJ\" href=\"https:\/\/goias.gov.br\/seguranca\/\">www.ssp.go.gov.br<\/a><\/p>\n<p>&nbsp;<\/p>\n<hr \/>\n<p><strong>Atendimento da Ouvidoria<\/strong><\/p>\n<p><strong>Ouvidor Setorial: Italuzy Toledo Nascimento<\/strong><br \/>\nEndere\u00e7o: Rua 17, n\u00ba 188, casa 04, Setor Aerovi\u00e1rio<br \/>\nGoi\u00e2nia-GO \u2013 CEP: 74.435-250<br \/>\nTelefones: (62) 3201-1208 \/ 3201-1211 \/ 3201-1212<br \/>\nE-mail: <a href=\"mailto:ouvidoria.ssp@goias.gov.br\">ouvidoria.ssp@goias.gov.br<\/a><br \/>\nHor\u00e1rios de Atendimento: Das 8:00 \u00e0s 12:00 e das 14:00 \u00e0s 18:00h<br \/>\n\u203a\u00a0<a href=\"https:\/\/goias.gov.br\/seguranca\/ouvidoria\/conte-para-a-ouvidoria-nos-contamos-com-voce\"><strong>Conte para a Ouvidoria, n\u00f3s contamos com voc\u00ea<\/strong><\/a><br \/>\n\u203a\u00a0<a href=\"https:\/\/goias.gov.br\/seguranca\/ouvidoria\/o-que-e-a-ouvidoria-e-para-que-ela-serve\"><strong>O que \u00e9 a Ouvidoria e para que ela serve?<\/strong><\/a><br \/>\n\u203a\u00a0<strong><a href=\"https:\/\/goias.gov.br\/seguranca\/ouvidoria\/relatorios-e-estatisticas-da-ouvidoria-setorial-da-ssp\">Relat\u00f3rio e Estat\u00edstica<\/a><\/strong><br \/>\n\u203a\u00a0<a href=\"https:\/\/www.go.gov.br\/servicos-digitais\/cge\/nova-ouvidoria\/nova-manifestacao?orgao=46\"><strong>Elogio \/ Simplifique, Reclama\u00e7\u00e3o \/ Den\u00fancia<\/strong><\/a><br \/>\n\u203a\u00a0<strong><a href=\"https:\/\/www.go.gov.br\/servicos-digitais\/cge\/nova-ouvidoria\/pedido-informacao-publica?orgao=46&amp;tipo_manifestacao=7\">Pedido de Informa\u00e7\u00e3o P\u00fablica\/Pessoal<\/a><\/strong><\/p>\n<\/div>\n<\/div>\n<\/div>\n<\/div>\n<\/div>\n<\/div>\n<div class=\"wppb-column-parent wppb-column-parent-view wppb-col-1739452822347 \">\n<div class=\"wppb-column\">\n<div class=\"wppb-builder-addons\">\n<div class=\"wppb-builder-addon wppb-addon-1739453538838\" data-addon-id=\"1739453538838\">\n<div class=\"wppb-addon\">\n<div class=\"wppb-image-addon\">\n<figure class=\"wppb-image-addon-content-wrap\">\n<div class=\"wppb-image-addon-content wppb-imginlineblock\"><img fetchpriority=\"high\" decoding=\"async\" class=\"alignnone wp-image-275125\" src=\"https:\/\/goias.gov.br\/seguranca\/wp-content\/uploads\/sites\/56\/2025\/06\/secretario_ssp.jpg\" alt=\"\" width=\"614\" height=\"409\" srcset=\"https:\/\/goias.gov.br\/seguranca\/wp-content\/uploads\/sites\/56\/2025\/06\/secretario_ssp.jpg 4096w, https:\/\/goias.gov.br\/seguranca\/wp-content\/uploads\/sites\/56\/2025\/06\/secretario_ssp-300x200.jpg 300w, https:\/\/goias.gov.br\/seguranca\/wp-content\/uploads\/sites\/56\/2025\/06\/secretario_ssp-1024x683.jpg 1024w, https:\/\/goias.gov.br\/seguranca\/wp-content\/uploads\/sites\/56\/2025\/06\/secretario_ssp-768x512.jpg 768w, https:\/\/goias.gov.br\/seguranca\/wp-content\/uploads\/sites\/56\/2025\/06\/secretario_ssp-1536x1025.jpg 1536w, https:\/\/goias.gov.br\/seguranca\/wp-content\/uploads\/sites\/56\/2025\/06\/secretario_ssp-2048x1366.jpg 2048w\" sizes=\"(max-width: 614px) 100vw, 614px\" \/><\/div>\n<\/figure>\n<\/div>\n<\/div>\n<\/div>\n<div class=\"wppb-row-parent wppb-inner-row-parent wppb-row-1739452822452 \">\n<div class=\"wppb-container\">\n<div class=\"wppb-row\">\n<div class=\"wppb-column-parent wppb-column-parent-view wppb-col-1739452822453 \">\n<div class=\"wppb-column\">\n<div class=\"wppb-builder-addons\">\n<div class=\"wppb-builder-addon wppb-addon-1739454320460 \">\n<div class=\"wppb-inner_addon\">\n<div class=\"wppb-text-block-addon\">\n<div class=\"wppb-text-block-content 0\">\n<p data-c=\"205\"><strong>Secret\u00e1rio de Estado de Seguran\u00e7a P\u00fablica de Goi\u00e1s<\/strong><\/p>\n<p data-c=\"206\">Nascido em Goi\u00e2nia, o <strong>Coronel PM Renato Brum dos Santos<\/strong> assumiu o cargo de Secret\u00e1rio de Seguran\u00e7a P\u00fablica do Estado de Goi\u00e1s em 05 de abril de 2022, ap\u00f3s 32 anos de destacada carreira na Pol\u00edcia Militar de Goi\u00e1s.<\/p>\n<p data-c=\"207\"><strong>FORMA\u00c7\u00c3O PROFISSIONAL<br \/>\n<\/strong><br \/>\n<strong>Na Pol\u00edcia Militar de Goi\u00e1s, ocupou os cargos de:<\/strong><br \/>\nComandante-Geral da PMGO (2021-2023)<br \/>\nComandante do 2\u00ba Comando Regional (Aparecida de Goi\u00e2nia)<br \/>\nComandante do Batalh\u00e3o de Rondas Ostensivas Metropolitanas (ROTAM) por duas gest\u00f5es<br \/>\nComandante do 8\u00ba, 31\u00ba e 41\u00ba Batalh\u00f5es da PM<br \/>\nComandante do Centro de Opera\u00e7\u00f5es da PM (COPOM\/Aparecida)<br \/>\nComandante do Centro de Forma\u00e7\u00e3o de Oficiais e Pra\u00e7as<\/p>\n<p data-c=\"208\"><strong>No Governo do Estado de Goi\u00e1s, atua como:<\/strong><br \/>\nComandante-Geral da PMGO (2021-2023)<br \/>\nSecret\u00e1rio de Seguran\u00e7a P\u00fablica, desde abril de 2022;<br \/>\nRespons\u00e1vel pela gest\u00e3o integrada das pol\u00edcias Civil, Militar, Corpo de Bombeiros e sistema prisional<\/p>\n<p data-c=\"209\"><strong>FORMA\u00c7\u00c3O ACAD\u00caMICA<\/strong><\/p>\n<p data-c=\"209\">Bacharel em Direito pela Universidade Cat\u00f3lica de Goi\u00e1s<br \/>\nP\u00f3s-Graduado em Altos Estudos de Seguran\u00e7a P\u00fablica (CAESP)<br \/>\nEspecialista em Direito Penal (IEPC)<br \/>\nEspecialista em Doc\u00eancia Universit\u00e1ria (Fac Lions)<br \/>\nMBA em Gerenciamento de Seguran\u00e7a P\u00fablica (CGESP)<\/p>\n<p data-c=\"210\"><strong>REALIZA\u00c7\u00d5ES<\/strong><\/p>\n<p data-c=\"210\">Com as colabora\u00e7\u00f5es de todas as For\u00e7as de Seguran\u00e7a do Estado, tamb\u00e9m o fortalecimento vindo do Governo:<br \/>\nLiderou a redu\u00e7\u00e3o de 25% nos roubos de ve\u00edculos em 2024<br \/>\nManteve zerados os roubos a bancos na regi\u00e3o Centro-Oeste<br \/>\nProp\u00f4s e colocou em pr\u00e1tica o Aplicativo Mulher Segura<br \/>\nImplementou o Batalh\u00e3o Tur\u00edstico (BPTUR) e a CEAT (Central de Emerg\u00eancia ao Turista)<br \/>\nFortaleceu o programa Patrulha Maria da Penha<\/p>\n<\/div>\n<\/div>\n<\/div>\n<\/div>\n<\/div>\n<\/div>\n<\/div>\n<\/div>\n<\/div>\n<\/div>\n<\/div>\n<\/div>\n<\/div>\n<\/div>\n<\/div>\n<\/div>\n","protected":false},"excerpt":{"rendered":"<p>A Secretaria O que \u00e9 a Secretaria de Estado da Seguran\u00e7a P\u00fablica? A Secretaria de Estado da Seguran\u00e7a P\u00fablica (SSP) foi criada pela\u00a0Lei n\u00ba 3.999, de 14 de novembro de 1961, que teve suas compet\u00eancias e unidades administrativas definidas pela\u00a0Lei n\u00ba 17.257, de 26 de janeiro de 2011, \u00a0revogada pela\u00a0Lei n\u00ba 20.491, de 25 de [&hellip;]<\/p>\n","protected":false},"author":511,"featured_media":0,"parent":0,"menu_order":0,"comment_status":"closed","ping_status":"closed","template":"","meta":{"footnotes":"","_links_to":"","_links_to_target":""},"class_list":["post-275124","page","type-page","status-publish","hentry"],"rttpg_featured_image_url":null,"rttpg_author":{"display_name":"welsonsouza","author_link":"https:\/\/goias.gov.br\/seguranca\/author\/welsonsouza\/"},"rttpg_comment":0,"rttpg_category":null,"rttpg_excerpt":"A Secretaria O que \u00e9 a Secretaria de Estado da Seguran\u00e7a P\u00fablica? A Secretaria de Estado da Seguran\u00e7a P\u00fablica (SSP) foi criada pela\u00a0Lei n\u00ba 3.999, de 14 de novembro de 1961, que teve suas compet\u00eancias e unidades administrativas definidas pela\u00a0Lei n\u00ba 17.257, de 26 de janeiro de 2011, \u00a0revogada pela\u00a0Lei n\u00ba 20.491, de 25 de&hellip;","_links":{"self":[{"href":"https:\/\/goias.gov.br\/seguranca\/wp-json\/wp\/v2\/pages\/275124","targetHints":{"allow":["GET"]}}],"collection":[{"href":"https:\/\/goias.gov.br\/seguranca\/wp-json\/wp\/v2\/pages"}],"about":[{"href":"https:\/\/goias.gov.br\/seguranca\/wp-json\/wp\/v2\/types\/page"}],"author":[{"embeddable":true,"href":"https:\/\/goias.gov.br\/seguranca\/wp-json\/wp\/v2\/users\/511"}],"replies":[{"embeddable":true,"href":"https:\/\/goias.gov.br\/seguranca\/wp-json\/wp\/v2\/comments?post=275124"}],"version-history":[{"count":3,"href":"https:\/\/goias.gov.br\/seguranca\/wp-json\/wp\/v2\/pages\/275124\/revisions"}],"predecessor-version":[{"id":283454,"href":"https:\/\/goias.gov.br\/seguranca\/wp-json\/wp\/v2\/pages\/275124\/revisions\/283454"}],"wp:attachment":[{"href":"https:\/\/goias.gov.br\/seguranca\/wp-json\/wp\/v2\/media?parent=275124"}],"curies":[{"name":"wp","href":"https:\/\/api.w.org\/{rel}","templated":true}]}}