

{"id":274703,"date":"2025-06-13T15:10:27","date_gmt":"2025-06-13T18:10:27","guid":{"rendered":"https:\/\/goias.gov.br\/seguranca\/?page_id=274703"},"modified":"2025-08-27T09:06:59","modified_gmt":"2025-08-27T12:06:59","slug":"audiencias-publicas","status":"publish","type":"page","link":"https:\/\/goias.gov.br\/seguranca\/acesso-a-informacao\/audiencias-publicas\/","title":{"rendered":"Audi\u00eancias P\u00fablicas"},"content":{"rendered":"<p><a href=\"https:\/\/goias.gov.br\/seguranca\/wp-content\/uploads\/sites\/56\/2025\/08\/SEI_75822584_Declaracao_9.pdf\" target=\"_blank\" rel=\"noopener\">Declara\u00e7\u00e3o n\u00ba 9\/2025<\/a><br \/>\n<a href=\"https:\/\/goias.gov.br\/seguranca\/wp-content\/uploads\/sites\/56\/2025\/06\/Declaracao_8.pdf\">Declara\u00e7\u00e3o n\u00ba 8\/2024<\/a><br \/>\n<a href=\"https:\/\/goias.gov.br\/seguranca\/acesso-a-informacao\/audiencias-publicas\/audiencias-publicas-de-2023\/\">Audi\u00eancias 2023<\/a><br \/>\n<a href=\"https:\/\/goias.gov.br\/seguranca\/wp-content\/uploads\/sites\/56\/2025\/06\/Declaracao_7.pdf\">Declara\u00e7\u00e3o n\u00ba 7\/2022<\/a><\/p>\n","protected":false},"excerpt":{"rendered":"<p>Declara\u00e7\u00e3o n\u00ba 9\/2025 Declara\u00e7\u00e3o n\u00ba 8\/2024 Audi\u00eancias 2023 Declara\u00e7\u00e3o n\u00ba 7\/2022<\/p>\n","protected":false},"author":511,"featured_media":0,"parent":11666,"menu_order":0,"comment_status":"closed","ping_status":"closed","template":"","meta":{"footnotes":"","_links_to":"","_links_to_target":""},"class_list":["post-274703","page","type-page","status-publish","hentry"],"rttpg_featured_image_url":null,"rttpg_author":{"display_name":"welsonsouza","author_link":"https:\/\/goias.gov.br\/seguranca\/author\/welsonsouza\/"},"rttpg_comment":0,"rttpg_category":null,"rttpg_excerpt":"Declara\u00e7\u00e3o n\u00ba 9\/2025 Declara\u00e7\u00e3o n\u00ba 8\/2024 Audi\u00eancias 2023 Declara\u00e7\u00e3o n\u00ba 7\/2022","_links":{"self":[{"href":"https:\/\/goias.gov.br\/seguranca\/wp-json\/wp\/v2\/pages\/274703","targetHints":{"allow":["GET"]}}],"collection":[{"href":"https:\/\/goias.gov.br\/seguranca\/wp-json\/wp\/v2\/pages"}],"about":[{"href":"https:\/\/goias.gov.br\/seguranca\/wp-json\/wp\/v2\/types\/page"}],"author":[{"embeddable":true,"href":"https:\/\/goias.gov.br\/seguranca\/wp-json\/wp\/v2\/users\/511"}],"replies":[{"embeddable":true,"href":"https:\/\/goias.gov.br\/seguranca\/wp-json\/wp\/v2\/comments?post=274703"}],"version-history":[{"count":2,"href":"https:\/\/goias.gov.br\/seguranca\/wp-json\/wp\/v2\/pages\/274703\/revisions"}],"predecessor-version":[{"id":281139,"href":"https:\/\/goias.gov.br\/seguranca\/wp-json\/wp\/v2\/pages\/274703\/revisions\/281139"}],"up":[{"embeddable":true,"href":"https:\/\/goias.gov.br\/seguranca\/wp-json\/wp\/v2\/pages\/11666"}],"wp:attachment":[{"href":"https:\/\/goias.gov.br\/seguranca\/wp-json\/wp\/v2\/media?parent=274703"}],"curies":[{"name":"wp","href":"https:\/\/api.w.org\/{rel}","templated":true}]}}